{"id":12662,"date":"2022-03-28T17:19:26","date_gmt":"2022-03-28T14:19:26","guid":{"rendered":"https:\/\/mechatronics.by\/products\/data-interfaces\/eurosens-adc-copy\/"},"modified":"2023-01-25T10:21:58","modified_gmt":"2023-01-25T07:21:58","slug":"eurosens-defender24","status":"publish","type":"page","link":"https:\/\/mechatronics.by\/en\/products\/data-interfaces\/eurosens-defender24\/","title":{"rendered":"Eurosens Defender 24"},"content":{"rendered":"<p><\/p>\n<p>eurosens Defender24 is an intrinsically safe barrier designed to protect intrinsically safe power supply circuits and signal circuits of sensors . The barrier is designed for installation in a safety area and limits the voltage and electric current values to intrinsically safe values.<\/p>\n<p><a href=\"https:\/\/mechatronics.by\/wp-content\/uploads\/2022\/03\/Defender.png\"><img loading=\"lazy\" class=\"aligncenter wp-image-12671 size-medium\" src=\"https:\/\/mechatronics.by\/wp-content\/uploads\/2022\/03\/Defender-300x250.png\" alt=\"\" width=\"300\" height=\"250\" srcset=\"https:\/\/mechatronics.by\/wp-content\/uploads\/2022\/03\/Defender-300x250.png 300w, https:\/\/mechatronics.by\/wp-content\/uploads\/2022\/03\/Defender-1024x853.png 1024w, https:\/\/mechatronics.by\/wp-content\/uploads\/2022\/03\/Defender-768x640.png 768w, https:\/\/mechatronics.by\/wp-content\/uploads\/2022\/03\/Defender-1536x1280.png 1536w, https:\/\/mechatronics.by\/wp-content\/uploads\/2022\/03\/Defender.png 2040w\" sizes=\"(max-width: 300px) 100vw, 300px\" \/><\/a><\/p>\n<p>Application of the barrier is performed according to the marking explosion protection, GOST 31610.11-2014 and other regulatory documents regarding the use of electrical equipment located outside the hazardous area and connected by intrinsically safe external circuits to electrical devices installed in hazardous areas.<\/p>\n<p>The barrier implements the type \u201cI\u201d of explosion protection which is &#8220;intrinsically safe electrical circuit&#8221;. The barrier is certified for the &#8220;specially explosion-proof&#8221; level \u201cA\u201d of explosion protection and category IIB in accordance with GOST 31610.11-2014 and has the explosion protection marking ExiaIIBT6 X .<br \/>\nThe barrier is designed to protect intrinsically safe circuits when exposed to a voltage of up to 29V with mandatory intrinsically safe grounding. The barrier belongs to passive type devices.<\/p>\n<p><strong>Specification:<\/strong><\/p>\n<table width=\"691\">\n<tbody>\n<tr>\n<td width=\"264\">\n<p>Maximum output voltage Uo , V<\/p>\n<p>Maximum output current (short-circiut case) Io, A<\/p>\n<p>Maximum extenal capacitance Co, \u00b5F<\/p>\n<p>Maximum external inductance Lo, mH<\/p>\n<\/td>\n<td width=\"76\">\n<p>29<\/p>\n<p>0,29<\/p>\n<p>0,5<\/p>\n<p>0,33<\/p>\n<\/td>\n<\/tr>\n<\/tbody>\n<\/table>\n<p><strong>Installation:<\/strong><\/p>\n<table style=\"border-collapse: collapse; width: 100%;\">\n<tbody>\n<tr>\n<td style=\"width: 50%;\"><a href=\"https:\/\/mechatronics.by\/wp-content\/uploads\/2022\/03\/\u0441\u0445\u0435\u043c\u0430-\u0432\u0437\u0440\u044b\u0432\u043e\u0437\u0430\u0449.png\"><img loading=\"lazy\" class=\"aligncenter size-medium wp-image-12664\" src=\"https:\/\/mechatronics.by\/wp-content\/uploads\/2022\/03\/\u0441\u0445\u0435\u043c\u0430-\u0432\u0437\u0440\u044b\u0432\u043e\u0437\u0430\u0449-300x189.png\" alt=\"\" width=\"300\" height=\"189\" srcset=\"https:\/\/mechatronics.by\/wp-content\/uploads\/2022\/03\/\u0441\u0445\u0435\u043c\u0430-\u0432\u0437\u0440\u044b\u0432\u043e\u0437\u0430\u0449-300x189.png 300w, https:\/\/mechatronics.by\/wp-content\/uploads\/2022\/03\/\u0441\u0445\u0435\u043c\u0430-\u0432\u0437\u0440\u044b\u0432\u043e\u0437\u0430\u0449-1024x645.png 1024w, https:\/\/mechatronics.by\/wp-content\/uploads\/2022\/03\/\u0441\u0445\u0435\u043c\u0430-\u0432\u0437\u0440\u044b\u0432\u043e\u0437\u0430\u0449-768x483.png 768w, https:\/\/mechatronics.by\/wp-content\/uploads\/2022\/03\/\u0441\u0445\u0435\u043c\u0430-\u0432\u0437\u0440\u044b\u0432\u043e\u0437\u0430\u0449-320x202.png 320w, https:\/\/mechatronics.by\/wp-content\/uploads\/2022\/03\/\u0441\u0445\u0435\u043c\u0430-\u0432\u0437\u0440\u044b\u0432\u043e\u0437\u0430\u0449-700x441.png 700w, https:\/\/mechatronics.by\/wp-content\/uploads\/2022\/03\/\u0441\u0445\u0435\u043c\u0430-\u0432\u0437\u0440\u044b\u0432\u043e\u0437\u0430\u0449.png 1201w\" sizes=\"(max-width: 300px) 100vw, 300px\" \/><\/a><\/td>\n<td style=\"width: 50%;\"><a href=\"https:\/\/mechatronics.by\/wp-content\/uploads\/2022\/03\/\u0411\u0418\u0421-\u0441\u0445\u0435\u043c\u0430.png\"><img loading=\"lazy\" class=\"aligncenter size-medium wp-image-12663\" src=\"https:\/\/mechatronics.by\/wp-content\/uploads\/2022\/03\/\u0411\u0418\u0421-\u0441\u0445\u0435\u043c\u0430-300x225.png\" alt=\"\" width=\"300\" height=\"225\" srcset=\"https:\/\/mechatronics.by\/wp-content\/uploads\/2022\/03\/\u0411\u0418\u0421-\u0441\u0445\u0435\u043c\u0430-300x225.png 300w, https:\/\/mechatronics.by\/wp-content\/uploads\/2022\/03\/\u0411\u0418\u0421-\u0441\u0445\u0435\u043c\u0430.png 642w\" sizes=\"(max-width: 300px) 100vw, 300px\" \/><\/a><\/td>\n<\/tr>\n<\/tbody>\n<\/table>\n<p><strong>Important : Nominal external power voltage &#8211; 24 V (not 12 V).<\/strong><\/p>\n<table>\n<tbody>\n<tr>\n<td style=\"width: 300px;\"><strong>Eurosens Defender 24 passport<\/strong><\/td>\n<td style=\"text-align: left;\"><div class='w3eden'><!-- WPDM Link Template: Button Template -->\n\n<a class='wpdm-download-link download-on-click btn btn-primary ' rel='nofollow' href='#' data-downloadurl=\"https:\/\/mechatronics.by\/en\/download\/eurosens-defender-passport\/?wpdmdl=12666&refresh=6a07f001397351778905089\"><i class=\"fas fa-file-download\"><\/i><\/a><\/div><\/td>\n<\/tr>\n<\/tbody>\n<\/table>\n<table style=\"border-collapse: collapse; width: 100%;\">\n<tbody>\n<tr>\n<td style=\"width: 50%;\"><a href=\"https:\/\/mechatronics.by\/wp-content\/uploads\/2023\/01\/join-telegram.png\"><img loading=\"lazy\" class=\"wp-image-13044 size-full aligncenter\" src=\"https:\/\/mechatronics.by\/wp-content\/uploads\/2023\/01\/join-telegram.png\" alt=\"\" width=\"300\" height=\"116\" data-wp-editing=\"1\" \/><\/a><\/td>\n<td style=\"width: 50%;\">\u00a0<a href=\"https:\/\/www.youtube.com\/@MechatronicsTV\/videos\"><img loading=\"lazy\" class=\"aligncenter wp-image-12963 size-medium\" src=\"https:\/\/mechatronics.by\/wp-content\/uploads\/2023\/01\/youtube-subscr-300x97.gif\" alt=\"\" width=\"300\" height=\"97\" srcset=\"https:\/\/mechatronics.by\/wp-content\/uploads\/2023\/01\/youtube-subscr-300x97.gif 300w, https:\/\/mechatronics.by\/wp-content\/uploads\/2023\/01\/youtube-subscr-1024x330.gif 1024w, https:\/\/mechatronics.by\/wp-content\/uploads\/2023\/01\/youtube-subscr-768x247.gif 768w\" sizes=\"(max-width: 300px) 100vw, 300px\" \/><\/a><\/td>\n<\/tr>\n<\/tbody>\n<\/table>\n<p><\/p>","protected":false},"excerpt":{"rendered":"<p>eurosens Defender24 is an intrinsically safe barrier designed to protect intrinsically safe power supply circuits and signal circuits of sensors . The barrier is designed for installation in a safety area and limits the voltage and electric current values to intrinsically safe values. Application of the barrier is performed according to the marking explosion protection, [&hellip;]<\/p>\n","protected":false},"author":1,"featured_media":0,"parent":11557,"menu_order":0,"comment_status":"closed","ping_status":"closed","template":"side-navigation.php","meta":[],"yoast_head":"<!-- This site is optimized with the Yoast SEO plugin v16.4 - https:\/\/yoast.com\/wordpress\/plugins\/seo\/ -->\n<title>4-channel ADC converter<\/title>\n<meta name=\"description\" content=\"Eurosens Difference-T4 is an 4-channel analog-digital converter with calibration tables inside and RS485 output interface\" \/>\n<meta name=\"robots\" content=\"index, follow, max-snippet:-1, max-image-preview:large, max-video-preview:-1\" \/>\n<link rel=\"canonical\" href=\"https:\/\/mechatronics.by\/products\/data-interfaces\/eurosens-defender24\/\" \/>\n<meta property=\"og:locale\" content=\"en_US\" \/>\n<meta property=\"og:type\" content=\"article\" \/>\n<meta property=\"og:title\" content=\"[:es]Convertidor ADC de 4 canales[:en] 4-channel ADC converter [:ru]\u0411\u0430\u0440\u044c\u0435\u0440 \u0438\u0441\u043a\u0440\u043e\u0437\u0430\u0449\u0438\u0442\u044b[:pt]Conversor ADC de 4 canais [pl]4-kana\u0142owy konwerter ADC[:fr]Convertisseur ADC 4 canaux[:]\" \/>\n<meta property=\"og:description\" content=\"{:es}Eurosens Difference-T4 es un convertidor anal\u00f3gico-digital de 4 canales con tablas de calibraci\u00f3n en el interior y una interfaz de salida RS485 {:en} Eurosens Difference-T4 is an 4-channel analog-digital converter with calibration tables inside and RS485 output interface{:ru}\u0411\u0430\u0440\u044c\u0435\u0440 \u0438\u0441\u043a\u0440\u043e\u0437\u0430\u0449\u0438\u0442\u044b Eurosens Defender 24 \u043f\u0440\u0438\u043c\u0435\u043d\u044f\u0435\u0442\u0441\u044f \u0434\u043b\u044f \u043f\u043e\u0434\u043a\u043b\u044e\u0447\u0435\u043d\u0438\u044f \u0434\u0430\u0442\u0447\u0438\u043a\u043e\u0432 Eurosens, \u0443\u0441\u0442\u0430\u043d\u043e\u0432\u043b\u0435\u043d\u043d\u044b\u0445 \u0432\u043e \u0432\u0437\u0440\u044b\u0432\u043e\u043e\u043f\u0430\u0441\u043d\u044b\u0445 \u0437\u043e\u043d\u0430\u0445{:pt}Eurosens Difference-T4 \u00e9 um conversor anal\u00f3gico-digital de 4 canais com tabelas de calibra\u00e7\u00e3o internas e interface de sa\u00edda RS485[pl]Eurosens Difference-T4 to 4-kana\u0142owy przetwornik analogowo-cyfrowy z tabelami kalibracji wewn\u0105trz i interfejsem wyj\u015bciowym RS485{:fr}Eurosens Difference-T4 est un convertisseur analogique-num\u00e9rique \u00e0 4 canaux avec tableaux de calibration et interface de sortie RS485. {:}\" \/>\n<meta property=\"og:url\" content=\"https:\/\/mechatronics.by\/products\/data-interfaces\/eurosens-defender24\/\" \/>\n<meta property=\"og:site_name\" content=\"Mechatronics\" \/>\n<meta property=\"article:publisher\" content=\"https:\/\/www.facebook.com\/EurosensDelta\" \/>\n<meta property=\"article:modified_time\" content=\"2023-01-25T07:21:58+00:00\" \/>\n<meta property=\"og:image\" content=\"https:\/\/mechatronics.by\/wp-content\/uploads\/2022\/03\/Defender-300x250.png\" \/>\n<meta name=\"twitter:label1\" content=\"Est. reading time\" \/>\n\t<meta name=\"twitter:data1\" content=\"2 minutes\" \/>\n<script type=\"application\/ld+json\" class=\"yoast-schema-graph\">{\"@context\":\"https:\/\/schema.org\",\"@graph\":[{\"@type\":\"WebSite\",\"@id\":\"https:\/\/mechatronics.by\/#website\",\"url\":\"https:\/\/mechatronics.by\/\",\"name\":\"Mechatronics\",\"description\":\"\\u041a\\u043e\\u043d\\u0442\\u0440\\u043e\\u043b\\u044c \\u0440\\u0430\\u0441\\u0445\\u043e\\u0434\\u0430 \\u0442\\u043e\\u043f\\u043b\\u0438\\u0432\\u0430 \\u0438 \\u0434\\u0440\\u0443\\u0433\\u0438\\u0445 \\u043f\\u0430\\u0440\\u0430\\u043c\\u0435\\u0442\\u0440\\u043e\\u0432 \\u0440\\u0430\\u0431\\u043e\\u0442\\u044b \\u043c\\u0430\\u0448\\u0438\\u043d\",\"potentialAction\":[{\"@type\":\"SearchAction\",\"target\":\"https:\/\/mechatronics.by\/?s={search_term_string}\",\"query-input\":\"required name=search_term_string\"}],\"inLanguage\":\"en-US\"},{\"@type\":\"ImageObject\",\"@id\":\"https:\/\/mechatronics.by\/products\/data-interfaces\/eurosens-defender24\/#primaryimage\",\"inLanguage\":\"en-US\",\"url\":\"https:\/\/mechatronics.by\/wp-content\/uploads\/2023\/01\/join-telegram.png\",\"contentUrl\":\"https:\/\/mechatronics.by\/wp-content\/uploads\/2023\/01\/join-telegram.png\",\"width\":300,\"height\":116},{\"@type\":\"WebPage\",\"@id\":\"https:\/\/mechatronics.by\/products\/data-interfaces\/eurosens-defender24\/#webpage\",\"url\":\"https:\/\/mechatronics.by\/products\/data-interfaces\/eurosens-defender24\/\",\"name\":\"[:es]Convertidor ADC de 4 canales[:en] 4-channel ADC converter [:ru]\\u0411\\u0430\\u0440\\u044c\\u0435\\u0440 \\u0438\\u0441\\u043a\\u0440\\u043e\\u0437\\u0430\\u0449\\u0438\\u0442\\u044b[:pt]Conversor ADC de 4 canais [pl]4-kana\\u0142owy konwerter ADC[:fr]Convertisseur ADC 4 canaux[:]\",\"isPartOf\":{\"@id\":\"https:\/\/mechatronics.by\/#website\"},\"primaryImageOfPage\":{\"@id\":\"https:\/\/mechatronics.by\/products\/data-interfaces\/eurosens-defender24\/#primaryimage\"},\"datePublished\":\"2022-03-28T14:19:26+00:00\",\"dateModified\":\"2023-01-25T07:21:58+00:00\",\"description\":\"{:es}Eurosens Difference-T4 es un convertidor anal\\u00f3gico-digital de 4 canales con tablas de calibraci\\u00f3n en el interior y una interfaz de salida RS485 {:en} Eurosens Difference-T4 is an 4-channel analog-digital converter with calibration tables inside and RS485 output interface{:ru}\\u0411\\u0430\\u0440\\u044c\\u0435\\u0440 \\u0438\\u0441\\u043a\\u0440\\u043e\\u0437\\u0430\\u0449\\u0438\\u0442\\u044b Eurosens Defender 24 \\u043f\\u0440\\u0438\\u043c\\u0435\\u043d\\u044f\\u0435\\u0442\\u0441\\u044f \\u0434\\u043b\\u044f \\u043f\\u043e\\u0434\\u043a\\u043b\\u044e\\u0447\\u0435\\u043d\\u0438\\u044f \\u0434\\u0430\\u0442\\u0447\\u0438\\u043a\\u043e\\u0432 Eurosens, \\u0443\\u0441\\u0442\\u0430\\u043d\\u043e\\u0432\\u043b\\u0435\\u043d\\u043d\\u044b\\u0445 \\u0432\\u043e \\u0432\\u0437\\u0440\\u044b\\u0432\\u043e\\u043e\\u043f\\u0430\\u0441\\u043d\\u044b\\u0445 \\u0437\\u043e\\u043d\\u0430\\u0445{:pt}Eurosens Difference-T4 \\u00e9 um conversor anal\\u00f3gico-digital de 4 canais com tabelas de calibra\\u00e7\\u00e3o internas e interface de sa\\u00edda RS485[pl]Eurosens Difference-T4 to 4-kana\\u0142owy przetwornik analogowo-cyfrowy z tabelami kalibracji wewn\\u0105trz i interfejsem wyj\\u015bciowym RS485{:fr}Eurosens Difference-T4 est un convertisseur analogique-num\\u00e9rique \\u00e0 4 canaux avec tableaux de calibration et interface de sortie RS485. {:}\",\"breadcrumb\":{\"@id\":\"https:\/\/mechatronics.by\/products\/data-interfaces\/eurosens-defender24\/#breadcrumb\"},\"inLanguage\":\"en-US\",\"potentialAction\":[{\"@type\":\"ReadAction\",\"target\":[\"https:\/\/mechatronics.by\/products\/data-interfaces\/eurosens-defender24\/\"]}]},{\"@type\":\"BreadcrumbList\",\"@id\":\"https:\/\/mechatronics.by\/products\/data-interfaces\/eurosens-defender24\/#breadcrumb\",\"itemListElement\":[{\"@type\":\"ListItem\",\"position\":1,\"item\":{\"@type\":\"WebPage\",\"@id\":\"https:\/\/mechatronics.by\/\",\"url\":\"https:\/\/mechatronics.by\/\",\"name\":\"Home\"}},{\"@type\":\"ListItem\",\"position\":2,\"item\":{\"@type\":\"WebPage\",\"@id\":\"https:\/\/mechatronics.by\/products\/\",\"url\":\"https:\/\/mechatronics.by\/products\/\",\"name\":\"\\u041f\\u0440\\u043e\\u0434\\u0443\\u043a\\u0442\\u044b\"}},{\"@type\":\"ListItem\",\"position\":3,\"item\":{\"@type\":\"WebPage\",\"@id\":\"https:\/\/mechatronics.by\/products\/data-interfaces\/\",\"url\":\"https:\/\/mechatronics.by\/products\/data-interfaces\/\",\"name\":\"\\u0418\\u043d\\u0442\\u0435\\u0440\\u0444\\u0435\\u0439\\u0441\\u044b \\u0438 \\u043f\\u0435\\u0440\\u0435\\u0434\\u0430\\u0447\\u0430 \\u0434\\u0430\\u043d\\u043d\\u044b\\u0445\"}},{\"@type\":\"ListItem\",\"position\":4,\"item\":{\"@id\":\"https:\/\/mechatronics.by\/products\/data-interfaces\/eurosens-defender24\/#webpage\"}}]}]}<\/script>\n<!-- \/ Yoast SEO plugin. -->","_links":{"self":[{"href":"https:\/\/mechatronics.by\/en\/wp-json\/wp\/v2\/pages\/12662"}],"collection":[{"href":"https:\/\/mechatronics.by\/en\/wp-json\/wp\/v2\/pages"}],"about":[{"href":"https:\/\/mechatronics.by\/en\/wp-json\/wp\/v2\/types\/page"}],"author":[{"embeddable":true,"href":"https:\/\/mechatronics.by\/en\/wp-json\/wp\/v2\/users\/1"}],"replies":[{"embeddable":true,"href":"https:\/\/mechatronics.by\/en\/wp-json\/wp\/v2\/comments?post=12662"}],"version-history":[{"count":6,"href":"https:\/\/mechatronics.by\/en\/wp-json\/wp\/v2\/pages\/12662\/revisions"}],"predecessor-version":[{"id":13072,"href":"https:\/\/mechatronics.by\/en\/wp-json\/wp\/v2\/pages\/12662\/revisions\/13072"}],"up":[{"embeddable":true,"href":"https:\/\/mechatronics.by\/en\/wp-json\/wp\/v2\/pages\/11557"}],"wp:attachment":[{"href":"https:\/\/mechatronics.by\/en\/wp-json\/wp\/v2\/media?parent=12662"}],"curies":[{"name":"wp","href":"https:\/\/api.w.org\/{rel}","templated":true}]}}