{"id":10912,"date":"2020-08-15T11:44:44","date_gmt":"2020-08-15T08:44:44","guid":{"rendered":"https:\/\/mechatronics.by\/?page_id=10912"},"modified":"2023-07-25T10:11:26","modified_gmt":"2023-07-25T07:11:26","slug":"wireless-tilt-angle-sensor-eurosens-degree-bt","status":"publish","type":"page","link":"https:\/\/mechatronics.by\/es\/products\/accessories\/wireless-tilt-angle-sensor-eurosens-degree-bt\/","title":{"rendered":"Sensor de \u00e1ngulo de inclinaci\u00f3n inal\u00e1mbrico"},"content":{"rendered":"<p><\/p>\n<table style=\"border-collapse: collapse; width: 100%;\">\n<tbody>\n<tr>\n<td style=\"width: 50%;\"><a href=\"https:\/\/mechatronics.by\/wp-content\/uploads\/2023\/01\/join-telegram.png\"><img loading=\"lazy\" class=\"wp-image-13044 size-full aligncenter\" src=\"https:\/\/mechatronics.by\/wp-content\/uploads\/2023\/01\/join-telegram.png\" alt=\"\" width=\"300\" height=\"116\" data-wp-editing=\"1\" \/><\/a><\/td>\n<td style=\"width: 50%;\">\u00a0<a href=\"https:\/\/www.youtube.com\/@MechatronicsTV\/videos\"><img loading=\"lazy\" class=\"aligncenter wp-image-12963 size-medium\" src=\"https:\/\/mechatronics.by\/wp-content\/uploads\/2023\/01\/youtube-subscr-300x97.gif\" alt=\"\" width=\"300\" height=\"97\" srcset=\"https:\/\/mechatronics.by\/wp-content\/uploads\/2023\/01\/youtube-subscr-300x97.gif 300w, https:\/\/mechatronics.by\/wp-content\/uploads\/2023\/01\/youtube-subscr-1024x330.gif 1024w, https:\/\/mechatronics.by\/wp-content\/uploads\/2023\/01\/youtube-subscr-768x247.gif 768w\" sizes=\"(max-width: 300px) 100vw, 300px\" \/><\/a><\/td>\n<\/tr>\n<\/tbody>\n<\/table>\n<p><\/p>","protected":false},"excerpt":{"rendered":"<p>\u00a0<\/p>\n","protected":false},"author":1,"featured_media":0,"parent":4669,"menu_order":0,"comment_status":"closed","ping_status":"closed","template":"side-navigation.php","meta":[],"yoast_head":"<!-- This site is optimized with the Yoast SEO plugin v16.4 - https:\/\/yoast.com\/wordpress\/plugins\/seo\/ -->\n<title>(\u0420\u0443\u0441\u0441\u043a\u0438\u0439) (\u0420\u0443\u0441\u0441\u043a\u0438\u0439) (\u0420\u0443\u0441\u0441\u043a\u0438\u0439) (\u0420\u0443\u0441\u0441\u043a\u0438\u0439) (\u0420\u0443\u0441\u0441\u043a\u0438\u0439) (\u0420\u0443\u0441\u0441\u043a\u0438\u0439) (\u0420\u0443\u0441\u0441\u043a\u0438\u0439) (\u0420\u0443\u0441\u0441\u043a\u0438\u0439) (\u0420\u0443\u0441\u0441\u043a\u0438\u0439) (English) (\u0420\u0443\u0441\u0441\u043a\u0438\u0439) (\u0420\u0443\u0441\u0441\u043a\u0438\u0439) (\u0420\u0443\u0441\u0441\u043a\u0438\u0439) (English) (\u0420\u0443\u0441\u0441\u043a\u0438\u0439) (\u0420\u0443\u0441\u0441\u043a\u0438\u0439) Sensor de \u00e1ngulo de inclinaci\u00f3n inal\u00e1mbrico - Mechatronics<\/title>\n<meta name=\"robots\" content=\"index, follow, max-snippet:-1, max-image-preview:large, max-video-preview:-1\" \/>\n<link rel=\"canonical\" href=\"https:\/\/mechatronics.by\/products\/accessories\/wireless-tilt-angle-sensor-eurosens-degree-bt\/\" \/>\n<meta property=\"og:locale\" content=\"es_ES\" \/>\n<meta property=\"og:type\" content=\"article\" \/>\n<meta property=\"og:title\" content=\"[:ru](\u0420\u0443\u0441\u0441\u043a\u0438\u0439) (\u0420\u0443\u0441\u0441\u043a\u0438\u0439) (\u0420\u0443\u0441\u0441\u043a\u0438\u0439) (\u0420\u0443\u0441\u0441\u043a\u0438\u0439) (\u0420\u0443\u0441\u0441\u043a\u0438\u0439) (\u0420\u0443\u0441\u0441\u043a\u0438\u0439) (\u0420\u0443\u0441\u0441\u043a\u0438\u0439) (\u0420\u0443\u0441\u0441\u043a\u0438\u0439) (English) (\u0420\u0443\u0441\u0441\u043a\u0438\u0439) (\u0420\u0443\u0441\u0441\u043a\u0438\u0439) (\u0420\u0443\u0441\u0441\u043a\u0438\u0439) (English) (\u0420\u0443\u0441\u0441\u043a\u0438\u0439) (\u0420\u0443\u0441\u0441\u043a\u0438\u0439) Sensor de \u00e1ngulo de inclinaci\u00f3n inal\u00e1mbrico - Mechatronics [:]\" \/>\n<meta property=\"og:description\" content=\"\u00a0\" \/>\n<meta property=\"og:url\" content=\"https:\/\/mechatronics.by\/products\/accessories\/wireless-tilt-angle-sensor-eurosens-degree-bt\/\" \/>\n<meta property=\"og:site_name\" content=\"Mechatronics\" \/>\n<meta property=\"article:publisher\" content=\"https:\/\/www.facebook.com\/EurosensDelta\" \/>\n<meta property=\"article:modified_time\" content=\"2023-07-25T07:11:26+00:00\" \/>\n<meta property=\"og:image\" content=\"\/\/mechatronics.by\/wp-content\/uploads\/2020\/08\/Eurosens-Degree-Bt-300x224.png\" \/>\n<meta name=\"twitter:label1\" content=\"Tiempo de lectura\" \/>\n\t<meta name=\"twitter:data1\" content=\"6 minutos\" \/>\n<script type=\"application\/ld+json\" class=\"yoast-schema-graph\">{\"@context\":\"https:\/\/schema.org\",\"@graph\":[{\"@type\":\"WebSite\",\"@id\":\"https:\/\/mechatronics.by\/#website\",\"url\":\"https:\/\/mechatronics.by\/\",\"name\":\"Mechatronics\",\"description\":\"\\u041a\\u043e\\u043d\\u0442\\u0440\\u043e\\u043b\\u044c \\u0440\\u0430\\u0441\\u0445\\u043e\\u0434\\u0430 \\u0442\\u043e\\u043f\\u043b\\u0438\\u0432\\u0430 \\u0438 \\u0434\\u0440\\u0443\\u0433\\u0438\\u0445 \\u043f\\u0430\\u0440\\u0430\\u043c\\u0435\\u0442\\u0440\\u043e\\u0432 \\u0440\\u0430\\u0431\\u043e\\u0442\\u044b \\u043c\\u0430\\u0448\\u0438\\u043d\",\"potentialAction\":[{\"@type\":\"SearchAction\",\"target\":\"https:\/\/mechatronics.by\/?s={search_term_string}\",\"query-input\":\"required name=search_term_string\"}],\"inLanguage\":\"es\"},{\"@type\":\"ImageObject\",\"@id\":\"https:\/\/mechatronics.by\/products\/accessories\/wireless-tilt-angle-sensor-eurosens-degree-bt\/#primaryimage\",\"inLanguage\":\"es\",\"url\":\"https:\/\/mechatronics.by\/wp-content\/uploads\/2023\/01\/join-telegram.png\",\"contentUrl\":\"https:\/\/mechatronics.by\/wp-content\/uploads\/2023\/01\/join-telegram.png\",\"width\":300,\"height\":116},{\"@type\":\"WebPage\",\"@id\":\"https:\/\/mechatronics.by\/products\/accessories\/wireless-tilt-angle-sensor-eurosens-degree-bt\/#webpage\",\"url\":\"https:\/\/mechatronics.by\/products\/accessories\/wireless-tilt-angle-sensor-eurosens-degree-bt\/\",\"name\":\"[:ru](\\u0420\\u0443\\u0441\\u0441\\u043a\\u0438\\u0439) (\\u0420\\u0443\\u0441\\u0441\\u043a\\u0438\\u0439) (\\u0420\\u0443\\u0441\\u0441\\u043a\\u0438\\u0439) (\\u0420\\u0443\\u0441\\u0441\\u043a\\u0438\\u0439) (\\u0420\\u0443\\u0441\\u0441\\u043a\\u0438\\u0439) (\\u0420\\u0443\\u0441\\u0441\\u043a\\u0438\\u0439) (\\u0420\\u0443\\u0441\\u0441\\u043a\\u0438\\u0439) (\\u0420\\u0443\\u0441\\u0441\\u043a\\u0438\\u0439) (English) (\\u0420\\u0443\\u0441\\u0441\\u043a\\u0438\\u0439) (\\u0420\\u0443\\u0441\\u0441\\u043a\\u0438\\u0439) (\\u0420\\u0443\\u0441\\u0441\\u043a\\u0438\\u0439) (English) (\\u0420\\u0443\\u0441\\u0441\\u043a\\u0438\\u0439) (\\u0420\\u0443\\u0441\\u0441\\u043a\\u0438\\u0439) Sensor de \\u00e1ngulo de inclinaci\\u00f3n inal\\u00e1mbrico - Mechatronics [:]\",\"isPartOf\":{\"@id\":\"https:\/\/mechatronics.by\/#website\"},\"primaryImageOfPage\":{\"@id\":\"https:\/\/mechatronics.by\/products\/accessories\/wireless-tilt-angle-sensor-eurosens-degree-bt\/#primaryimage\"},\"datePublished\":\"2020-08-15T08:44:44+00:00\",\"dateModified\":\"2023-07-25T07:11:26+00:00\",\"breadcrumb\":{\"@id\":\"https:\/\/mechatronics.by\/products\/accessories\/wireless-tilt-angle-sensor-eurosens-degree-bt\/#breadcrumb\"},\"inLanguage\":\"es\",\"potentialAction\":[{\"@type\":\"ReadAction\",\"target\":[\"https:\/\/mechatronics.by\/products\/accessories\/wireless-tilt-angle-sensor-eurosens-degree-bt\/\"]}]},{\"@type\":\"BreadcrumbList\",\"@id\":\"https:\/\/mechatronics.by\/products\/accessories\/wireless-tilt-angle-sensor-eurosens-degree-bt\/#breadcrumb\",\"itemListElement\":[{\"@type\":\"ListItem\",\"position\":1,\"item\":{\"@type\":\"WebPage\",\"@id\":\"https:\/\/mechatronics.by\/\",\"url\":\"https:\/\/mechatronics.by\/\",\"name\":\"Home\"}},{\"@type\":\"ListItem\",\"position\":2,\"item\":{\"@type\":\"WebPage\",\"@id\":\"https:\/\/mechatronics.by\/products\/\",\"url\":\"https:\/\/mechatronics.by\/products\/\",\"name\":\"\\u041f\\u0440\\u043e\\u0434\\u0443\\u043a\\u0442\\u044b\"}},{\"@type\":\"ListItem\",\"position\":3,\"item\":{\"@type\":\"WebPage\",\"@id\":\"https:\/\/mechatronics.by\/products\/accessories\/\",\"url\":\"https:\/\/mechatronics.by\/products\/accessories\/\",\"name\":\"\\u0414\\u0430\\u0442\\u0447\\u0438\\u043a\\u0438\"}},{\"@type\":\"ListItem\",\"position\":4,\"item\":{\"@id\":\"https:\/\/mechatronics.by\/products\/accessories\/wireless-tilt-angle-sensor-eurosens-degree-bt\/#webpage\"}}]}]}<\/script>\n<!-- \/ Yoast SEO plugin. -->","_links":{"self":[{"href":"https:\/\/mechatronics.by\/es\/wp-json\/wp\/v2\/pages\/10912"}],"collection":[{"href":"https:\/\/mechatronics.by\/es\/wp-json\/wp\/v2\/pages"}],"about":[{"href":"https:\/\/mechatronics.by\/es\/wp-json\/wp\/v2\/types\/page"}],"author":[{"embeddable":true,"href":"https:\/\/mechatronics.by\/es\/wp-json\/wp\/v2\/users\/1"}],"replies":[{"embeddable":true,"href":"https:\/\/mechatronics.by\/es\/wp-json\/wp\/v2\/comments?post=10912"}],"version-history":[{"count":7,"href":"https:\/\/mechatronics.by\/es\/wp-json\/wp\/v2\/pages\/10912\/revisions"}],"predecessor-version":[{"id":13258,"href":"https:\/\/mechatronics.by\/es\/wp-json\/wp\/v2\/pages\/10912\/revisions\/13258"}],"up":[{"embeddable":true,"href":"https:\/\/mechatronics.by\/es\/wp-json\/wp\/v2\/pages\/4669"}],"wp:attachment":[{"href":"https:\/\/mechatronics.by\/es\/wp-json\/wp\/v2\/media?parent=10912"}],"curies":[{"name":"wp","href":"https:\/\/api.w.org\/{rel}","templated":true}]}}