{"id":11508,"date":"2021-02-14T11:58:38","date_gmt":"2021-02-14T08:58:38","guid":{"rendered":"https:\/\/mechatronics.by\/?page_id=11508"},"modified":"2024-01-04T17:11:54","modified_gmt":"2024-01-04T14:11:54","slug":"eurosens-dss-can","status":"publish","type":"page","link":"https:\/\/mechatronics.by\/es\/products\/onboard-weighing\/eurosens-dss-can\/","title":{"rendered":"Eurosens DSS sensor de carga por eje"},"content":{"rendered":"<p><\/p>\n<h2>\u00a0<\/h2>\n<h2><span style=\"color: #000080;\"><strong>Eurosens DSS<\/strong><\/span><\/h2>\n<p class=\"alignnone\" title=\"Accurate axle load sensor\"><style type='text\/css'>#reading-box-container-1 .tagline-shadow:before,#reading-box-container-1 .tagline-shadow:after{opacity:0.7;}<\/style><div class=\"reading-box-container clearfix\" id=\"reading-box-container-1\"><section class=\"reading-box \" style=\"background-color:#fff !important;border-width:1px;border-color:#ededed!important;border-top-width:3px !important;border-top-color:#1a80b6!important;border-style:solid;\"><a href=\"\/\/mechatronics.by\/mechatronics-contacts\/\" target=\"\" class=\"continue button large default\">Order<\/a><h2>Para veh\u00edculos con suspensi\u00f3n de ballestas<\/h2><p>Sensor de carga del eje de alta precisi\u00f3n. Se instala en el eje y mide sus deformaciones por deformaci\u00f3n. <\/p><a href=\"\/\/mechatronics.by\/mechatronics-contacts\/\" target=\"\" class=\"continue mobile-button button large default\">Order<\/a><\/section><\/div>\n<p>Eurosens DSS contiene transductor de deformaci\u00f3n, amplificador y microcontrolador. El sensor tiene que atornillarse firmemente a las placas de acero, montadas en el eje con una soldadura. Tras la instalaci\u00f3n y calibraci\u00f3n del sensor, el microcontrolador integrado proporciona datos sobre la carga del eje a la interfaz est\u00e1ndar CAN J1939 o a la interfaz RS485 (protocolo LLS). Los mensajes del protocolo contienen la carga del eje en kg o toneladas.<\/p>\n<p><a href=\"\/\/mechatronics.by\/wp-content\/uploads\/2021\/02\/DSS-system-EN.png\"><img loading=\"lazy\" class=\"aligncenter wp-image-11533 size-large\" src=\"\/\/mechatronics.by\/wp-content\/uploads\/2021\/02\/DSS-system-EN-1024x629.png\" alt=\"\" width=\"669\" height=\"411\" srcset=\"https:\/\/mechatronics.by\/wp-content\/uploads\/2021\/02\/DSS-system-EN-1024x629.png 1024w, https:\/\/mechatronics.by\/wp-content\/uploads\/2021\/02\/DSS-system-EN-300x184.png 300w, https:\/\/mechatronics.by\/wp-content\/uploads\/2021\/02\/DSS-system-EN-768x472.png 768w, https:\/\/mechatronics.by\/wp-content\/uploads\/2021\/02\/DSS-system-EN.png 1210w\" sizes=\"(max-width: 669px) 100vw, 669px\" \/><\/a><\/p>\n<table style=\"height: 72px; width: 92.2531%;\" width=\"1045\">\n<tbody>\n<tr>\n<td style=\"width: 300px;\"><b>Eurosens DSS folleto<\/b><\/td>\n<td style=\"text-align: left;\"><a href=\"https:\/\/files.eurosenstelematics.com\/files\/eurosens-dss-flyer-esp\"><img loading=\"lazy\" class=\"aligncenter wp-image-13190 size-full\" src=\"https:\/\/mechatronics.by\/wp-content\/uploads\/2023\/04\/download.png\" alt=\"\" width=\"27\" height=\"27\" \/><\/a><\/td>\n<\/tr>\n<tr style=\"height: 48px;\">\n<td style=\"width: 300px; height: 48px;\"><b>\u00a0Eurosens DSS especificaci\u00f3n<\/b><\/td>\n<td style=\"text-align: left; height: 48px;\"><a href=\"https:\/\/files.eurosenstelematics.com\/files\/eurosens-dss-specification\"><img loading=\"lazy\" class=\"aligncenter wp-image-13190 size-full\" src=\"https:\/\/mechatronics.by\/wp-content\/uploads\/2023\/04\/download.png\" alt=\"\" width=\"27\" height=\"27\" \/><\/a><\/td>\n<\/tr>\n<tr>\n<td style=\"width: 300px;\"><b>Eurosens DSS manual de instrucciones<\/b><\/td>\n<td style=\"text-align: left;\"><a href=\"https:\/\/files.eurosenstelematics.com\/files\/eurosens-dss-operation-manual-esp\"><img loading=\"lazy\" class=\"aligncenter wp-image-13190 size-full\" src=\"https:\/\/mechatronics.by\/wp-content\/uploads\/2023\/04\/download.png\" alt=\"\" width=\"27\" height=\"27\" \/><\/a><\/td>\n<\/tr>\n<tr>\n<td style=\"width: 300px;\"><b>Eurosens DSS 485 configurator<\/b><\/td>\n<td style=\"text-align: left;\"><a href=\"https:\/\/files.eurosenstelematics.com\/files\/eurosens-dss-485-configurator\"><img loading=\"lazy\" class=\"aligncenter wp-image-13190 size-full\" src=\"https:\/\/mechatronics.by\/wp-content\/uploads\/2023\/04\/download.png\" alt=\"\" width=\"27\" height=\"27\" \/><\/a><\/td>\n<\/tr>\n<tr>\n<td style=\"width: 300px;\"><b>Eurosens DSS CAN configurator<\/b><\/td>\n<td style=\"text-align: left;\"><a href=\"https:\/\/files.eurosenstelematics.com\/files\/eurosens-dss-dds-dps-can-configurator\"><img loading=\"lazy\" class=\"aligncenter wp-image-13190 size-full\" src=\"https:\/\/mechatronics.by\/wp-content\/uploads\/2023\/04\/download.png\" alt=\"\" width=\"27\" height=\"27\" \/><\/a><\/td>\n<\/tr>\n<tr>\n<td style=\"width: 300px;\"><b>Emark certificate<\/b><\/td>\n<td style=\"text-align: left;\"><div class='w3eden'><!-- WPDM Link Template: Button Template -->\n\n<a class='wpdm-download-link download-on-click btn btn-primary ' rel='nofollow' href='#' data-downloadurl=\"https:\/\/mechatronics.by\/es\/download\/eurosens-dss-emark-2022\/?wpdmdl=13126&refresh=6a07dc99f22b11778900121\"><i class=\"fas fa-file-download\"><\/i><\/a><\/div><\/td>\n<\/tr>\n<\/tbody>\n<\/table>\n<p>&nbsp;<\/p>\n<p>&nbsp;<\/p>\n<table style=\"border-collapse: collapse; width: 100%;\">\n<tbody>\n<tr>\n<td style=\"width: 50%;\"><a href=\"https:\/\/mechatronics.by\/wp-content\/uploads\/2023\/01\/join-telegram.png\"><img loading=\"lazy\" class=\"wp-image-13044 size-full aligncenter\" src=\"https:\/\/mechatronics.by\/wp-content\/uploads\/2023\/01\/join-telegram.png\" alt=\"\" width=\"300\" height=\"116\" \/><\/a><\/td>\n<td style=\"width: 50%;\">\u00a0<a href=\"https:\/\/www.youtube.com\/@MechatronicsTV\/videos\"><img loading=\"lazy\" class=\"aligncenter wp-image-12963 size-medium\" src=\"https:\/\/mechatronics.by\/wp-content\/uploads\/2023\/01\/youtube-subscr-300x97.gif\" alt=\"\" width=\"300\" height=\"97\" srcset=\"https:\/\/mechatronics.by\/wp-content\/uploads\/2023\/01\/youtube-subscr-300x97.gif 300w, https:\/\/mechatronics.by\/wp-content\/uploads\/2023\/01\/youtube-subscr-1024x330.gif 1024w, https:\/\/mechatronics.by\/wp-content\/uploads\/2023\/01\/youtube-subscr-768x247.gif 768w\" sizes=\"(max-width: 300px) 100vw, 300px\" \/><\/a><\/td>\n<\/tr>\n<\/tbody>\n<\/table>\n<p><\/p>","protected":false},"excerpt":{"rendered":"<p>\u00a0 Eurosens DSS Eurosens DSS contiene transductor de deformaci\u00f3n, amplificador y microcontrolador. El sensor tiene que atornillarse firmemente a las placas de acero, montadas en el eje con una soldadura. Tras la instalaci\u00f3n y calibraci\u00f3n del sensor, el microcontrolador integrado proporciona datos sobre la carga del eje a la interfaz est\u00e1ndar CAN J1939 o a [&hellip;]<\/p>\n","protected":false},"author":1,"featured_media":0,"parent":4748,"menu_order":0,"comment_status":"closed","ping_status":"closed","template":"side-navigation.php","meta":[],"yoast_head":"<!-- This site is optimized with the Yoast SEO plugin v16.4 - https:\/\/yoast.com\/wordpress\/plugins\/seo\/ -->\n<title>(\u0420\u0443\u0441\u0441\u043a\u0438\u0439) (\u0420\u0443\u0441\u0441\u043a\u0438\u0439) (\u0420\u0443\u0441\u0441\u043a\u0438\u0439) (\u0420\u0443\u0441\u0441\u043a\u0438\u0439) (\u0420\u0443\u0441\u0441\u043a\u0438\u0439) (\u0420\u0443\u0441\u0441\u043a\u0438\u0439) (\u0420\u0443\u0441\u0441\u043a\u0438\u0439) (\u0420\u0443\u0441\u0441\u043a\u0438\u0439) (\u0420\u0443\u0441\u0441\u043a\u0438\u0439) (English) (\u0420\u0443\u0441\u0441\u043a\u0438\u0439) (\u0420\u0443\u0441\u0441\u043a\u0438\u0439) (\u0420\u0443\u0441\u0441\u043a\u0438\u0439) (English) (\u0420\u0443\u0441\u0441\u043a\u0438\u0439) (\u0420\u0443\u0441\u0441\u043a\u0438\u0439) Eurosens DSS sensor de carga por eje - Mechatronics<\/title>\n<meta name=\"robots\" content=\"index, follow, max-snippet:-1, max-image-preview:large, max-video-preview:-1\" \/>\n<link rel=\"canonical\" href=\"https:\/\/mechatronics.by\/products\/onboard-weighing\/eurosens-dss-can\/\" \/>\n<meta property=\"og:locale\" content=\"es_ES\" \/>\n<meta property=\"og:type\" content=\"article\" \/>\n<meta property=\"og:title\" content=\"[:ru](\u0420\u0443\u0441\u0441\u043a\u0438\u0439) (\u0420\u0443\u0441\u0441\u043a\u0438\u0439) (\u0420\u0443\u0441\u0441\u043a\u0438\u0439) (\u0420\u0443\u0441\u0441\u043a\u0438\u0439) (\u0420\u0443\u0441\u0441\u043a\u0438\u0439) (\u0420\u0443\u0441\u0441\u043a\u0438\u0439) (\u0420\u0443\u0441\u0441\u043a\u0438\u0439) (\u0420\u0443\u0441\u0441\u043a\u0438\u0439) (English) (\u0420\u0443\u0441\u0441\u043a\u0438\u0439) (\u0420\u0443\u0441\u0441\u043a\u0438\u0439) (\u0420\u0443\u0441\u0441\u043a\u0438\u0439) (English) (\u0420\u0443\u0441\u0441\u043a\u0438\u0439) (\u0420\u0443\u0441\u0441\u043a\u0438\u0439) Eurosens DSS sensor de carga por eje - Mechatronics [:]\" \/>\n<meta property=\"og:description\" content=\"\u00a0 Eurosens DSS Eurosens DSS contiene transductor de deformaci\u00f3n, amplificador y microcontrolador. El sensor tiene que atornillarse firmemente a las placas de acero, montadas en el eje con una soldadura. Tras la instalaci\u00f3n y calibraci\u00f3n del sensor, el microcontrolador integrado proporciona datos sobre la carga del eje a la interfaz est\u00e1ndar CAN J1939 o a [&hellip;]\" \/>\n<meta property=\"og:url\" content=\"https:\/\/mechatronics.by\/products\/onboard-weighing\/eurosens-dss-can\/\" \/>\n<meta property=\"og:site_name\" content=\"Mechatronics\" \/>\n<meta property=\"article:publisher\" content=\"https:\/\/www.facebook.com\/EurosensDelta\" \/>\n<meta property=\"article:modified_time\" content=\"2024-01-04T14:11:54+00:00\" \/>\n<meta property=\"og:image\" content=\"\/\/mechatronics.by\/wp-content\/uploads\/2021\/02\/Dss-system-1024x625.png\" \/>\n<meta name=\"twitter:label1\" content=\"Tiempo de lectura\" \/>\n\t<meta name=\"twitter:data1\" content=\"3 minutos\" \/>\n<script type=\"application\/ld+json\" class=\"yoast-schema-graph\">{\"@context\":\"https:\/\/schema.org\",\"@graph\":[{\"@type\":\"WebSite\",\"@id\":\"https:\/\/mechatronics.by\/#website\",\"url\":\"https:\/\/mechatronics.by\/\",\"name\":\"Mechatronics\",\"description\":\"\\u041a\\u043e\\u043d\\u0442\\u0440\\u043e\\u043b\\u044c \\u0440\\u0430\\u0441\\u0445\\u043e\\u0434\\u0430 \\u0442\\u043e\\u043f\\u043b\\u0438\\u0432\\u0430 \\u0438 \\u0434\\u0440\\u0443\\u0433\\u0438\\u0445 \\u043f\\u0430\\u0440\\u0430\\u043c\\u0435\\u0442\\u0440\\u043e\\u0432 \\u0440\\u0430\\u0431\\u043e\\u0442\\u044b \\u043c\\u0430\\u0448\\u0438\\u043d\",\"potentialAction\":[{\"@type\":\"SearchAction\",\"target\":\"https:\/\/mechatronics.by\/?s={search_term_string}\",\"query-input\":\"required name=search_term_string\"}],\"inLanguage\":\"es\"},{\"@type\":\"ImageObject\",\"@id\":\"https:\/\/mechatronics.by\/products\/onboard-weighing\/eurosens-dss-can\/#primaryimage\",\"inLanguage\":\"es\",\"url\":\"\/\/mechatronics.by\/wp-content\/uploads\/2021\/02\/DSS-system-EN-1024x629.png\",\"contentUrl\":\"\/\/mechatronics.by\/wp-content\/uploads\/2021\/02\/DSS-system-EN-1024x629.png\"},{\"@type\":\"WebPage\",\"@id\":\"https:\/\/mechatronics.by\/products\/onboard-weighing\/eurosens-dss-can\/#webpage\",\"url\":\"https:\/\/mechatronics.by\/products\/onboard-weighing\/eurosens-dss-can\/\",\"name\":\"[:ru](\\u0420\\u0443\\u0441\\u0441\\u043a\\u0438\\u0439) (\\u0420\\u0443\\u0441\\u0441\\u043a\\u0438\\u0439) (\\u0420\\u0443\\u0441\\u0441\\u043a\\u0438\\u0439) (\\u0420\\u0443\\u0441\\u0441\\u043a\\u0438\\u0439) (\\u0420\\u0443\\u0441\\u0441\\u043a\\u0438\\u0439) (\\u0420\\u0443\\u0441\\u0441\\u043a\\u0438\\u0439) (\\u0420\\u0443\\u0441\\u0441\\u043a\\u0438\\u0439) (\\u0420\\u0443\\u0441\\u0441\\u043a\\u0438\\u0439) (English) (\\u0420\\u0443\\u0441\\u0441\\u043a\\u0438\\u0439) (\\u0420\\u0443\\u0441\\u0441\\u043a\\u0438\\u0439) (\\u0420\\u0443\\u0441\\u0441\\u043a\\u0438\\u0439) (English) (\\u0420\\u0443\\u0441\\u0441\\u043a\\u0438\\u0439) (\\u0420\\u0443\\u0441\\u0441\\u043a\\u0438\\u0439) Eurosens DSS sensor de carga por eje - Mechatronics [:]\",\"isPartOf\":{\"@id\":\"https:\/\/mechatronics.by\/#website\"},\"primaryImageOfPage\":{\"@id\":\"https:\/\/mechatronics.by\/products\/onboard-weighing\/eurosens-dss-can\/#primaryimage\"},\"datePublished\":\"2021-02-14T08:58:38+00:00\",\"dateModified\":\"2024-01-04T14:11:54+00:00\",\"breadcrumb\":{\"@id\":\"https:\/\/mechatronics.by\/products\/onboard-weighing\/eurosens-dss-can\/#breadcrumb\"},\"inLanguage\":\"es\",\"potentialAction\":[{\"@type\":\"ReadAction\",\"target\":[\"https:\/\/mechatronics.by\/products\/onboard-weighing\/eurosens-dss-can\/\"]}]},{\"@type\":\"BreadcrumbList\",\"@id\":\"https:\/\/mechatronics.by\/products\/onboard-weighing\/eurosens-dss-can\/#breadcrumb\",\"itemListElement\":[{\"@type\":\"ListItem\",\"position\":1,\"item\":{\"@type\":\"WebPage\",\"@id\":\"https:\/\/mechatronics.by\/\",\"url\":\"https:\/\/mechatronics.by\/\",\"name\":\"Home\"}},{\"@type\":\"ListItem\",\"position\":2,\"item\":{\"@type\":\"WebPage\",\"@id\":\"https:\/\/mechatronics.by\/products\/\",\"url\":\"https:\/\/mechatronics.by\/products\/\",\"name\":\"\\u041f\\u0440\\u043e\\u0434\\u0443\\u043a\\u0442\\u044b\"}},{\"@type\":\"ListItem\",\"position\":3,\"item\":{\"@type\":\"WebPage\",\"@id\":\"https:\/\/mechatronics.by\/products\/onboard-weighing\/\",\"url\":\"https:\/\/mechatronics.by\/products\/onboard-weighing\/\",\"name\":\"\\u0411\\u043e\\u0440\\u0442\\u043e\\u0432\\u043e\\u0435 \\u0432\\u0437\\u0432\\u0435\\u0448\\u0438\\u0432\\u0430\\u043d\\u0438\\u0435\"}},{\"@type\":\"ListItem\",\"position\":4,\"item\":{\"@id\":\"https:\/\/mechatronics.by\/products\/onboard-weighing\/eurosens-dss-can\/#webpage\"}}]}]}<\/script>\n<!-- \/ Yoast SEO plugin. -->","_links":{"self":[{"href":"https:\/\/mechatronics.by\/es\/wp-json\/wp\/v2\/pages\/11508"}],"collection":[{"href":"https:\/\/mechatronics.by\/es\/wp-json\/wp\/v2\/pages"}],"about":[{"href":"https:\/\/mechatronics.by\/es\/wp-json\/wp\/v2\/types\/page"}],"author":[{"embeddable":true,"href":"https:\/\/mechatronics.by\/es\/wp-json\/wp\/v2\/users\/1"}],"replies":[{"embeddable":true,"href":"https:\/\/mechatronics.by\/es\/wp-json\/wp\/v2\/comments?post=11508"}],"version-history":[{"count":7,"href":"https:\/\/mechatronics.by\/es\/wp-json\/wp\/v2\/pages\/11508\/revisions"}],"predecessor-version":[{"id":13328,"href":"https:\/\/mechatronics.by\/es\/wp-json\/wp\/v2\/pages\/11508\/revisions\/13328"}],"up":[{"embeddable":true,"href":"https:\/\/mechatronics.by\/es\/wp-json\/wp\/v2\/pages\/4748"}],"wp:attachment":[{"href":"https:\/\/mechatronics.by\/es\/wp-json\/wp\/v2\/media?parent=11508"}],"curies":[{"name":"wp","href":"https:\/\/api.w.org\/{rel}","templated":true}]}}