{"id":11557,"date":"2021-02-28T10:12:40","date_gmt":"2021-02-28T07:12:40","guid":{"rendered":"https:\/\/mechatronics.by\/?page_id=11557"},"modified":"2021-12-25T18:27:25","modified_gmt":"2021-12-25T15:27:25","slug":"data-interfaces","status":"publish","type":"page","link":"https:\/\/mechatronics.by\/es\/products\/data-interfaces\/","title":{"rendered":"Interfaces y m\u00f3dulos de conexi\u00f3n"},"content":{"rendered":"<p class=\"qtranxs-available-languages-message qtranxs-available-languages-message-es\">Disculpa, pero esta entrada est\u00e1 disponible s\u00f3lo en <a href=\"https:\/\/mechatronics.by\/en\/wp-json\/wp\/v2\/pages\/11557\" class=\"qtranxs-available-language-link qtranxs-available-language-link-en\" title=\"English\">Ingl\u00e9s Estadounidense<\/a>, <a href=\"https:\/\/mechatronics.by\/ru\/wp-json\/wp\/v2\/pages\/11557\" class=\"qtranxs-available-language-link qtranxs-available-language-link-ru\" title=\"\u0420\u0443\u0441\u0441\u043a\u0438\u0439\">Ruso<\/a>, <a href=\"https:\/\/mechatronics.by\/fr\/wp-json\/wp\/v2\/pages\/11557\" class=\"qtranxs-available-language-link qtranxs-available-language-link-fr\" title=\"Fran\u00e7ais\">Franc\u00e9s<\/a> y <a href=\"https:\/\/mechatronics.by\/pl\/wp-json\/wp\/v2\/pages\/11557\" class=\"qtranxs-available-language-link qtranxs-available-language-link-pl\" title=\"Polski\">Polaco<\/a>.<\/p>","protected":false},"excerpt":{"rendered":"<p>Disculpa, pero esta entrada est\u00e1 disponible s\u00f3lo en Ingl\u00e9s Estadounidense, Ruso, Franc\u00e9s y Polaco.<\/p>\n","protected":false},"author":1,"featured_media":0,"parent":18,"menu_order":7,"comment_status":"closed","ping_status":"closed","template":"side-navigation.php","meta":[],"yoast_head":"<!-- This site is optimized with the Yoast SEO plugin v16.4 - https:\/\/yoast.com\/wordpress\/plugins\/seo\/ -->\n<title>\u0418\u043d\u0442\u0435\u0440\u0444\u0435\u0439\u0441\u044b \u0438 \u043c\u043e\u0434\u0443\u043b\u0438 \u043f\u0435\u0440\u0435\u0434\u0430\u0447\u0438 \u0434\u0430\u043d\u043d\u044b\u0445<\/title>\n<meta name=\"description\" content=\"\u0410\u043d\u0430\u043b\u043e\u0433\u043e-\u0446\u0438\u0444\u0440\u043e\u0432\u044b\u0435 \u0438\u043d\u0442\u0435\u0440\u0444\u0435\u0439\u0441\u044b, \u043c\u043e\u0434\u0443\u043b\u0438 \u0431\u0435\u0441\u043f\u0440\u043e\u0432\u043e\u0434\u043d\u043e\u0439 \u043f\u0435\u0440\u0435\u0434\u0430\u0447\u0438 \u0434\u0430\u043d\u043d\u044b\u0445, \u043f\u0440\u0435\u043e\u0431\u0440\u0430\u0437\u043e\u0432\u0430\u0442\u0435\u043b\u0438 CAN\/MODBUS, RS485\/Bluetooth \u0438 \u0434\u0440\u0443\u0433\u0438\u0435 \u043f\u0440\u043e\u0434\u0443\u043a\u0442\u044b\" \/>\n<meta name=\"robots\" content=\"index, follow, max-snippet:-1, max-image-preview:large, max-video-preview:-1\" \/>\n<link rel=\"canonical\" href=\"https:\/\/mechatronics.by\/products\/data-interfaces\/\" \/>\n<meta property=\"og:locale\" content=\"es_ES\" \/>\n<meta property=\"og:type\" content=\"article\" \/>\n<meta property=\"og:title\" content=\"\u0418\u043d\u0442\u0435\u0440\u0444\u0435\u0439\u0441\u044b \u0438 \u043c\u043e\u0434\u0443\u043b\u0438 \u043f\u0435\u0440\u0435\u0434\u0430\u0447\u0438 \u0434\u0430\u043d\u043d\u044b\u0445\" \/>\n<meta property=\"og:description\" content=\"\u0410\u043d\u0430\u043b\u043e\u0433\u043e-\u0446\u0438\u0444\u0440\u043e\u0432\u044b\u0435 \u0438\u043d\u0442\u0435\u0440\u0444\u0435\u0439\u0441\u044b, \u043c\u043e\u0434\u0443\u043b\u0438 \u0431\u0435\u0441\u043f\u0440\u043e\u0432\u043e\u0434\u043d\u043e\u0439 \u043f\u0435\u0440\u0435\u0434\u0430\u0447\u0438 \u0434\u0430\u043d\u043d\u044b\u0445, \u043f\u0440\u0435\u043e\u0431\u0440\u0430\u0437\u043e\u0432\u0430\u0442\u0435\u043b\u0438 CAN\/MODBUS, RS485\/Bluetooth \u0438 \u0434\u0440\u0443\u0433\u0438\u0435 \u043f\u0440\u043e\u0434\u0443\u043a\u0442\u044b\" \/>\n<meta property=\"og:url\" content=\"https:\/\/mechatronics.by\/products\/data-interfaces\/\" \/>\n<meta property=\"og:site_name\" content=\"Mechatronics\" \/>\n<meta property=\"article:publisher\" content=\"https:\/\/www.facebook.com\/EurosensDelta\" \/>\n<meta property=\"article:modified_time\" content=\"2021-12-25T15:27:25+00:00\" \/>\n<meta property=\"og:image\" content=\"\/\/mechatronics.by\/wp-content\/uploads\/2020\/12\/MKU_5266-150x150.jpg\" \/>\n<script type=\"application\/ld+json\" class=\"yoast-schema-graph\">{\"@context\":\"https:\/\/schema.org\",\"@graph\":[{\"@type\":\"WebSite\",\"@id\":\"https:\/\/mechatronics.by\/#website\",\"url\":\"https:\/\/mechatronics.by\/\",\"name\":\"Mechatronics\",\"description\":\"\\u041a\\u043e\\u043d\\u0442\\u0440\\u043e\\u043b\\u044c \\u0440\\u0430\\u0441\\u0445\\u043e\\u0434\\u0430 \\u0442\\u043e\\u043f\\u043b\\u0438\\u0432\\u0430 \\u0438 \\u0434\\u0440\\u0443\\u0433\\u0438\\u0445 \\u043f\\u0430\\u0440\\u0430\\u043c\\u0435\\u0442\\u0440\\u043e\\u0432 \\u0440\\u0430\\u0431\\u043e\\u0442\\u044b \\u043c\\u0430\\u0448\\u0438\\u043d\",\"potentialAction\":[{\"@type\":\"SearchAction\",\"target\":\"https:\/\/mechatronics.by\/?s={search_term_string}\",\"query-input\":\"required name=search_term_string\"}],\"inLanguage\":\"es\"},{\"@type\":\"ImageObject\",\"@id\":\"https:\/\/mechatronics.by\/products\/data-interfaces\/#primaryimage\",\"inLanguage\":\"es\",\"url\":\"\/\/mechatronics.by\/wp-content\/uploads\/2020\/12\/MKU_5266-150x150.jpg\",\"contentUrl\":\"\/\/mechatronics.by\/wp-content\/uploads\/2020\/12\/MKU_5266-150x150.jpg\"},{\"@type\":\"WebPage\",\"@id\":\"https:\/\/mechatronics.by\/products\/data-interfaces\/#webpage\",\"url\":\"https:\/\/mechatronics.by\/products\/data-interfaces\/\",\"name\":\"\\u0418\\u043d\\u0442\\u0435\\u0440\\u0444\\u0435\\u0439\\u0441\\u044b \\u0438 \\u043c\\u043e\\u0434\\u0443\\u043b\\u0438 \\u043f\\u0435\\u0440\\u0435\\u0434\\u0430\\u0447\\u0438 \\u0434\\u0430\\u043d\\u043d\\u044b\\u0445\",\"isPartOf\":{\"@id\":\"https:\/\/mechatronics.by\/#website\"},\"primaryImageOfPage\":{\"@id\":\"https:\/\/mechatronics.by\/products\/data-interfaces\/#primaryimage\"},\"datePublished\":\"2021-02-28T07:12:40+00:00\",\"dateModified\":\"2021-12-25T15:27:25+00:00\",\"description\":\"\\u0410\\u043d\\u0430\\u043b\\u043e\\u0433\\u043e-\\u0446\\u0438\\u0444\\u0440\\u043e\\u0432\\u044b\\u0435 \\u0438\\u043d\\u0442\\u0435\\u0440\\u0444\\u0435\\u0439\\u0441\\u044b, \\u043c\\u043e\\u0434\\u0443\\u043b\\u0438 \\u0431\\u0435\\u0441\\u043f\\u0440\\u043e\\u0432\\u043e\\u0434\\u043d\\u043e\\u0439 \\u043f\\u0435\\u0440\\u0435\\u0434\\u0430\\u0447\\u0438 \\u0434\\u0430\\u043d\\u043d\\u044b\\u0445, \\u043f\\u0440\\u0435\\u043e\\u0431\\u0440\\u0430\\u0437\\u043e\\u0432\\u0430\\u0442\\u0435\\u043b\\u0438 CAN\/MODBUS, RS485\/Bluetooth \\u0438 \\u0434\\u0440\\u0443\\u0433\\u0438\\u0435 \\u043f\\u0440\\u043e\\u0434\\u0443\\u043a\\u0442\\u044b\",\"breadcrumb\":{\"@id\":\"https:\/\/mechatronics.by\/products\/data-interfaces\/#breadcrumb\"},\"inLanguage\":\"es\",\"potentialAction\":[{\"@type\":\"ReadAction\",\"target\":[\"https:\/\/mechatronics.by\/products\/data-interfaces\/\"]}]},{\"@type\":\"BreadcrumbList\",\"@id\":\"https:\/\/mechatronics.by\/products\/data-interfaces\/#breadcrumb\",\"itemListElement\":[{\"@type\":\"ListItem\",\"position\":1,\"item\":{\"@type\":\"WebPage\",\"@id\":\"https:\/\/mechatronics.by\/\",\"url\":\"https:\/\/mechatronics.by\/\",\"name\":\"Home\"}},{\"@type\":\"ListItem\",\"position\":2,\"item\":{\"@type\":\"WebPage\",\"@id\":\"https:\/\/mechatronics.by\/products\/\",\"url\":\"https:\/\/mechatronics.by\/products\/\",\"name\":\"\\u041f\\u0440\\u043e\\u0434\\u0443\\u043a\\u0442\\u044b\"}},{\"@type\":\"ListItem\",\"position\":3,\"item\":{\"@id\":\"https:\/\/mechatronics.by\/products\/data-interfaces\/#webpage\"}}]}]}<\/script>\n<!-- \/ Yoast SEO plugin. -->","_links":{"self":[{"href":"https:\/\/mechatronics.by\/es\/wp-json\/wp\/v2\/pages\/11557"}],"collection":[{"href":"https:\/\/mechatronics.by\/es\/wp-json\/wp\/v2\/pages"}],"about":[{"href":"https:\/\/mechatronics.by\/es\/wp-json\/wp\/v2\/types\/page"}],"author":[{"embeddable":true,"href":"https:\/\/mechatronics.by\/es\/wp-json\/wp\/v2\/users\/1"}],"replies":[{"embeddable":true,"href":"https:\/\/mechatronics.by\/es\/wp-json\/wp\/v2\/comments?post=11557"}],"version-history":[{"count":0,"href":"https:\/\/mechatronics.by\/es\/wp-json\/wp\/v2\/pages\/11557\/revisions"}],"up":[{"embeddable":true,"href":"https:\/\/mechatronics.by\/es\/wp-json\/wp\/v2\/pages\/18"}],"wp:attachment":[{"href":"https:\/\/mechatronics.by\/es\/wp-json\/wp\/v2\/media?parent=11557"}],"curies":[{"name":"wp","href":"https:\/\/api.w.org\/{rel}","templated":true}]}}