{"id":12183,"date":"2021-06-15T15:07:56","date_gmt":"2021-06-15T12:07:56","guid":{"rendered":"https:\/\/mechatronics.by\/?page_id=12183"},"modified":"2025-09-13T12:35:31","modified_gmt":"2025-09-13T09:35:31","slug":"universal-mws-sensor","status":"publish","type":"page","link":"https:\/\/mechatronics.by\/es\/products\/level-control\/universal-mws-sensor\/","title":{"rendered":"Eurosens MWS"},"content":{"rendered":"<p><\/p>\n<p>El sensor de distancia universal Eurosens MWS se utiliza para medir la distancia a un objeto o producto reflejando ondas de radio. Eurosens MWS utiliza microondas princible y puede medir la distancia a trav\u00e9s de obtacles transparente para las ondas electromagn\u00e9ticas.<\/p>\n<p>\n<a href=\"https:\/\/mechatronics.by\/wp-content\/uploads\/2021\/06\/mws-scaled.jpg\"><img loading=\"lazy\" class=\"aligncenter size-large wp-image-12189\" src=\"https:\/\/mechatronics.by\/wp-content\/uploads\/2021\/06\/mws-1024x724.jpg\" alt=\"\" width=\"669\" height=\"473\" srcset=\"https:\/\/mechatronics.by\/wp-content\/uploads\/2021\/06\/mws-1024x724.jpg 1024w, https:\/\/mechatronics.by\/wp-content\/uploads\/2021\/06\/mws-300x212.jpg 300w, https:\/\/mechatronics.by\/wp-content\/uploads\/2021\/06\/mws-768x543.jpg 768w, https:\/\/mechatronics.by\/wp-content\/uploads\/2021\/06\/mws-1536x1086.jpg 1536w, https:\/\/mechatronics.by\/wp-content\/uploads\/2021\/06\/mws-2048x1448.jpg 2048w\" sizes=\"(max-width: 669px) 100vw, 669px\" \/><\/a><\/p>\n<p>La aplicaci\u00f3n t\u00edpica del Eurosens MWS es la medici\u00f3n del nivel de l\u00edquidos. Si el tanque es de acero tenemos que sumergir el transmisor del sensor en el tanque. El montaje del Eurosens MWS es el mismo que el de los sensores de nivel de combustible Eurosens Dominator. Montamos el sensor usando una placa byonette.<\/p>\n<p><div id=\"attachment_12187\" style=\"width: 613px\" class=\"wp-caption aligncenter\"><a href=\"https:\/\/mechatronics.by\/wp-content\/uploads\/2021\/06\/mws-tank.png\"><img aria-describedby=\"caption-attachment-12187\" loading=\"lazy\" class=\"wp-image-12187 size-full\" src=\"https:\/\/mechatronics.by\/wp-content\/uploads\/2021\/06\/mws-tank.png\" alt=\"\" width=\"603\" height=\"426\" srcset=\"https:\/\/mechatronics.by\/wp-content\/uploads\/2021\/06\/mws-tank.png 603w, https:\/\/mechatronics.by\/wp-content\/uploads\/2021\/06\/mws-tank-300x212.png 300w\" sizes=\"(max-width: 603px) 100vw, 603px\" \/><\/a><p id=\"caption-attachment-12187\" class=\"wp-caption-text\">Instalaci\u00f3n de Eurosens MWS en el agujero<\/p><\/div> <div id=\"attachment_12185\" style=\"width: 414px\" class=\"wp-caption aligncenter\"><a href=\"https:\/\/mechatronics.by\/wp-content\/uploads\/2021\/06\/mws-tank3.png\"><img aria-describedby=\"caption-attachment-12185\" loading=\"lazy\" class=\"wp-image-12185 size-full\" src=\"https:\/\/mechatronics.by\/wp-content\/uploads\/2021\/06\/mws-tank3.png\" alt=\"\" width=\"404\" height=\"370\" srcset=\"https:\/\/mechatronics.by\/wp-content\/uploads\/2021\/06\/mws-tank3.png 404w, https:\/\/mechatronics.by\/wp-content\/uploads\/2021\/06\/mws-tank3-300x275.png 300w\" sizes=\"(max-width: 404px) 100vw, 404px\" \/><\/a><p id=\"caption-attachment-12185\" class=\"wp-caption-text\">Instalaci\u00f3n del soporte Buyonette<\/p><\/div><\/p>\n<p>Para los dep\u00f3sitos de pl\u00e1stico podemos utilizar el montaje exterior sin taladrar el agujero. El sensor puede fijarse con pegamento.<\/p>\n<div id=\"attachment_12186\" style=\"width: 637px\" class=\"wp-caption aligncenter\"><a href=\"https:\/\/mechatronics.by\/wp-content\/uploads\/2021\/06\/mws-tank2.png\"><img aria-describedby=\"caption-attachment-12186\" loading=\"lazy\" class=\"wp-image-12186 size-full\" src=\"https:\/\/mechatronics.by\/wp-content\/uploads\/2021\/06\/mws-tank2.png\" alt=\"\" width=\"627\" height=\"377\" srcset=\"https:\/\/mechatronics.by\/wp-content\/uploads\/2021\/06\/mws-tank2.png 627w, https:\/\/mechatronics.by\/wp-content\/uploads\/2021\/06\/mws-tank2-300x180.png 300w\" sizes=\"(max-width: 627px) 100vw, 627px\" \/><\/a><p id=\"caption-attachment-12186\" class=\"wp-caption-text\">Installation without drilling a hole on plastic tank<\/p><\/div>\n<p>Podemos utilizar Eurosens MWS para la medici\u00f3n de nivel de productos a granel. <a href=\"https:\/\/mechatronics.by\/wp-content\/uploads\/2021\/06\/mws-4.png\"><img loading=\"lazy\" class=\"aligncenter size-full wp-image-12188\" src=\"https:\/\/mechatronics.by\/wp-content\/uploads\/2021\/06\/mws-4.png\" alt=\"\" width=\"657\" height=\"297\" srcset=\"https:\/\/mechatronics.by\/wp-content\/uploads\/2021\/06\/mws-4.png 657w, https:\/\/mechatronics.by\/wp-content\/uploads\/2021\/06\/mws-4-300x136.png 300w\" sizes=\"(max-width: 657px) 100vw, 657px\" \/><\/a><\/p>\n<p><strong>Especificaci\u00f3n:<\/strong><\/p>\n<table style=\"width: 62.6786%;\">\n<tbody>\n<tr>\n<td style=\"width: 56.2313%;\" width=\"217\">Tensi\u00f3n de alimentaci\u00f3n, V<\/td>\n<td style=\"width: 135.444%;\" width=\"94\">10 \u2013 50<\/td>\n<\/tr>\n<tr>\n<td style=\"width: 56.2313%;\" width=\"217\">Protecci\u00f3n contra polaridad inversa<\/td>\n<td style=\"width: 135.444%;\" width=\"94\">Yes<\/td>\n<\/tr>\n<tr>\n<td style=\"width: 56.2313%;\">Error de medici\u00f3n<\/td>\n<td style=\"width: 135.444%;\">\u00b14mm (up to 1 meter distance), +-10mm (up to 10 meters distance)<\/td>\n<\/tr>\n<tr>\n<td style=\"width: 56.2313%;\">&#8220;Zona muerta&#8221; cerca del sensor<\/td>\n<td style=\"width: 135.444%;\">60 mm<\/td>\n<\/tr>\n<tr>\n<td style=\"width: 56.2313%;\" width=\"217\">Temperatura, \u00b0C<\/td>\n<td style=\"width: 135.444%;\" width=\"94\">-40 &#8211; +85<\/td>\n<\/tr>\n<tr>\n<td style=\"width: 56.2313%;\" width=\"217\">Interfaz de salida<\/td>\n<td style=\"width: 135.444%;\" width=\"94\">RS-485<\/td>\n<\/tr>\n<tr>\n<td style=\"width: 56.2313%;\" width=\"217\">Protocolos de salida<\/td>\n<td style=\"width: 135.444%;\" width=\"94\">LLS, Modbus<\/td>\n<\/tr>\n<tr>\n<td style=\"width: 56.2313%;\" width=\"217\">Clase de protecci\u00f3n<\/td>\n<td style=\"width: 135.444%;\" width=\"94\">IP 67<\/td>\n<\/tr>\n<\/tbody>\n<\/table>\n<p>Los sensores admiten los protocolos de datos universales MODBUS y LLS. Compatible con los dispositivos de localizaci\u00f3n GPS m\u00e1s populares con interfaz RS485.<\/p>\n<table style=\"width: 56.3477%;\">\n<tbody>\n<tr>\n<td style=\"width: 300px;\"><b>Eurosens MWS folleto<\/b><\/td>\n<td style=\"text-align: left;\"><a href=\"https:\/\/files.eurosenstelematics.com\/files\/eurosens-mws-flyer-esp\"><img loading=\"lazy\" class=\"aligncenter wp-image-13190 size-full\" src=\"https:\/\/mechatronics.by\/wp-content\/uploads\/2023\/04\/download.png\" alt=\"\" width=\"27\" height=\"27\" \/><\/a><\/td>\n<\/tr>\n<tr>\n<td style=\"width: 300px;\"><b>Eurosens MWS 2 folleto<\/b><\/td>\n<td style=\"text-align: left;\"><a href=\"https:\/\/files.eurosenstelematics.com\/files\/eurosens-mws-2-flyer-esp\"><img loading=\"lazy\" class=\"aligncenter wp-image-13190 size-full\" src=\"https:\/\/mechatronics.by\/wp-content\/uploads\/2023\/04\/download.png\" alt=\"\" width=\"27\" height=\"27\" \/><\/a><\/td>\n<\/tr>\n<tr>\n<td style=\"width: 300px;\"><b>Eurosens MWS especificaci\u00f3n<\/b><\/td>\n<td style=\"text-align: left;\"><a href=\"https:\/\/files.eurosenstelematics.com\/files\/eurosens-mws-specification\"><img loading=\"lazy\" class=\"aligncenter size-full wp-image-13190\" src=\"https:\/\/mechatronics.by\/wp-content\/uploads\/2023\/04\/download.png\" alt=\"\" width=\"27\" height=\"27\" \/><\/a><\/td>\n<\/tr>\n<tr>\n<td style=\"width: 300px;\"><b>Eurosens MWS manual<\/b><\/td>\n<td style=\"text-align: left;\"><a href=\"https:\/\/files.eurosenstelematics.com\/files\/eurosens-mws-manual-esp\"><img loading=\"lazy\" class=\"aligncenter wp-image-13190 size-full\" src=\"https:\/\/mechatronics.by\/wp-content\/uploads\/2023\/04\/download.png\" alt=\"\" width=\"27\" height=\"27\" \/><\/a><\/td>\n<\/tr>\n<tr>\n<td style=\"width: 300px;\"><b>Eurosens MWS configurador<\/b><\/td>\n<td style=\"text-align: left;\"><a href=\"https:\/\/files.eurosenstelematics.com\/files\/eurosens-mws-configurator\"><img loading=\"lazy\" class=\"aligncenter size-full wp-image-13190\" src=\"https:\/\/mechatronics.by\/wp-content\/uploads\/2023\/04\/download.png\" alt=\"\" width=\"27\" height=\"27\" \/><\/a><\/td>\n<\/tr>\n<\/tbody>\n<\/table>\n<p>&nbsp;<\/p>\n<table style=\"border-collapse: collapse; width: 100%;\">\n<tbody>\n<tr>\n<td style=\"width: 50%;\"><a href=\"https:\/\/mechatronics.by\/wp-content\/uploads\/2023\/01\/join-telegram.png\"><img loading=\"lazy\" class=\"wp-image-13044 size-full aligncenter\" src=\"https:\/\/mechatronics.by\/wp-content\/uploads\/2023\/01\/join-telegram.png\" alt=\"\" width=\"300\" height=\"116\" \/><\/a><\/td>\n<td style=\"width: 50%;\">\u00a0<a href=\"https:\/\/www.youtube.com\/@MechatronicsTV\/videos\"><img loading=\"lazy\" class=\"aligncenter wp-image-12963 size-medium\" src=\"https:\/\/mechatronics.by\/wp-content\/uploads\/2023\/01\/youtube-subscr-300x97.gif\" alt=\"\" width=\"300\" height=\"97\" srcset=\"https:\/\/mechatronics.by\/wp-content\/uploads\/2023\/01\/youtube-subscr-300x97.gif 300w, https:\/\/mechatronics.by\/wp-content\/uploads\/2023\/01\/youtube-subscr-1024x330.gif 1024w, https:\/\/mechatronics.by\/wp-content\/uploads\/2023\/01\/youtube-subscr-768x247.gif 768w\" sizes=\"(max-width: 300px) 100vw, 300px\" \/><\/a><\/td>\n<\/tr>\n<\/tbody>\n<\/table>\n<p><\/p>","protected":false},"excerpt":{"rendered":"<p>El sensor de distancia universal Eurosens MWS se utiliza para medir la distancia a un objeto o producto reflejando ondas de radio. Eurosens MWS utiliza microondas princible y puede medir la distancia a trav\u00e9s de obtacles transparente para las ondas electromagn\u00e9ticas. La aplicaci\u00f3n t\u00edpica del Eurosens MWS es la medici\u00f3n del nivel de l\u00edquidos. Si [&hellip;]<\/p>\n","protected":false},"author":1,"featured_media":0,"parent":4632,"menu_order":8,"comment_status":"closed","ping_status":"closed","template":"side-navigation.php","meta":[],"yoast_head":"<!-- This site is optimized with the Yoast SEO plugin v16.4 - https:\/\/yoast.com\/wordpress\/plugins\/seo\/ -->\n<title>Eurosens MWS - Mechatronics<\/title>\n<meta name=\"robots\" content=\"index, follow, max-snippet:-1, max-image-preview:large, max-video-preview:-1\" \/>\n<link rel=\"canonical\" href=\"https:\/\/mechatronics.by\/products\/level-control\/universal-mws-sensor\/\" \/>\n<meta property=\"og:locale\" content=\"es_ES\" \/>\n<meta property=\"og:type\" content=\"article\" \/>\n<meta property=\"og:title\" content=\"Eurosens MWS - Mechatronics\" \/>\n<meta property=\"og:description\" content=\"El sensor de distancia universal Eurosens MWS se utiliza para medir la distancia a un objeto o producto reflejando ondas de radio. Eurosens MWS utiliza microondas princible y puede medir la distancia a trav\u00e9s de obtacles transparente para las ondas electromagn\u00e9ticas. La aplicaci\u00f3n t\u00edpica del Eurosens MWS es la medici\u00f3n del nivel de l\u00edquidos. Si [&hellip;]\" \/>\n<meta property=\"og:url\" content=\"https:\/\/mechatronics.by\/products\/level-control\/universal-mws-sensor\/\" \/>\n<meta property=\"og:site_name\" content=\"Mechatronics\" \/>\n<meta property=\"article:publisher\" content=\"https:\/\/www.facebook.com\/EurosensDelta\" \/>\n<meta property=\"article:modified_time\" content=\"2025-09-13T09:35:31+00:00\" \/>\n<meta property=\"og:image\" content=\"https:\/\/mechatronics.by\/wp-content\/uploads\/2021\/06\/mws-1024x724.jpg\" \/>\n<meta name=\"twitter:label1\" content=\"Tiempo de lectura\" \/>\n\t<meta name=\"twitter:data1\" content=\"5 minutos\" \/>\n<script type=\"application\/ld+json\" class=\"yoast-schema-graph\">{\"@context\":\"https:\/\/schema.org\",\"@graph\":[{\"@type\":\"WebSite\",\"@id\":\"https:\/\/mechatronics.by\/#website\",\"url\":\"https:\/\/mechatronics.by\/\",\"name\":\"Mechatronics\",\"description\":\"\\u041a\\u043e\\u043d\\u0442\\u0440\\u043e\\u043b\\u044c \\u0440\\u0430\\u0441\\u0445\\u043e\\u0434\\u0430 \\u0442\\u043e\\u043f\\u043b\\u0438\\u0432\\u0430 \\u0438 \\u0434\\u0440\\u0443\\u0433\\u0438\\u0445 \\u043f\\u0430\\u0440\\u0430\\u043c\\u0435\\u0442\\u0440\\u043e\\u0432 \\u0440\\u0430\\u0431\\u043e\\u0442\\u044b \\u043c\\u0430\\u0448\\u0438\\u043d\",\"potentialAction\":[{\"@type\":\"SearchAction\",\"target\":\"https:\/\/mechatronics.by\/?s={search_term_string}\",\"query-input\":\"required name=search_term_string\"}],\"inLanguage\":\"es\"},{\"@type\":\"ImageObject\",\"@id\":\"https:\/\/mechatronics.by\/products\/level-control\/universal-mws-sensor\/#primaryimage\",\"inLanguage\":\"es\",\"url\":\"https:\/\/mechatronics.by\/wp-content\/uploads\/2021\/06\/mws-1024x724.jpg\",\"contentUrl\":\"https:\/\/mechatronics.by\/wp-content\/uploads\/2021\/06\/mws-1024x724.jpg\"},{\"@type\":\"WebPage\",\"@id\":\"https:\/\/mechatronics.by\/products\/level-control\/universal-mws-sensor\/#webpage\",\"url\":\"https:\/\/mechatronics.by\/products\/level-control\/universal-mws-sensor\/\",\"name\":\"Eurosens MWS - Mechatronics\",\"isPartOf\":{\"@id\":\"https:\/\/mechatronics.by\/#website\"},\"primaryImageOfPage\":{\"@id\":\"https:\/\/mechatronics.by\/products\/level-control\/universal-mws-sensor\/#primaryimage\"},\"datePublished\":\"2021-06-15T12:07:56+00:00\",\"dateModified\":\"2025-09-13T09:35:31+00:00\",\"breadcrumb\":{\"@id\":\"https:\/\/mechatronics.by\/products\/level-control\/universal-mws-sensor\/#breadcrumb\"},\"inLanguage\":\"es\",\"potentialAction\":[{\"@type\":\"ReadAction\",\"target\":[\"https:\/\/mechatronics.by\/products\/level-control\/universal-mws-sensor\/\"]}]},{\"@type\":\"BreadcrumbList\",\"@id\":\"https:\/\/mechatronics.by\/products\/level-control\/universal-mws-sensor\/#breadcrumb\",\"itemListElement\":[{\"@type\":\"ListItem\",\"position\":1,\"item\":{\"@type\":\"WebPage\",\"@id\":\"https:\/\/mechatronics.by\/\",\"url\":\"https:\/\/mechatronics.by\/\",\"name\":\"Home\"}},{\"@type\":\"ListItem\",\"position\":2,\"item\":{\"@type\":\"WebPage\",\"@id\":\"https:\/\/mechatronics.by\/products\/\",\"url\":\"https:\/\/mechatronics.by\/products\/\",\"name\":\"\\u041f\\u0440\\u043e\\u0434\\u0443\\u043a\\u0442\\u044b\"}},{\"@type\":\"ListItem\",\"position\":3,\"item\":{\"@type\":\"WebPage\",\"@id\":\"https:\/\/mechatronics.by\/products\/level-control\/\",\"url\":\"https:\/\/mechatronics.by\/products\/level-control\/\",\"name\":\"\\u0414\\u0430\\u0442\\u0447\\u0438\\u043a\\u0438 \\u0443\\u0440\\u043e\\u0432\\u043d\\u044f \\u0442\\u043e\\u043f\\u043b\\u0438\\u0432\\u0430\"}},{\"@type\":\"ListItem\",\"position\":4,\"item\":{\"@id\":\"https:\/\/mechatronics.by\/products\/level-control\/universal-mws-sensor\/#webpage\"}}]}]}<\/script>\n<!-- \/ Yoast SEO plugin. -->","_links":{"self":[{"href":"https:\/\/mechatronics.by\/es\/wp-json\/wp\/v2\/pages\/12183"}],"collection":[{"href":"https:\/\/mechatronics.by\/es\/wp-json\/wp\/v2\/pages"}],"about":[{"href":"https:\/\/mechatronics.by\/es\/wp-json\/wp\/v2\/types\/page"}],"author":[{"embeddable":true,"href":"https:\/\/mechatronics.by\/es\/wp-json\/wp\/v2\/users\/1"}],"replies":[{"embeddable":true,"href":"https:\/\/mechatronics.by\/es\/wp-json\/wp\/v2\/comments?post=12183"}],"version-history":[{"count":10,"href":"https:\/\/mechatronics.by\/es\/wp-json\/wp\/v2\/pages\/12183\/revisions"}],"predecessor-version":[{"id":13969,"href":"https:\/\/mechatronics.by\/es\/wp-json\/wp\/v2\/pages\/12183\/revisions\/13969"}],"up":[{"embeddable":true,"href":"https:\/\/mechatronics.by\/es\/wp-json\/wp\/v2\/pages\/4632"}],"wp:attachment":[{"href":"https:\/\/mechatronics.by\/es\/wp-json\/wp\/v2\/media?parent=12183"}],"curies":[{"name":"wp","href":"https:\/\/api.w.org\/{rel}","templated":true}]}}