{"id":12367,"date":"2021-08-13T09:27:44","date_gmt":"2021-08-13T06:27:44","guid":{"rendered":"https:\/\/mechatronics.by\/products\/data-interfaces-copy\/"},"modified":"2024-02-03T16:49:06","modified_gmt":"2024-02-03T13:49:06","slug":"tpms","status":"publish","type":"page","link":"https:\/\/mechatronics.by\/es\/products\/tpms\/","title":{"rendered":"Sistemas de control de la presi\u00f3n de los neum\u00e1ticos"},"content":{"rendered":"<p class=\"qtranxs-available-languages-message qtranxs-available-languages-message-es\">Disculpa, pero esta entrada est\u00e1 disponible s\u00f3lo en <a href=\"https:\/\/mechatronics.by\/en\/wp-json\/wp\/v2\/pages\/12367\" class=\"qtranxs-available-language-link qtranxs-available-language-link-en\" title=\"English\">Ingl\u00e9s Estadounidense<\/a> y <a href=\"https:\/\/mechatronics.by\/ru\/wp-json\/wp\/v2\/pages\/12367\" class=\"qtranxs-available-language-link qtranxs-available-language-link-ru\" title=\"\u0420\u0443\u0441\u0441\u043a\u0438\u0439\">Ruso<\/a>.<\/p>","protected":false},"excerpt":{"rendered":"<p>Disculpa, pero esta entrada est\u00e1 disponible s\u00f3lo en Ingl\u00e9s Estadounidense y Ruso.<\/p>\n","protected":false},"author":1,"featured_media":0,"parent":18,"menu_order":8,"comment_status":"closed","ping_status":"closed","template":"side-navigation.php","meta":[],"yoast_head":"<!-- This site is optimized with the Yoast SEO plugin v16.4 - https:\/\/yoast.com\/wordpress\/plugins\/seo\/ -->\n<title>\u0418\u043d\u0442\u0435\u0440\u0444\u0435\u0439\u0441\u044b \u0438 \u043c\u043e\u0434\u0443\u043b\u0438 \u043f\u0435\u0440\u0435\u0434\u0430\u0447\u0438 \u0434\u0430\u043d\u043d\u044b\u0445<\/title>\n<meta name=\"description\" content=\"\u0410\u043d\u0430\u043b\u043e\u0433\u043e-\u0446\u0438\u0444\u0440\u043e\u0432\u044b\u0435 \u0438\u043d\u0442\u0435\u0440\u0444\u0435\u0439\u0441\u044b, \u043c\u043e\u0434\u0443\u043b\u0438 \u0431\u0435\u0441\u043f\u0440\u043e\u0432\u043e\u0434\u043d\u043e\u0439 \u043f\u0435\u0440\u0435\u0434\u0430\u0447\u0438 \u0434\u0430\u043d\u043d\u044b\u0445, \u043f\u0440\u0435\u043e\u0431\u0440\u0430\u0437\u043e\u0432\u0430\u0442\u0435\u043b\u0438 CAN\/MODBUS, RS485\/Bluetooth \u0438 \u0434\u0440\u0443\u0433\u0438\u0435 \u043f\u0440\u043e\u0434\u0443\u043a\u0442\u044b\" \/>\n<meta name=\"robots\" content=\"index, follow, max-snippet:-1, max-image-preview:large, max-video-preview:-1\" \/>\n<link rel=\"canonical\" href=\"https:\/\/mechatronics.by\/products\/tpms\/\" \/>\n<meta property=\"og:locale\" content=\"es_ES\" \/>\n<meta property=\"og:type\" content=\"article\" \/>\n<meta property=\"og:title\" content=\"[:es]\u0418\u043d\u0442\u0435\u0440\u0444\u0435\u0439\u0441\u044b \u0438 \u043c\u043e\u0434\u0443\u043b\u0438 \u043f\u0435\u0440\u0435\u0434\u0430\u0447\u0438 \u0434\u0430\u043d\u043d\u044b\u0445[:en]\u0418\u043d\u0442\u0435\u0440\u0444\u0435\u0439\u0441\u044b \u0438 \u043c\u043e\u0434\u0443\u043b\u0438 \u043f\u0435\u0440\u0435\u0434\u0430\u0447\u0438 \u0434\u0430\u043d\u043d\u044b\u0445[:ru]\u0421\u0438\u0441\u0442\u0435\u043c\u0430 \u043a\u043e\u043d\u0442\u0440\u043e\u043b\u044f \u0434\u0430\u0432\u043b\u0435\u043d\u0438\u044f \u0432 \u0448\u0438\u043d\u0430\u0445 \u0438 \u0413\u041b\u041e\u041d\u0410\u0421\u0421 \u043c\u043e\u043d\u0438\u0442\u043e\u0440\u0438\u043d\u0433 [:pt]\u0418\u043d\u0442\u0435\u0440\u0444\u0435\u0439\u0441\u044b \u0438 \u043c\u043e\u0434\u0443\u043b\u0438 \u043f\u0435\u0440\u0435\u0434\u0430\u0447\u0438 \u0434\u0430\u043d\u043d\u044b\u0445[:fr]\u0418\u043d\u0442\u0435\u0440\u0444\u0435\u0439\u0441\u044b \u0438 \u043c\u043e\u0434\u0443\u043b\u0438 \u043f\u0435\u0440\u0435\u0434\u0430\u0447\u0438 \u0434\u0430\u043d\u043d\u044b\u0445[:pl]\u0418\u043d\u0442\u0435\u0440\u0444\u0435\u0439\u0441\u044b \u0438 \u043c\u043e\u0434\u0443\u043b\u0438 \u043f\u0435\u0440\u0435\u0434\u0430\u0447\u0438 \u0434\u0430\u043d\u043d\u044b\u0445[:]\" \/>\n<meta property=\"og:description\" content=\"{:es}\u0410\u043d\u0430\u043b\u043e\u0433\u043e-\u0446\u0438\u0444\u0440\u043e\u0432\u044b\u0435 \u0438\u043d\u0442\u0435\u0440\u0444\u0435\u0439\u0441\u044b, \u043c\u043e\u0434\u0443\u043b\u0438 \u0431\u0435\u0441\u043f\u0440\u043e\u0432\u043e\u0434\u043d\u043e\u0439 \u043f\u0435\u0440\u0435\u0434\u0430\u0447\u0438 \u0434\u0430\u043d\u043d\u044b\u0445, \u043f\u0440\u0435\u043e\u0431\u0440\u0430\u0437\u043e\u0432\u0430\u0442\u0435\u043b\u0438 CAN\/MODBUS, RS485\/Bluetooth \u0438 \u0434\u0440\u0443\u0433\u0438\u0435 \u043f\u0440\u043e\u0434\u0443\u043a\u0442\u044b{:en}\u0410\u043d\u0430\u043b\u043e\u0433\u043e-\u0446\u0438\u0444\u0440\u043e\u0432\u044b\u0435 \u0438\u043d\u0442\u0435\u0440\u0444\u0435\u0439\u0441\u044b, \u043c\u043e\u0434\u0443\u043b\u0438 \u0431\u0435\u0441\u043f\u0440\u043e\u0432\u043e\u0434\u043d\u043e\u0439 \u043f\u0435\u0440\u0435\u0434\u0430\u0447\u0438 \u0434\u0430\u043d\u043d\u044b\u0445, \u043f\u0440\u0435\u043e\u0431\u0440\u0430\u0437\u043e\u0432\u0430\u0442\u0435\u043b\u0438 CAN\/MODBUS, RS485\/Bluetooth \u0438 \u0434\u0440\u0443\u0433\u0438\u0435 \u043f\u0440\u043e\u0434\u0443\u043a\u0442\u044b{:ru}\u041a\u043e\u043c\u043f\u043b\u0435\u043a\u0441\u043d\u043e\u0435 \u0440\u0435\u0448\u0435\u043d\u0438\u0435 \u043a\u043e\u043d\u0442\u0440\u043e\u043b\u044f \u043c\u0435\u0441\u0442\u043e\u043f\u043e\u043b\u043e\u0436\u0435\u043d\u0438\u044f, \u043c\u043e\u043d\u0438\u0442\u043e\u0440\u0438\u043d\u0433\u0430 \u0440\u0430\u0441\u0445\u043e\u0434\u0430 \u0442\u043e\u043f\u043b\u0438\u0432\u0430, \u0434\u0430\u0432\u043b\u0435\u043d\u0438\u044f \u0432 \u0448\u0438\u043d\u0430\u0445 \u0438 \u0434\u0440\u0443\u0433\u0438\u0445 \u043f\u0430\u0440\u0430\u043c\u0435\u0442\u0440\u043e\u0432 \u0412\u0430\u0448\u0435\u0433\u043e \u0430\u0432\u0442\u043e\u043f\u0430\u0440\u043a\u0430{:pt}\u0410\u043d\u0430\u043b\u043e\u0433\u043e-\u0446\u0438\u0444\u0440\u043e\u0432\u044b\u0435 \u0438\u043d\u0442\u0435\u0440\u0444\u0435\u0439\u0441\u044b, \u043c\u043e\u0434\u0443\u043b\u0438 \u0431\u0435\u0441\u043f\u0440\u043e\u0432\u043e\u0434\u043d\u043e\u0439 \u043f\u0435\u0440\u0435\u0434\u0430\u0447\u0438 \u0434\u0430\u043d\u043d\u044b\u0445, \u043f\u0440\u0435\u043e\u0431\u0440\u0430\u0437\u043e\u0432\u0430\u0442\u0435\u043b\u0438 CAN\/MODBUS, RS485\/Bluetooth \u0438 \u0434\u0440\u0443\u0433\u0438\u0435 \u043f\u0440\u043e\u0434\u0443\u043a\u0442\u044b{:fr}\u0410\u043d\u0430\u043b\u043e\u0433\u043e-\u0446\u0438\u0444\u0440\u043e\u0432\u044b\u0435 \u0438\u043d\u0442\u0435\u0440\u0444\u0435\u0439\u0441\u044b, \u043c\u043e\u0434\u0443\u043b\u0438 \u0431\u0435\u0441\u043f\u0440\u043e\u0432\u043e\u0434\u043d\u043e\u0439 \u043f\u0435\u0440\u0435\u0434\u0430\u0447\u0438 \u0434\u0430\u043d\u043d\u044b\u0445, \u043f\u0440\u0435\u043e\u0431\u0440\u0430\u0437\u043e\u0432\u0430\u0442\u0435\u043b\u0438 CAN\/MODBUS, RS485\/Bluetooth \u0438 \u0434\u0440\u0443\u0433\u0438\u0435 \u043f\u0440\u043e\u0434\u0443\u043a\u0442\u044b{:pl}\u0410\u043d\u0430\u043b\u043e\u0433\u043e-\u0446\u0438\u0444\u0440\u043e\u0432\u044b\u0435 \u0438\u043d\u0442\u0435\u0440\u0444\u0435\u0439\u0441\u044b, \u043c\u043e\u0434\u0443\u043b\u0438 \u0431\u0435\u0441\u043f\u0440\u043e\u0432\u043e\u0434\u043d\u043e\u0439 \u043f\u0435\u0440\u0435\u0434\u0430\u0447\u0438 \u0434\u0430\u043d\u043d\u044b\u0445, \u043f\u0440\u0435\u043e\u0431\u0440\u0430\u0437\u043e\u0432\u0430\u0442\u0435\u043b\u0438 CAN\/MODBUS, RS485\/Bluetooth \u0438 \u0434\u0440\u0443\u0433\u0438\u0435 \u043f\u0440\u043e\u0434\u0443\u043a\u0442\u044b{:}\" \/>\n<meta property=\"og:url\" content=\"https:\/\/mechatronics.by\/products\/tpms\/\" \/>\n<meta property=\"og:site_name\" content=\"Mechatronics\" \/>\n<meta property=\"article:publisher\" content=\"https:\/\/www.facebook.com\/EurosensDelta\" \/>\n<meta property=\"article:modified_time\" content=\"2024-02-03T13:49:06+00:00\" \/>\n<meta property=\"og:image\" content=\"https:\/\/mechatronics.by\/wp-content\/uploads\/2021\/08\/tpms-bus-1024x640.png\" \/>\n<meta name=\"twitter:label1\" content=\"Tiempo de lectura\" \/>\n\t<meta name=\"twitter:data1\" content=\"3 minutos\" \/>\n<script type=\"application\/ld+json\" class=\"yoast-schema-graph\">{\"@context\":\"https:\/\/schema.org\",\"@graph\":[{\"@type\":\"WebSite\",\"@id\":\"https:\/\/mechatronics.by\/#website\",\"url\":\"https:\/\/mechatronics.by\/\",\"name\":\"Mechatronics\",\"description\":\"\\u041a\\u043e\\u043d\\u0442\\u0440\\u043e\\u043b\\u044c \\u0440\\u0430\\u0441\\u0445\\u043e\\u0434\\u0430 \\u0442\\u043e\\u043f\\u043b\\u0438\\u0432\\u0430 \\u0438 \\u0434\\u0440\\u0443\\u0433\\u0438\\u0445 \\u043f\\u0430\\u0440\\u0430\\u043c\\u0435\\u0442\\u0440\\u043e\\u0432 \\u0440\\u0430\\u0431\\u043e\\u0442\\u044b \\u043c\\u0430\\u0448\\u0438\\u043d\",\"potentialAction\":[{\"@type\":\"SearchAction\",\"target\":\"https:\/\/mechatronics.by\/?s={search_term_string}\",\"query-input\":\"required name=search_term_string\"}],\"inLanguage\":\"es\"},{\"@type\":\"ImageObject\",\"@id\":\"https:\/\/mechatronics.by\/products\/tpms\/#primaryimage\",\"inLanguage\":\"es\",\"url\":\"https:\/\/mechatronics.by\/wp-content\/uploads\/2024\/02\/tpms-mixer.jpg\",\"contentUrl\":\"https:\/\/mechatronics.by\/wp-content\/uploads\/2024\/02\/tpms-mixer.jpg\",\"width\":1198,\"height\":756},{\"@type\":\"WebPage\",\"@id\":\"https:\/\/mechatronics.by\/products\/tpms\/#webpage\",\"url\":\"https:\/\/mechatronics.by\/products\/tpms\/\",\"name\":\"[:es]\\u0418\\u043d\\u0442\\u0435\\u0440\\u0444\\u0435\\u0439\\u0441\\u044b \\u0438 \\u043c\\u043e\\u0434\\u0443\\u043b\\u0438 \\u043f\\u0435\\u0440\\u0435\\u0434\\u0430\\u0447\\u0438 \\u0434\\u0430\\u043d\\u043d\\u044b\\u0445[:en]\\u0418\\u043d\\u0442\\u0435\\u0440\\u0444\\u0435\\u0439\\u0441\\u044b \\u0438 \\u043c\\u043e\\u0434\\u0443\\u043b\\u0438 \\u043f\\u0435\\u0440\\u0435\\u0434\\u0430\\u0447\\u0438 \\u0434\\u0430\\u043d\\u043d\\u044b\\u0445[:ru]\\u0421\\u0438\\u0441\\u0442\\u0435\\u043c\\u0430 \\u043a\\u043e\\u043d\\u0442\\u0440\\u043e\\u043b\\u044f \\u0434\\u0430\\u0432\\u043b\\u0435\\u043d\\u0438\\u044f \\u0432 \\u0448\\u0438\\u043d\\u0430\\u0445 \\u0438 \\u0413\\u041b\\u041e\\u041d\\u0410\\u0421\\u0421 \\u043c\\u043e\\u043d\\u0438\\u0442\\u043e\\u0440\\u0438\\u043d\\u0433 [:pt]\\u0418\\u043d\\u0442\\u0435\\u0440\\u0444\\u0435\\u0439\\u0441\\u044b \\u0438 \\u043c\\u043e\\u0434\\u0443\\u043b\\u0438 \\u043f\\u0435\\u0440\\u0435\\u0434\\u0430\\u0447\\u0438 \\u0434\\u0430\\u043d\\u043d\\u044b\\u0445[:fr]\\u0418\\u043d\\u0442\\u0435\\u0440\\u0444\\u0435\\u0439\\u0441\\u044b \\u0438 \\u043c\\u043e\\u0434\\u0443\\u043b\\u0438 \\u043f\\u0435\\u0440\\u0435\\u0434\\u0430\\u0447\\u0438 \\u0434\\u0430\\u043d\\u043d\\u044b\\u0445[:pl]\\u0418\\u043d\\u0442\\u0435\\u0440\\u0444\\u0435\\u0439\\u0441\\u044b \\u0438 \\u043c\\u043e\\u0434\\u0443\\u043b\\u0438 \\u043f\\u0435\\u0440\\u0435\\u0434\\u0430\\u0447\\u0438 \\u0434\\u0430\\u043d\\u043d\\u044b\\u0445[:]\",\"isPartOf\":{\"@id\":\"https:\/\/mechatronics.by\/#website\"},\"primaryImageOfPage\":{\"@id\":\"https:\/\/mechatronics.by\/products\/tpms\/#primaryimage\"},\"datePublished\":\"2021-08-13T06:27:44+00:00\",\"dateModified\":\"2024-02-03T13:49:06+00:00\",\"description\":\"{:es}\\u0410\\u043d\\u0430\\u043b\\u043e\\u0433\\u043e-\\u0446\\u0438\\u0444\\u0440\\u043e\\u0432\\u044b\\u0435 \\u0438\\u043d\\u0442\\u0435\\u0440\\u0444\\u0435\\u0439\\u0441\\u044b, \\u043c\\u043e\\u0434\\u0443\\u043b\\u0438 \\u0431\\u0435\\u0441\\u043f\\u0440\\u043e\\u0432\\u043e\\u0434\\u043d\\u043e\\u0439 \\u043f\\u0435\\u0440\\u0435\\u0434\\u0430\\u0447\\u0438 \\u0434\\u0430\\u043d\\u043d\\u044b\\u0445, \\u043f\\u0440\\u0435\\u043e\\u0431\\u0440\\u0430\\u0437\\u043e\\u0432\\u0430\\u0442\\u0435\\u043b\\u0438 CAN\/MODBUS, RS485\/Bluetooth \\u0438 \\u0434\\u0440\\u0443\\u0433\\u0438\\u0435 \\u043f\\u0440\\u043e\\u0434\\u0443\\u043a\\u0442\\u044b{:en}\\u0410\\u043d\\u0430\\u043b\\u043e\\u0433\\u043e-\\u0446\\u0438\\u0444\\u0440\\u043e\\u0432\\u044b\\u0435 \\u0438\\u043d\\u0442\\u0435\\u0440\\u0444\\u0435\\u0439\\u0441\\u044b, \\u043c\\u043e\\u0434\\u0443\\u043b\\u0438 \\u0431\\u0435\\u0441\\u043f\\u0440\\u043e\\u0432\\u043e\\u0434\\u043d\\u043e\\u0439 \\u043f\\u0435\\u0440\\u0435\\u0434\\u0430\\u0447\\u0438 \\u0434\\u0430\\u043d\\u043d\\u044b\\u0445, \\u043f\\u0440\\u0435\\u043e\\u0431\\u0440\\u0430\\u0437\\u043e\\u0432\\u0430\\u0442\\u0435\\u043b\\u0438 CAN\/MODBUS, RS485\/Bluetooth \\u0438 \\u0434\\u0440\\u0443\\u0433\\u0438\\u0435 \\u043f\\u0440\\u043e\\u0434\\u0443\\u043a\\u0442\\u044b{:ru}\\u041a\\u043e\\u043c\\u043f\\u043b\\u0435\\u043a\\u0441\\u043d\\u043e\\u0435 \\u0440\\u0435\\u0448\\u0435\\u043d\\u0438\\u0435 \\u043a\\u043e\\u043d\\u0442\\u0440\\u043e\\u043b\\u044f \\u043c\\u0435\\u0441\\u0442\\u043e\\u043f\\u043e\\u043b\\u043e\\u0436\\u0435\\u043d\\u0438\\u044f, \\u043c\\u043e\\u043d\\u0438\\u0442\\u043e\\u0440\\u0438\\u043d\\u0433\\u0430 \\u0440\\u0430\\u0441\\u0445\\u043e\\u0434\\u0430 \\u0442\\u043e\\u043f\\u043b\\u0438\\u0432\\u0430, \\u0434\\u0430\\u0432\\u043b\\u0435\\u043d\\u0438\\u044f \\u0432 \\u0448\\u0438\\u043d\\u0430\\u0445 \\u0438 \\u0434\\u0440\\u0443\\u0433\\u0438\\u0445 \\u043f\\u0430\\u0440\\u0430\\u043c\\u0435\\u0442\\u0440\\u043e\\u0432 \\u0412\\u0430\\u0448\\u0435\\u0433\\u043e \\u0430\\u0432\\u0442\\u043e\\u043f\\u0430\\u0440\\u043a\\u0430{:pt}\\u0410\\u043d\\u0430\\u043b\\u043e\\u0433\\u043e-\\u0446\\u0438\\u0444\\u0440\\u043e\\u0432\\u044b\\u0435 \\u0438\\u043d\\u0442\\u0435\\u0440\\u0444\\u0435\\u0439\\u0441\\u044b, \\u043c\\u043e\\u0434\\u0443\\u043b\\u0438 \\u0431\\u0435\\u0441\\u043f\\u0440\\u043e\\u0432\\u043e\\u0434\\u043d\\u043e\\u0439 \\u043f\\u0435\\u0440\\u0435\\u0434\\u0430\\u0447\\u0438 \\u0434\\u0430\\u043d\\u043d\\u044b\\u0445, \\u043f\\u0440\\u0435\\u043e\\u0431\\u0440\\u0430\\u0437\\u043e\\u0432\\u0430\\u0442\\u0435\\u043b\\u0438 CAN\/MODBUS, RS485\/Bluetooth \\u0438 \\u0434\\u0440\\u0443\\u0433\\u0438\\u0435 \\u043f\\u0440\\u043e\\u0434\\u0443\\u043a\\u0442\\u044b{:fr}\\u0410\\u043d\\u0430\\u043b\\u043e\\u0433\\u043e-\\u0446\\u0438\\u0444\\u0440\\u043e\\u0432\\u044b\\u0435 \\u0438\\u043d\\u0442\\u0435\\u0440\\u0444\\u0435\\u0439\\u0441\\u044b, \\u043c\\u043e\\u0434\\u0443\\u043b\\u0438 \\u0431\\u0435\\u0441\\u043f\\u0440\\u043e\\u0432\\u043e\\u0434\\u043d\\u043e\\u0439 \\u043f\\u0435\\u0440\\u0435\\u0434\\u0430\\u0447\\u0438 \\u0434\\u0430\\u043d\\u043d\\u044b\\u0445, \\u043f\\u0440\\u0435\\u043e\\u0431\\u0440\\u0430\\u0437\\u043e\\u0432\\u0430\\u0442\\u0435\\u043b\\u0438 CAN\/MODBUS, RS485\/Bluetooth \\u0438 \\u0434\\u0440\\u0443\\u0433\\u0438\\u0435 \\u043f\\u0440\\u043e\\u0434\\u0443\\u043a\\u0442\\u044b{:pl}\\u0410\\u043d\\u0430\\u043b\\u043e\\u0433\\u043e-\\u0446\\u0438\\u0444\\u0440\\u043e\\u0432\\u044b\\u0435 \\u0438\\u043d\\u0442\\u0435\\u0440\\u0444\\u0435\\u0439\\u0441\\u044b, \\u043c\\u043e\\u0434\\u0443\\u043b\\u0438 \\u0431\\u0435\\u0441\\u043f\\u0440\\u043e\\u0432\\u043e\\u0434\\u043d\\u043e\\u0439 \\u043f\\u0435\\u0440\\u0435\\u0434\\u0430\\u0447\\u0438 \\u0434\\u0430\\u043d\\u043d\\u044b\\u0445, \\u043f\\u0440\\u0435\\u043e\\u0431\\u0440\\u0430\\u0437\\u043e\\u0432\\u0430\\u0442\\u0435\\u043b\\u0438 CAN\/MODBUS, RS485\/Bluetooth \\u0438 \\u0434\\u0440\\u0443\\u0433\\u0438\\u0435 \\u043f\\u0440\\u043e\\u0434\\u0443\\u043a\\u0442\\u044b{:}\",\"breadcrumb\":{\"@id\":\"https:\/\/mechatronics.by\/products\/tpms\/#breadcrumb\"},\"inLanguage\":\"es\",\"potentialAction\":[{\"@type\":\"ReadAction\",\"target\":[\"https:\/\/mechatronics.by\/products\/tpms\/\"]}]},{\"@type\":\"BreadcrumbList\",\"@id\":\"https:\/\/mechatronics.by\/products\/tpms\/#breadcrumb\",\"itemListElement\":[{\"@type\":\"ListItem\",\"position\":1,\"item\":{\"@type\":\"WebPage\",\"@id\":\"https:\/\/mechatronics.by\/\",\"url\":\"https:\/\/mechatronics.by\/\",\"name\":\"Home\"}},{\"@type\":\"ListItem\",\"position\":2,\"item\":{\"@type\":\"WebPage\",\"@id\":\"https:\/\/mechatronics.by\/products\/\",\"url\":\"https:\/\/mechatronics.by\/products\/\",\"name\":\"\\u041f\\u0440\\u043e\\u0434\\u0443\\u043a\\u0442\\u044b\"}},{\"@type\":\"ListItem\",\"position\":3,\"item\":{\"@id\":\"https:\/\/mechatronics.by\/products\/tpms\/#webpage\"}}]}]}<\/script>\n<!-- \/ Yoast SEO plugin. -->","_links":{"self":[{"href":"https:\/\/mechatronics.by\/es\/wp-json\/wp\/v2\/pages\/12367"}],"collection":[{"href":"https:\/\/mechatronics.by\/es\/wp-json\/wp\/v2\/pages"}],"about":[{"href":"https:\/\/mechatronics.by\/es\/wp-json\/wp\/v2\/types\/page"}],"author":[{"embeddable":true,"href":"https:\/\/mechatronics.by\/es\/wp-json\/wp\/v2\/users\/1"}],"replies":[{"embeddable":true,"href":"https:\/\/mechatronics.by\/es\/wp-json\/wp\/v2\/comments?post=12367"}],"version-history":[{"count":2,"href":"https:\/\/mechatronics.by\/es\/wp-json\/wp\/v2\/pages\/12367\/revisions"}],"predecessor-version":[{"id":12418,"href":"https:\/\/mechatronics.by\/es\/wp-json\/wp\/v2\/pages\/12367\/revisions\/12418"}],"up":[{"embeddable":true,"href":"https:\/\/mechatronics.by\/es\/wp-json\/wp\/v2\/pages\/18"}],"wp:attachment":[{"href":"https:\/\/mechatronics.by\/es\/wp-json\/wp\/v2\/media?parent=12367"}],"curies":[{"name":"wp","href":"https:\/\/api.w.org\/{rel}","templated":true}]}}