{"id":12525,"date":"2021-12-26T16:57:54","date_gmt":"2021-12-26T13:57:54","guid":{"rendered":"https:\/\/mechatronics.by\/products\/flowcontrol-copy\/"},"modified":"2022-12-12T20:15:10","modified_gmt":"2022-12-12T17:15:10","slug":"software-development","status":"publish","type":"page","link":"https:\/\/mechatronics.by\/es\/products\/software-development\/","title":{"rendered":"Software"},"content":{"rendered":"<p><\/p>\n<h2><strong><span style=\"color: #003366;\">Desarrollo de software<\/span><\/strong><\/h2>\n<p>Nuestra empresa desarrolla no solo hardware (sensores, pantallas, etc.) sino tambi\u00e9n software para brindar la soluci\u00f3n completa a nuestros clientes. Algunos de nuestros proyectos personalizados son universales y se pueden utilizar en varios proyectos.<\/p>\n<p>\u200b<\/p>\n<table style=\"border-collapse: collapse; width: 100%;\">\n<tbody>\n<tr>\n<td style=\"width: 50%;\">\n<p><img loading=\"lazy\" class=\"alignnone wp-image-11333 size-medium\" src=\"https:\/\/mechatronics.by\/wp-content\/uploads\/2021\/01\/Android-tank-bt-ru-300x188.png\" alt=\"\" width=\"300\" height=\"188\" srcset=\"https:\/\/mechatronics.by\/wp-content\/uploads\/2021\/01\/Android-tank-bt-ru-300x188.png 300w, https:\/\/mechatronics.by\/wp-content\/uploads\/2021\/01\/Android-tank-bt-ru-768x480.png 768w, https:\/\/mechatronics.by\/wp-content\/uploads\/2021\/01\/Android-tank-bt-ru-1024x640.png 1024w, https:\/\/mechatronics.by\/wp-content\/uploads\/2021\/01\/Android-tank-bt-ru-320x202.png 320w, https:\/\/mechatronics.by\/wp-content\/uploads\/2021\/01\/Android-tank-bt-ru-700x441.png 700w, https:\/\/mechatronics.by\/wp-content\/uploads\/2021\/01\/Android-tank-bt-ru.png 1188w\" sizes=\"(max-width: 300px) 100vw, 300px\" \/><\/p>\n<\/td>\n<td style=\"width: 50%;\">\n<p><strong>Eurosens Tank Manager<\/strong>.<\/p>\n<p>Una aplicaci\u00f3n para tel\u00e9fonos inteligentes \/ tabletas Android. Lee una informaci\u00f3n de los sensores de nivel de combustible inal\u00e1mbricos Eurosens Dominator BT a trav\u00e9s de Bluetooth, muestra el volumen de combustible actual en los tanques de almacenamiento y lo env\u00eda al servidor de Wialon.<\/p>\n<p>GRATIS para los usuarios de Eurosens Dominator BT.<\/p>\n<\/td>\n<\/tr>\n<tr>\n<td style=\"width: 50%;\">\n<p>&nbsp;<\/p>\n<\/td>\n<td style=\"width: 50%;\">\n<p>&nbsp;<\/p>\n<\/td>\n<\/tr>\n<tr>\n<td style=\"width: 50%;\"><a href=\"https:\/\/mechatronics.by\/wp-content\/uploads\/2021\/12\/rapidscada.png\"><img loading=\"lazy\" class=\"alignnone wp-image-12528 size-medium\" src=\"https:\/\/mechatronics.by\/wp-content\/uploads\/2021\/12\/rapidscada-300x171.png\" alt=\"\" width=\"300\" height=\"171\" srcset=\"https:\/\/mechatronics.by\/wp-content\/uploads\/2021\/12\/rapidscada-300x171.png 300w, https:\/\/mechatronics.by\/wp-content\/uploads\/2021\/12\/rapidscada-1024x584.png 1024w, https:\/\/mechatronics.by\/wp-content\/uploads\/2021\/12\/rapidscada-768x438.png 768w, https:\/\/mechatronics.by\/wp-content\/uploads\/2021\/12\/rapidscada.png 1343w\" sizes=\"(max-width: 300px) 100vw, 300px\" \/><\/a><\/td>\n<td style=\"width: 50%;\">\n<p><strong>Servidor de registro de datos RapidScada.<\/strong> Soluci\u00f3n muy rentable para sitios de perforaci\u00f3n, almacenamiento de combustible y otros equipos tecnol\u00f3gicos. Funciona como servidor local y consulta los medidores de flujo de combustible, sensores de nivel, sensores de \u00e1ngulo y dispositivos de terceros de Eurosens mediante RS485 Modbus RTU. Puede reenviar datos a la plataforma de monitoreo remoto.<\/p>\n<p>&nbsp;<\/p>\n<\/td>\n<\/tr>\n<\/tbody>\n<\/table>\n<p>&nbsp;<\/p>\n<h2><strong><span style=\"color: #003366;\">\u00a0<\/span><\/strong><\/h2>\n<p><\/p>","protected":false},"excerpt":{"rendered":"<p>Desarrollo de software Nuestra empresa desarrolla no solo hardware (sensores, pantallas, etc.) sino tambi\u00e9n software para brindar la soluci\u00f3n completa a nuestros clientes. Algunos de nuestros proyectos personalizados son universales y se pueden utilizar en varios proyectos. \u200b Eurosens Tank Manager. Una aplicaci\u00f3n para tel\u00e9fonos inteligentes \/ tabletas Android. Lee una informaci\u00f3n de los sensores [&hellip;]<\/p>\n","protected":false},"author":1,"featured_media":0,"parent":18,"menu_order":8,"comment_status":"closed","ping_status":"closed","template":"side-navigation.php","meta":[],"yoast_head":"<!-- This site is optimized with the Yoast SEO plugin v16.4 - https:\/\/yoast.com\/wordpress\/plugins\/seo\/ -->\n<title>Control de Combustible<\/title>\n<meta name=\"description\" content=\"Es f\u00e1cil medir el consumo de combustible del motor diesel, el calentador o el quemador con ayuda de los medidores de flujo de combustible Eurosens.\" \/>\n<meta name=\"robots\" content=\"index, follow, max-snippet:-1, max-image-preview:large, max-video-preview:-1\" \/>\n<link rel=\"canonical\" href=\"https:\/\/mechatronics.by\/products\/software-development\/\" \/>\n<meta property=\"og:locale\" content=\"es_ES\" \/>\n<meta property=\"og:type\" content=\"article\" \/>\n<meta property=\"og:title\" content=\"[:es] Control de Combustible [:en] Fuel consumption monitoring [:pt] Controle do consumo de combust\u00edvel [:fr] Contr\u00f4le de carburant [:pl] Kontrola zu\u017cycia paliwa[:]\" \/>\n<meta property=\"og:description\" content=\"{:es}Es f\u00e1cil medir el consumo de combustible del motor diesel, el calentador o el quemador con ayuda de los medidores de flujo de combustible Eurosens. {:en}It is easy to measure fuel consumption of the diesel engine, heater or burner with a help of Eurosens fuel flow meters. {:pt}\u00c9 f\u00e1cil medir o consumo de combust\u00edvel do motor, aquecedor ou queimador diesel com a ajuda dos medidores de caudal de combust\u00edvel Eurosens. {:fr}Il est facile de mesurer la consommation de carburant du moteur diesel, du r\u00e9chauffeur ou du br\u00fbleur \u00e0 l&#039;aide des d\u00e9bitm\u00e8tres de carburant Eurosens. {:pl}\u0141atwo zmierzy\u0107 zu\u017cycie paliwa przez silnik wysokopr\u0119\u017cny, grza\u0142k\u0119 lub palnik za pomoc\u0105 przep\u0142ywomierzy paliwa Eurosens.{:}\" \/>\n<meta property=\"og:url\" content=\"https:\/\/mechatronics.by\/products\/software-development\/\" \/>\n<meta property=\"og:site_name\" content=\"Mechatronics\" \/>\n<meta property=\"article:publisher\" content=\"https:\/\/www.facebook.com\/EurosensDelta\" \/>\n<meta property=\"article:modified_time\" content=\"2022-12-12T17:15:10+00:00\" \/>\n<meta property=\"og:image\" content=\"https:\/\/mechatronics.by\/wp-content\/uploads\/2021\/01\/Android-tank-bt-ru-300x188.png\" \/>\n<meta name=\"twitter:label1\" content=\"Tiempo de lectura\" \/>\n\t<meta name=\"twitter:data1\" content=\"2 minutos\" \/>\n<script type=\"application\/ld+json\" class=\"yoast-schema-graph\">{\"@context\":\"https:\/\/schema.org\",\"@graph\":[{\"@type\":\"WebSite\",\"@id\":\"https:\/\/mechatronics.by\/#website\",\"url\":\"https:\/\/mechatronics.by\/\",\"name\":\"Mechatronics\",\"description\":\"\\u041a\\u043e\\u043d\\u0442\\u0440\\u043e\\u043b\\u044c \\u0440\\u0430\\u0441\\u0445\\u043e\\u0434\\u0430 \\u0442\\u043e\\u043f\\u043b\\u0438\\u0432\\u0430 \\u0438 \\u0434\\u0440\\u0443\\u0433\\u0438\\u0445 \\u043f\\u0430\\u0440\\u0430\\u043c\\u0435\\u0442\\u0440\\u043e\\u0432 \\u0440\\u0430\\u0431\\u043e\\u0442\\u044b \\u043c\\u0430\\u0448\\u0438\\u043d\",\"potentialAction\":[{\"@type\":\"SearchAction\",\"target\":\"https:\/\/mechatronics.by\/?s={search_term_string}\",\"query-input\":\"required name=search_term_string\"}],\"inLanguage\":\"es\"},{\"@type\":\"ImageObject\",\"@id\":\"https:\/\/mechatronics.by\/products\/software-development\/#primaryimage\",\"inLanguage\":\"es\",\"url\":\"https:\/\/mechatronics.by\/wp-content\/uploads\/2021\/01\/Android-tank-bt-ru.png\",\"contentUrl\":\"https:\/\/mechatronics.by\/wp-content\/uploads\/2021\/01\/Android-tank-bt-ru.png\",\"width\":1188,\"height\":743},{\"@type\":\"WebPage\",\"@id\":\"https:\/\/mechatronics.by\/products\/software-development\/#webpage\",\"url\":\"https:\/\/mechatronics.by\/products\/software-development\/\",\"name\":\"[:es] Control de Combustible [:en] Fuel consumption monitoring [:pt] Controle do consumo de combust\\u00edvel [:fr] Contr\\u00f4le de carburant [:pl] Kontrola zu\\u017cycia paliwa[:]\",\"isPartOf\":{\"@id\":\"https:\/\/mechatronics.by\/#website\"},\"primaryImageOfPage\":{\"@id\":\"https:\/\/mechatronics.by\/products\/software-development\/#primaryimage\"},\"datePublished\":\"2021-12-26T13:57:54+00:00\",\"dateModified\":\"2022-12-12T17:15:10+00:00\",\"description\":\"{:es}Es f\\u00e1cil medir el consumo de combustible del motor diesel, el calentador o el quemador con ayuda de los medidores de flujo de combustible Eurosens. {:en}It is easy to measure fuel consumption of the diesel engine, heater or burner with a help of Eurosens fuel flow meters. {:pt}\\u00c9 f\\u00e1cil medir o consumo de combust\\u00edvel do motor, aquecedor ou queimador diesel com a ajuda dos medidores de caudal de combust\\u00edvel Eurosens. {:fr}Il est facile de mesurer la consommation de carburant du moteur diesel, du r\\u00e9chauffeur ou du br\\u00fbleur \\u00e0 l'aide des d\\u00e9bitm\\u00e8tres de carburant Eurosens. {:pl}\\u0141atwo zmierzy\\u0107 zu\\u017cycie paliwa przez silnik wysokopr\\u0119\\u017cny, grza\\u0142k\\u0119 lub palnik za pomoc\\u0105 przep\\u0142ywomierzy paliwa Eurosens.{:}\",\"breadcrumb\":{\"@id\":\"https:\/\/mechatronics.by\/products\/software-development\/#breadcrumb\"},\"inLanguage\":\"es\",\"potentialAction\":[{\"@type\":\"ReadAction\",\"target\":[\"https:\/\/mechatronics.by\/products\/software-development\/\"]}]},{\"@type\":\"BreadcrumbList\",\"@id\":\"https:\/\/mechatronics.by\/products\/software-development\/#breadcrumb\",\"itemListElement\":[{\"@type\":\"ListItem\",\"position\":1,\"item\":{\"@type\":\"WebPage\",\"@id\":\"https:\/\/mechatronics.by\/\",\"url\":\"https:\/\/mechatronics.by\/\",\"name\":\"Home\"}},{\"@type\":\"ListItem\",\"position\":2,\"item\":{\"@type\":\"WebPage\",\"@id\":\"https:\/\/mechatronics.by\/products\/\",\"url\":\"https:\/\/mechatronics.by\/products\/\",\"name\":\"\\u041f\\u0440\\u043e\\u0434\\u0443\\u043a\\u0442\\u044b\"}},{\"@type\":\"ListItem\",\"position\":3,\"item\":{\"@id\":\"https:\/\/mechatronics.by\/products\/software-development\/#webpage\"}}]}]}<\/script>\n<!-- \/ Yoast SEO plugin. -->","_links":{"self":[{"href":"https:\/\/mechatronics.by\/es\/wp-json\/wp\/v2\/pages\/12525"}],"collection":[{"href":"https:\/\/mechatronics.by\/es\/wp-json\/wp\/v2\/pages"}],"about":[{"href":"https:\/\/mechatronics.by\/es\/wp-json\/wp\/v2\/types\/page"}],"author":[{"embeddable":true,"href":"https:\/\/mechatronics.by\/es\/wp-json\/wp\/v2\/users\/1"}],"replies":[{"embeddable":true,"href":"https:\/\/mechatronics.by\/es\/wp-json\/wp\/v2\/comments?post=12525"}],"version-history":[{"count":13,"href":"https:\/\/mechatronics.by\/es\/wp-json\/wp\/v2\/pages\/12525\/revisions"}],"predecessor-version":[{"id":12930,"href":"https:\/\/mechatronics.by\/es\/wp-json\/wp\/v2\/pages\/12525\/revisions\/12930"}],"up":[{"embeddable":true,"href":"https:\/\/mechatronics.by\/es\/wp-json\/wp\/v2\/pages\/18"}],"wp:attachment":[{"href":"https:\/\/mechatronics.by\/es\/wp-json\/wp\/v2\/media?parent=12525"}],"curies":[{"name":"wp","href":"https:\/\/api.w.org\/{rel}","templated":true}]}}