{"id":14017,"date":"2026-03-03T15:13:16","date_gmt":"2026-03-03T12:13:16","guid":{"rendered":"https:\/\/mechatronics.by\/privacy_policy-copy\/"},"modified":"2026-03-04T12:52:24","modified_gmt":"2026-03-04T09:52:24","slug":"privacy_policy_","status":"publish","type":"page","link":"https:\/\/mechatronics.by\/es\/privacy_policy_\/","title":{"rendered":"Privacy_policy"},"content":{"rendered":"<p><\/p>\n<p>Pol\u00edtica de privacidad desde 01 de Julio, 2020. La aplicaci\u00f3n m\u00f3vil \u00abConfigurator Dominator BT\u00bb est\u00e1 provisto por la empresa Mechatronics SAC (m\u00e1s lejos\u2014 \u00abCompa\u00f1\u00eda\u00bb o \u00abNosotros\u00bb) \u2013 el desarrollador de la aplicaci\u00f3n mencionada. Si Ud (m\u00e1s lejos \u2013 \u201cUsuario\u201d) instala y utiliza la aplicaci\u00f3n m\u00f3vil \u00abConfigurator Dominator BT\u00bb (m\u00e1s lejos \u2013 \u201cAplicaci\u00f3n\u201d), le pediremos la informaci\u00f3n necesaria para el funcionamiento de la Aplicaci\u00f3n. La empresa respeta la confidencialidad de los datos provista por Ud y garantiza la protecci\u00f3n de los datos de acuerdo con las disposiciones y recomendaciones a continuaci\u00f3n. Antes de empezar a trabajar con la aplicaci\u00f3n, lea cuidadosamente la pol\u00edtica de privacidad. Al aceptar la pol\u00edtica de privacidad, Ud (Usuario): Acepta las condiciones de reuni\u00f3n y almacenamiento de los datos personales, Acepta y comprometa a cumplir las condiciones de la Pol\u00edtica de privacidad, Confirma que tiene 18 a\u00f1os, est\u00e1 capaz, e informa y administra completamente sus acciones. 1. Condiciones generales 1.1 Pol\u00edtica de privacidad (m\u00e1s lejos \u2014 \u00abPol\u00edtica\u00bb) aplicada al uso de la Aplicaci\u00f3n, extienda a las relaciones entre la Compa\u00f1\u00eda y persona f\u00edsica que es el Usuario de la Aplicaci\u00f3n. La Pol\u00edtica funciona en relaci\u00f3n a la informaci\u00f3n que la Compa\u00f1\u00eda puede recibir sobre el Usuario y del Usuario al registrarse y durante el uso de la Aplicaci\u00f3n. 1.2 El descargo y uso de la Aplicaci\u00f3n significa el consentimiento incondicional del Usuario con las condiciones de la P\u00f3litica de privacidad y las condiciones de recopilaci\u00f3n y procesamiento de los datos. 1.3 A los fines de esta Pol\u00edtica, se entiende los datos personales del Usuario: los datos personales que el Usuario provisa independientemente durante el proceso de registraci\u00f3n en Aplicaci\u00f3n. 1.4 Como el procesamiento de los datos personales entendemos las acciones (operaciones) con los datos personales, tales como el recopilamiento, almacenamiento, clarificaci\u00f3n (actualizaci\u00f3n, cambios), bloqueo y destrucci\u00f3n de los datos personales. 1.5 Esta Pol\u00edtica de aplica solo a la aplicaci\u00f3n m\u00f3vil \u00abConfigurator Dominator BT\u00bb. 1.6 Al registrarse en la Aplicaci\u00f3n, el Usuario proporciona voluntariamente sus datos personales y otra informaci\u00f3n. De este modo el Usuario acepta las Reglas del uso de la Aplicaci\u00f3n y las condiciones de confidencialidad de los datos personales. Los datos personales pueden ser cambiados (actualizados, complementados) por el Usuario independientemente a su voluntad. 1.7 La Compa\u00f1\u00eda en acuerdo con las reglas comunes, no chequea la credibilidad de los datos personales que est\u00e1 proporcionada por el Usuario. En la misma manera, la Compa\u00f1\u00eda no controla la capacidad del Usuario. Sin embargo, la Compa\u00f1\u00eda procede del hecho que el Usuario proporciona los datos personales que son feibles. Adem\u00e1s, procedemos del hecho que el Usuario actualiza los datos personales. 1.8 La Compa\u00f1\u00eda toma acciones organizacionales y t\u00e9cnicos para proteger los datos personales y otra informaci\u00f3n del Usuario contra acceso ilegal, no autorizado o accidental, mal uso, destrucci\u00f3n, alteraci\u00f3n, bloqueo, copia, distribuci\u00f3n, as\u00ed como otras acciones ilegales de personas terceros. Pero la Compa\u00f1\u00eda procede del hecho de que el Usuario entiende la imposibilidad de 100% seguro modo de transferencia de los datos por la Red, igual con 100% seguro modo de almacenamiento de los datos. Por lo tanto no podemos garantizar la seguridad absoluta de los datos proporcionados. 1.9 La Aplicaci\u00f3n est\u00e1 gratis. 1.10 La Aplicaci\u00f3n no contiene materiales promocionales. 2. Informaci\u00f3n que recopilamos 2.1 Recopilamos los datos sobre los Usuarios de nuestra Aplicaci\u00f3n al registrarse la Aplicaci\u00f3n. 2.1.1 Al registrarse y usar la Aplicaci\u00f3n, el Usuario proviene los datos necesarios, que incluyen el nombre de la empresa, t\u00edtulo profesional, nombre completo, el n\u00famero de tel\u00e9fono, email, y otros datos de contacto a voluntad del Usuario (m\u00e1s lejos \u2013 \u201cdatos personales\u201d). 2.2 La Aplicaci\u00f3n no preserva los datos personales. 2.3 La Aplicaci\u00f3n no recopila los datos personales durante el proceso del uso. 3. Fines de recopilamiento de los datos personales de usuarios 3.1 La Aplicaci\u00f3n recopila los datos personales que es necesaria para proveer solo el funcionamiento correcto de la Aplicaci\u00f3n. 3.2 La Aplicaci\u00f3n recopila los datos personales del Usuario para los fines siguientes: 3.2.1 La identificaci\u00f3n del Usuario, incluso al registrarse en la Aplicaci\u00f3n y configurar una cuenta del Usuario, para asegurar el funcionamiento propio de la Aplicaci\u00f3n. 3.2.2 Retroalimentaci\u00f3n con el Usuario, que incluye envio de notificaciones sobre el uso de la Aplicaci\u00f3n, cambios en las capacitaciones funcionales de la Aplicaci\u00f3n, aparici\u00f3n de actualizaciones de la Aplicaci\u00f3n, cambios en otros productos y servicios que ofrecemos, etc. 3.2.3 Confirmaci\u00f3n de credibilidad e integridad de los datos personales del Usuario. 3.2.4 Brindar el soporte t\u00e9cnico al Usuario si hay problemas con el uso de la Aplicaci\u00f3n. 3.2.5 Limitaciones del c\u00edrculo de los Usuarios de la Aplicaci\u00f3n por parte de usuarios registrados. 4. Condiciones de procesamiento de informaci\u00f3n personal de los usuarios y su transferencia a terceros 4.1 Guardamos la confidencialidad de los datos personales del Usuario. 4.2 Compa\u00f1\u00eda tiene el derecho de compartir los datos personales del Usuario a terceros en los siguientes casos: 4.2.1 El Usuario ha aceptado tales acciones de cualquier manera. 4.2.2 La transferencia est\u00e1 prevista por ley en el marco del procedimiento establecido por ley. 5. Acceso y correcci\u00f3n de sus datos personales 5.1 El Usuario puede cambiar los datos personales al conectarse la Compa\u00f1\u00eda por correo electr\u00f3nico: office@mechatronics.by. 6. Seguridad de los datos 6.1 La Compa\u00f1\u00eda toma las medidas organizativas y t\u00e9cnicas necesarias y suficientes para garantizar la seguridad de los datos personales de los usuarios frente a p\u00e9rdidas accidentales, acceso no autorizado, uso, alteraci\u00f3n y divulgaci\u00f3n de informaci\u00f3n. 6.2 Informaci\u00f3n proporcionada por usuarios de Aplicaci\u00f3n est\u00e1 guardada en los servidores protegidos por cortafuegos. 6.3 Seguridad y protecci\u00f3n de los datos de Usuario dependen tambi\u00e9n de Ud. El acceso a la Aplicaci\u00f3n no est\u00e1 protegido por contrase\u00f1a. Por eso es recomendable chequear que su dispositivo m\u00f3vil est\u00e1 protegido por contrase\u00f1a, tecnolog\u00eda de reconocimiento de huellas digitales o otras tecnolog\u00edas de seguridad. 6.4 \u00a1Tenga cuidado al usar la Aplicaci\u00f3n en lugares p\u00fablicos! La informaci\u00f3n que Ud comparte en lugares p\u00fablicos, puede ser monitoreada por otros usuarios de la Aplicaci\u00f3n o personas terceros. 6.5 Por desgracia, recopilaci\u00f3n de los datos por la Red y plataformas m\u00f3viles no puede ser completamente segura. Aunque Compa\u00f1\u00eda hace todo posible para asegurar los datos personales , no podemos garantizar la seguridad de informaci\u00f3n pasada por nuestra Aplicaci\u00f3n. Cualquier transferencia de informaci\u00f3n personal es bajo su propio riesgo. Compa\u00f1\u00eda tampoco es responsable de las acciones de usuarios destinadas a eludir cualquier configuraci\u00f3n de privacidad y \/ o violaci\u00f3n de las medidas de seguridad que proponemos cumplir. 6.6 El Usuario se compromete no compartir los datos de cuenta personal de la Aplicaci\u00f3n, as\u00ed como los datos de registraci\u00f3n a terceros. 7. Cambios en nuestra Pol\u00edtica de privacidad 7.1 Compa\u00f1\u00eda tiene el derecho de cambiar la Pol\u00edtica de privacidad en cualquier tiempo y sin advertencia y consentimiento del usuario recibido de antemano. 7.2 La fecha del cambio \u00faltimo de Pol\u00edtica de privacidad est\u00e1 en la parte superior de la p\u00e1gina. Usuario es responsable de visitar la p\u00e1gina la Pol\u00edtica de privacidad peri\u00f3dicamente. Es necesario para chequear los cambios y\/o familiarizarse con ellos. 7.3 El uso posterior de Aplicaci\u00f3n por parte de Usuario, despu\u00e9s de realizar cambios en Pol\u00edtica de privacidad, se considera la aceptaci\u00f3n incondicional por parte del Usuario de estos cambios. A este respecto, verifique peri\u00f3dicamente la Aplicaci\u00f3n para ver las actualizaciones en la Pol\u00edtica de privacidad. En caso de desacuerdo con los cambios en las condiciones para la recopilaci\u00f3n, el procesamiento y el uso de los datos personales y de otro tipo, el Usuario tiene derecho a dejar de usar unilateralmente la Aplicaci\u00f3n y eliminar la Aplicaci\u00f3n del dispositivo. 8. Otras condiciones 8.1 Aplicaci\u00f3n \u00abConfigurator Dominator BT\u00bb no est\u00e1 dise\u00f1ado para los ni\u00f1os hasta 18 a\u00f1os. Al registrarse y usar la Aplicaci\u00f3n, el Usuario confirma que tiene 18 a\u00f1os. Compa\u00f1\u00eda no compila y no guarda los datos sobre la gente menores de 18 a\u00f1os de edad. No se permite el registro de dichas personas con el fin de utilizarlas en la Aplicaci\u00f3n. 8.2 Adem\u00e1s, al registrarse en la Aplicaci\u00f3n y utilizarlo, el Usuario garantiza que no va a utilizar las capacitaciones funcionales de la Aplicaci\u00f3n para incitar a la discriminaci\u00f3n racial, hostilidad, , propaganda de violencia, calumnia, informaci\u00f3n contraria a los fundamentos de la ley y el orden, y comprometer y difundir informaci\u00f3n y materiales que son ilegales. 8.3 La Compa\u00f1\u00eda no controla el recopilamiento y uso de los datos por terceros para publicidad proporcionada sobre la base de un an\u00e1lisis de los intereses y preferencias del Usuario. Estos terceros proporcionan de forma independiente al Usuario formas de negarse a recopilar informaci\u00f3n y \/ o utilizarla para estos fines. 8.4 Esta Pol\u00edtica de privacidad est\u00e1 escrita en ruso y, en algunos casos, puede estar disponible para su revisi\u00f3n en ingl\u00e9s y espa\u00f1ol. En caso de discrepancia entre la versi\u00f3n rusa y la versi\u00f3n en ingl\u00e9s y \/ o espa\u00f1ol, se aplican las disposiciones de la versi\u00f3n rusa de la Pol\u00edtica de privacidad. 9. Distribuci\u00f3n 9.1 Los canales de distribuci\u00f3n oficiales para la Aplicaci\u00f3n son: Tienda Google Play \/\/play.google.com, P\u00e1gina web de \u201cMechatronics, SAC\u201d www.mechatronics.by A trav\u00e9s de representantes oficiales y manageres de la compa\u00f1\u00eda. 9.2 Cualquier otro m\u00e9todo de distribuci\u00f3n no es oficial y no es compatible con nosotros. 9.3 Esta pol\u00edtica de privacidad se aplica solo a los canales de distribuci\u00f3n oficiales de la Aplicaci\u00f3n. 10. Datos de contacto Si tiene preguntas relacionadas con esta Pol\u00edtica de privacidad y \/ o el funcionamiento de la Aplicaci\u00f3n, cont\u00e1ctenos por correo electr\u00f3nico: office@mechatronics.by. \u201cMechatronics, SAC\u201d 222417 Calle 1 Maiya 80, Tel: +375 (1771) 71300 Tel (Rusia): +7 (499) 404-18-72 Tel (Ucrania): +380 (89) 1205107 Fax: +375 (1771) 24190 E-mail: office@mechatronics.by P\u00e1gina web: www.mechatronics.by<\/p>\n<p><\/p>","protected":false},"excerpt":{"rendered":"<p>Pol\u00edtica de privacidad desde 01 de Julio, 2020. La aplicaci\u00f3n m\u00f3vil \u00abConfigurator Dominator BT\u00bb est\u00e1 provisto por la empresa Mechatronics SAC (m\u00e1s lejos\u2014 \u00abCompa\u00f1\u00eda\u00bb o \u00abNosotros\u00bb) \u2013 el desarrollador de la aplicaci\u00f3n mencionada. Si Ud (m\u00e1s lejos \u2013 \u201cUsuario\u201d) instala y utiliza la aplicaci\u00f3n m\u00f3vil \u00abConfigurator Dominator BT\u00bb (m\u00e1s lejos \u2013 \u201cAplicaci\u00f3n\u201d), le pediremos la [&hellip;]<\/p>\n","protected":false},"author":1,"featured_media":0,"parent":0,"menu_order":0,"comment_status":"closed","ping_status":"closed","template":"","meta":[],"yoast_head":"<!-- This site is optimized with the Yoast SEO plugin v16.4 - https:\/\/yoast.com\/wordpress\/plugins\/seo\/ -->\n<title>Privacy_policy - Mechatronics<\/title>\n<meta name=\"robots\" content=\"index, follow, max-snippet:-1, max-image-preview:large, max-video-preview:-1\" \/>\n<link rel=\"canonical\" href=\"https:\/\/mechatronics.by\/privacy_policy_\/\" \/>\n<meta property=\"og:locale\" content=\"es_ES\" \/>\n<meta property=\"og:type\" content=\"article\" \/>\n<meta property=\"og:title\" content=\"Privacy_policy - Mechatronics\" \/>\n<meta property=\"og:description\" content=\"Pol\u00edtica de privacidad desde 01 de Julio, 2020. La aplicaci\u00f3n m\u00f3vil \u00abConfigurator Dominator BT\u00bb est\u00e1 provisto por la empresa Mechatronics SAC (m\u00e1s lejos\u2014 \u00abCompa\u00f1\u00eda\u00bb o \u00abNosotros\u00bb) \u2013 el desarrollador de la aplicaci\u00f3n mencionada. Si Ud (m\u00e1s lejos \u2013 \u201cUsuario\u201d) instala y utiliza la aplicaci\u00f3n m\u00f3vil \u00abConfigurator Dominator BT\u00bb (m\u00e1s lejos \u2013 \u201cAplicaci\u00f3n\u201d), le pediremos la [&hellip;]\" \/>\n<meta property=\"og:url\" content=\"https:\/\/mechatronics.by\/privacy_policy_\/\" \/>\n<meta property=\"og:site_name\" content=\"Mechatronics\" \/>\n<meta property=\"article:publisher\" content=\"https:\/\/www.facebook.com\/EurosensDelta\" \/>\n<meta property=\"article:modified_time\" content=\"2026-03-04T09:52:24+00:00\" \/>\n<meta name=\"twitter:label1\" content=\"Tiempo de lectura\" \/>\n\t<meta name=\"twitter:data1\" content=\"7 minutos\" \/>\n<script type=\"application\/ld+json\" class=\"yoast-schema-graph\">{\"@context\":\"https:\/\/schema.org\",\"@graph\":[{\"@type\":\"WebSite\",\"@id\":\"https:\/\/mechatronics.by\/#website\",\"url\":\"https:\/\/mechatronics.by\/\",\"name\":\"Mechatronics\",\"description\":\"\\u041a\\u043e\\u043d\\u0442\\u0440\\u043e\\u043b\\u044c \\u0440\\u0430\\u0441\\u0445\\u043e\\u0434\\u0430 \\u0442\\u043e\\u043f\\u043b\\u0438\\u0432\\u0430 \\u0438 \\u0434\\u0440\\u0443\\u0433\\u0438\\u0445 \\u043f\\u0430\\u0440\\u0430\\u043c\\u0435\\u0442\\u0440\\u043e\\u0432 \\u0440\\u0430\\u0431\\u043e\\u0442\\u044b \\u043c\\u0430\\u0448\\u0438\\u043d\",\"potentialAction\":[{\"@type\":\"SearchAction\",\"target\":\"https:\/\/mechatronics.by\/?s={search_term_string}\",\"query-input\":\"required name=search_term_string\"}],\"inLanguage\":\"es\"},{\"@type\":\"WebPage\",\"@id\":\"https:\/\/mechatronics.by\/privacy_policy_\/#webpage\",\"url\":\"https:\/\/mechatronics.by\/privacy_policy_\/\",\"name\":\"Privacy_policy - Mechatronics\",\"isPartOf\":{\"@id\":\"https:\/\/mechatronics.by\/#website\"},\"datePublished\":\"2026-03-03T12:13:16+00:00\",\"dateModified\":\"2026-03-04T09:52:24+00:00\",\"breadcrumb\":{\"@id\":\"https:\/\/mechatronics.by\/privacy_policy_\/#breadcrumb\"},\"inLanguage\":\"es\",\"potentialAction\":[{\"@type\":\"ReadAction\",\"target\":[\"https:\/\/mechatronics.by\/privacy_policy_\/\"]}]},{\"@type\":\"BreadcrumbList\",\"@id\":\"https:\/\/mechatronics.by\/privacy_policy_\/#breadcrumb\",\"itemListElement\":[{\"@type\":\"ListItem\",\"position\":1,\"item\":{\"@type\":\"WebPage\",\"@id\":\"https:\/\/mechatronics.by\/\",\"url\":\"https:\/\/mechatronics.by\/\",\"name\":\"Home\"}},{\"@type\":\"ListItem\",\"position\":2,\"item\":{\"@id\":\"https:\/\/mechatronics.by\/privacy_policy_\/#webpage\"}}]}]}<\/script>\n<!-- \/ Yoast SEO plugin. -->","_links":{"self":[{"href":"https:\/\/mechatronics.by\/es\/wp-json\/wp\/v2\/pages\/14017"}],"collection":[{"href":"https:\/\/mechatronics.by\/es\/wp-json\/wp\/v2\/pages"}],"about":[{"href":"https:\/\/mechatronics.by\/es\/wp-json\/wp\/v2\/types\/page"}],"author":[{"embeddable":true,"href":"https:\/\/mechatronics.by\/es\/wp-json\/wp\/v2\/users\/1"}],"replies":[{"embeddable":true,"href":"https:\/\/mechatronics.by\/es\/wp-json\/wp\/v2\/comments?post=14017"}],"version-history":[{"count":4,"href":"https:\/\/mechatronics.by\/es\/wp-json\/wp\/v2\/pages\/14017\/revisions"}],"predecessor-version":[{"id":14021,"href":"https:\/\/mechatronics.by\/es\/wp-json\/wp\/v2\/pages\/14017\/revisions\/14021"}],"wp:attachment":[{"href":"https:\/\/mechatronics.by\/es\/wp-json\/wp\/v2\/media?parent=14017"}],"curies":[{"name":"wp","href":"https:\/\/api.w.org\/{rel}","templated":true}]}}