{"id":24,"date":"2014-04-06T21:50:28","date_gmt":"2014-04-06T18:50:28","guid":{"rendered":"http:\/\/mechatronics.by\/?page_id=24"},"modified":"2026-05-04T10:49:24","modified_gmt":"2026-05-04T07:49:24","slug":"mechatronics-contacts","status":"publish","type":"page","link":"https:\/\/mechatronics.by\/es\/mechatronics-contacts\/","title":{"rendered":"Contactos"},"content":{"rendered":"<p><\/p>\n<div class=\"custom-container\">\n<h1 class=\"text-center\">Contactos<\/h1>\n<div class=\"row info-map\"><!-- \u041a\u0430\u0440\u0442\u0430 \u0441 \u0438\u043d\u0444\u043e\u0439 --><\/p>\n<div class=\"col-md-3\">\n<h2>Mechatronics<\/h2>\n<h4>222417 Rep\u00fablica de Belar\u00fas Regi\u00f3n de Minsk, ciudad de Vileika May 1 str. 80\/3 Oficina de Dubai: eurosens.pro<\/h4>\n<\/div>\n<div class=\"col-md-9 m-map\"><script type=\"text\/javascript\" charset=\"utf-8\" async src=\"https:\/\/api-maps.yandex.ru\/services\/constructor\/1.0\/js\/?um=constructor%3A2ba5b93aab8ee1644ec25e9939c6be1dcaa1b367a75109e1cffc2613cc54714e&amp;width=800&amp;height=220&amp;lang=ru_RU&amp;scroll=false\"><\/script><\/div>\n<\/div>\n<div class=\"row info-content\"><!-- \u041a\u043e\u043d\u0442\u0435\u043d\u0442 \u0441 \u0438\u043d\u0444\u043e\u0439 \u0438 \u0444\u043e\u0440\u043c\u043e\u0439 --><\/p>\n<div class=\"col-md-6 table-info\"><!-- \u041a\u043e\u043d\u0442\u0435\u043d\u0442 --><\/p>\n<div class=\"info-table\">\n<table class=\"table table-borderless\" style=\"width: 22.2376%;\">\n<tbody>\n<tr>\n<td style=\"width: 26.9663%;\">Stephany Ruiz<\/td>\n<td style=\"width: 71.0112%;\">+375 25 799 47 70 <br \/>\nStephany.Ruiz@mechatronics.by <br \/>\n(Lengua espa\u00f1ola)<\/td>\n<\/tr>\n<tr>\n<td style=\"width: 26.9663%;\">Fabiola Huiman<\/td>\n<td style=\"width: 71.0112%;\">\n<p>+375 29 624 42 76 fabiola.maria@mechatronics.by<\/p>\n<p>(Lengua espa\u00f1ola)<\/p>\n<\/td>\n<\/tr>\n<\/tbody>\n<\/table>\n<\/div>\n<div class=\"info-table\">\n<table class=\"table table-borderless\">\n<tbody>\n<tr>\n<td>Asistencia t\u00e9cnica<\/td>\n<td>+375 25 691 87 76 <br \/>\nsupport@mechatronics.by<\/td>\n<\/tr>\n<tr>\n<td class=\"m-icons\">\u00a0<\/td>\n<td>+375 25 691 87 76 <br \/>\n+375 44 751 33 31 <br \/>\n+375 33 634 15 38<\/td>\n<\/tr>\n<\/tbody>\n<\/table>\n<\/div>\n<div class=\"info-table\">\n<table class=\"table table-borderless\">\n<tbody>\n<tr>\n<td class=\"custom-width\">Contacte con nosotros<\/td>\n<td class=\"m-icons\">\u00a0<\/td>\n<\/tr>\n<\/tbody>\n<\/table>\n<\/div>\n<\/div>\n<div class=\"col-md-6 form-info\"><!-- \u0424\u043e\u0440\u043c\u0430 --><\/p>\n<div class=\"form-block\">\n<h2 class=\"text-center\">Deje una solicitud en l\u00ednea y nos pondremos en contacto con usted<\/h2>\n<div class=\"wpforms-container wpforms-container-full wpforms-render-modern\" id=\"wpforms-13585\"><form id=\"wpforms-form-13585\" class=\"wpforms-validate wpforms-form wpforms-ajax-form\" data-formid=\"13585\" method=\"post\" enctype=\"multipart\/form-data\" action=\"\/es\/wp-json\/wp\/v2\/pages\/24\" data-token=\"d1625cf0028095f7abe548d66ad93038\" data-token-time=\"1778900258\"><noscript class=\"wpforms-error-noscript\">Por favor, activa JavaScript en tu navegador para completar este formulario.<\/noscript><div class=\"wpforms-hidden\" id=\"wpforms-error-noscript\">Por favor, activa JavaScript en tu navegador para completar este formulario.<\/div><div class=\"wpforms-field-container\"><div id=\"wpforms-13585-field_6-container\" class=\"wpforms-field wpforms-field-text wpforms-one-half wpforms-first\" data-field-id=\"6\"><label class=\"wpforms-field-label wpforms-label-hide\" for=\"wpforms-13585-field_6\" aria-hidden=\"false\">Nombre <span class=\"wpforms-required-label\" aria-hidden=\"true\">*<\/span><\/label><input type=\"text\" id=\"wpforms-13585-field_6\" class=\"wpforms-field-large wpforms-field-required\" name=\"wpforms[fields][6]\" placeholder=\"Nombre\" aria-errormessage=\"wpforms-13585-field_6-error\" required><\/div>\t\t<div id=\"wpforms-13585-field_1-container\"\n\t\t\tclass=\"wpforms-field wpforms-field-text\"\n\t\t\tdata-field-type=\"text\"\n\t\t\tdata-field-id=\"1\"\n\t\t\t>\n\t\t\t<label class=\"wpforms-field-label\" for=\"wpforms-13585-field_1\" >\u042d\u043b. Su \u043f\u043e\u0447\u0442\u0430<\/label>\n\t\t\t<input type=\"text\" id=\"wpforms-13585-field_1\" class=\"wpforms-field-medium\" name=\"wpforms[fields][1]\" >\n\t\t<\/div>\n\t\t<div id=\"wpforms-13585-field_4-container\" class=\"wpforms-field wpforms-field-text wpforms-one-half\" data-field-id=\"4\"><label class=\"wpforms-field-label wpforms-label-hide\" for=\"wpforms-13585-field_4\" aria-hidden=\"false\">Tel\u00e9fono <span class=\"wpforms-required-label\" aria-hidden=\"true\">*<\/span><\/label><input type=\"text\" id=\"wpforms-13585-field_4\" class=\"wpforms-field-large wpforms-field-required\" name=\"wpforms[fields][4]\" placeholder=\"Tel\u00e9fono\" aria-errormessage=\"wpforms-13585-field_4-error\" required><\/div><div id=\"wpforms-13585-field_2-container\" class=\"wpforms-field wpforms-field-email\" data-field-id=\"2\"><label class=\"wpforms-field-label wpforms-label-hide\" for=\"wpforms-13585-field_2\" aria-hidden=\"false\">\u042d\u043b. \u043f\u043e\u0447\u0442\u0430 <span class=\"wpforms-required-label\" aria-hidden=\"true\">*<\/span><\/label><input type=\"email\" id=\"wpforms-13585-field_2\" class=\"wpforms-field-large wpforms-field-required\" name=\"wpforms[fields][2]\" placeholder=\"Email\" spellcheck=\"false\" aria-errormessage=\"wpforms-13585-field_2-error\" required><\/div><div id=\"wpforms-13585-field_3-container\" class=\"wpforms-field wpforms-field-textarea\" data-field-id=\"3\"><label class=\"wpforms-field-label wpforms-label-hide\" for=\"wpforms-13585-field_3\" aria-hidden=\"false\">Su mensaje<\/label><textarea id=\"wpforms-13585-field_3\" class=\"wpforms-field-medium\" name=\"wpforms[fields][3]\" placeholder=\"Su mensaje\" aria-errormessage=\"wpforms-13585-field_3-error\" ><\/textarea><\/div><script>\n\t\t\t\t( function() {\n\t\t\t\t\tconst style = document.createElement( 'style' );\n\t\t\t\t\tstyle.appendChild( document.createTextNode( '#wpforms-13585-field_1-container { position: absolute !important; overflow: hidden !important; display: inline !important; height: 1px !important; width: 1px !important; z-index: -1000 !important; padding: 0 !important; } #wpforms-13585-field_1-container input { visibility: hidden; } #wpforms-conversational-form-page #wpforms-13585-field_1-container label { counter-increment: none; }' ) );\n\t\t\t\t\tdocument.head.appendChild( style );\n\t\t\t\t\tdocument.currentScript?.remove();\n\t\t\t\t} )();\n\t\t\t<\/script><\/div><!-- .wpforms-field-container --><div class=\"wpforms-submit-container\" ><input type=\"hidden\" name=\"wpforms[id]\" value=\"13585\"><input type=\"hidden\" name=\"page_title\" value=\"\"><input type=\"hidden\" name=\"page_url\" value=\"https:\/\/mechatronics.by\/es\/wp-json\/wp\/v2\/pages\/24\"><button type=\"submit\" name=\"wpforms[submit]\" id=\"wpforms-submit-13585\" class=\"wpforms-submit\" data-alt-text=\"Despacho...\" data-submit-text=\"Enviar\" aria-live=\"assertive\" value=\"wpforms-submit\">Enviar<\/button><img src=\"https:\/\/mechatronics.by\/wp-content\/plugins\/wpforms-lite\/assets\/images\/submit-spin.svg\" class=\"wpforms-submit-spinner\" style=\"display: none;\" width=\"26\" height=\"26\" alt=\"Cargando\"><\/div><\/form><\/div>  <!-- .wpforms-container --><\/div>\n<\/div>\n<\/div>\n<\/div>\n<p><\/p>","protected":false},"excerpt":{"rendered":"<p>Contactos Mechatronics 222417 Rep\u00fablica de Belar\u00fas Regi\u00f3n de Minsk, ciudad de Vileika May 1 str. 80\/3 Oficina de Dubai: eurosens.pro Stephany Ruiz +375 25 799 47 70 Stephany.Ruiz@mechatronics.by (Lengua espa\u00f1ola) Fabiola Huiman +375 29 624 42 76 fabiola.maria@mechatronics.by (Lengua espa\u00f1ola) Asistencia t\u00e9cnica +375 25 691 87 76 support@mechatronics.by \u00a0 +375 25 691 87 76 +375 [&hellip;]<\/p>\n","protected":false},"author":1,"featured_media":0,"parent":0,"menu_order":0,"comment_status":"closed","ping_status":"closed","template":"full-width.php","meta":[],"yoast_head":"<!-- This site is optimized with the Yoast SEO plugin v16.4 - https:\/\/yoast.com\/wordpress\/plugins\/seo\/ -->\n<title>Contacts | Mechatronics<\/title>\n<meta name=\"description\" content=\"\u0414\u043e\u0431\u0440\u043e \u043f\u043e\u0436\u0430\u043b\u043e\u0432\u0430\u0442\u044c! \u041c\u044b \u0440\u0430\u0434\u044b \u0432\u0438\u0434\u0435\u0442\u044c \u0412\u0430\u0441 \u0432 \u043a\u0430\u0447\u0435\u0441\u0442\u0432\u0435 \u043f\u0430\u0440\u0442\u043d\u0435\u0440\u043e\u0432 \u043a\u043e\u043c\u043f\u0430\u043d\u0438\u0438 \u041c\u0435\u0445\u0430\u0442\u0440\u043e\u043d\u0438\u043a\u0430 (Mechatronics). \u041d\u0430\u0448\u0438 \u043a\u043e\u043d\u0442\u0430\u043a\u0442\u044b \u0437\u0434\u0435\u0441\u044c ...\" \/>\n<meta name=\"robots\" content=\"index, follow, max-snippet:-1, max-image-preview:large, max-video-preview:-1\" \/>\n<link rel=\"canonical\" href=\"https:\/\/mechatronics.by\/mechatronics-contacts\/\" \/>\n<link rel=\"next\" href=\"https:\/\/mechatronics.by\/mechatronics-contacts\/2\/\" \/>\n<meta property=\"og:locale\" content=\"es_ES\" \/>\n<meta property=\"og:type\" content=\"article\" \/>\n<meta property=\"og:title\" content=\"Contacts | Mechatronics\" \/>\n<meta property=\"og:description\" content=\"\u0414\u043e\u0431\u0440\u043e \u043f\u043e\u0436\u0430\u043b\u043e\u0432\u0430\u0442\u044c! \u041c\u044b \u0440\u0430\u0434\u044b \u0432\u0438\u0434\u0435\u0442\u044c \u0412\u0430\u0441 \u0432 \u043a\u0430\u0447\u0435\u0441\u0442\u0432\u0435 \u043f\u0430\u0440\u0442\u043d\u0435\u0440\u043e\u0432 \u043a\u043e\u043c\u043f\u0430\u043d\u0438\u0438 \u041c\u0435\u0445\u0430\u0442\u0440\u043e\u043d\u0438\u043a\u0430 (Mechatronics). \u041d\u0430\u0448\u0438 \u043a\u043e\u043d\u0442\u0430\u043a\u0442\u044b \u0437\u0434\u0435\u0441\u044c ...\" \/>\n<meta property=\"og:url\" content=\"https:\/\/mechatronics.by\/mechatronics-contacts\/\" \/>\n<meta property=\"og:site_name\" content=\"Mechatronics\" \/>\n<meta property=\"article:publisher\" content=\"https:\/\/www.facebook.com\/EurosensDelta\" \/>\n<meta property=\"article:modified_time\" content=\"2026-05-04T07:49:24+00:00\" \/>\n<meta name=\"twitter:label1\" content=\"Tiempo de lectura\" \/>\n\t<meta name=\"twitter:data1\" content=\"1 minuto\" \/>\n<script type=\"application\/ld+json\" class=\"yoast-schema-graph\">{\"@context\":\"https:\/\/schema.org\",\"@graph\":[{\"@type\":\"WebSite\",\"@id\":\"https:\/\/mechatronics.by\/#website\",\"url\":\"https:\/\/mechatronics.by\/\",\"name\":\"Mechatronics\",\"description\":\"\\u041a\\u043e\\u043d\\u0442\\u0440\\u043e\\u043b\\u044c \\u0440\\u0430\\u0441\\u0445\\u043e\\u0434\\u0430 \\u0442\\u043e\\u043f\\u043b\\u0438\\u0432\\u0430 \\u0438 \\u0434\\u0440\\u0443\\u0433\\u0438\\u0445 \\u043f\\u0430\\u0440\\u0430\\u043c\\u0435\\u0442\\u0440\\u043e\\u0432 \\u0440\\u0430\\u0431\\u043e\\u0442\\u044b \\u043c\\u0430\\u0448\\u0438\\u043d\",\"potentialAction\":[{\"@type\":\"SearchAction\",\"target\":\"https:\/\/mechatronics.by\/?s={search_term_string}\",\"query-input\":\"required name=search_term_string\"}],\"inLanguage\":\"es\"},{\"@type\":\"WebPage\",\"@id\":\"https:\/\/mechatronics.by\/mechatronics-contacts\/#webpage\",\"url\":\"https:\/\/mechatronics.by\/mechatronics-contacts\/\",\"name\":\"Contacts | Mechatronics\",\"isPartOf\":{\"@id\":\"https:\/\/mechatronics.by\/#website\"},\"datePublished\":\"2014-04-06T18:50:28+00:00\",\"dateModified\":\"2026-05-04T07:49:24+00:00\",\"description\":\"\\u0414\\u043e\\u0431\\u0440\\u043e \\u043f\\u043e\\u0436\\u0430\\u043b\\u043e\\u0432\\u0430\\u0442\\u044c! \\u041c\\u044b \\u0440\\u0430\\u0434\\u044b \\u0432\\u0438\\u0434\\u0435\\u0442\\u044c \\u0412\\u0430\\u0441 \\u0432 \\u043a\\u0430\\u0447\\u0435\\u0441\\u0442\\u0432\\u0435 \\u043f\\u0430\\u0440\\u0442\\u043d\\u0435\\u0440\\u043e\\u0432 \\u043a\\u043e\\u043c\\u043f\\u0430\\u043d\\u0438\\u0438 \\u041c\\u0435\\u0445\\u0430\\u0442\\u0440\\u043e\\u043d\\u0438\\u043a\\u0430 (Mechatronics). \\u041d\\u0430\\u0448\\u0438 \\u043a\\u043e\\u043d\\u0442\\u0430\\u043a\\u0442\\u044b \\u0437\\u0434\\u0435\\u0441\\u044c ...\",\"breadcrumb\":{\"@id\":\"https:\/\/mechatronics.by\/mechatronics-contacts\/#breadcrumb\"},\"inLanguage\":\"es\",\"potentialAction\":[{\"@type\":\"ReadAction\",\"target\":[\"https:\/\/mechatronics.by\/mechatronics-contacts\/\"]}]},{\"@type\":\"BreadcrumbList\",\"@id\":\"https:\/\/mechatronics.by\/mechatronics-contacts\/#breadcrumb\",\"itemListElement\":[{\"@type\":\"ListItem\",\"position\":1,\"item\":{\"@type\":\"WebPage\",\"@id\":\"https:\/\/mechatronics.by\/\",\"url\":\"https:\/\/mechatronics.by\/\",\"name\":\"Home\"}},{\"@type\":\"ListItem\",\"position\":2,\"item\":{\"@id\":\"https:\/\/mechatronics.by\/mechatronics-contacts\/#webpage\"}}]}]}<\/script>\n<!-- \/ Yoast SEO plugin. -->","_links":{"self":[{"href":"https:\/\/mechatronics.by\/es\/wp-json\/wp\/v2\/pages\/24"}],"collection":[{"href":"https:\/\/mechatronics.by\/es\/wp-json\/wp\/v2\/pages"}],"about":[{"href":"https:\/\/mechatronics.by\/es\/wp-json\/wp\/v2\/types\/page"}],"author":[{"embeddable":true,"href":"https:\/\/mechatronics.by\/es\/wp-json\/wp\/v2\/users\/1"}],"replies":[{"embeddable":true,"href":"https:\/\/mechatronics.by\/es\/wp-json\/wp\/v2\/comments?post=24"}],"version-history":[{"count":346,"href":"https:\/\/mechatronics.by\/es\/wp-json\/wp\/v2\/pages\/24\/revisions"}],"predecessor-version":[{"id":14024,"href":"https:\/\/mechatronics.by\/es\/wp-json\/wp\/v2\/pages\/24\/revisions\/14024"}],"wp:attachment":[{"href":"https:\/\/mechatronics.by\/es\/wp-json\/wp\/v2\/media?parent=24"}],"curies":[{"name":"wp","href":"https:\/\/api.w.org\/{rel}","templated":true}]}}