{"id":2466,"date":"2012-12-05T17:20:13","date_gmt":"2012-12-05T17:20:13","guid":{"rendered":"http:\/\/theme-fusion.com\/avadatest\/?page_id=2466"},"modified":"2019-11-03T18:32:19","modified_gmt":"2019-11-03T15:32:19","slug":"faq-page-1","status":"publish","type":"page","link":"https:\/\/mechatronics.by\/es\/service\/faq-page-1\/","title":{"rendered":"Preguntas y Respuestas"},"content":{"rendered":"<p><\/p>\n<p><\/p>\n<p><br \/>\n<span style=\"font-size: 14pt;\">Actualizaci\u00f3n 15\/05\/2015<\/span><\/p>\n<p><br \/>\n<br \/>\n<\/p>","protected":false},"excerpt":{"rendered":"<p>Actualizaci\u00f3n 15\/05\/2015<\/p>\n","protected":false},"author":1,"featured_media":0,"parent":4666,"menu_order":0,"comment_status":"open","ping_status":"closed","template":"faqs.php","meta":[],"yoast_head":"<!-- This site is optimized with the Yoast SEO plugin v16.4 - https:\/\/yoast.com\/wordpress\/plugins\/seo\/ -->\n<title>Eurosens. FAQ<\/title>\n<meta name=\"description\" content=\"Todo sobre sensores de nivel de combustible Eurosens, medidores de flujo de combustible, sensores de carga por eje y otras soluciones\" \/>\n<meta name=\"robots\" content=\"index, follow, max-snippet:-1, max-image-preview:large, max-video-preview:-1\" \/>\n<link rel=\"canonical\" href=\"https:\/\/mechatronics.by\/service\/faq-page-1\/\" \/>\n<meta property=\"og:locale\" content=\"es_ES\" \/>\n<meta property=\"og:type\" content=\"article\" \/>\n<meta property=\"og:title\" content=\"Eurosens. FAQ\" \/>\n<meta property=\"og:description\" content=\"[:en]All about Eurosens fuel level sensors, fuel flow meters, axle load sensors and other solutions[:ru]\u0412\u0441\u0435 \u043f\u0440\u043e \u0434\u0430\u0442\u0447\u0438\u043a\u0438 \u0443\u0440\u043e\u0432\u043d\u044f \u0438 \u0440\u0430\u0441\u0445\u043e\u0434\u0430 \u0442\u043e\u043f\u043b\u0438\u0432\u0430 Eurosens, \u0434\u0430\u0442\u0447\u0438\u043a\u0438 \u043d\u0430\u0433\u0440\u0443\u0437\u043a\u0438 \u043d\u0430 \u043e\u0441\u0438 \u0438 \u0434\u0440\u0443\u0433\u0438\u0435 \u0440\u0435\u0448\u0435\u043d\u0438\u044f \u043e\u0442 \u0417\u0410\u041e \u041c\u0435\u0445\u0430\u0442\u0440\u043e\u043d\u0438\u043a\u0430 [:es]Todo sobre sensores de nivel de combustible Eurosens, medidores de flujo de combustible, sensores de carga por eje y otras soluciones[:fr]Tout sur les capteurs de niveau de carburant, les d\u00e9bitm\u00e8tres de carburant, les capteurs de charge \u00e0 l&#039;essieu et d&#039;autres solutions Eurosens[:pt]Tudo sobre os sensores de n\u00edvel de combust\u00edvel da Eurosens, medidores de fluxo de combust\u00edvel, sensores de carga por eixo e outras solu\u00e7\u00f5es[:]\" \/>\n<meta property=\"og:url\" content=\"https:\/\/mechatronics.by\/service\/faq-page-1\/\" \/>\n<meta property=\"og:site_name\" content=\"Mechatronics\" \/>\n<meta property=\"article:publisher\" content=\"https:\/\/www.facebook.com\/EurosensDelta\" \/>\n<meta property=\"article:modified_time\" content=\"2019-11-03T15:32:19+00:00\" \/>\n<script type=\"application\/ld+json\" class=\"yoast-schema-graph\">{\"@context\":\"https:\/\/schema.org\",\"@graph\":[{\"@type\":\"WebSite\",\"@id\":\"https:\/\/mechatronics.by\/#website\",\"url\":\"https:\/\/mechatronics.by\/\",\"name\":\"Mechatronics\",\"description\":\"\\u041a\\u043e\\u043d\\u0442\\u0440\\u043e\\u043b\\u044c \\u0440\\u0430\\u0441\\u0445\\u043e\\u0434\\u0430 \\u0442\\u043e\\u043f\\u043b\\u0438\\u0432\\u0430 \\u0438 \\u0434\\u0440\\u0443\\u0433\\u0438\\u0445 \\u043f\\u0430\\u0440\\u0430\\u043c\\u0435\\u0442\\u0440\\u043e\\u0432 \\u0440\\u0430\\u0431\\u043e\\u0442\\u044b \\u043c\\u0430\\u0448\\u0438\\u043d\",\"potentialAction\":[{\"@type\":\"SearchAction\",\"target\":\"https:\/\/mechatronics.by\/?s={search_term_string}\",\"query-input\":\"required name=search_term_string\"}],\"inLanguage\":\"es\"},{\"@type\":\"WebPage\",\"@id\":\"https:\/\/mechatronics.by\/service\/faq-page-1\/#webpage\",\"url\":\"https:\/\/mechatronics.by\/service\/faq-page-1\/\",\"name\":\"Eurosens. FAQ\",\"isPartOf\":{\"@id\":\"https:\/\/mechatronics.by\/#website\"},\"datePublished\":\"2012-12-05T17:20:13+00:00\",\"dateModified\":\"2019-11-03T15:32:19+00:00\",\"description\":\"[:en]All about Eurosens fuel level sensors, fuel flow meters, axle load sensors and other solutions[:ru]\\u0412\\u0441\\u0435 \\u043f\\u0440\\u043e \\u0434\\u0430\\u0442\\u0447\\u0438\\u043a\\u0438 \\u0443\\u0440\\u043e\\u0432\\u043d\\u044f \\u0438 \\u0440\\u0430\\u0441\\u0445\\u043e\\u0434\\u0430 \\u0442\\u043e\\u043f\\u043b\\u0438\\u0432\\u0430 Eurosens, \\u0434\\u0430\\u0442\\u0447\\u0438\\u043a\\u0438 \\u043d\\u0430\\u0433\\u0440\\u0443\\u0437\\u043a\\u0438 \\u043d\\u0430 \\u043e\\u0441\\u0438 \\u0438 \\u0434\\u0440\\u0443\\u0433\\u0438\\u0435 \\u0440\\u0435\\u0448\\u0435\\u043d\\u0438\\u044f \\u043e\\u0442 \\u0417\\u0410\\u041e \\u041c\\u0435\\u0445\\u0430\\u0442\\u0440\\u043e\\u043d\\u0438\\u043a\\u0430 [:es]Todo sobre sensores de nivel de combustible Eurosens, medidores de flujo de combustible, sensores de carga por eje y otras soluciones[:fr]Tout sur les capteurs de niveau de carburant, les d\\u00e9bitm\\u00e8tres de carburant, les capteurs de charge \\u00e0 l'essieu et d'autres solutions Eurosens[:pt]Tudo sobre os sensores de n\\u00edvel de combust\\u00edvel da Eurosens, medidores de fluxo de combust\\u00edvel, sensores de carga por eixo e outras solu\\u00e7\\u00f5es[:]\",\"breadcrumb\":{\"@id\":\"https:\/\/mechatronics.by\/service\/faq-page-1\/#breadcrumb\"},\"inLanguage\":\"es\",\"potentialAction\":[{\"@type\":\"ReadAction\",\"target\":[\"https:\/\/mechatronics.by\/service\/faq-page-1\/\"]}]},{\"@type\":\"BreadcrumbList\",\"@id\":\"https:\/\/mechatronics.by\/service\/faq-page-1\/#breadcrumb\",\"itemListElement\":[{\"@type\":\"ListItem\",\"position\":1,\"item\":{\"@type\":\"WebPage\",\"@id\":\"https:\/\/mechatronics.by\/\",\"url\":\"https:\/\/mechatronics.by\/\",\"name\":\"Home\"}},{\"@type\":\"ListItem\",\"position\":2,\"item\":{\"@type\":\"WebPage\",\"@id\":\"https:\/\/mechatronics.by\/service\/\",\"url\":\"https:\/\/mechatronics.by\/service\/\",\"name\":\"\\u041f\\u043e\\u043c\\u043e\\u0449\\u044c\"}},{\"@type\":\"ListItem\",\"position\":3,\"item\":{\"@id\":\"https:\/\/mechatronics.by\/service\/faq-page-1\/#webpage\"}}]}]}<\/script>\n<!-- \/ Yoast SEO plugin. -->","_links":{"self":[{"href":"https:\/\/mechatronics.by\/es\/wp-json\/wp\/v2\/pages\/2466"}],"collection":[{"href":"https:\/\/mechatronics.by\/es\/wp-json\/wp\/v2\/pages"}],"about":[{"href":"https:\/\/mechatronics.by\/es\/wp-json\/wp\/v2\/types\/page"}],"author":[{"embeddable":true,"href":"https:\/\/mechatronics.by\/es\/wp-json\/wp\/v2\/users\/1"}],"replies":[{"embeddable":true,"href":"https:\/\/mechatronics.by\/es\/wp-json\/wp\/v2\/comments?post=2466"}],"version-history":[{"count":5,"href":"https:\/\/mechatronics.by\/es\/wp-json\/wp\/v2\/pages\/2466\/revisions"}],"predecessor-version":[{"id":9351,"href":"https:\/\/mechatronics.by\/es\/wp-json\/wp\/v2\/pages\/2466\/revisions\/9351"}],"up":[{"embeddable":true,"href":"https:\/\/mechatronics.by\/es\/wp-json\/wp\/v2\/pages\/4666"}],"wp:attachment":[{"href":"https:\/\/mechatronics.by\/es\/wp-json\/wp\/v2\/media?parent=2466"}],"curies":[{"name":"wp","href":"https:\/\/api.w.org\/{rel}","templated":true}]}}