{"id":4642,"date":"2014-04-27T18:22:58","date_gmt":"2014-04-27T15:22:58","guid":{"rendered":"http:\/\/mechatronics.by\/?page_id=4642"},"modified":"2025-05-20T10:24:22","modified_gmt":"2025-05-20T07:24:22","slug":"flowcontrol","status":"publish","type":"page","link":"https:\/\/mechatronics.by\/es\/products\/flowcontrol\/","title":{"rendered":"Control de Combustible"},"content":{"rendered":"<p><\/p>\n<h2><strong><span style=\"color: #003366;\">Control de Combustible<\/span><\/strong><\/h2>\n<h2 id=\"c16\" class=\"oBOnKe\"><span style=\"font-size: 16px;\">Los caudal\u00edmetros de combustible Eurosens est\u00e1n especialmente dise\u00f1ados para medir el consumo real de combustible de veh\u00edculos, maquinaria agr\u00edcola, generadores di\u00e9sel, barcos, etc.<\/span><\/h2>\n<table style=\"height: 227px;\" width=\"522\">\n<tbody>\n<tr>\n<td>\n<div id=\"attachment_9093\" style=\"width: 160px\" class=\"wp-caption alignleft\"><a href=\"\/\/mechatronics.by\/wp-content\/uploads\/2014\/12\/5.jpg\"><img aria-describedby=\"caption-attachment-9093\" loading=\"lazy\" class=\"wp-image-9093 size-thumbnail\" src=\"\/\/mechatronics.by\/wp-content\/uploads\/2014\/12\/5-150x150.jpg\" alt=\"\" width=\"150\" height=\"150\" srcset=\"https:\/\/mechatronics.by\/wp-content\/uploads\/2014\/12\/5-150x150.jpg 150w, https:\/\/mechatronics.by\/wp-content\/uploads\/2014\/12\/5-66x66.jpg 66w\" sizes=\"(max-width: 150px) 100vw, 150px\" \/><\/a><p id=\"caption-attachment-9093\" class=\"wp-caption-text\"><a href=\"\/\/mechatronics.by\/es\/products\/flowcontrol\/eurosens-direct\/\">Single-channel meters Eurosens Direct (up to 500 liters\/hour)<\/a><\/p><\/div>\n<\/td>\n<td>\n<div id=\"attachment_9081\" style=\"width: 160px\" class=\"wp-caption alignleft\"><a href=\"\/\/mechatronics.by\/wp-content\/uploads\/2014\/05\/4.jpg\"><img aria-describedby=\"caption-attachment-9081\" loading=\"lazy\" class=\"wp-image-9081 size-thumbnail\" src=\"\/\/mechatronics.by\/wp-content\/uploads\/2014\/05\/4-150x150.jpg\" alt=\"Eurosens Delta PN250\" width=\"150\" height=\"150\" srcset=\"https:\/\/mechatronics.by\/wp-content\/uploads\/2014\/05\/4-150x150.jpg 150w, https:\/\/mechatronics.by\/wp-content\/uploads\/2014\/05\/4-66x66.jpg 66w\" sizes=\"(max-width: 150px) 100vw, 150px\" \/><\/a><p id=\"caption-attachment-9081\" class=\"wp-caption-text\"><a href=\"\/\/mechatronics.by\/es\/products\/flowcontrol\/eurosens-delta\/\">Differential meters Eurosens Delta (up to 500 liters\/hour)<\/a><\/p><\/div>\n<\/td>\n<td>\n<div id=\"attachment_9637\" style=\"width: 160px\" class=\"wp-caption alignleft\"><a href=\"\/\/mechatronics.by\/wp-content\/uploads\/2019\/04\/PN1500-1.png\"><img aria-describedby=\"caption-attachment-9637\" loading=\"lazy\" class=\"wp-image-9637 size-thumbnail\" src=\"\/\/mechatronics.by\/wp-content\/uploads\/2019\/04\/PN1500-1-150x150.png\" alt=\"Eurosens Direct 1500\" width=\"150\" height=\"150\" srcset=\"https:\/\/mechatronics.by\/wp-content\/uploads\/2019\/04\/PN1500-1-150x150.png 150w, https:\/\/mechatronics.by\/wp-content\/uploads\/2019\/04\/PN1500-1-66x66.png 66w\" sizes=\"(max-width: 150px) 100vw, 150px\" \/><\/a><p id=\"caption-attachment-9637\" class=\"wp-caption-text\"><a href=\"\/\/mechatronics.by\/es\/products\/flowcontrol\/fuel-meters-eurosens-direct-1500-3000\/\">Serie Eurosens Direct 1500-5000 up to\u00a05000 liters\/hour<\/a><\/p><\/div>\n<\/td>\n<\/tr>\n<\/tbody>\n<\/table>\n<p>Los caudal\u00edmetros de combustible Eurosens representan uno de los m\u00e9todos m\u00e1s precisos y rentables de monitorizaci\u00f3n del consumo de combustible real y tienen las siguientes ventajas:<\/p>\n<ul>\n<li>Adecuado para diferentes tasas de combustible: 100, 250, 500, 1500, 3000, 5000 l \/ h;<\/li>\n<li>Compatible con dispositivos de rastreo GPS o se puede utilizar de forma aut\u00f3noma;<\/li>\n<li>Alta precisi\u00f3n en todas las condiciones de funcionamiento;<\/li>\n<li>Modelos con pantallas integradas disponibles;<\/li>\n<li>Se admiten protocolos de datos abiertos (la interfaz de bus CAN utiliza el protocolo J1939 (con algunas extensiones) y NMEA2000).<\/li>\n<\/ul>\n<p>Las principales caracter\u00edsticas de los contadores de consumo de combustible Eurosens son:<\/p>\n<p>&nbsp;<\/p>\n<p><div id=\"attachment_9099\" style=\"width: 117px\" class=\"wp-caption alignleft\"><a href=\"\/\/mechatronics.by\/wp-content\/uploads\/2014\/05\/modul_150.png\"><img aria-describedby=\"caption-attachment-9099\" loading=\"lazy\" class=\"wp-image-9099 size-full\" src=\"\/\/mechatronics.by\/wp-content\/uploads\/2014\/05\/modul_150.png\" alt=\"simple maintenance\" width=\"107\" height=\"145\" \/><\/a><p id=\"caption-attachment-9099\" class=\"wp-caption-text\">Simple installation and maintenance<\/p><\/div> <div id=\"attachment_9100\" style=\"width: 157px\" class=\"wp-caption alignleft\"><a href=\"\/\/mechatronics.by\/wp-content\/uploads\/2014\/05\/stm32-150.png\"><img aria-describedby=\"caption-attachment-9100\" loading=\"lazy\" class=\"size-full wp-image-9100\" src=\"\/\/mechatronics.by\/wp-content\/uploads\/2014\/05\/stm32-150.png\" alt=\"stm32 inside\" width=\"147\" height=\"147\" srcset=\"https:\/\/mechatronics.by\/wp-content\/uploads\/2014\/05\/stm32-150.png 147w, https:\/\/mechatronics.by\/wp-content\/uploads\/2014\/05\/stm32-150-66x66.png 66w\" sizes=\"(max-width: 147px) 100vw, 147px\" \/><\/a><p id=\"caption-attachment-9100\" class=\"wp-caption-text\">Powerful STM32-chip<\/p><\/div> <div id=\"attachment_9670\" style=\"width: 160px\" class=\"wp-caption alignleft\"><a href=\"\/\/mechatronics.by\/wp-content\/uploads\/2019\/04\/antimag.png\"><img aria-describedby=\"caption-attachment-9670\" loading=\"lazy\" class=\"wp-image-9670 size-thumbnail\" src=\"\/\/mechatronics.by\/wp-content\/uploads\/2019\/04\/antimag-150x150.png\" alt=\"\" width=\"150\" height=\"150\" \/><\/a><p id=\"caption-attachment-9670\" class=\"wp-caption-text\">Immunity to the external magnetic field<\/p><\/div><\/p>\n<table>\n<tbody>\n<tr>\n<td rowspan=\"7\" width=\"117\">eurosens<\/td>\n<td width=\"117\">Delta<\/td>\n<td width=\"136\">PN<\/td>\n<td width=\"117\">250<\/td>\n<td width=\"107\">I<\/td>\n<\/tr>\n<tr>\n<td width=\"117\">El n\u00famero de las c\u00e1maras de medici\u00f3n<\/td>\n<td width=\"136\">Interfaz de salida<\/td>\n<td width=\"117\">El consumo m\u00e1ximo en las c\u00e1maras de medici\u00f3n<\/td>\n<td width=\"107\">Opci\u00f3n<\/td>\n<\/tr>\n<tr>\n<td width=\"117\">Direct \u2013 1<\/td>\n<td width=\"136\">PH\u00a0 &#8211; impulso no normalizado. Solo para Direct<\/td>\n<td width=\"117\">100<\/td>\n<td width=\"107\">Blanco \u2013 sin pantalla<\/td>\n<\/tr>\n<tr>\n<td rowspan=\"4\" width=\"117\">Delta &#8211; 2<\/td>\n<td width=\"136\">PN \u2013 impulso normalizado.<\/td>\n<td width=\"117\">250<\/td>\n<td rowspan=\"4\" width=\"107\">I \u2013 pantalla incorporada<\/td>\n<\/tr>\n<tr>\n<td width=\"136\">RS \u2013 RS-232 y RS-485<\/td>\n<td rowspan=\"3\" width=\"117\">500<\/td>\n<\/tr>\n<tr>\n<td width=\"136\">CAN &#8211; CAN-bus interfaz<\/td>\n<\/tr>\n<\/tbody>\n<\/table>\n<p><\/p>","protected":false},"excerpt":{"rendered":"<p>Control de Combustible Los caudal\u00edmetros de combustible Eurosens est\u00e1n especialmente dise\u00f1ados para medir el consumo real de combustible de veh\u00edculos, maquinaria agr\u00edcola, generadores di\u00e9sel, barcos, etc. Los caudal\u00edmetros de combustible Eurosens representan uno de los m\u00e9todos m\u00e1s precisos y rentables de monitorizaci\u00f3n del consumo de combustible real y tienen las siguientes ventajas: Adecuado para diferentes [&hellip;]<\/p>\n","protected":false},"author":1,"featured_media":0,"parent":18,"menu_order":1,"comment_status":"closed","ping_status":"closed","template":"side-navigation.php","meta":[],"yoast_head":"<!-- This site is optimized with the Yoast SEO plugin v16.4 - https:\/\/yoast.com\/wordpress\/plugins\/seo\/ -->\n<title>Control de Combustible<\/title>\n<meta name=\"description\" content=\"Es f\u00e1cil medir el consumo de combustible del motor diesel, el calentador o el quemador con ayuda de los medidores de flujo de combustible Eurosens.\" \/>\n<meta name=\"robots\" content=\"index, follow, max-snippet:-1, max-image-preview:large, max-video-preview:-1\" \/>\n<link rel=\"canonical\" href=\"https:\/\/mechatronics.by\/products\/flowcontrol\/\" \/>\n<meta property=\"og:locale\" content=\"es_ES\" \/>\n<meta property=\"og:type\" content=\"article\" \/>\n<meta property=\"og:title\" content=\"[:es] Control de Combustible [:en] Fuel consumption monitoring [:ru] \u041a\u043e\u043d\u0442\u0440\u043e\u043b\u044c \u0440\u0430\u0441\u0445\u043e\u0434\u0430 \u0442\u043e\u043f\u043b\u0438\u0432\u0430 [:pt] Controle do consumo de combust\u00edvel [:fr] Contr\u00f4le de carburant [:pl] Kontrola zu\u017cycia paliwa[:]\" \/>\n<meta property=\"og:description\" content=\"{:es}Es f\u00e1cil medir el consumo de combustible del motor diesel, el calentador o el quemador con ayuda de los medidores de flujo de combustible Eurosens. {:en}It is easy to measure fuel consumption of the diesel engine, heater or burner with a help of Eurosens fuel flow meters. {:ru}\u041a\u043e\u043d\u0442\u0440\u043e\u043b\u044c \u0440\u0430\u0441\u0445\u043e\u0434\u0430 \u0442\u043e\u043f\u043b\u0438\u0432\u0430 \u0441 \u043f\u043e\u043c\u043e\u0449\u044c\u044e \u0440\u0430\u0441\u0445\u043e\u0434\u043e\u043c\u0435\u0440\u043e\u0432 Eurosens \u043d\u0435\u0440\u0435\u0434\u043a\u043e \u044f\u0432\u043b\u044f\u0435\u0442\u0441\u044f \u043e\u043f\u0442\u0438\u043c\u0430\u043b\u044c\u043d\u044b\u043c \u0440\u0435\u0448\u0435\u043d\u0438\u0435\u043c \u043f\u043e \u043a\u043e\u043d\u0442\u0440\u043e\u043b\u044e \u0440\u0430\u0441\u0445\u043e\u0434\u0430 \u0442\u043e\u043f\u043b\u0438\u0432\u0430 {:pt}\u00c9 f\u00e1cil medir o consumo de combust\u00edvel do motor, aquecedor ou queimador diesel com a ajuda dos medidores de caudal de combust\u00edvel Eurosens. {:fr}Il est facile de mesurer la consommation de carburant du moteur diesel, du r\u00e9chauffeur ou du br\u00fbleur \u00e0 l&#039;aide des d\u00e9bitm\u00e8tres de carburant Eurosens. {:pl}\u0141atwo zmierzy\u0107 zu\u017cycie paliwa przez silnik wysokopr\u0119\u017cny, grza\u0142k\u0119 lub palnik za pomoc\u0105 przep\u0142ywomierzy paliwa Eurosens.{:}\" \/>\n<meta property=\"og:url\" content=\"https:\/\/mechatronics.by\/products\/flowcontrol\/\" \/>\n<meta property=\"og:site_name\" content=\"Mechatronics\" \/>\n<meta property=\"article:publisher\" content=\"https:\/\/www.facebook.com\/EurosensDelta\" \/>\n<meta property=\"article:modified_time\" content=\"2025-05-20T07:24:22+00:00\" \/>\n<meta property=\"og:image\" content=\"https:\/\/mechatronics.by\/wp-content\/uploads\/2015\/03\/\u0414\u0438\u0437\u0435\u043b\u044c-\u0433\u0435\u043d\u0435\u0440\u0430\u0442\u043e\u0440-Cummins-KTA38-Delta-PN-500-3-150x150.jpg\" \/>\n<meta name=\"twitter:label1\" content=\"Tiempo de lectura\" \/>\n\t<meta name=\"twitter:data1\" content=\"3 minutos\" \/>\n<script type=\"application\/ld+json\" class=\"yoast-schema-graph\">{\"@context\":\"https:\/\/schema.org\",\"@graph\":[{\"@type\":\"WebSite\",\"@id\":\"https:\/\/mechatronics.by\/#website\",\"url\":\"https:\/\/mechatronics.by\/\",\"name\":\"Mechatronics\",\"description\":\"\\u041a\\u043e\\u043d\\u0442\\u0440\\u043e\\u043b\\u044c \\u0440\\u0430\\u0441\\u0445\\u043e\\u0434\\u0430 \\u0442\\u043e\\u043f\\u043b\\u0438\\u0432\\u0430 \\u0438 \\u0434\\u0440\\u0443\\u0433\\u0438\\u0445 \\u043f\\u0430\\u0440\\u0430\\u043c\\u0435\\u0442\\u0440\\u043e\\u0432 \\u0440\\u0430\\u0431\\u043e\\u0442\\u044b \\u043c\\u0430\\u0448\\u0438\\u043d\",\"potentialAction\":[{\"@type\":\"SearchAction\",\"target\":\"https:\/\/mechatronics.by\/?s={search_term_string}\",\"query-input\":\"required name=search_term_string\"}],\"inLanguage\":\"es\"},{\"@type\":\"ImageObject\",\"@id\":\"https:\/\/mechatronics.by\/products\/flowcontrol\/#primaryimage\",\"inLanguage\":\"es\",\"url\":\"\/\/mechatronics.by\/wp-content\/uploads\/2014\/12\/5-150x150.jpg\",\"contentUrl\":\"\/\/mechatronics.by\/wp-content\/uploads\/2014\/12\/5-150x150.jpg\"},{\"@type\":\"WebPage\",\"@id\":\"https:\/\/mechatronics.by\/products\/flowcontrol\/#webpage\",\"url\":\"https:\/\/mechatronics.by\/products\/flowcontrol\/\",\"name\":\"[:es] Control de Combustible [:en] Fuel consumption monitoring [:ru] \\u041a\\u043e\\u043d\\u0442\\u0440\\u043e\\u043b\\u044c \\u0440\\u0430\\u0441\\u0445\\u043e\\u0434\\u0430 \\u0442\\u043e\\u043f\\u043b\\u0438\\u0432\\u0430 [:pt] Controle do consumo de combust\\u00edvel [:fr] Contr\\u00f4le de carburant [:pl] Kontrola zu\\u017cycia paliwa[:]\",\"isPartOf\":{\"@id\":\"https:\/\/mechatronics.by\/#website\"},\"primaryImageOfPage\":{\"@id\":\"https:\/\/mechatronics.by\/products\/flowcontrol\/#primaryimage\"},\"datePublished\":\"2014-04-27T15:22:58+00:00\",\"dateModified\":\"2025-05-20T07:24:22+00:00\",\"description\":\"{:es}Es f\\u00e1cil medir el consumo de combustible del motor diesel, el calentador o el quemador con ayuda de los medidores de flujo de combustible Eurosens. {:en}It is easy to measure fuel consumption of the diesel engine, heater or burner with a help of Eurosens fuel flow meters. {:ru}\\u041a\\u043e\\u043d\\u0442\\u0440\\u043e\\u043b\\u044c \\u0440\\u0430\\u0441\\u0445\\u043e\\u0434\\u0430 \\u0442\\u043e\\u043f\\u043b\\u0438\\u0432\\u0430 \\u0441 \\u043f\\u043e\\u043c\\u043e\\u0449\\u044c\\u044e \\u0440\\u0430\\u0441\\u0445\\u043e\\u0434\\u043e\\u043c\\u0435\\u0440\\u043e\\u0432 Eurosens \\u043d\\u0435\\u0440\\u0435\\u0434\\u043a\\u043e \\u044f\\u0432\\u043b\\u044f\\u0435\\u0442\\u0441\\u044f \\u043e\\u043f\\u0442\\u0438\\u043c\\u0430\\u043b\\u044c\\u043d\\u044b\\u043c \\u0440\\u0435\\u0448\\u0435\\u043d\\u0438\\u0435\\u043c \\u043f\\u043e \\u043a\\u043e\\u043d\\u0442\\u0440\\u043e\\u043b\\u044e \\u0440\\u0430\\u0441\\u0445\\u043e\\u0434\\u0430 \\u0442\\u043e\\u043f\\u043b\\u0438\\u0432\\u0430 {:pt}\\u00c9 f\\u00e1cil medir o consumo de combust\\u00edvel do motor, aquecedor ou queimador diesel com a ajuda dos medidores de caudal de combust\\u00edvel Eurosens. {:fr}Il est facile de mesurer la consommation de carburant du moteur diesel, du r\\u00e9chauffeur ou du br\\u00fbleur \\u00e0 l'aide des d\\u00e9bitm\\u00e8tres de carburant Eurosens. {:pl}\\u0141atwo zmierzy\\u0107 zu\\u017cycie paliwa przez silnik wysokopr\\u0119\\u017cny, grza\\u0142k\\u0119 lub palnik za pomoc\\u0105 przep\\u0142ywomierzy paliwa Eurosens.{:}\",\"breadcrumb\":{\"@id\":\"https:\/\/mechatronics.by\/products\/flowcontrol\/#breadcrumb\"},\"inLanguage\":\"es\",\"potentialAction\":[{\"@type\":\"ReadAction\",\"target\":[\"https:\/\/mechatronics.by\/products\/flowcontrol\/\"]}]},{\"@type\":\"BreadcrumbList\",\"@id\":\"https:\/\/mechatronics.by\/products\/flowcontrol\/#breadcrumb\",\"itemListElement\":[{\"@type\":\"ListItem\",\"position\":1,\"item\":{\"@type\":\"WebPage\",\"@id\":\"https:\/\/mechatronics.by\/\",\"url\":\"https:\/\/mechatronics.by\/\",\"name\":\"Home\"}},{\"@type\":\"ListItem\",\"position\":2,\"item\":{\"@type\":\"WebPage\",\"@id\":\"https:\/\/mechatronics.by\/products\/\",\"url\":\"https:\/\/mechatronics.by\/products\/\",\"name\":\"\\u041f\\u0440\\u043e\\u0434\\u0443\\u043a\\u0442\\u044b\"}},{\"@type\":\"ListItem\",\"position\":3,\"item\":{\"@id\":\"https:\/\/mechatronics.by\/products\/flowcontrol\/#webpage\"}}]}]}<\/script>\n<!-- \/ Yoast SEO plugin. -->","_links":{"self":[{"href":"https:\/\/mechatronics.by\/es\/wp-json\/wp\/v2\/pages\/4642"}],"collection":[{"href":"https:\/\/mechatronics.by\/es\/wp-json\/wp\/v2\/pages"}],"about":[{"href":"https:\/\/mechatronics.by\/es\/wp-json\/wp\/v2\/types\/page"}],"author":[{"embeddable":true,"href":"https:\/\/mechatronics.by\/es\/wp-json\/wp\/v2\/users\/1"}],"replies":[{"embeddable":true,"href":"https:\/\/mechatronics.by\/es\/wp-json\/wp\/v2\/comments?post=4642"}],"version-history":[{"count":98,"href":"https:\/\/mechatronics.by\/es\/wp-json\/wp\/v2\/pages\/4642\/revisions"}],"predecessor-version":[{"id":13662,"href":"https:\/\/mechatronics.by\/es\/wp-json\/wp\/v2\/pages\/4642\/revisions\/13662"}],"up":[{"embeddable":true,"href":"https:\/\/mechatronics.by\/es\/wp-json\/wp\/v2\/pages\/18"}],"wp:attachment":[{"href":"https:\/\/mechatronics.by\/es\/wp-json\/wp\/v2\/media?parent=4642"}],"curies":[{"name":"wp","href":"https:\/\/api.w.org\/{rel}","templated":true}]}}