{"id":5484,"date":"2014-06-14T16:33:08","date_gmt":"2014-06-14T13:33:08","guid":{"rendered":"http:\/\/mechatronics.by\/?page_id=5484"},"modified":"2024-01-04T21:33:54","modified_gmt":"2024-01-04T18:33:54","slug":"eurosens-dds-axle-load-sensor","status":"publish","type":"page","link":"https:\/\/mechatronics.by\/es\/products\/onboard-weighing\/eurosens-dds-axle-load-sensor\/","title":{"rendered":"Eurosens DDS A(485,CAN) sensor de carga por eje"},"content":{"rendered":"<p><\/p>\n<!-- START REVOLUTION SLIDER 4.1.3 fullwidth mode -->\n\n<div id=\"rev_slider_20_1_wrapper\" class=\"rev_slider_wrapper fullwidthbanner-container\" style=\"margin:0px auto;background-color:#E9E9E9;padding:0px;margin-top:0px;margin-bottom:0px;max-height:200px;\">\n\t<div id=\"rev_slider_20_1\" class=\"rev_slider fullwidthabanner\" style=\"display:none;max-height:200px;height:200;\">\n<ul>\t<!-- SLIDE  -->\n\t<li data-transition=\"random\" data-slotamount=\"7\" data-masterspeed=\"300\" >\n\t\t<!-- MAIN IMAGE -->\n\t\t<img src=\"https:\/\/mechatronics.by\/wp-content\/uploads\/2014\/04\/VolvoFMX_Suspension_700x200.jpg\"  alt=\"VolvoFMX_Suspension_700x200\"  data-bgposition=\"center top\" data-bgfit=\"cover\" data-bgrepeat=\"no-repeat\">\n\t\t<!-- LAYERS -->\n\t<\/li>\n\t<!-- SLIDE  -->\n\t<li data-transition=\"random\" data-slotamount=\"7\" data-masterspeed=\"300\" >\n\t\t<!-- MAIN IMAGE -->\n\t\t<img src=\"https:\/\/mechatronics.by\/wp-content\/uploads\/2014\/04\/mercedes-benz_axor_2_700x200.jpg\"  alt=\"mercedes-benz_axor_2_700x200\"  data-bgposition=\"center top\" data-bgfit=\"cover\" data-bgrepeat=\"no-repeat\">\n\t\t<!-- LAYERS -->\n\t<\/li>\n\t<!-- SLIDE  -->\n\t<li data-transition=\"random\" data-slotamount=\"7\" data-masterspeed=\"300\" >\n\t\t<!-- MAIN IMAGE -->\n\t\t<img src=\"https:\/\/mechatronics.by\/wp-content\/uploads\/2014\/04\/Mack_Titan_3_700x200.jpg\"  alt=\"Mack_Titan_3_700x200\"  data-bgposition=\"center top\" data-bgfit=\"cover\" data-bgrepeat=\"no-repeat\">\n\t\t<!-- LAYERS -->\n\t<\/li>\n<\/ul>\n\t<\/div>\n<\/div>\t\t\t\r\n\t\t\t<script type=\"text\/javascript\">\r\n\r\n\t\t\t\tvar tpj=jQuery;\t\t\t\t\r\n\t\t\t\ttpj.noConflict();\t\t\t\t\r\n\t\t\t\tvar revapi20;\r\n\t\t\t\t\r\n\t\t\t\ttpj(document).ready(function() {\r\n\t\t\t\t\t\t\t\t\r\n\t\t\t\tif(tpj('#rev_slider_20_1').revolution == undefined)\r\n\t\t\t\t\trevslider_showDoubleJqueryError('#rev_slider_20_1');\r\n\t\t\t\telse\r\n\t\t\t\t   revapi20 = tpj('#rev_slider_20_1').show().revolution(\r\n\t\t\t\t\t{\r\n\t\t\t\t\t\tdottedOverlay:\"none\",\r\n\t\t\t\t\t\tdelay:9000,\r\n\t\t\t\t\t\tstartwidth:700,\r\n\t\t\t\t\t\tstartheight:200,\r\n\t\t\t\t\t\thideThumbs:200,\r\n\t\t\t\t\t\t\r\n\t\t\t\t\t\tthumbWidth:100,\r\n\t\t\t\t\t\tthumbHeight:50,\r\n\t\t\t\t\t\tthumbAmount:3,\r\n\t\t\t\t\t\t\r\n\t\t\t\t\t\tnavigationType:\"bullet\",\r\n\t\t\t\t\t\tnavigationArrows:\"solo\",\r\n\t\t\t\t\t\tnavigationStyle:\"round\",\r\n\t\t\t\t\t\t\r\n\t\t\t\t\t\ttouchenabled:\"on\",\r\n\t\t\t\t\t\tonHoverStop:\"on\",\r\n\t\t\t\t\t\t\r\n\t\t\t\t\t\tnavigationHAlign:\"center\",\r\n\t\t\t\t\t\tnavigationVAlign:\"bottom\",\r\n\t\t\t\t\t\tnavigationHOffset:0,\r\n\t\t\t\t\t\tnavigationVOffset:20,\r\n\r\n\t\t\t\t\t\tsoloArrowLeftHalign:\"left\",\r\n\t\t\t\t\t\tsoloArrowLeftValign:\"center\",\r\n\t\t\t\t\t\tsoloArrowLeftHOffset:20,\r\n\t\t\t\t\t\tsoloArrowLeftVOffset:0,\r\n\r\n\t\t\t\t\t\tsoloArrowRightHalign:\"right\",\r\n\t\t\t\t\t\tsoloArrowRightValign:\"center\",\r\n\t\t\t\t\t\tsoloArrowRightHOffset:20,\r\n\t\t\t\t\t\tsoloArrowRightVOffset:0,\r\n\t\t\t\t\t\t\t\t\r\n\t\t\t\t\t\tshadow:0,\r\n\t\t\t\t\t\tfullWidth:\"on\",\r\n\t\t\t\t\t\tfullScreen:\"off\",\r\n\r\n\t\t\t\t\t\tstopLoop:\"off\",\r\n\t\t\t\t\t\tstopAfterLoops:-1,\r\n\t\t\t\t\t\tstopAtSlide:-1,\r\n\r\n\t\t\t\t\t\t\r\n\t\t\t\t\t\tshuffle:\"off\",\r\n\t\t\t\t\t\t\r\n\t\t\t\t\t\tautoHeight:\"off\",\t\t\t\t\t\t\r\n\t\t\t\t\t\tforceFullWidth:\"off\",\t\t\t\t\t\t\r\n\t\t\t\t\t\t\t\t\t\t\t\t\r\n\t\t\t\t\t\t\t\t\t\t\t\t\r\n\t\t\t\t\t\thideThumbsOnMobile:\"off\",\r\n\t\t\t\t\t\thideBulletsOnMobile:\"off\",\r\n\t\t\t\t\t\thideArrowsOnMobile:\"off\",\r\n\t\t\t\t\t\thideThumbsUnderResolution:0,\r\n\t\t\t\t\t\t\r\n\t\t\t\t\t\thideSliderAtLimit:0,\r\n\t\t\t\t\t\thideCaptionAtLimit:0,\r\n\t\t\t\t\t\thideAllCaptionAtLilmit:0,\r\n\t\t\t\t\t\tstartWithSlide:0,\r\n\t\t\t\t\t\tvideoJsPath:\"https:\/\/mechatronics.by\/wp-content\/plugins\/revslider\/rs-plugin\/videojs\/\",\r\n\t\t\t\t\t\tfullScreenOffsetContainer: \"\"\t\r\n\t\t\t\t\t});\r\n\t\t\t\t\r\n\t\t\t\t});\t\/\/ready\r\n\t\t\t\t\r\n\t\t\t<\/script>\r\n\t\t\t\r\n\t\t\t<!-- END REVOLUTION SLIDER -->\n<h2><span style=\"color: #000080;\"><strong>Eurosens DDS<\/strong><\/span><\/h2>\n<style type='text\/css'>#reading-box-container-1 .tagline-shadow:before,#reading-box-container-1 .tagline-shadow:after{opacity:0.7;}<\/style><div class=\"reading-box-container clearfix\" id=\"reading-box-container-1\"><section class=\"reading-box \" style=\"background-color:#fff !important;border-width:1px;border-color:#ededed!important;border-top-width:3px !important;border-top-color:#1a80b6!important;border-style:solid;\"><a href=\"\/\/mechatronics.by\/en\/mechatronics-contacts\/\" target=\"\" class=\"continue button large default\">Learn more!<\/a><h2>Para veh\u00edculos con suspensi\u00f3n de ballestas<\/h2><p> El sensor Eurosens DDS se monta en el chasis del veh\u00edculo. El enlace vertical del kit de montaje se fija al eje. La flexi\u00f3n de la suspensi\u00f3n bajo carga se convierte en desplazamiento vertical de la barra y rotaci\u00f3n del brazo del eje del sensor DDS.  Se utiliza un sensor Hall como transductor. La salida del sensor genera una se\u00f1al de salida que corresponde a la posici\u00f3n angular del brazo oscilante, que var\u00eda en funci\u00f3n de la carga del eje del veh\u00edculo. Para convertir la se\u00f1al de salida en valores de carga por eje en kilogramos, es necesario realizar una calibraci\u00f3n utilizando una b\u00e1scula de veh\u00edculos. <\/p><a href=\"\/\/mechatronics.by\/en\/mechatronics-contacts\/\" target=\"\" class=\"continue mobile-button button large default\">Learn more!<\/a><\/section><\/div>\n<p>&nbsp;<\/p>\n\n\t\t<style type=\"text\/css\">\n\t\t\t#gallery-1 {\n\t\t\t\tmargin: auto;\n\t\t\t}\n\t\t\t#gallery-1 .gallery-item {\n\t\t\t\tfloat: left;\n\t\t\t\tmargin-top: 10px;\n\t\t\t\ttext-align: center;\n\t\t\t\twidth: 33%;\n\t\t\t}\n\t\t\t#gallery-1 img {\n\t\t\t\tborder: 2px solid #cfcfcf;\n\t\t\t}\n\t\t\t#gallery-1 .gallery-caption {\n\t\t\t\tmargin-left: 0;\n\t\t\t}\n\t\t\t\/* see gallery_shortcode() in wp-includes\/media.php *\/\n\t\t<\/style>\n\t\t<div id='gallery-1' class='gallery galleryid-5484 gallery-columns-3 gallery-size-medium'><dl class='gallery-item'>\n\t\t\t<dt class='gallery-icon landscape'>\n\t\t\t\t<a rel=\"prettyPhoto[postimages]\" href='https:\/\/mechatronics.by\/wp-content\/uploads\/2020\/06\/MKU_5282.jpg'><img width=\"300\" height=\"264\" src=\"https:\/\/mechatronics.by\/wp-content\/uploads\/2020\/06\/MKU_5282-300x264.jpg\" class=\"attachment-medium size-medium\" alt=\"\" loading=\"lazy\" srcset=\"https:\/\/mechatronics.by\/wp-content\/uploads\/2020\/06\/MKU_5282-300x264.jpg 300w, https:\/\/mechatronics.by\/wp-content\/uploads\/2020\/06\/MKU_5282-768x675.jpg 768w, https:\/\/mechatronics.by\/wp-content\/uploads\/2020\/06\/MKU_5282-1024x899.jpg 1024w\" sizes=\"(max-width: 300px) 100vw, 300px\" \/><\/a>\n\t\t\t<\/dt><\/dl><dl class='gallery-item'>\n\t\t\t<dt class='gallery-icon landscape'>\n\t\t\t\t<a rel=\"prettyPhoto[postimages]\" href='https:\/\/mechatronics.by\/wp-content\/uploads\/2019\/09\/MKU_2639.jpg'><img width=\"300\" height=\"200\" src=\"https:\/\/mechatronics.by\/wp-content\/uploads\/2019\/09\/MKU_2639-300x200.jpg\" class=\"attachment-medium size-medium\" alt=\"Eurosens Difference 02\" loading=\"lazy\" srcset=\"https:\/\/mechatronics.by\/wp-content\/uploads\/2019\/09\/MKU_2639-300x200.jpg 300w, https:\/\/mechatronics.by\/wp-content\/uploads\/2019\/09\/MKU_2639-768x512.jpg 768w, https:\/\/mechatronics.by\/wp-content\/uploads\/2019\/09\/MKU_2639-1024x683.jpg 1024w\" sizes=\"(max-width: 300px) 100vw, 300px\" \/><\/a>\n\t\t\t<\/dt><\/dl><dl class='gallery-item'>\n\t\t\t<dt class='gallery-icon landscape'>\n\t\t\t\t<a rel=\"prettyPhoto[postimages]\" href='https:\/\/mechatronics.by\/wp-content\/uploads\/2020\/06\/MKU_5278.jpg'><img width=\"300\" height=\"264\" src=\"https:\/\/mechatronics.by\/wp-content\/uploads\/2020\/06\/MKU_5278-300x264.jpg\" class=\"attachment-medium size-medium\" alt=\"\" loading=\"lazy\" srcset=\"https:\/\/mechatronics.by\/wp-content\/uploads\/2020\/06\/MKU_5278-300x264.jpg 300w, https:\/\/mechatronics.by\/wp-content\/uploads\/2020\/06\/MKU_5278-768x675.jpg 768w, https:\/\/mechatronics.by\/wp-content\/uploads\/2020\/06\/MKU_5278-1024x899.jpg 1024w\" sizes=\"(max-width: 300px) 100vw, 300px\" \/><\/a>\n\t\t\t<\/dt><\/dl><br style=\"clear: both\" \/><dl class='gallery-item'>\n\t\t\t<dt class='gallery-icon landscape'>\n\t\t\t\t<a rel=\"prettyPhoto[postimages]\" href='https:\/\/mechatronics.by\/wp-content\/uploads\/2019\/09\/MKU_2646.jpg'><img width=\"300\" height=\"200\" src=\"https:\/\/mechatronics.by\/wp-content\/uploads\/2019\/09\/MKU_2646-300x200.jpg\" class=\"attachment-medium size-medium\" alt=\"\" loading=\"lazy\" srcset=\"https:\/\/mechatronics.by\/wp-content\/uploads\/2019\/09\/MKU_2646-300x200.jpg 300w, https:\/\/mechatronics.by\/wp-content\/uploads\/2019\/09\/MKU_2646-768x512.jpg 768w, https:\/\/mechatronics.by\/wp-content\/uploads\/2019\/09\/MKU_2646-1024x683.jpg 1024w\" sizes=\"(max-width: 300px) 100vw, 300px\" \/><\/a>\n\t\t\t<\/dt><\/dl><dl class='gallery-item'>\n\t\t\t<dt class='gallery-icon landscape'>\n\t\t\t\t<a rel=\"prettyPhoto[postimages]\" href='https:\/\/mechatronics.by\/wp-content\/uploads\/2020\/06\/MKU_5280.jpg'><img width=\"300\" height=\"264\" src=\"https:\/\/mechatronics.by\/wp-content\/uploads\/2020\/06\/MKU_5280-300x264.jpg\" class=\"attachment-medium size-medium\" alt=\"\" loading=\"lazy\" srcset=\"https:\/\/mechatronics.by\/wp-content\/uploads\/2020\/06\/MKU_5280-300x264.jpg 300w, https:\/\/mechatronics.by\/wp-content\/uploads\/2020\/06\/MKU_5280-768x675.jpg 768w, https:\/\/mechatronics.by\/wp-content\/uploads\/2020\/06\/MKU_5280-1024x899.jpg 1024w\" sizes=\"(max-width: 300px) 100vw, 300px\" \/><\/a>\n\t\t\t<\/dt><\/dl><dl class='gallery-item'>\n\t\t\t<dt class='gallery-icon landscape'>\n\t\t\t\t<a rel=\"prettyPhoto[postimages]\" href='https:\/\/mechatronics.by\/wp-content\/uploads\/2023\/01\/DDS-method.png'><img width=\"300\" height=\"276\" src=\"https:\/\/mechatronics.by\/wp-content\/uploads\/2023\/01\/DDS-method-300x276.png\" class=\"attachment-medium size-medium\" alt=\"\" loading=\"lazy\" srcset=\"https:\/\/mechatronics.by\/wp-content\/uploads\/2023\/01\/DDS-method-300x276.png 300w, https:\/\/mechatronics.by\/wp-content\/uploads\/2023\/01\/DDS-method.png 762w\" sizes=\"(max-width: 300px) 100vw, 300px\" \/><\/a>\n\t\t\t<\/dt><\/dl><br style=\"clear: both\" \/>\n\t\t<\/div>\n\n<p>Eurosens DDS 485 utiliza el protocolo LLS\/MODBUS. El Eurosens DDS CAN utiliza el protocolo CAN bus J1939 con PGN configurable.<\/p>\n<p>Despu\u00e9s de la instalaci\u00f3n y el cableado Eurosens DDS debe realizar una calibraci\u00f3n en la que se asigna la tensi\u00f3n de salida a la carga en la suspensi\u00f3n del veh\u00edculo.<\/p>\n<p>&nbsp;<\/p>\n<table style=\"height: 34px; width: 1033px;\" width=\"1045\">\n<tbody>\n<tr>\n<td style=\"width: 300px;\"><b>Eurosens DDS flyer<\/b><\/td>\n<td style=\"text-align: left; width: 733px;\"><a href=\"https:\/\/files.eurosenstelematics.com\/files\/eurosens-dds-flyer-esp\"><img loading=\"lazy\" class=\"aligncenter size-full wp-image-13190\" src=\"https:\/\/mechatronics.by\/wp-content\/uploads\/2023\/04\/download.png\" alt=\"\" width=\"27\" height=\"27\" \/><\/a><\/td>\n<\/tr>\n<tr>\n<td style=\"width: 300px;\"><b>Eurosens DDS especificaci\u00f3n<\/b><\/td>\n<td style=\"text-align: left; width: 733px;\"><a href=\"https:\/\/files.eurosenstelematics.com\/files\/eurosens-dds-specification\"><img loading=\"lazy\" class=\"aligncenter wp-image-13190 size-full\" src=\"https:\/\/mechatronics.by\/wp-content\/uploads\/2023\/04\/download.png\" alt=\"\" width=\"27\" height=\"27\" \/><\/a><\/td>\n<\/tr>\n<tr>\n<td style=\"width: 300px;\"><b>Eurosens DDS A\/485\/CAN operation manual<\/b><\/td>\n<td style=\"text-align: left; width: 733px;\"><a href=\"https:\/\/files.eurosenstelematics.com\/files\/eurosens-dds-manual-esp\"><img loading=\"lazy\" class=\"aligncenter wp-image-13190 size-full\" src=\"https:\/\/mechatronics.by\/wp-content\/uploads\/2023\/04\/download.png\" alt=\"\" width=\"27\" height=\"27\" \/><\/a><\/td>\n<\/tr>\n<\/tbody>\n<\/table>\n<p>&nbsp;<\/p>\n<table style=\"border-collapse: collapse; width: 100%;\">\n<tbody>\n<tr>\n<td style=\"width: 50%;\"><a href=\"https:\/\/mechatronics.by\/wp-content\/uploads\/2023\/01\/join-telegram.png\"><img loading=\"lazy\" class=\"wp-image-13044 size-full aligncenter\" src=\"https:\/\/mechatronics.by\/wp-content\/uploads\/2023\/01\/join-telegram.png\" alt=\"\" width=\"300\" height=\"116\" \/><\/a><\/td>\n<td style=\"width: 50%;\">\u00a0<a href=\"https:\/\/www.youtube.com\/@MechatronicsTV\/videos\"><img loading=\"lazy\" class=\"aligncenter wp-image-12963 size-medium\" src=\"https:\/\/mechatronics.by\/wp-content\/uploads\/2023\/01\/youtube-subscr-300x97.gif\" alt=\"\" width=\"300\" height=\"97\" srcset=\"https:\/\/mechatronics.by\/wp-content\/uploads\/2023\/01\/youtube-subscr-300x97.gif 300w, https:\/\/mechatronics.by\/wp-content\/uploads\/2023\/01\/youtube-subscr-1024x330.gif 1024w, https:\/\/mechatronics.by\/wp-content\/uploads\/2023\/01\/youtube-subscr-768x247.gif 768w\" sizes=\"(max-width: 300px) 100vw, 300px\" \/><\/a><\/td>\n<\/tr>\n<\/tbody>\n<\/table>\n<p><\/p>","protected":false},"excerpt":{"rendered":"<p>Eurosens DDS &nbsp; Eurosens DDS 485 utiliza el protocolo LLS\/MODBUS. El Eurosens DDS CAN utiliza el protocolo CAN bus J1939 con PGN configurable. Despu\u00e9s de la instalaci\u00f3n y el cableado Eurosens DDS debe realizar una calibraci\u00f3n en la que se asigna la tensi\u00f3n de salida a la carga en la suspensi\u00f3n del veh\u00edculo. &nbsp; Eurosens [&hellip;]<\/p>\n","protected":false},"author":1,"featured_media":0,"parent":4748,"menu_order":0,"comment_status":"open","ping_status":"open","template":"side-navigation.php","meta":[],"yoast_head":"<!-- This site is optimized with the Yoast SEO plugin v16.4 - https:\/\/yoast.com\/wordpress\/plugins\/seo\/ -->\n<title>Control de carga por eje y peso de carga<\/title>\n<meta name=\"description\" content=\"Eurosens Difference 02 - sensor de carga por eje para suspensi\u00f3n de ballesta Eurosens DDS - sensor de carga por eje para suspensi\u00f3n de ballesta Eurosens DDS - sensor de carga por eje para suspensi\u00f3n de ballesta\" \/>\n<meta name=\"robots\" content=\"index, follow, max-snippet:-1, max-image-preview:large, max-video-preview:-1\" \/>\n<link rel=\"canonical\" href=\"https:\/\/mechatronics.by\/products\/onboard-weighing\/eurosens-dds-axle-load-sensor\/\" \/>\n<meta property=\"og:locale\" content=\"es_ES\" \/>\n<meta property=\"og:type\" content=\"article\" \/>\n<meta property=\"og:title\" content=\"[:es] Control de carga por eje y peso de carga [:en] Axle load sensor[:ru] \u0414\u0430\u0442\u0447\u0438\u043a \u043d\u0430\u0433\u0440\u0443\u0437\u043a\u0438 \u043d\u0430 \u043e\u0441\u044c [:pt] Monitoramento da carga do eixo e do peso da carga[:fr] Contr\u00f4le de la charge \u00e0 l&#039;essieu et du poids de la cargaison[:pl] Monitorowanie obci\u0105\u017cenia osi i masy \u0142adunku[:]\" \/>\n<meta property=\"og:description\" content=\"{:es} Eurosens Difference 02 - sensor de carga por eje para suspensi\u00f3n de ballesta Eurosens DDS - sensor de carga por eje para suspensi\u00f3n de ballesta Eurosens DDS - sensor de carga por eje para suspensi\u00f3n de ballesta {:en} Eurosens DDS - axle load sensor for leaf spring suspension{:ru} \u041a\u043e\u043d\u0442\u0440\u043e\u043b\u044c \u043e\u0441\u0435\u0432\u043e\u0439 \u043d\u0430\u0433\u0440\u0443\u0437\u043a\u0438 \u0442\u0440\u0430\u043d\u0441\u043f\u043e\u0440\u0442\u043d\u043e\u0433\u043e \u0441\u0440\u0435\u0434\u0441\u0442\u0432\u0430 \u0441 \u0440\u0435\u0441\u0441\u043e\u0440\u043d\u043e\u0439 \u043f\u043e\u0434\u0432\u0435\u0441\u043a\u043e\u0439 \u043e\u0441\u0443\u0449\u0435\u0441\u0442\u0432\u043b\u044f\u0435\u0442\u0441\u044f \u0441 \u043f\u043e\u043c\u043e\u0449\u044c\u044e \u0434\u0430\u0442\u0447\u0438\u043a\u0430 \u043d\u0430\u0433\u0440\u0443\u0437\u043a\u0438 \u043d\u0430 \u043e\u0441\u044c Eurosens DDS . \u041a\u043e\u043d\u0442\u0440\u043e\u043b\u044c \u043e\u0441\u0435\u0432\u043e\u0439 \u043d\u0430\u0433\u0440\u0443\u0437\u043a\u0438 \u0442\u0440\u0430\u043d\u0441\u043f\u043e\u0440\u0442\u043d\u043e\u0433\u043e \u0441\u0440\u0435\u0434\u0441\u0442\u0432\u0430 \u0441 \u0440\u0435\u0441\u0441\u043e\u0440\u043d\u043e\u0439 \u043f\u043e\u0434\u0432\u0435\u0441\u043a\u043e\u0439 \u043e\u0441\u0443\u0449\u0435\u0441\u0442\u0432\u043b\u044f\u0435\u0442\u0441\u044f \u0441 \u043f\u043e\u043c\u043e\u0449\u044c\u044e \u0434\u0430\u0442\u0447\u0438\u043a\u0430 \u043d\u0430\u0433\u0440\u0443\u0437\u043a\u0438 \u043d\u0430 \u043e\u0441\u044c Eurosens DDS .{:pt} Eurosens DDS -sensor de carga por eixo para suspens\u00e3o de molas Eurosens DDS -sensor de carga por eixo para suspens\u00e3o de molas Eurosens Difference 02 -sensor de carga por eixo para suspens\u00e3o de molas{:fr} Eurosens DDS - capteur de charge d&#039;essieu pour suspension \u00e0 ressorts \u00e0 lames Eurosens DDS - capteur de charge d&#039;essieu pour suspension \u00e0 ressorts \u00e0 lames Eurosens Difference 02 - capteur de charge d&#039;essieu pour suspension \u00e0 ressorts \u00e0 lames{:pl} Eurosens DDS - czujnik obci\u0105\u017cenia osi do zawieszenia resorowego Eurosens DDS - czujnik obci\u0105\u017cenia osi do zawieszenia resorowego Eurosens Difference 02 - czujnik obci\u0105\u017cenia osi do zawieszenia resorowego{:}\" \/>\n<meta property=\"og:url\" content=\"https:\/\/mechatronics.by\/products\/onboard-weighing\/eurosens-dds-axle-load-sensor\/\" \/>\n<meta property=\"og:site_name\" content=\"Mechatronics\" \/>\n<meta property=\"article:publisher\" content=\"https:\/\/www.facebook.com\/EurosensDelta\" \/>\n<meta property=\"article:modified_time\" content=\"2024-01-04T18:33:54+00:00\" \/>\n<meta property=\"og:image\" content=\"https:\/\/mechatronics.by\/wp-content\/uploads\/2020\/06\/MKU_5282-300x264.jpg\" \/>\n<meta name=\"twitter:label1\" content=\"Tiempo de lectura\" \/>\n\t<meta name=\"twitter:data1\" content=\"2 minutos\" \/>\n<script type=\"application\/ld+json\" class=\"yoast-schema-graph\">{\"@context\":\"https:\/\/schema.org\",\"@graph\":[{\"@type\":\"WebSite\",\"@id\":\"https:\/\/mechatronics.by\/#website\",\"url\":\"https:\/\/mechatronics.by\/\",\"name\":\"Mechatronics\",\"description\":\"\\u041a\\u043e\\u043d\\u0442\\u0440\\u043e\\u043b\\u044c \\u0440\\u0430\\u0441\\u0445\\u043e\\u0434\\u0430 \\u0442\\u043e\\u043f\\u043b\\u0438\\u0432\\u0430 \\u0438 \\u0434\\u0440\\u0443\\u0433\\u0438\\u0445 \\u043f\\u0430\\u0440\\u0430\\u043c\\u0435\\u0442\\u0440\\u043e\\u0432 \\u0440\\u0430\\u0431\\u043e\\u0442\\u044b \\u043c\\u0430\\u0448\\u0438\\u043d\",\"potentialAction\":[{\"@type\":\"SearchAction\",\"target\":\"https:\/\/mechatronics.by\/?s={search_term_string}\",\"query-input\":\"required name=search_term_string\"}],\"inLanguage\":\"es\"},{\"@type\":\"ImageObject\",\"@id\":\"https:\/\/mechatronics.by\/products\/onboard-weighing\/eurosens-dds-axle-load-sensor\/#primaryimage\",\"inLanguage\":\"es\",\"url\":\"https:\/\/mechatronics.by\/wp-content\/uploads\/2023\/04\/download.png\",\"contentUrl\":\"https:\/\/mechatronics.by\/wp-content\/uploads\/2023\/04\/download.png\",\"width\":27,\"height\":27},{\"@type\":\"WebPage\",\"@id\":\"https:\/\/mechatronics.by\/products\/onboard-weighing\/eurosens-dds-axle-load-sensor\/#webpage\",\"url\":\"https:\/\/mechatronics.by\/products\/onboard-weighing\/eurosens-dds-axle-load-sensor\/\",\"name\":\"[:es] Control de carga por eje y peso de carga [:en] Axle load sensor[:ru] \\u0414\\u0430\\u0442\\u0447\\u0438\\u043a \\u043d\\u0430\\u0433\\u0440\\u0443\\u0437\\u043a\\u0438 \\u043d\\u0430 \\u043e\\u0441\\u044c [:pt] Monitoramento da carga do eixo e do peso da carga[:fr] Contr\\u00f4le de la charge \\u00e0 l'essieu et du poids de la cargaison[:pl] Monitorowanie obci\\u0105\\u017cenia osi i masy \\u0142adunku[:]\",\"isPartOf\":{\"@id\":\"https:\/\/mechatronics.by\/#website\"},\"primaryImageOfPage\":{\"@id\":\"https:\/\/mechatronics.by\/products\/onboard-weighing\/eurosens-dds-axle-load-sensor\/#primaryimage\"},\"datePublished\":\"2014-06-14T13:33:08+00:00\",\"dateModified\":\"2024-01-04T18:33:54+00:00\",\"description\":\"{:es} Eurosens Difference 02 - sensor de carga por eje para suspensi\\u00f3n de ballesta Eurosens DDS - sensor de carga por eje para suspensi\\u00f3n de ballesta Eurosens DDS - sensor de carga por eje para suspensi\\u00f3n de ballesta {:en} Eurosens DDS - axle load sensor for leaf spring suspension{:ru} \\u041a\\u043e\\u043d\\u0442\\u0440\\u043e\\u043b\\u044c \\u043e\\u0441\\u0435\\u0432\\u043e\\u0439 \\u043d\\u0430\\u0433\\u0440\\u0443\\u0437\\u043a\\u0438 \\u0442\\u0440\\u0430\\u043d\\u0441\\u043f\\u043e\\u0440\\u0442\\u043d\\u043e\\u0433\\u043e \\u0441\\u0440\\u0435\\u0434\\u0441\\u0442\\u0432\\u0430 \\u0441 \\u0440\\u0435\\u0441\\u0441\\u043e\\u0440\\u043d\\u043e\\u0439 \\u043f\\u043e\\u0434\\u0432\\u0435\\u0441\\u043a\\u043e\\u0439 \\u043e\\u0441\\u0443\\u0449\\u0435\\u0441\\u0442\\u0432\\u043b\\u044f\\u0435\\u0442\\u0441\\u044f \\u0441 \\u043f\\u043e\\u043c\\u043e\\u0449\\u044c\\u044e \\u0434\\u0430\\u0442\\u0447\\u0438\\u043a\\u0430 \\u043d\\u0430\\u0433\\u0440\\u0443\\u0437\\u043a\\u0438 \\u043d\\u0430 \\u043e\\u0441\\u044c Eurosens DDS . \\u041a\\u043e\\u043d\\u0442\\u0440\\u043e\\u043b\\u044c \\u043e\\u0441\\u0435\\u0432\\u043e\\u0439 \\u043d\\u0430\\u0433\\u0440\\u0443\\u0437\\u043a\\u0438 \\u0442\\u0440\\u0430\\u043d\\u0441\\u043f\\u043e\\u0440\\u0442\\u043d\\u043e\\u0433\\u043e \\u0441\\u0440\\u0435\\u0434\\u0441\\u0442\\u0432\\u0430 \\u0441 \\u0440\\u0435\\u0441\\u0441\\u043e\\u0440\\u043d\\u043e\\u0439 \\u043f\\u043e\\u0434\\u0432\\u0435\\u0441\\u043a\\u043e\\u0439 \\u043e\\u0441\\u0443\\u0449\\u0435\\u0441\\u0442\\u0432\\u043b\\u044f\\u0435\\u0442\\u0441\\u044f \\u0441 \\u043f\\u043e\\u043c\\u043e\\u0449\\u044c\\u044e \\u0434\\u0430\\u0442\\u0447\\u0438\\u043a\\u0430 \\u043d\\u0430\\u0433\\u0440\\u0443\\u0437\\u043a\\u0438 \\u043d\\u0430 \\u043e\\u0441\\u044c Eurosens DDS .{:pt} Eurosens DDS -sensor de carga por eixo para suspens\\u00e3o de molas Eurosens DDS -sensor de carga por eixo para suspens\\u00e3o de molas Eurosens Difference 02 -sensor de carga por eixo para suspens\\u00e3o de molas{:fr} Eurosens DDS - capteur de charge d'essieu pour suspension \\u00e0 ressorts \\u00e0 lames Eurosens DDS - capteur de charge d'essieu pour suspension \\u00e0 ressorts \\u00e0 lames Eurosens Difference 02 - capteur de charge d'essieu pour suspension \\u00e0 ressorts \\u00e0 lames{:pl} Eurosens DDS - czujnik obci\\u0105\\u017cenia osi do zawieszenia resorowego Eurosens DDS - czujnik obci\\u0105\\u017cenia osi do zawieszenia resorowego Eurosens Difference 02 - czujnik obci\\u0105\\u017cenia osi do zawieszenia resorowego{:}\",\"breadcrumb\":{\"@id\":\"https:\/\/mechatronics.by\/products\/onboard-weighing\/eurosens-dds-axle-load-sensor\/#breadcrumb\"},\"inLanguage\":\"es\",\"potentialAction\":[{\"@type\":\"ReadAction\",\"target\":[\"https:\/\/mechatronics.by\/products\/onboard-weighing\/eurosens-dds-axle-load-sensor\/\"]}]},{\"@type\":\"BreadcrumbList\",\"@id\":\"https:\/\/mechatronics.by\/products\/onboard-weighing\/eurosens-dds-axle-load-sensor\/#breadcrumb\",\"itemListElement\":[{\"@type\":\"ListItem\",\"position\":1,\"item\":{\"@type\":\"WebPage\",\"@id\":\"https:\/\/mechatronics.by\/\",\"url\":\"https:\/\/mechatronics.by\/\",\"name\":\"Home\"}},{\"@type\":\"ListItem\",\"position\":2,\"item\":{\"@type\":\"WebPage\",\"@id\":\"https:\/\/mechatronics.by\/products\/\",\"url\":\"https:\/\/mechatronics.by\/products\/\",\"name\":\"\\u041f\\u0440\\u043e\\u0434\\u0443\\u043a\\u0442\\u044b\"}},{\"@type\":\"ListItem\",\"position\":3,\"item\":{\"@type\":\"WebPage\",\"@id\":\"https:\/\/mechatronics.by\/products\/onboard-weighing\/\",\"url\":\"https:\/\/mechatronics.by\/products\/onboard-weighing\/\",\"name\":\"\\u0411\\u043e\\u0440\\u0442\\u043e\\u0432\\u043e\\u0435 \\u0432\\u0437\\u0432\\u0435\\u0448\\u0438\\u0432\\u0430\\u043d\\u0438\\u0435\"}},{\"@type\":\"ListItem\",\"position\":4,\"item\":{\"@id\":\"https:\/\/mechatronics.by\/products\/onboard-weighing\/eurosens-dds-axle-load-sensor\/#webpage\"}}]}]}<\/script>\n<!-- \/ Yoast SEO plugin. -->","_links":{"self":[{"href":"https:\/\/mechatronics.by\/es\/wp-json\/wp\/v2\/pages\/5484"}],"collection":[{"href":"https:\/\/mechatronics.by\/es\/wp-json\/wp\/v2\/pages"}],"about":[{"href":"https:\/\/mechatronics.by\/es\/wp-json\/wp\/v2\/types\/page"}],"author":[{"embeddable":true,"href":"https:\/\/mechatronics.by\/es\/wp-json\/wp\/v2\/users\/1"}],"replies":[{"embeddable":true,"href":"https:\/\/mechatronics.by\/es\/wp-json\/wp\/v2\/comments?post=5484"}],"version-history":[{"count":60,"href":"https:\/\/mechatronics.by\/es\/wp-json\/wp\/v2\/pages\/5484\/revisions"}],"predecessor-version":[{"id":13333,"href":"https:\/\/mechatronics.by\/es\/wp-json\/wp\/v2\/pages\/5484\/revisions\/13333"}],"up":[{"embeddable":true,"href":"https:\/\/mechatronics.by\/es\/wp-json\/wp\/v2\/pages\/4748"}],"wp:attachment":[{"href":"https:\/\/mechatronics.by\/es\/wp-json\/wp\/v2\/media?parent=5484"}],"curies":[{"name":"wp","href":"https:\/\/api.w.org\/{rel}","templated":true}]}}