{"id":5960,"date":"2014-12-20T16:18:39","date_gmt":"2014-12-20T13:18:39","guid":{"rendered":"http:\/\/mechatronics.by\/?page_id=5960"},"modified":"2021-04-12T23:28:31","modified_gmt":"2021-04-12T20:28:31","slug":"eurosens-display-f1","status":"publish","type":"page","link":"https:\/\/mechatronics.by\/es\/products\/information-display\/eurosens-display-f1\/","title":{"rendered":"Eurosens Display F1"},"content":{"rendered":"<p><\/p>\n<ul>\n<li style=\"list-style-type: none;\">\u00a0<\/li>\n<\/ul>\n<!-- START REVOLUTION SLIDER 4.1.3 fullwidth mode -->\n\n<div id=\"rev_slider_4_1_wrapper\" class=\"rev_slider_wrapper fullwidthbanner-container\" style=\"margin:0px auto;background-color:#E9E9E9;padding:0px;margin-top:0px;margin-bottom:0px;max-height:200px;\">\n\t<div id=\"rev_slider_4_1\" class=\"rev_slider fullwidthabanner\" style=\"display:none;max-height:200px;height:200;\">\n<ul>\t<!-- SLIDE  -->\n\t<li data-transition=\"random\" data-slotamount=\"7\" >\n\t\t<!-- MAIN IMAGE -->\n\t\t<img src=\"https:\/\/mechatronics.by\/wp-content\/uploads\/2014\/04\/Diesel_gen_700x200.jpg\"  alt=\"Diesel_gen_700x200\"  data-bgposition=\"center top\" data-bgfit=\"cover\" data-bgrepeat=\"no-repeat\">\n\t\t<!-- LAYERS -->\n\t<\/li>\n\t<!-- SLIDE  -->\n\t<li data-transition=\"random\" data-slotamount=\"7\" >\n\t\t<!-- MAIN IMAGE -->\n\t\t<img src=\"https:\/\/mechatronics.by\/wp-content\/uploads\/2014\/04\/Fendt_01_700x200.jpg\"  alt=\"Fendt_01_700x200\"  data-bgposition=\"center top\" data-bgfit=\"cover\" data-bgrepeat=\"no-repeat\">\n\t\t<!-- LAYERS -->\n\t<\/li>\n\t<!-- SLIDE  -->\n\t<li data-transition=\"random\" data-slotamount=\"7\" >\n\t\t<!-- MAIN IMAGE -->\n\t\t<img src=\"https:\/\/mechatronics.by\/wp-content\/uploads\/2014\/04\/Volvo_construction_equipmen_700x200.jpg\"  alt=\"Volvo_construction_equipmen_700x200\"  data-bgposition=\"center top\" data-bgfit=\"cover\" data-bgrepeat=\"no-repeat\">\n\t\t<!-- LAYERS -->\n\t<\/li>\n<\/ul>\n\t<\/div>\n<\/div>\t\t\t\r\n\t\t\t<script type=\"text\/javascript\">\r\n\r\n\t\t\t\tvar tpj=jQuery;\t\t\t\t\r\n\t\t\t\ttpj.noConflict();\t\t\t\t\r\n\t\t\t\tvar revapi4;\r\n\t\t\t\t\r\n\t\t\t\ttpj(document).ready(function() {\r\n\t\t\t\t\t\t\t\t\r\n\t\t\t\tif(tpj('#rev_slider_4_1').revolution == undefined)\r\n\t\t\t\t\trevslider_showDoubleJqueryError('#rev_slider_4_1');\r\n\t\t\t\telse\r\n\t\t\t\t   revapi4 = tpj('#rev_slider_4_1').show().revolution(\r\n\t\t\t\t\t{\r\n\t\t\t\t\t\tdottedOverlay:\"none\",\r\n\t\t\t\t\t\tdelay:9000,\r\n\t\t\t\t\t\tstartwidth:700,\r\n\t\t\t\t\t\tstartheight:200,\r\n\t\t\t\t\t\thideThumbs:200,\r\n\t\t\t\t\t\t\r\n\t\t\t\t\t\tthumbWidth:100,\r\n\t\t\t\t\t\tthumbHeight:50,\r\n\t\t\t\t\t\tthumbAmount:3,\r\n\t\t\t\t\t\t\r\n\t\t\t\t\t\tnavigationType:\"bullet\",\r\n\t\t\t\t\t\tnavigationArrows:\"solo\",\r\n\t\t\t\t\t\tnavigationStyle:\"round\",\r\n\t\t\t\t\t\t\r\n\t\t\t\t\t\ttouchenabled:\"on\",\r\n\t\t\t\t\t\tonHoverStop:\"on\",\r\n\t\t\t\t\t\t\r\n\t\t\t\t\t\tnavigationHAlign:\"center\",\r\n\t\t\t\t\t\tnavigationVAlign:\"bottom\",\r\n\t\t\t\t\t\tnavigationHOffset:0,\r\n\t\t\t\t\t\tnavigationVOffset:20,\r\n\r\n\t\t\t\t\t\tsoloArrowLeftHalign:\"left\",\r\n\t\t\t\t\t\tsoloArrowLeftValign:\"center\",\r\n\t\t\t\t\t\tsoloArrowLeftHOffset:20,\r\n\t\t\t\t\t\tsoloArrowLeftVOffset:0,\r\n\r\n\t\t\t\t\t\tsoloArrowRightHalign:\"right\",\r\n\t\t\t\t\t\tsoloArrowRightValign:\"center\",\r\n\t\t\t\t\t\tsoloArrowRightHOffset:20,\r\n\t\t\t\t\t\tsoloArrowRightVOffset:0,\r\n\t\t\t\t\t\t\t\t\r\n\t\t\t\t\t\tshadow:0,\r\n\t\t\t\t\t\tfullWidth:\"on\",\r\n\t\t\t\t\t\tfullScreen:\"off\",\r\n\r\n\t\t\t\t\t\tstopLoop:\"off\",\r\n\t\t\t\t\t\tstopAfterLoops:-1,\r\n\t\t\t\t\t\tstopAtSlide:-1,\r\n\r\n\t\t\t\t\t\t\r\n\t\t\t\t\t\tshuffle:\"off\",\r\n\t\t\t\t\t\t\r\n\t\t\t\t\t\tautoHeight:\"off\",\t\t\t\t\t\t\r\n\t\t\t\t\t\tforceFullWidth:\"off\",\t\t\t\t\t\t\r\n\t\t\t\t\t\t\t\t\t\t\t\t\r\n\t\t\t\t\t\t\t\t\t\t\t\t\r\n\t\t\t\t\t\thideThumbsOnMobile:\"off\",\r\n\t\t\t\t\t\thideBulletsOnMobile:\"off\",\r\n\t\t\t\t\t\thideArrowsOnMobile:\"off\",\r\n\t\t\t\t\t\thideThumbsUnderResolution:0,\r\n\t\t\t\t\t\t\r\n\t\t\t\t\t\thideSliderAtLimit:0,\r\n\t\t\t\t\t\thideCaptionAtLimit:0,\r\n\t\t\t\t\t\thideAllCaptionAtLilmit:0,\r\n\t\t\t\t\t\tstartWithSlide:0,\r\n\t\t\t\t\t\tvideoJsPath:\"https:\/\/mechatronics.by\/wp-content\/plugins\/revslider\/rs-plugin\/videojs\/\",\r\n\t\t\t\t\t\tfullScreenOffsetContainer: \"\"\t\r\n\t\t\t\t\t});\r\n\t\t\t\t\r\n\t\t\t\t});\t\/\/ready\r\n\t\t\t\t\r\n\t\t\t<\/script>\r\n\t\t\t\r\n\t\t\t<!-- END REVOLUTION SLIDER -->\n<h2>\u00a0<\/h2>\n<h2><span style=\"color: #000080;\"><strong>Eurosens Display F1<\/strong><\/span><\/h2>\n<p><a href=\"\/\/mechatronics.by\/wp-content\/uploads\/2014\/12\/Eurosens-Display-F1_900x900.jpg\"><img loading=\"lazy\" class=\"alignleft wp-image-184 size-full\" src=\"\/\/mechatronics.by\/wp-content\/uploads\/2014\/12\/Eurosens-Display-F1_900x900.jpg\" alt=\"Eurosens Display F1\" width=\"200\" height=\"200\" \/><\/a> <div class=\"two_third last\"><style type='text\/css'>#reading-box-container-1 .tagline-shadow:before,#reading-box-container-1 .tagline-shadow:after{opacity:0.7;}<\/style><div class=\"reading-box-container clearfix\" id=\"reading-box-container-1\"><section class=\"reading-box \" style=\"background-color:#fff !important;border-width:1px;border-color:#ededed!important;border-top-width:3px !important;border-top-color:#1a80b6!important;border-style:solid;\"><a href=\"\/\/mechatronics.by\/en\/mechatronics-contacts\/\" target=\"\" class=\"continue button large default\">Comprar!<\/a><h2>All-in-One! Solo para uso profesional!<\/h2><p> Demostraci\u00f3n de la informaci\u00f3n de sensores del nivel de combustible y sensores de consumo de combustible. Por lo general se monta en una cabina del veh\u00edculo.<\/p><a href=\"\/\/mechatronics.by\/en\/mechatronics-contacts\/\" target=\"\" class=\"continue mobile-button button large default\">Comprar!<\/a><\/section><\/div><\/div><div class=\"clearboth\"><\/div> <style type='text\/css'>\n\t#tabs-1,#tabs-1.tabs-vertical .tabs,#tabs-1.tabs-vertical .tab_content{border-color:#ebeaea !important;}\n\t#main #tabs-1.tabs-horizontal,#tabs-1.tabs-vertical .tab_content,.pyre_tabs .tabs-container{background-color:#ffffff !important;}\n\tbody #tabs-1.shortcode-tabs .tab-hold .tabs li,body.dark #sidebar .tab-hold .tabs li{border-right:1px solid #ffffff !important;}\n\tbody #tabs-1.shortcode-tabs .tab-hold .tabs li:last-child{border-right-width:0 !important;}\n\tbody #tabs-1.shortcode-tabs .tab-hold .tabs li.no-border-right{border-right-width:0 !important;}\n\tbody #main #tabs-1 .tab-hold .tabs li a{background:#ebeaea !important;border-bottom:0 !important;color:#747474;}\n\tbody #main #tabs-1 .tab-hold .tabs li a:hover{background:#ffffff !important;border-bottom:0 !important;}\n\tbody #main #tabs-1 .tab-hold .tabs li.active a,body #main #tabs-1 .tab-hold .tabs li.active{background:#ffffff !important;border-bottom:0 !important;}\n\t#sidebar .tab-hold .tabs li.active a{border-top-color:#1a80b6 !important;}\n\t<\/style><div id=\"tabs-1\" class=\"tab-holder shortcode-tabs clearfix tabs-horizontal\"><div class=\"tab-hold tabs-wrapper\"><ul id=\"tabs\" class=\"tabset tabs\"><li><a href=\"#tab1\">Beneficios<\/a><\/li><li><a href=\"#tab2\">Caracteristicas<\/a><\/li><li><a href=\"#tab3\">Para espesialistas<\/a><\/li><\/ul><div class=\"tab-box tabs-container\"> <div id=\"tab1\" class=\"tab tab_content\">\n<ul>\n<li style=\"list-style-type: none;\">\n<ul>\n<li style=\"list-style-type: none;\">\n<ul>\n<li style=\"list-style-type: none;\">\n<ul>\n<li style=\"list-style-type: none;\">\n<ul>\n<li>Interface \u00a0K-Line<\/li>\n<li>La conexi\u00f3n a los sensores de nivel anal\u00f3gico o salida de frecuencia<\/li>\n<li>La conexi\u00f3n a un sensor de flujo con salida de impulsos<\/li>\n<li>Se puede conectar varios sensores<\/li>\n<li>Configurable por software<\/li>\n<li>Se trabaja en conjunto con las unidades de monitorizaci\u00f3n<\/li>\n<li>Protecci\u00f3n m\u00f3dulo electr\u00f3nico de gran alcance<\/li>\n<\/ul>\n<\/li>\n<\/ul>\n<\/li>\n<\/ul>\n<\/li>\n<\/ul>\n<\/li>\n<\/ul>\n<\/div> <div id=\"tab2\" class=\"tab tab_content\">\n<table>\n<tbody>\n<tr>\n<td width=\"217\">La tension de alimentacion, V<\/td>\n<td width=\"94\">10 \u2013 60<\/td>\n<\/tr>\n<tr>\n<td width=\"217\">Protecci\u00f3n contra\u00a0 inversion<\/td>\n<td width=\"94\">Hay<\/td>\n<\/tr>\n<tr>\n<td width=\"217\">Rango de temperatura,\u00b0C<\/td>\n<td width=\"94\">-40 &#8211; +85<\/td>\n<\/tr>\n<tr>\n<td width=\"217\">Interfaz de conexi\u00f3n<\/td>\n<td width=\"140\">K-Line<\/td>\n<\/tr>\n<tr>\n<td width=\"217\">Interfaz de configuraci\u00f3n<\/td>\n<td width=\"104\">ISO 9141 (K-line)<\/td>\n<\/tr>\n<tr>\n<td width=\"217\">Grado de protecci\u00f3n<\/td>\n<td width=\"94\">IP 54<\/td>\n<\/tr>\n<\/tbody>\n<\/table>\n<\/div> <div id=\"tab3\" class=\"tab tab_content\">\n<ul>\n<li style=\"list-style-type: none;\">\n<ul>\n<li style=\"list-style-type: none;\">\n<ul>\n<li style=\"list-style-type: none;\">\n<ul>\n<li style=\"list-style-type: none;\">\n<ul>\n<li style=\"list-style-type: none;\">\n<ul>\n<li>La tabla de calibraci\u00f3n puede estar dentro\u00a0 de Eurosens Display F1<\/li>\n<li>Informaci\u00f3n del nivel de combustible se muestra en% de la altura del tanque y en litros<\/li>\n<li>\u00a0Informaci\u00f3n de los medidores se lee peri\u00f3dicamente<\/li>\n<li>La informaci\u00f3n de carga por eje se muestra en toneladas<\/li>\n<li>La conexi\u00f3n del Displey informativo con el\u00a0 Eurosens Cable<\/li>\n<li>Facil de sallado<\/li>\n<\/ul>\n<\/li>\n<\/ul>\n<\/li>\n<\/ul>\n<\/li>\n<\/ul>\n<\/li>\n<\/ul>\n<\/li>\n<\/ul>\n<table style=\"height: 34px; width: 1033px;\" width=\"1045\">\n<tbody>\n<tr>\n<td style=\"width: 300px;\"><strong>Display F1 Flyer<\/strong><\/td>\n<td style=\"text-align: left; width: 733px;\"><div class='w3eden'><!-- WPDM Link Template: Button Template -->\n\n<a class='wpdm-download-link download-on-click btn btn-primary ' rel='nofollow' href='#' data-downloadurl=\"https:\/\/mechatronics.by\/es\/download\/eurosens-display-f1-esp-pdf\/?wpdmdl=11960&refresh=6a07dc847e0d61778900100\"><i class=\"fas fa-file-download\"><\/i><\/a><\/div><\/td>\n<\/tr>\n<tr>\n<td style=\"width: 300px;\"><strong>Display F1\u00a0gu\u00eda de instalaci\u00f3n<\/strong><\/td>\n<td style=\"text-align: left; width: 733px;\">\u00a0<div class='w3eden'><!-- WPDM Link Template: Button Template -->\n\n<a class='wpdm-download-link download-on-click btn btn-primary ' rel='nofollow' href='#' data-downloadurl=\"https:\/\/mechatronics.by\/es\/download\/1500803545wpdm_display_userconfigurator_users_manual-rev-0-7-pdf\/?wpdmdl=11961&refresh=6a07dc8482c271778900100\"><i class=\"fas fa-file-download\"><\/i><\/a><\/div><\/td>\n<\/tr>\n<tr>\n<td style=\"width: 300px;\"><strong>Display F1 programa de instalaci\u00f3n<\/strong><\/td>\n<td style=\"text-align: left; width: 733px;\">\u00a0<div class='w3eden'><!-- WPDM Link Template: Button Template -->\n\n<a class='wpdm-download-link download-on-click btn btn-primary ' rel='nofollow' href='#' data-downloadurl=\"https:\/\/mechatronics.by\/es\/download\/eurosens_display_user_configurator_v0_9-zip\/?wpdmdl=11821&refresh=6a07dc84872441778900100\"><i class=\"fas fa-file-download\"><\/i><\/a><\/div><\/td>\n<\/tr>\n<tr>\n<td style=\"width: 300px;\"><strong>Display F1 passport<\/strong><\/td>\n<td style=\"text-align: left; width: 733px;\">\u00a0<div class='w3eden'><!-- WPDM Link Template: Button Template -->\n\n<a class='wpdm-download-link download-on-click btn btn-primary ' rel='nofollow' href='#' data-downloadurl=\"https:\/\/mechatronics.by\/es\/download\/%d0%bf%d0%b0%d1%81%d0%bf%d0%be%d1%80%d1%82-eurosens-display-f1-pdf\/?wpdmdl=11822&refresh=6a07dc848b50b1778900100\"><i class=\"fas fa-file-download\"><\/i><\/a><\/div><\/td>\n<\/tr>\n<tr>\n<td style=\"width: 300px;\"><b>Display F1 firmware<\/b><\/td>\n<td style=\"text-align: left; width: 733px;\"><div class='w3eden'><!-- WPDM Link Template: Button Template -->\n\n<a class='wpdm-download-link download-on-click btn btn-primary ' rel='nofollow' href='#' data-downloadurl=\"https:\/\/mechatronics.by\/es\/download\/displayf1_v1-6-cod\/?wpdmdl=11823&refresh=6a07dc848f70c1778900100\"><i class=\"fas fa-file-download\"><\/i><\/a><\/div><\/td>\n<\/tr>\n<\/tbody>\n<\/table>\n<\/div> <\/div><\/div><\/div>\n<table style=\"height: 34px;\" width=\"1045\">\n<tbody>\n<tr>\n<td style=\"width: 300px;\"><strong>Display F1 pantallas de informaci\u00f3n<\/strong><\/td>\n<td style=\"text-align: left;\">\u00a0<div class='w3eden'><!-- WPDM Link Template: Button Template -->\n\n<a class='wpdm-download-link download-on-click btn btn-primary ' rel='nofollow' href='#' data-downloadurl=\"https:\/\/mechatronics.by\/es\/download\/display-f1_screens-pdf\/?wpdmdl=11824&refresh=6a07dc8493c121778900100\"><i class=\"fas fa-file-download\"><\/i><\/a><\/div><\/td>\n<\/tr>\n<\/tbody>\n<\/table>\n<p>[wpfilebase tag=&#8221;file&#8221; id=20 tpl=&#8221;simple&#8221; \/] [wpfilebase tag=&#8221;file&#8221; id=21 tpl=&#8221;simple&#8221; \/] [wpfilebase tag=&#8221;file&#8221; id=22 tpl=&#8221;simple&#8221; \/] Use with:<\/p>\n<p><div id=\"attachment_166\" style=\"width: 110px\" class=\"wp-caption alignleft\"><a href=\"\/\/mechatronics.by\/es\/products\/accessories\/eurosens-destination\/\"><img aria-describedby=\"caption-attachment-166\" loading=\"lazy\" class=\"wp-image-166\" src=\"\/\/mechatronics.by\/wp-content\/uploads\/2020\/12\/MKU_5266.jpg\" alt=\"Eurosens Destination 01_200x200\" width=\"100\" height=\"100\" \/><\/a><p id=\"caption-attachment-166\" class=\"wp-caption-text\">Eurosens Destination<\/p><\/div> <div id=\"attachment_189\" style=\"width: 123px\" class=\"wp-caption alignleft\"><a href=\"\/\/mechatronics.by\/es\/products\/accessories\/eurosens-cable\/\" target=\"_blank\" rel=\"noopener noreferrer\"><img aria-describedby=\"caption-attachment-189\" loading=\"lazy\" class=\"wp-image-189\" title=\"Eurosens Cable\" src=\"\/\/mechatronics.by\/wp-content\/uploads\/2014\/04\/Eurosens-Cable-226x200.jpg\" alt=\"Eurosens Cable\" width=\"113\" height=\"100\" \/><\/a><p id=\"caption-attachment-189\" class=\"wp-caption-text\">Eurosens Cable<\/p><\/div> <div id=\"attachment_189\" style=\"width: 110px\" class=\"wp-caption alignleft\"><a href=\"\/\/mechatronics.by\/es\/products\/accessories\/eurosens-t-cable\/\"><img aria-describedby=\"caption-attachment-189\" loading=\"lazy\" class=\"wp-image-189\" title=\"Eurosens T-Cable\" src=\"\/\/mechatronics.by\/wp-content\/uploads\/2014\/06\/Eurosens-T-Cable_200x200.jpg\" alt=\"Eurosens T-Cable\" width=\"100\" height=\"100\" \/><\/a><p id=\"caption-attachment-189\" class=\"wp-caption-text\">Eurosens T-Cable<\/p><\/div><\/p>\n<ul>\n<li style=\"list-style-type: none;\">\n<ul>\n<li style=\"list-style-type: none;\">\n<ul>\n<li style=\"list-style-type: none;\">\u00a0<\/li>\n<\/ul>\n<\/li>\n<\/ul>\n<\/li>\n<\/ul>\n<p><\/p>","protected":false},"excerpt":{"rendered":"<p>\u00a0 \u00a0 Eurosens Display F1 Display F1 pantallas de informaci\u00f3n \u00a0 [wpfilebase tag=&#8221;file&#8221; id=20 tpl=&#8221;simple&#8221; \/] [wpfilebase tag=&#8221;file&#8221; id=21 tpl=&#8221;simple&#8221; \/] [wpfilebase tag=&#8221;file&#8221; id=22 tpl=&#8221;simple&#8221; \/] Use with: \u00a0<\/p>\n","protected":false},"author":1,"featured_media":0,"parent":6122,"menu_order":0,"comment_status":"closed","ping_status":"open","template":"side-navigation.php","meta":[],"yoast_head":"<!-- This site is optimized with the Yoast SEO plugin v16.4 - https:\/\/yoast.com\/wordpress\/plugins\/seo\/ -->\n<title>\u0418\u043d\u0434\u0438\u043a\u0430\u0442\u043e\u0440 \u0442\u043e\u043f\u043b\u0438\u0432\u0430 Eurosens Display F1<\/title>\n<meta name=\"description\" content=\"\u0418\u043d\u0434\u0438\u043a\u0430\u0442\u043e\u0440 \u0442\u043e\u043f\u043b\u0438\u0432\u0430 Eurosens Display F1 \u043f\u043e\u0434\u043a\u043b\u044e\u0447\u0430\u0435\u0442\u0441\u044f \u043a \u0440\u0430\u0441\u0445\u043e\u0434\u043e\u043c\u0435\u0440\u0430\u043c \u0442\u043e\u043f\u043b\u0438\u0432\u0430 \u0438 \u043a \u0434\u0430\u0442\u0447\u0438\u043a\u0430\u043c \u0443\u0440\u043e\u0432\u043d\u044f \u0442\u043e\u043f\u043b\u0438\u0432\u0430 (\u0430\u043d\u0430\u043b\u043e\u0433\u043e\u0432\u044b\u043c \u0438 \u0447\u0430\u0441\u0442\u043e\u0442\u043d\u044b\u043c). \u041c\u043e\u0436\u0435\u0442 \u0441\u0443\u043c\u043c\u0438\u0440\u043e\u0432\u0430\u0442\u044c \u043e\u0431\u044a\u0435\u043c ...\" \/>\n<meta name=\"robots\" content=\"index, follow, max-snippet:-1, max-image-preview:large, max-video-preview:-1\" \/>\n<link rel=\"canonical\" href=\"https:\/\/mechatronics.by\/en\/products\/information-display\/eurosens-display-f1\/\" \/>\n<meta property=\"og:locale\" content=\"es_ES\" \/>\n<meta property=\"og:type\" content=\"article\" \/>\n<meta property=\"og:title\" content=\"\u0418\u043d\u0434\u0438\u043a\u0430\u0442\u043e\u0440 \u0442\u043e\u043f\u043b\u0438\u0432\u0430 Eurosens Display F1\" \/>\n<meta property=\"og:description\" content=\"\u0418\u043d\u0434\u0438\u043a\u0430\u0442\u043e\u0440 \u0442\u043e\u043f\u043b\u0438\u0432\u0430 Eurosens Display F1 \u043f\u043e\u0434\u043a\u043b\u044e\u0447\u0430\u0435\u0442\u0441\u044f \u043a \u0440\u0430\u0441\u0445\u043e\u0434\u043e\u043c\u0435\u0440\u0430\u043c \u0442\u043e\u043f\u043b\u0438\u0432\u0430 \u0438 \u043a \u0434\u0430\u0442\u0447\u0438\u043a\u0430\u043c \u0443\u0440\u043e\u0432\u043d\u044f \u0442\u043e\u043f\u043b\u0438\u0432\u0430 (\u0430\u043d\u0430\u043b\u043e\u0433\u043e\u0432\u044b\u043c \u0438 \u0447\u0430\u0441\u0442\u043e\u0442\u043d\u044b\u043c). \u041c\u043e\u0436\u0435\u0442 \u0441\u0443\u043c\u043c\u0438\u0440\u043e\u0432\u0430\u0442\u044c \u043e\u0431\u044a\u0435\u043c ...\" \/>\n<meta property=\"og:url\" content=\"https:\/\/mechatronics.by\/en\/products\/information-display\/eurosens-display-f1\/\" \/>\n<meta property=\"og:site_name\" content=\"Mechatronics\" \/>\n<meta property=\"article:publisher\" content=\"https:\/\/www.facebook.com\/EurosensDelta\" \/>\n<meta property=\"article:modified_time\" content=\"2021-04-12T20:28:31+00:00\" \/>\n<meta property=\"og:image\" content=\"\/\/mechatronics.by\/wp-content\/uploads\/2014\/12\/Eurosens-Display-F1_900x900.jpg\" \/>\n<meta name=\"twitter:label1\" content=\"Tiempo de lectura\" \/>\n\t<meta name=\"twitter:data1\" content=\"3 minutos\" \/>\n<script type=\"application\/ld+json\" class=\"yoast-schema-graph\">{\"@context\":\"https:\/\/schema.org\",\"@graph\":[{\"@type\":\"WebSite\",\"@id\":\"https:\/\/mechatronics.by\/#website\",\"url\":\"https:\/\/mechatronics.by\/\",\"name\":\"Mechatronics\",\"description\":\"\\u041a\\u043e\\u043d\\u0442\\u0440\\u043e\\u043b\\u044c \\u0440\\u0430\\u0441\\u0445\\u043e\\u0434\\u0430 \\u0442\\u043e\\u043f\\u043b\\u0438\\u0432\\u0430 \\u0438 \\u0434\\u0440\\u0443\\u0433\\u0438\\u0445 \\u043f\\u0430\\u0440\\u0430\\u043c\\u0435\\u0442\\u0440\\u043e\\u0432 \\u0440\\u0430\\u0431\\u043e\\u0442\\u044b \\u043c\\u0430\\u0448\\u0438\\u043d\",\"potentialAction\":[{\"@type\":\"SearchAction\",\"target\":\"https:\/\/mechatronics.by\/?s={search_term_string}\",\"query-input\":\"required name=search_term_string\"}],\"inLanguage\":\"es\"},{\"@type\":\"ImageObject\",\"@id\":\"https:\/\/mechatronics.by\/en\/products\/information-display\/eurosens-display-f1\/#primaryimage\",\"inLanguage\":\"es\",\"url\":\"\/\/mechatronics.by\/wp-content\/uploads\/2014\/12\/Eurosens-Display-F1_900x900.jpg\",\"contentUrl\":\"\/\/mechatronics.by\/wp-content\/uploads\/2014\/12\/Eurosens-Display-F1_900x900.jpg\"},{\"@type\":\"WebPage\",\"@id\":\"https:\/\/mechatronics.by\/en\/products\/information-display\/eurosens-display-f1\/#webpage\",\"url\":\"https:\/\/mechatronics.by\/en\/products\/information-display\/eurosens-display-f1\/\",\"name\":\"\\u0418\\u043d\\u0434\\u0438\\u043a\\u0430\\u0442\\u043e\\u0440 \\u0442\\u043e\\u043f\\u043b\\u0438\\u0432\\u0430 Eurosens Display F1\",\"isPartOf\":{\"@id\":\"https:\/\/mechatronics.by\/#website\"},\"primaryImageOfPage\":{\"@id\":\"https:\/\/mechatronics.by\/en\/products\/information-display\/eurosens-display-f1\/#primaryimage\"},\"datePublished\":\"2014-12-20T13:18:39+00:00\",\"dateModified\":\"2021-04-12T20:28:31+00:00\",\"description\":\"\\u0418\\u043d\\u0434\\u0438\\u043a\\u0430\\u0442\\u043e\\u0440 \\u0442\\u043e\\u043f\\u043b\\u0438\\u0432\\u0430 Eurosens Display F1 \\u043f\\u043e\\u0434\\u043a\\u043b\\u044e\\u0447\\u0430\\u0435\\u0442\\u0441\\u044f \\u043a \\u0440\\u0430\\u0441\\u0445\\u043e\\u0434\\u043e\\u043c\\u0435\\u0440\\u0430\\u043c \\u0442\\u043e\\u043f\\u043b\\u0438\\u0432\\u0430 \\u0438 \\u043a \\u0434\\u0430\\u0442\\u0447\\u0438\\u043a\\u0430\\u043c \\u0443\\u0440\\u043e\\u0432\\u043d\\u044f \\u0442\\u043e\\u043f\\u043b\\u0438\\u0432\\u0430 (\\u0430\\u043d\\u0430\\u043b\\u043e\\u0433\\u043e\\u0432\\u044b\\u043c \\u0438 \\u0447\\u0430\\u0441\\u0442\\u043e\\u0442\\u043d\\u044b\\u043c). \\u041c\\u043e\\u0436\\u0435\\u0442 \\u0441\\u0443\\u043c\\u043c\\u0438\\u0440\\u043e\\u0432\\u0430\\u0442\\u044c \\u043e\\u0431\\u044a\\u0435\\u043c ...\",\"breadcrumb\":{\"@id\":\"https:\/\/mechatronics.by\/en\/products\/information-display\/eurosens-display-f1\/#breadcrumb\"},\"inLanguage\":\"es\",\"potentialAction\":[{\"@type\":\"ReadAction\",\"target\":[\"https:\/\/mechatronics.by\/en\/products\/information-display\/eurosens-display-f1\/\"]}]},{\"@type\":\"BreadcrumbList\",\"@id\":\"https:\/\/mechatronics.by\/en\/products\/information-display\/eurosens-display-f1\/#breadcrumb\",\"itemListElement\":[{\"@type\":\"ListItem\",\"position\":1,\"item\":{\"@type\":\"WebPage\",\"@id\":\"https:\/\/mechatronics.by\/\",\"url\":\"https:\/\/mechatronics.by\/\",\"name\":\"Home\"}},{\"@type\":\"ListItem\",\"position\":2,\"item\":{\"@type\":\"WebPage\",\"@id\":\"https:\/\/mechatronics.by\/products\/\",\"url\":\"https:\/\/mechatronics.by\/products\/\",\"name\":\"\\u041f\\u0440\\u043e\\u0434\\u0443\\u043a\\u0442\\u044b\"}},{\"@type\":\"ListItem\",\"position\":3,\"item\":{\"@type\":\"WebPage\",\"@id\":\"https:\/\/mechatronics.by\/products\/information-display\/\",\"url\":\"https:\/\/mechatronics.by\/products\/information-display\/\",\"name\":\"\\u0418\\u043d\\u0444\\u043e\\u0440\\u043c\\u0430\\u0446\\u0438\\u043e\\u043d\\u043d\\u044b\\u0435 \\u0434\\u0438\\u0441\\u043f\\u043b\\u0435\\u0438\"}},{\"@type\":\"ListItem\",\"position\":4,\"item\":{\"@id\":\"https:\/\/mechatronics.by\/en\/products\/information-display\/eurosens-display-f1\/#webpage\"}}]}]}<\/script>\n<!-- \/ Yoast SEO plugin. -->","_links":{"self":[{"href":"https:\/\/mechatronics.by\/es\/wp-json\/wp\/v2\/pages\/5960"}],"collection":[{"href":"https:\/\/mechatronics.by\/es\/wp-json\/wp\/v2\/pages"}],"about":[{"href":"https:\/\/mechatronics.by\/es\/wp-json\/wp\/v2\/types\/page"}],"author":[{"embeddable":true,"href":"https:\/\/mechatronics.by\/es\/wp-json\/wp\/v2\/users\/1"}],"replies":[{"embeddable":true,"href":"https:\/\/mechatronics.by\/es\/wp-json\/wp\/v2\/comments?post=5960"}],"version-history":[{"count":26,"href":"https:\/\/mechatronics.by\/es\/wp-json\/wp\/v2\/pages\/5960\/revisions"}],"predecessor-version":[{"id":11962,"href":"https:\/\/mechatronics.by\/es\/wp-json\/wp\/v2\/pages\/5960\/revisions\/11962"}],"up":[{"embeddable":true,"href":"https:\/\/mechatronics.by\/es\/wp-json\/wp\/v2\/pages\/6122"}],"wp:attachment":[{"href":"https:\/\/mechatronics.by\/es\/wp-json\/wp\/v2\/media?parent=5960"}],"curies":[{"name":"wp","href":"https:\/\/api.w.org\/{rel}","templated":true}]}}