{"id":6122,"date":"2014-12-25T16:03:01","date_gmt":"2014-12-25T13:03:01","guid":{"rendered":"http:\/\/mechatronics.by\/?page_id=6122"},"modified":"2020-09-12T15:57:46","modified_gmt":"2020-09-12T12:57:46","slug":"information-display","status":"publish","type":"page","link":"https:\/\/mechatronics.by\/es\/products\/information-display\/","title":{"rendered":"Demostraciones de informaci\u00f3n"},"content":{"rendered":"<p><\/p>\n<h2><strong><span style=\"color: #003366;\">Demostraciones de informaci\u00f3n<\/span><\/strong><\/h2>\n<style type='text\/css'>#reading-box-container-3 .tagline-shadow:before,#reading-box-container-3 .tagline-shadow:after{opacity:0.7;}<\/style><div class=\"reading-box-container clearfix\" id=\"reading-box-container-3\"><section class=\"reading-box tagline-shadow\" style=\"background-color:#fff !important;border-width:1px;border-color:#e8e6e6!important;border-top-width:3px !important;border-top-color:#1a80b6!important;border-style:solid;\"><p>Los displays informativos Eurosens  Display extenden la posibilidad de utilizar sensores de nivel de combustible y sensores de flujo de combustible en el transporte y la t\u00e9cnica especial. Ahora, la informaci\u00f3n de los sensores Eurosens Dominator, Direct, Delta se puede ver en el sitio de su instalaci\u00f3n. Displeys Informativos  est\u00e1n conectados a los sensores a trav\u00e9s de Eurosens Cable. Interfaces de conexi\u00f3n: RS-485, K-Line Displeys Informativos  tienen  diferencia e de los m\u00e9todos de conexi\u00f3n a ellos los sensores de nivel de combustible y sensores de flujo de combustible ( caudalimetros ) Eurosens Display F1 - conexi\u00f3n de una l\u00ednea Eurosens Display RS - conexi\u00f3n para interfaces digitales RS-485<\/p><\/section><\/div>\n<table>\n<tbody>\n<tr>\n<td>\n<p><div id=\"attachment_5962\" style=\"width: 160px\" class=\"wp-caption alignleft\"><a href=\"\/\/mechatronics.by\/es\/products\/information-display\/eurosens-display-f1\/\"><img aria-describedby=\"caption-attachment-5962\" loading=\"lazy\" class=\"size-thumbnail wp-image-5962\" src=\"\/\/mechatronics.by\/wp-content\/uploads\/2014\/12\/Eurosens-Display-F1_900x900-150x150.jpg\" alt=\"\u0423\u043d\u0438\u0432\u0435\u0440\u0441\u0430\u043b\u044c\u043d\u044b\u0439 \u0438\u043d\u0434\u0438\u043a\u0430\u0442\u043e\u0440 Eurosens Display F1\" width=\"150\" height=\"150\" srcset=\"https:\/\/mechatronics.by\/wp-content\/uploads\/2014\/12\/Eurosens-Display-F1_900x900-150x150.jpg 150w, https:\/\/mechatronics.by\/wp-content\/uploads\/2014\/12\/Eurosens-Display-F1_900x900-300x300.jpg 300w, https:\/\/mechatronics.by\/wp-content\/uploads\/2014\/12\/Eurosens-Display-F1_900x900-66x66.jpg 66w, https:\/\/mechatronics.by\/wp-content\/uploads\/2014\/12\/Eurosens-Display-F1_900x900.jpg 900w\" sizes=\"(max-width: 150px) 100vw, 150px\" \/><\/a><p id=\"caption-attachment-5962\" class=\"wp-caption-text\"><a href=\"\/\/mechatronics.by\/es\/products\/information-display\/eurosens-display-f1\/\">Eurosens Display F1<\/a><\/p><\/div><\/td>\n<td>\n<p><div id=\"attachment_9993\" style=\"width: 160px\" class=\"wp-caption alignleft\"><a href=\"\/\/mechatronics.by\/es\/products\/information-display\/eurosens-display-rs\/\"><img aria-describedby=\"caption-attachment-9993\" loading=\"lazy\" class=\"wp-image-9993 size-thumbnail\" src=\"\/\/mechatronics.by\/wp-content\/uploads\/2019\/09\/MKU_2653-150x150.jpg\" alt=\"Eurosens Display RS\" width=\"150\" height=\"150\" srcset=\"https:\/\/mechatronics.by\/wp-content\/uploads\/2019\/09\/MKU_2653-150x150.jpg 150w, https:\/\/mechatronics.by\/wp-content\/uploads\/2019\/09\/MKU_2653-66x66.jpg 66w\" sizes=\"(max-width: 150px) 100vw, 150px\" \/><\/a><p id=\"caption-attachment-9993\" class=\"wp-caption-text\"><a href=\"\/\/mechatronics.by\/es\/products\/information-display\/eurosens-display-rs\/\">Eurosens Display RS<\/a><\/p><\/div><\/td>\n<td>\n<p><div id=\"attachment_9994\" style=\"width: 160px\" class=\"wp-caption alignleft\"><a href=\"\/\/mechatronics.by\/es\/products\/information-display\/eurosens-display-can\/\"><img aria-describedby=\"caption-attachment-9994\" loading=\"lazy\" class=\"wp-image-9994 size-thumbnail\" src=\"\/\/mechatronics.by\/wp-content\/uploads\/2019\/09\/MKU_2655-150x150.jpg\" alt=\"Eurosens Display RS\" width=\"150\" height=\"150\" srcset=\"https:\/\/mechatronics.by\/wp-content\/uploads\/2019\/09\/MKU_2655-150x150.jpg 150w, https:\/\/mechatronics.by\/wp-content\/uploads\/2019\/09\/MKU_2655-66x66.jpg 66w\" sizes=\"(max-width: 150px) 100vw, 150px\" \/><\/a><p id=\"caption-attachment-9994\" class=\"wp-caption-text\"><a href=\"\/\/mechatronics.by\/es\/products\/information-display\/eurosens-display-can\/\">Eurosens Display CAN<\/a><\/p><\/div><\/td>\n<\/tr>\n<\/tbody>\n<\/table>\n<p><\/p>","protected":false},"excerpt":{"rendered":"<p>Demostraciones de informaci\u00f3n<\/p>\n","protected":false},"author":1,"featured_media":0,"parent":18,"menu_order":4,"comment_status":"closed","ping_status":"closed","template":"side-navigation.php","meta":[],"yoast_head":"<!-- This site is optimized with the Yoast SEO plugin v16.4 - https:\/\/yoast.com\/wordpress\/plugins\/seo\/ -->\n<title>Pantalla Eurosens para rastreo GPS<\/title>\n<meta name=\"description\" content=\"La pantalla Eurosens muestra informaci\u00f3n de sensores de nivel Eurosens, medidores de consumo de combustible, sensores de carga por eje y sensores de soporte de otros fabricantes.\" \/>\n<meta name=\"robots\" content=\"index, follow, max-snippet:-1, max-image-preview:large, max-video-preview:-1\" \/>\n<link rel=\"canonical\" href=\"https:\/\/mechatronics.by\/products\/information-display\/\" \/>\n<meta property=\"og:locale\" content=\"es_ES\" \/>\n<meta property=\"og:type\" content=\"article\" \/>\n<meta property=\"og:title\" content=\"[:en] Eurosens Display for GPS tracking[:ru] Eurosens Display - \u0434\u043b\u044f \u0441\u0438\u0441\u0442\u0435\u043c\u044b \u043c\u043e\u043d\u0438\u0442\u043e\u0440\u0438\u043d\u0433\u0430 \u0442\u0440\u0430\u043d\u0441\u043f\u043e\u0440\u0442\u0430[:es]Pantalla Eurosens para rastreo GPS[:fr]Eurosens Display pour le suivi GPS[:pt]Eurosens Display para rastreamento GPS[:pl]Wy\u015bwietlacz Eurosens do \u015bledzenia GPS[:]\" \/>\n<meta property=\"og:description\" content=\"[:en] Eurosens Display shows information from Eurosens level sensors, fuel consumption meters, axle load sensors and support sensors from other manufacturers.[:ru]\u0414\u0438\u0441\u043f\u043b\u0435\u0438 \u0441\u0438\u0441\u0442\u0435\u043c\u044b \u043c\u043e\u043d\u0438\u0442\u043e\u0440\u0438\u043d\u0433\u0430 Eurosens Display \u043e\u0442\u043e\u0431\u0440\u0430\u0436\u0430\u044e\u0442 \u0438\u043d\u0444\u043e\u0440\u043c\u0430\u0446\u0438\u044e \u043e\u0442 \u0434\u0430\u0442\u0447\u0438\u043a\u043e\u0432 \u0443\u0440\u043e\u0432\u043d\u044f, \u0440\u0430\u0441\u0445\u043e\u0434\u0430 \u0442\u043e\u043f\u043b\u0438\u0432\u0430, \u043d\u0430\u0433\u0440\u0443\u0437\u043a\u0438 \u043d\u0430 \u043e\u0441\u044c Eurosens \u0438 \u0434\u0440\u0443\u0433\u0438\u0445 \u043f\u0440\u043e\u0438\u0437\u0432\u043e\u0434\u0438\u0442\u0435\u043b\u0435\u0439.[:es]La pantalla Eurosens muestra informaci\u00f3n de sensores de nivel Eurosens, medidores de consumo de combustible, sensores de carga por eje y sensores de soporte de otros fabricantes.[:fr] L&#039;\u00e9cran Eurosens affiche des informations provenant de capteurs de niveau Eurosens, de compteurs de consommation de carburant, de capteurs de charge \u00e0 l&#039;essieu et de capteurs de support d&#039;autres fabricants.[:pt] O Eurosens Display mostra informa\u00e7\u00f5es dos sensores de n\u00edvel da Eurosens, medidores de consumo de combust\u00edvel, sensores de carga por eixo e sensores de suporte de outros fabricantes.[:pl] Wy\u015bwietlacz Eurosens wy\u015bwietla informacje z czujnik\u00f3w poziomu Eurosens, miernik\u00f3w zu\u017cycia paliwa, czujnik\u00f3w obci\u0105\u017cenia osi i czujnik\u00f3w pomocniczych innych producent\u00f3w.[:]\" \/>\n<meta property=\"og:url\" content=\"https:\/\/mechatronics.by\/products\/information-display\/\" \/>\n<meta property=\"og:site_name\" content=\"Mechatronics\" \/>\n<meta property=\"article:publisher\" content=\"https:\/\/www.facebook.com\/EurosensDelta\" \/>\n<meta property=\"article:modified_time\" content=\"2020-09-12T12:57:46+00:00\" \/>\n<meta property=\"og:image\" content=\"\/\/mechatronics.by\/wp-content\/uploads\/2014\/12\/Eurosens-Display-F1_900x900-150x150.jpg\" \/>\n<meta name=\"twitter:label1\" content=\"Tiempo de lectura\" \/>\n\t<meta name=\"twitter:data1\" content=\"3 minutos\" \/>\n<script type=\"application\/ld+json\" class=\"yoast-schema-graph\">{\"@context\":\"https:\/\/schema.org\",\"@graph\":[{\"@type\":\"WebSite\",\"@id\":\"https:\/\/mechatronics.by\/#website\",\"url\":\"https:\/\/mechatronics.by\/\",\"name\":\"Mechatronics\",\"description\":\"\\u041a\\u043e\\u043d\\u0442\\u0440\\u043e\\u043b\\u044c \\u0440\\u0430\\u0441\\u0445\\u043e\\u0434\\u0430 \\u0442\\u043e\\u043f\\u043b\\u0438\\u0432\\u0430 \\u0438 \\u0434\\u0440\\u0443\\u0433\\u0438\\u0445 \\u043f\\u0430\\u0440\\u0430\\u043c\\u0435\\u0442\\u0440\\u043e\\u0432 \\u0440\\u0430\\u0431\\u043e\\u0442\\u044b \\u043c\\u0430\\u0448\\u0438\\u043d\",\"potentialAction\":[{\"@type\":\"SearchAction\",\"target\":\"https:\/\/mechatronics.by\/?s={search_term_string}\",\"query-input\":\"required name=search_term_string\"}],\"inLanguage\":\"es\"},{\"@type\":\"ImageObject\",\"@id\":\"https:\/\/mechatronics.by\/products\/information-display\/#primaryimage\",\"inLanguage\":\"es\",\"url\":\"\/\/mechatronics.by\/wp-content\/uploads\/2014\/12\/Eurosens-Display-F1_900x900-150x150.jpg\",\"contentUrl\":\"\/\/mechatronics.by\/wp-content\/uploads\/2014\/12\/Eurosens-Display-F1_900x900-150x150.jpg\"},{\"@type\":\"WebPage\",\"@id\":\"https:\/\/mechatronics.by\/products\/information-display\/#webpage\",\"url\":\"https:\/\/mechatronics.by\/products\/information-display\/\",\"name\":\"[:en] Eurosens Display for GPS tracking[:ru] Eurosens Display - \\u0434\\u043b\\u044f \\u0441\\u0438\\u0441\\u0442\\u0435\\u043c\\u044b \\u043c\\u043e\\u043d\\u0438\\u0442\\u043e\\u0440\\u0438\\u043d\\u0433\\u0430 \\u0442\\u0440\\u0430\\u043d\\u0441\\u043f\\u043e\\u0440\\u0442\\u0430[:es]Pantalla Eurosens para rastreo GPS[:fr]Eurosens Display pour le suivi GPS[:pt]Eurosens Display para rastreamento GPS[:pl]Wy\\u015bwietlacz Eurosens do \\u015bledzenia GPS[:]\",\"isPartOf\":{\"@id\":\"https:\/\/mechatronics.by\/#website\"},\"primaryImageOfPage\":{\"@id\":\"https:\/\/mechatronics.by\/products\/information-display\/#primaryimage\"},\"datePublished\":\"2014-12-25T13:03:01+00:00\",\"dateModified\":\"2020-09-12T12:57:46+00:00\",\"description\":\"[:en] Eurosens Display shows information from Eurosens level sensors, fuel consumption meters, axle load sensors and support sensors from other manufacturers.[:ru]\\u0414\\u0438\\u0441\\u043f\\u043b\\u0435\\u0438 \\u0441\\u0438\\u0441\\u0442\\u0435\\u043c\\u044b \\u043c\\u043e\\u043d\\u0438\\u0442\\u043e\\u0440\\u0438\\u043d\\u0433\\u0430 Eurosens Display \\u043e\\u0442\\u043e\\u0431\\u0440\\u0430\\u0436\\u0430\\u044e\\u0442 \\u0438\\u043d\\u0444\\u043e\\u0440\\u043c\\u0430\\u0446\\u0438\\u044e \\u043e\\u0442 \\u0434\\u0430\\u0442\\u0447\\u0438\\u043a\\u043e\\u0432 \\u0443\\u0440\\u043e\\u0432\\u043d\\u044f, \\u0440\\u0430\\u0441\\u0445\\u043e\\u0434\\u0430 \\u0442\\u043e\\u043f\\u043b\\u0438\\u0432\\u0430, \\u043d\\u0430\\u0433\\u0440\\u0443\\u0437\\u043a\\u0438 \\u043d\\u0430 \\u043e\\u0441\\u044c Eurosens \\u0438 \\u0434\\u0440\\u0443\\u0433\\u0438\\u0445 \\u043f\\u0440\\u043e\\u0438\\u0437\\u0432\\u043e\\u0434\\u0438\\u0442\\u0435\\u043b\\u0435\\u0439.[:es]La pantalla Eurosens muestra informaci\\u00f3n de sensores de nivel Eurosens, medidores de consumo de combustible, sensores de carga por eje y sensores de soporte de otros fabricantes.[:fr] L'\\u00e9cran Eurosens affiche des informations provenant de capteurs de niveau Eurosens, de compteurs de consommation de carburant, de capteurs de charge \\u00e0 l'essieu et de capteurs de support d'autres fabricants.[:pt] O Eurosens Display mostra informa\\u00e7\\u00f5es dos sensores de n\\u00edvel da Eurosens, medidores de consumo de combust\\u00edvel, sensores de carga por eixo e sensores de suporte de outros fabricantes.[:pl] Wy\\u015bwietlacz Eurosens wy\\u015bwietla informacje z czujnik\\u00f3w poziomu Eurosens, miernik\\u00f3w zu\\u017cycia paliwa, czujnik\\u00f3w obci\\u0105\\u017cenia osi i czujnik\\u00f3w pomocniczych innych producent\\u00f3w.[:]\",\"breadcrumb\":{\"@id\":\"https:\/\/mechatronics.by\/products\/information-display\/#breadcrumb\"},\"inLanguage\":\"es\",\"potentialAction\":[{\"@type\":\"ReadAction\",\"target\":[\"https:\/\/mechatronics.by\/products\/information-display\/\"]}]},{\"@type\":\"BreadcrumbList\",\"@id\":\"https:\/\/mechatronics.by\/products\/information-display\/#breadcrumb\",\"itemListElement\":[{\"@type\":\"ListItem\",\"position\":1,\"item\":{\"@type\":\"WebPage\",\"@id\":\"https:\/\/mechatronics.by\/\",\"url\":\"https:\/\/mechatronics.by\/\",\"name\":\"Home\"}},{\"@type\":\"ListItem\",\"position\":2,\"item\":{\"@type\":\"WebPage\",\"@id\":\"https:\/\/mechatronics.by\/products\/\",\"url\":\"https:\/\/mechatronics.by\/products\/\",\"name\":\"\\u041f\\u0440\\u043e\\u0434\\u0443\\u043a\\u0442\\u044b\"}},{\"@type\":\"ListItem\",\"position\":3,\"item\":{\"@id\":\"https:\/\/mechatronics.by\/products\/information-display\/#webpage\"}}]}]}<\/script>\n<!-- \/ Yoast SEO plugin. -->","_links":{"self":[{"href":"https:\/\/mechatronics.by\/es\/wp-json\/wp\/v2\/pages\/6122"}],"collection":[{"href":"https:\/\/mechatronics.by\/es\/wp-json\/wp\/v2\/pages"}],"about":[{"href":"https:\/\/mechatronics.by\/es\/wp-json\/wp\/v2\/types\/page"}],"author":[{"embeddable":true,"href":"https:\/\/mechatronics.by\/es\/wp-json\/wp\/v2\/users\/1"}],"replies":[{"embeddable":true,"href":"https:\/\/mechatronics.by\/es\/wp-json\/wp\/v2\/comments?post=6122"}],"version-history":[{"count":12,"href":"https:\/\/mechatronics.by\/es\/wp-json\/wp\/v2\/pages\/6122\/revisions"}],"predecessor-version":[{"id":10977,"href":"https:\/\/mechatronics.by\/es\/wp-json\/wp\/v2\/pages\/6122\/revisions\/10977"}],"up":[{"embeddable":true,"href":"https:\/\/mechatronics.by\/es\/wp-json\/wp\/v2\/pages\/18"}],"wp:attachment":[{"href":"https:\/\/mechatronics.by\/es\/wp-json\/wp\/v2\/media?parent=6122"}],"curies":[{"name":"wp","href":"https:\/\/api.w.org\/{rel}","templated":true}]}}