{"id":6732,"date":"2016-04-16T12:34:40","date_gmt":"2016-04-16T09:34:40","guid":{"rendered":"http:\/\/mechatronics.by\/?page_id=6732"},"modified":"2025-10-14T14:41:12","modified_gmt":"2025-10-14T11:41:12","slug":"deaerator","status":"publish","type":"page","link":"https:\/\/mechatronics.by\/es\/products\/flowcontrol\/deaerator\/","title":{"rendered":"Deaerator Eurosens"},"content":{"rendered":"<p><\/p>\n<h2><strong><span style=\"color: #003366;\">Deaerator<\/span><\/strong><\/h2>\n<p title=\"Eurosens Deaerator\">Deaerator esta \u00a0especialmente dise\u00f1ado por nuestra empresa para su uso en conjunci\u00f3n con los medidores de flujo dual Delta. Deaerator 250 y Deaerator 500 se pueden eliminar eficazmente el aire del sistema de combustible para una medici\u00f3n precisa del consumo de combustible.<\/p>\n<p class=\"alignnone\" title=\"Eurosens Deaerator\">\u00a0<\/p>\n\n\t\t<style type=\"text\/css\">\n\t\t\t#gallery-1 {\n\t\t\t\tmargin: auto;\n\t\t\t}\n\t\t\t#gallery-1 .gallery-item {\n\t\t\t\tfloat: left;\n\t\t\t\tmargin-top: 10px;\n\t\t\t\ttext-align: center;\n\t\t\t\twidth: 33%;\n\t\t\t}\n\t\t\t#gallery-1 img {\n\t\t\t\tborder: 2px solid #cfcfcf;\n\t\t\t}\n\t\t\t#gallery-1 .gallery-caption {\n\t\t\t\tmargin-left: 0;\n\t\t\t}\n\t\t\t\/* see gallery_shortcode() in wp-includes\/media.php *\/\n\t\t<\/style>\n\t\t<div id='gallery-1' class='gallery galleryid-6732 gallery-columns-3 gallery-size-thumbnail'><dl class='gallery-item'>\n\t\t\t<dt class='gallery-icon portrait'>\n\t\t\t\t<a rel=\"prettyPhoto[postimages]\" href='https:\/\/mechatronics.by\/wp-content\/uploads\/2019\/09\/MKU_2700.jpg'><img width=\"150\" height=\"150\" src=\"https:\/\/mechatronics.by\/wp-content\/uploads\/2019\/09\/MKU_2700-150x150.jpg\" class=\"attachment-thumbnail size-thumbnail\" alt=\"Eurosens Deaerator\" loading=\"lazy\" aria-describedby=\"gallery-1-9961\" srcset=\"https:\/\/mechatronics.by\/wp-content\/uploads\/2019\/09\/MKU_2700-150x150.jpg 150w, https:\/\/mechatronics.by\/wp-content\/uploads\/2019\/09\/MKU_2700-66x66.jpg 66w\" sizes=\"(max-width: 150px) 100vw, 150px\" \/><\/a>\n\t\t\t<\/dt>\n\t\t\t\t<dd class='wp-caption-text gallery-caption' id='gallery-1-9961'>\n\t\t\t\tDeaerator 500A\n\t\t\t\t<\/dd><\/dl><dl class='gallery-item'>\n\t\t\t<dt class='gallery-icon portrait'>\n\t\t\t\t<a rel=\"prettyPhoto[postimages]\" href='https:\/\/mechatronics.by\/wp-content\/uploads\/2019\/09\/MKU_2699.jpg'><img width=\"150\" height=\"150\" src=\"https:\/\/mechatronics.by\/wp-content\/uploads\/2019\/09\/MKU_2699-150x150.jpg\" class=\"attachment-thumbnail size-thumbnail\" alt=\"Eurosens Deaerator\" loading=\"lazy\" aria-describedby=\"gallery-1-9960\" srcset=\"https:\/\/mechatronics.by\/wp-content\/uploads\/2019\/09\/MKU_2699-150x150.jpg 150w, https:\/\/mechatronics.by\/wp-content\/uploads\/2019\/09\/MKU_2699-66x66.jpg 66w\" sizes=\"(max-width: 150px) 100vw, 150px\" \/><\/a>\n\t\t\t<\/dt>\n\t\t\t\t<dd class='wp-caption-text gallery-caption' id='gallery-1-9960'>\n\t\t\t\tDeaerator 500A\n\t\t\t\t<\/dd><\/dl><dl class='gallery-item'>\n\t\t\t<dt class='gallery-icon portrait'>\n\t\t\t\t<a rel=\"prettyPhoto[postimages]\" href='https:\/\/mechatronics.by\/wp-content\/uploads\/2019\/09\/MKU_2694.jpg'><img width=\"150\" height=\"150\" src=\"https:\/\/mechatronics.by\/wp-content\/uploads\/2019\/09\/MKU_2694-150x150.jpg\" class=\"attachment-thumbnail size-thumbnail\" alt=\"Eurosens Deaerator\" loading=\"lazy\" aria-describedby=\"gallery-1-9957\" srcset=\"https:\/\/mechatronics.by\/wp-content\/uploads\/2019\/09\/MKU_2694-150x150.jpg 150w, https:\/\/mechatronics.by\/wp-content\/uploads\/2019\/09\/MKU_2694-66x66.jpg 66w\" sizes=\"(max-width: 150px) 100vw, 150px\" \/><\/a>\n\t\t\t<\/dt>\n\t\t\t\t<dd class='wp-caption-text gallery-caption' id='gallery-1-9957'>\n\t\t\t\tDeaerator 500A\n\t\t\t\t<\/dd><\/dl><br style=\"clear: both\" \/><dl class='gallery-item'>\n\t\t\t<dt class='gallery-icon landscape'>\n\t\t\t\t<a rel=\"prettyPhoto[postimages]\" href='https:\/\/mechatronics.by\/wp-content\/uploads\/2022\/04\/MKU_9846-scaled.jpg'><img width=\"150\" height=\"150\" src=\"https:\/\/mechatronics.by\/wp-content\/uploads\/2022\/04\/MKU_9846-150x150.jpg\" class=\"attachment-thumbnail size-thumbnail\" alt=\"\" loading=\"lazy\" aria-describedby=\"gallery-1-12703\" srcset=\"https:\/\/mechatronics.by\/wp-content\/uploads\/2022\/04\/MKU_9846-150x150.jpg 150w, https:\/\/mechatronics.by\/wp-content\/uploads\/2022\/04\/MKU_9846-66x66.jpg 66w\" sizes=\"(max-width: 150px) 100vw, 150px\" \/><\/a>\n\t\t\t<\/dt>\n\t\t\t\t<dd class='wp-caption-text gallery-caption' id='gallery-1-12703'>\n\t\t\t\tDeaerator 1500A\n\t\t\t\t<\/dd><\/dl><dl class='gallery-item'>\n\t\t\t<dt class='gallery-icon landscape'>\n\t\t\t\t<a rel=\"prettyPhoto[postimages]\" href='https:\/\/mechatronics.by\/wp-content\/uploads\/2022\/04\/MKU_9851-scaled.jpg'><img width=\"150\" height=\"150\" src=\"https:\/\/mechatronics.by\/wp-content\/uploads\/2022\/04\/MKU_9851-150x150.jpg\" class=\"attachment-thumbnail size-thumbnail\" alt=\"\" loading=\"lazy\" aria-describedby=\"gallery-1-12704\" srcset=\"https:\/\/mechatronics.by\/wp-content\/uploads\/2022\/04\/MKU_9851-150x150.jpg 150w, https:\/\/mechatronics.by\/wp-content\/uploads\/2022\/04\/MKU_9851-66x66.jpg 66w\" sizes=\"(max-width: 150px) 100vw, 150px\" \/><\/a>\n\t\t\t<\/dt>\n\t\t\t\t<dd class='wp-caption-text gallery-caption' id='gallery-1-12704'>\n\t\t\t\tDeaerator 1500A\n\t\t\t\t<\/dd><\/dl><dl class='gallery-item'>\n\t\t\t<dt class='gallery-icon landscape'>\n\t\t\t\t<a rel=\"prettyPhoto[postimages]\" href='https:\/\/mechatronics.by\/wp-content\/uploads\/2022\/04\/MKU_9854-scaled.jpg'><img width=\"150\" height=\"150\" src=\"https:\/\/mechatronics.by\/wp-content\/uploads\/2022\/04\/MKU_9854-150x150.jpg\" class=\"attachment-thumbnail size-thumbnail\" alt=\"\" loading=\"lazy\" aria-describedby=\"gallery-1-12705\" srcset=\"https:\/\/mechatronics.by\/wp-content\/uploads\/2022\/04\/MKU_9854-150x150.jpg 150w, https:\/\/mechatronics.by\/wp-content\/uploads\/2022\/04\/MKU_9854-66x66.jpg 66w\" sizes=\"(max-width: 150px) 100vw, 150px\" \/><\/a>\n\t\t\t<\/dt>\n\t\t\t\t<dd class='wp-caption-text gallery-caption' id='gallery-1-12705'>\n\t\t\t\tDeaerator 1500A\n\t\t\t\t<\/dd><\/dl><br style=\"clear: both\" \/>\n\t\t<\/div>\n\n<p class=\"alignnone\" title=\"Eurosens Deaerator\"><style type='text\/css'>\n\t#tabs-1,#tabs-1.tabs-vertical .tabs,#tabs-1.tabs-vertical .tab_content{border-color:#ebeaea !important;}\n\t#main #tabs-1.tabs-horizontal,#tabs-1.tabs-vertical .tab_content,.pyre_tabs .tabs-container{background-color:#ffffff !important;}\n\tbody #tabs-1.shortcode-tabs .tab-hold .tabs li,body.dark #sidebar .tab-hold .tabs li{border-right:1px solid #ffffff !important;}\n\tbody #tabs-1.shortcode-tabs .tab-hold .tabs li:last-child{border-right-width:0 !important;}\n\tbody #tabs-1.shortcode-tabs .tab-hold .tabs li.no-border-right{border-right-width:0 !important;}\n\tbody #main #tabs-1 .tab-hold .tabs li a{background:#ebeaea !important;border-bottom:0 !important;color:#747474;}\n\tbody #main #tabs-1 .tab-hold .tabs li a:hover{background:#ffffff !important;border-bottom:0 !important;}\n\tbody #main #tabs-1 .tab-hold .tabs li.active a,body #main #tabs-1 .tab-hold .tabs li.active{background:#ffffff !important;border-bottom:0 !important;}\n\t#sidebar .tab-hold .tabs li.active a{border-top-color:#1a80b6 !important;}\n\t<\/style><div id=\"tabs-1\" class=\"tab-holder shortcode-tabs clearfix tabs-horizontal\"><div class=\"tab-hold tabs-wrapper\"><ul id=\"tabs\" class=\"tabset tabs\"><li><a href=\"#tab1\">Beneficios<\/a><\/li><li><a href=\"#tab2\">Especification<\/a><\/li><li><a href=\"#tab3\">Para especialistas<\/a><\/li><\/ul><div class=\"tab-box tabs-container\"> <div id=\"tab1\" class=\"tab tab_content\">\n<div id=\"tab1\" class=\"tab tab_content\"><\/div>\n<ul>\n<li>Protecci\u00f3n contra las emisiones perjudiciales\u00a0 a la atm\u00f3sfera<\/li>\n<li>Aumento de la resistencia a la vibraci\u00f3n<\/li>\n<li>Un funcionamiento estable en un \u00e1ngulo<\/li>\n<li>Tama\u00f1o y peso m\u00ednimos<\/li>\n<li>Facil de instalar<\/li>\n<li>Resistencia hidr\u00e1ulica m\u00ednima<\/li>\n<li>Inmune a la contaminaci\u00f3n del sistema de combustible<\/li>\n<li>Amplia gama de aplicaciones<\/li>\n<\/ul>\n<\/div> <div id=\"tab2\" class=\"tab tab_content\">\n<table>\n<tbody>\n<tr>\n<td width=\"217\">Rosca de conexi\u00f3n<\/td>\n<td width=\"94\">\u041c14\u04451,5<\/td>\n<\/tr>\n<tr>\n<td width=\"217\">La presi\u00f3n m\u00e1xima, Mpa<\/td>\n<td width=\"94\">2,5<\/td>\n<\/tr>\n<tr>\n<td width=\"217\">Rango de temperatura, \u00b0 C<\/td>\n<td width=\"94\">-50 &#8211; +85<\/td>\n<\/tr>\n<tr>\n<td width=\"217\">El peso, kili, no mas<\/td>\n<td width=\"94\">1,5<\/td>\n<\/tr>\n<tr>\n<td width=\"217\">Caudal m\u00e1ximo, l \/ h<\/td>\n<td width=\"94\">250 &#8211; for\u00a0Deaerator 250A<\/td>\n<\/tr>\n<tr>\n<td>&nbsp;<\/td>\n<td>500 &#8211; for\u00a0Deaerator 500A<\/td>\n<\/tr>\n<tr>\n<td width=\"217\">\u00a0<\/td>\n<td width=\"94\">1500 &#8211; Deaerator 1500A<\/td>\n<\/tr>\n<tr>\n<td width=\"217\">Grado de protecci\u00f3n<\/td>\n<td width=\"94\">IP 66<\/td>\n<\/tr>\n<\/tbody>\n<\/table>\n<\/div> <div id=\"tab3\" class=\"tab tab_content\">\n<p>&nbsp;<\/p>\n<table style=\"height: 25px; width: 76.2182%;\" width=\"1045\">\n<tbody>\n<tr style=\"height: 25px;\">\n<td style=\"width: 300px; height: 25px;\"><b>Deaerator 250\/500 passport<\/b><\/td>\n<td style=\"text-align: left; height: 25px;\"><a href=\"eurosens_Deaerator_Specification (en_ru v.2.0).pdf\"><img loading=\"lazy\" class=\"aligncenter size-full wp-image-13190\" src=\"https:\/\/mechatronics.by\/wp-content\/uploads\/2023\/04\/download.png\" alt=\"\" width=\"27\" height=\"27\" \/><\/a><\/td>\n<\/tr>\n<\/tbody>\n<\/table>\n<\/div> <\/div><\/div><\/div>\n<table style=\"height: 75px; width: 30.4612%;\" width=\"1045\">\n<tbody>\n<tr>\n<td style=\"width: 300px;\"><b>Deaerator\u00a0 flyer<\/b><\/td>\n<td style=\"text-align: left;\"><a href=\"https:\/\/files.eurosenstelematics.com\/files\/eurosens-deaerator-flyer-en\"><img loading=\"lazy\" class=\"aligncenter size-full wp-image-13190\" src=\"https:\/\/mechatronics.by\/wp-content\/uploads\/2023\/04\/download.png\" alt=\"\" width=\"27\" height=\"27\" \/><\/a><\/td>\n<\/tr>\n<\/tbody>\n<\/table>\n<table style=\"width: 30.41%;\">\n<tbody>\n<tr>\n<td style=\"width: 88.8889%;\"><b>Deaerator\u00a0 250\/500 passport<\/b><\/td>\n<td style=\"text-align: left; width: 10.5263%;\"><a href=\"eurosens_Deaerator_Specification (en_ru v.2.0).pdf\"><img loading=\"lazy\" class=\"aligncenter size-full wp-image-13190\" src=\"https:\/\/mechatronics.by\/wp-content\/uploads\/2023\/04\/download.png\" alt=\"\" width=\"27\" height=\"27\" \/><\/a><\/td>\n<\/tr>\n<\/tbody>\n<\/table>\n<p>&nbsp;<\/p>\n<table style=\"border-collapse: collapse; width: 100%;\">\n<tbody>\n<tr>\n<td style=\"width: 50%;\"><a href=\"https:\/\/mechatronics.by\/wp-content\/uploads\/2023\/01\/join-telegram.png\"><img loading=\"lazy\" class=\"wp-image-13044 size-full aligncenter\" src=\"https:\/\/mechatronics.by\/wp-content\/uploads\/2023\/01\/join-telegram.png\" alt=\"\" width=\"300\" height=\"116\" data-wp-editing=\"1\" \/><\/a><\/td>\n<td style=\"width: 50%;\">\u00a0<a href=\"https:\/\/www.youtube.com\/@MechatronicsTV\/videos\"><img loading=\"lazy\" class=\"aligncenter wp-image-12963 size-medium\" src=\"https:\/\/mechatronics.by\/wp-content\/uploads\/2023\/01\/youtube-subscr-300x97.gif\" alt=\"\" width=\"300\" height=\"97\" srcset=\"https:\/\/mechatronics.by\/wp-content\/uploads\/2023\/01\/youtube-subscr-300x97.gif 300w, https:\/\/mechatronics.by\/wp-content\/uploads\/2023\/01\/youtube-subscr-1024x330.gif 1024w, https:\/\/mechatronics.by\/wp-content\/uploads\/2023\/01\/youtube-subscr-768x247.gif 768w\" sizes=\"(max-width: 300px) 100vw, 300px\" \/><\/a><\/td>\n<\/tr>\n<\/tbody>\n<\/table>\n<p><\/p>","protected":false},"excerpt":{"rendered":"<p>Deaerator Deaerator esta \u00a0especialmente dise\u00f1ado por nuestra empresa para su uso en conjunci\u00f3n con los medidores de flujo dual Delta. Deaerator 250 y Deaerator 500 se pueden eliminar eficazmente el aire del sistema de combustible para una medici\u00f3n precisa del consumo de combustible. \u00a0 Deaerator\u00a0 flyer Deaerator\u00a0 250\/500 passport &nbsp; \u00a0<\/p>\n","protected":false},"author":1,"featured_media":0,"parent":4642,"menu_order":5,"comment_status":"closed","ping_status":"closed","template":"side-navigation.php","meta":[],"yoast_head":"<!-- This site is optimized with the Yoast SEO plugin v16.4 - https:\/\/yoast.com\/wordpress\/plugins\/seo\/ -->\n<title>Deaerator Eurosens<\/title>\n<meta name=\"description\" content=\"Eurosens Dearator \u00e9limine efficacement l&#039;air du circuit d&#039;alimentation\" \/>\n<meta name=\"robots\" content=\"index, follow, max-snippet:-1, max-image-preview:large, max-video-preview:-1\" \/>\n<link rel=\"canonical\" href=\"https:\/\/mechatronics.by\/products\/flowcontrol\/deaerator\/\" \/>\n<meta property=\"og:locale\" content=\"es_ES\" \/>\n<meta property=\"og:type\" content=\"article\" \/>\n<meta property=\"og:title\" content=\"[:es]Deaerator Eurosens[:en]Deaerator Eurosens[:ru]\u0414\u0435\u0430\u044d\u0440\u0430\u0442\u043e\u0440 Eurosens[:pt]Desaerator Eurosens[:fr]Deaerator Eurosens[:pl]Deaerator Eurosens[:]\" \/>\n<meta property=\"og:description\" content=\"{:es}Eurosens Dearator \u00e9limine efficacement l&#039;air du circuit d&#039;alimentation {:en}Eurosens Dearator effectively removes air from the fuel system {:ru}Eurosens Dearator \u044d\u0444\u0444\u0435\u043a\u0442\u0438\u0432\u043d\u043e \u0443\u0434\u0430\u043b\u044f\u0435\u0442 \u0432\u043e\u0437\u0434\u0443\u0445 \u0438\u0437 \u0442\u043e\u043f\u043b\u0438\u0432\u043d\u043e\u0439 \u0441\u0438\u0441\u0442\u0435\u043c\u044b {:pt}Eurosens Dearator remove eficazmente o ar do sistema de combust\u00edvel {:fr}Eurosens Dearator \u00e9limine efficacement l&#039;air du circuit d&#039;alimentation {:pl}Eurosens Dearator skutecznie usuwa powietrze z uk\u0142adu paliwowego{:}\" \/>\n<meta property=\"og:url\" content=\"https:\/\/mechatronics.by\/products\/flowcontrol\/deaerator\/\" \/>\n<meta property=\"og:site_name\" content=\"Mechatronics\" \/>\n<meta property=\"article:publisher\" content=\"https:\/\/www.facebook.com\/EurosensDelta\" \/>\n<meta property=\"article:modified_time\" content=\"2025-10-14T11:41:12+00:00\" \/>\n<meta property=\"og:image\" content=\"https:\/\/mechatronics.by\/wp-content\/uploads\/2019\/09\/MKU_2700-150x150.jpg\" \/>\n<meta name=\"twitter:label1\" content=\"Tiempo de lectura\" \/>\n\t<meta name=\"twitter:data1\" content=\"2 minutos\" \/>\n<script type=\"application\/ld+json\" class=\"yoast-schema-graph\">{\"@context\":\"https:\/\/schema.org\",\"@graph\":[{\"@type\":\"WebSite\",\"@id\":\"https:\/\/mechatronics.by\/#website\",\"url\":\"https:\/\/mechatronics.by\/\",\"name\":\"Mechatronics\",\"description\":\"\\u041a\\u043e\\u043d\\u0442\\u0440\\u043e\\u043b\\u044c \\u0440\\u0430\\u0441\\u0445\\u043e\\u0434\\u0430 \\u0442\\u043e\\u043f\\u043b\\u0438\\u0432\\u0430 \\u0438 \\u0434\\u0440\\u0443\\u0433\\u0438\\u0445 \\u043f\\u0430\\u0440\\u0430\\u043c\\u0435\\u0442\\u0440\\u043e\\u0432 \\u0440\\u0430\\u0431\\u043e\\u0442\\u044b \\u043c\\u0430\\u0448\\u0438\\u043d\",\"potentialAction\":[{\"@type\":\"SearchAction\",\"target\":\"https:\/\/mechatronics.by\/?s={search_term_string}\",\"query-input\":\"required name=search_term_string\"}],\"inLanguage\":\"es\"},{\"@type\":\"ImageObject\",\"@id\":\"https:\/\/mechatronics.by\/products\/flowcontrol\/deaerator\/#primaryimage\",\"inLanguage\":\"es\",\"url\":\"https:\/\/mechatronics.by\/wp-content\/uploads\/2023\/04\/download.png\",\"contentUrl\":\"https:\/\/mechatronics.by\/wp-content\/uploads\/2023\/04\/download.png\",\"width\":27,\"height\":27},{\"@type\":\"WebPage\",\"@id\":\"https:\/\/mechatronics.by\/products\/flowcontrol\/deaerator\/#webpage\",\"url\":\"https:\/\/mechatronics.by\/products\/flowcontrol\/deaerator\/\",\"name\":\"[:es]Deaerator Eurosens[:en]Deaerator Eurosens[:ru]\\u0414\\u0435\\u0430\\u044d\\u0440\\u0430\\u0442\\u043e\\u0440 Eurosens[:pt]Desaerator Eurosens[:fr]Deaerator Eurosens[:pl]Deaerator Eurosens[:]\",\"isPartOf\":{\"@id\":\"https:\/\/mechatronics.by\/#website\"},\"primaryImageOfPage\":{\"@id\":\"https:\/\/mechatronics.by\/products\/flowcontrol\/deaerator\/#primaryimage\"},\"datePublished\":\"2016-04-16T09:34:40+00:00\",\"dateModified\":\"2025-10-14T11:41:12+00:00\",\"description\":\"{:es}Eurosens Dearator \\u00e9limine efficacement l'air du circuit d'alimentation {:en}Eurosens Dearator effectively removes air from the fuel system {:ru}Eurosens Dearator \\u044d\\u0444\\u0444\\u0435\\u043a\\u0442\\u0438\\u0432\\u043d\\u043e \\u0443\\u0434\\u0430\\u043b\\u044f\\u0435\\u0442 \\u0432\\u043e\\u0437\\u0434\\u0443\\u0445 \\u0438\\u0437 \\u0442\\u043e\\u043f\\u043b\\u0438\\u0432\\u043d\\u043e\\u0439 \\u0441\\u0438\\u0441\\u0442\\u0435\\u043c\\u044b {:pt}Eurosens Dearator remove eficazmente o ar do sistema de combust\\u00edvel {:fr}Eurosens Dearator \\u00e9limine efficacement l'air du circuit d'alimentation {:pl}Eurosens Dearator skutecznie usuwa powietrze z uk\\u0142adu paliwowego{:}\",\"breadcrumb\":{\"@id\":\"https:\/\/mechatronics.by\/products\/flowcontrol\/deaerator\/#breadcrumb\"},\"inLanguage\":\"es\",\"potentialAction\":[{\"@type\":\"ReadAction\",\"target\":[\"https:\/\/mechatronics.by\/products\/flowcontrol\/deaerator\/\"]}]},{\"@type\":\"BreadcrumbList\",\"@id\":\"https:\/\/mechatronics.by\/products\/flowcontrol\/deaerator\/#breadcrumb\",\"itemListElement\":[{\"@type\":\"ListItem\",\"position\":1,\"item\":{\"@type\":\"WebPage\",\"@id\":\"https:\/\/mechatronics.by\/\",\"url\":\"https:\/\/mechatronics.by\/\",\"name\":\"Home\"}},{\"@type\":\"ListItem\",\"position\":2,\"item\":{\"@type\":\"WebPage\",\"@id\":\"https:\/\/mechatronics.by\/products\/\",\"url\":\"https:\/\/mechatronics.by\/products\/\",\"name\":\"\\u041f\\u0440\\u043e\\u0434\\u0443\\u043a\\u0442\\u044b\"}},{\"@type\":\"ListItem\",\"position\":3,\"item\":{\"@type\":\"WebPage\",\"@id\":\"https:\/\/mechatronics.by\/products\/flowcontrol\/\",\"url\":\"https:\/\/mechatronics.by\/products\/flowcontrol\/\",\"name\":\"\\u041a\\u043e\\u043d\\u0442\\u0440\\u043e\\u043b\\u044c \\u0440\\u0430\\u0441\\u0445\\u043e\\u0434\\u0430 \\u0442\\u043e\\u043f\\u043b\\u0438\\u0432\\u0430\"}},{\"@type\":\"ListItem\",\"position\":4,\"item\":{\"@id\":\"https:\/\/mechatronics.by\/products\/flowcontrol\/deaerator\/#webpage\"}}]}]}<\/script>\n<!-- \/ Yoast SEO plugin. -->","_links":{"self":[{"href":"https:\/\/mechatronics.by\/es\/wp-json\/wp\/v2\/pages\/6732"}],"collection":[{"href":"https:\/\/mechatronics.by\/es\/wp-json\/wp\/v2\/pages"}],"about":[{"href":"https:\/\/mechatronics.by\/es\/wp-json\/wp\/v2\/types\/page"}],"author":[{"embeddable":true,"href":"https:\/\/mechatronics.by\/es\/wp-json\/wp\/v2\/users\/1"}],"replies":[{"embeddable":true,"href":"https:\/\/mechatronics.by\/es\/wp-json\/wp\/v2\/comments?post=6732"}],"version-history":[{"count":54,"href":"https:\/\/mechatronics.by\/es\/wp-json\/wp\/v2\/pages\/6732\/revisions"}],"predecessor-version":[{"id":13997,"href":"https:\/\/mechatronics.by\/es\/wp-json\/wp\/v2\/pages\/6732\/revisions\/13997"}],"up":[{"embeddable":true,"href":"https:\/\/mechatronics.by\/es\/wp-json\/wp\/v2\/pages\/4642"}],"wp:attachment":[{"href":"https:\/\/mechatronics.by\/es\/wp-json\/wp\/v2\/media?parent=6732"}],"curies":[{"name":"wp","href":"https:\/\/api.w.org\/{rel}","templated":true}]}}