{"id":8767,"date":"2018-03-07T13:16:21","date_gmt":"2018-03-07T10:16:21","guid":{"rendered":"http:\/\/mechatronics.by\/?page_id=8767"},"modified":"2025-12-06T11:51:12","modified_gmt":"2025-12-06T08:51:12","slug":"eurosens-dts-rf","status":"publish","type":"page","link":"https:\/\/mechatronics.by\/es\/products\/accessories\/eurosens-dts-rf\/","title":{"rendered":"Sensor de temperatura Eurosens DTS BT"},"content":{"rendered":"<p><\/p>\n<p><strong>Wireless temperature sensor.\u00a0<\/strong> Consist from temperature sensing element, long-life battery and Bluetooth Low Energy module. Can be installed inside refrigerator truck. Data is sent by Bluetooth protocol compatible with popular GPS tracking devices.<\/p>\n<p>When there is no Bluetooth module in GPS tracker you can use Eurosens DTS BT sensors with <a href=\"https:\/\/mechatronics.by\/en\/products\/data-interfaces\/ble-receiver-eurosens-btcom\/\">Eurosens BT-COM receiver<\/a>. Receiver can support up to 10 Bluetooth sensors and send data to RS485 interface. \u00a0 \u00a0<\/p>\n<p><strong>Eurosens DTS BT<\/strong> &#8211; sensor with internal sensing element.<\/p>\n<p><strong>Eurosens DTS BT Ext<\/strong> &#8211; sensor with external sensing element.<\/p>\n<p><strong>Logbook<\/strong> &#8211; datalogging option.<\/p>\n<table>\n<tbody>\n<tr>\n<td><a href=\"https:\/\/mechatronics.by\/wp-content\/uploads\/2022\/03\/DTS_BT-render-1.png\"><img loading=\"lazy\" class=\"aligncenter wp-image-13213 size-thumbnail\" src=\"https:\/\/mechatronics.by\/wp-content\/uploads\/2023\/04\/13c_50-transformed-150x150.png\" alt=\"\" width=\"150\" height=\"150\" srcset=\"https:\/\/mechatronics.by\/wp-content\/uploads\/2023\/04\/13c_50-transformed-150x150.png 150w, https:\/\/mechatronics.by\/wp-content\/uploads\/2023\/04\/13c_50-transformed-66x66.png 66w\" sizes=\"(max-width: 150px) 100vw, 150px\" \/><\/a><\/td>\n<td><a href=\"https:\/\/mechatronics.by\/wp-content\/uploads\/2022\/03\/DTS_BT_Ext-render.png\"><img loading=\"lazy\" class=\"aligncenter wp-image-12633 size-medium\" src=\"https:\/\/mechatronics.by\/wp-content\/uploads\/2022\/03\/DTS_BT_Ext-render-300x156.png\" alt=\"\" width=\"300\" height=\"156\" srcset=\"https:\/\/mechatronics.by\/wp-content\/uploads\/2022\/03\/DTS_BT_Ext-render-300x156.png 300w, https:\/\/mechatronics.by\/wp-content\/uploads\/2022\/03\/DTS_BT_Ext-render-1024x533.png 1024w, https:\/\/mechatronics.by\/wp-content\/uploads\/2022\/03\/DTS_BT_Ext-render-768x400.png 768w, https:\/\/mechatronics.by\/wp-content\/uploads\/2022\/03\/DTS_BT_Ext-render-1536x799.png 1536w, https:\/\/mechatronics.by\/wp-content\/uploads\/2022\/03\/DTS_BT_Ext-render-2048x1065.png 2048w\" sizes=\"(max-width: 300px) 100vw, 300px\" \/><\/a><\/td>\n<\/tr>\n<tr>\n<td>\n<p style=\"text-align: center;\"><strong>Eurosens DTS BT sensor<\/strong><\/p>\n<ul>\n<li>Power source element 1xER14505<\/li>\n<li>Battery operation time 5 years<\/li>\n<li>Temperature range, \u00b0C -30&#8230;+60<\/li>\n<li>Dimensions, mm 80x100x30<\/li>\n<li>Accuracy, \u00b0C\u00a0 \u00a0 \u00b10,5 (-20&#8230;+45 \u00b0C)<\/li>\n<\/ul>\n<\/td>\n<td>\n<p style=\"text-align: center;\"><strong>Eurosens DTS BT Ext sensor\u00a0<\/strong><\/p>\n<ul>\n<li>Power source element 1xER14505<\/li>\n<li>Battery operation time 5 years<\/li>\n<li>Temperature range, \u00b0C -30&#8230;+60<\/li>\n<li>Dimensions, mm 1050 x 100&#215;30<\/li>\n<li>Accuracy, \u00b0C\u00a0 \u00a0\u00b10,5 (-20&#8230;+45 \u00b0C)<\/li>\n<\/ul>\n<\/td>\n<\/tr>\n<\/tbody>\n<\/table>\n<p>&nbsp;<\/p>\n<table style=\"height: 34px; width: 1033px;\" width=\"1045\">\n<tbody>\n<tr>\n<td style=\"width: 300px;\"><strong>Eurosens DTS BT Flyer<\/strong><\/td>\n<td style=\"text-align: left; width: 733px;\">\n<p><a href=\"https:\/\/files.eurosenstelematics.com\/files\/dts-bt-flyer-en\"><img loading=\"lazy\" class=\"aligncenter size-full wp-image-13190\" src=\"https:\/\/mechatronics.by\/wp-content\/uploads\/2023\/04\/download.png\" alt=\"\" width=\"27\" height=\"27\" \/><\/a><\/p>\n<\/td>\n<\/tr>\n<tr>\n<td style=\"width: 300px;\"><strong>Eurosens DTS BT specification<\/strong><\/td>\n<td style=\"text-align: left; width: 733px;\"><a href=\"https:\/\/files.eurosenstelematics.com\/files\/eurosens-dts-specification\"><img loading=\"lazy\" class=\"aligncenter size-full wp-image-13190\" src=\"https:\/\/mechatronics.by\/wp-content\/uploads\/2023\/04\/download.png\" alt=\"\" width=\"27\" height=\"27\" \/><\/a><\/td>\n<\/tr>\n<tr>\n<td style=\"width: 300px;\"><strong> Eurosens DTS BT manual<\/strong><\/td>\n<td style=\"text-align: left; width: 733px;\"><a href=\"https:\/\/files.eurosenstelematics.com\/files\/eurosens-dts-operation-manual-en\"><img loading=\"lazy\" class=\"aligncenter wp-image-13190 size-full\" src=\"https:\/\/mechatronics.by\/wp-content\/uploads\/2023\/04\/download.png\" alt=\"\" width=\"27\" height=\"27\" \/><\/a><\/td>\n<\/tr>\n<\/tbody>\n<\/table>\n<p>&nbsp;<\/p>\n<table style=\"border-collapse: collapse; width: 100%;\">\n<tbody>\n<tr>\n<td style=\"width: 50%;\"><a href=\"https:\/\/mechatronics.by\/wp-content\/uploads\/2023\/01\/join-telegram.png\"><img loading=\"lazy\" class=\"wp-image-13044 size-full aligncenter\" src=\"https:\/\/mechatronics.by\/wp-content\/uploads\/2023\/01\/join-telegram.png\" alt=\"\" width=\"300\" height=\"116\" \/><\/a><\/td>\n<td style=\"width: 50%;\">\u00a0<a href=\"https:\/\/www.youtube.com\/@MechatronicsTV\/videos\"><img loading=\"lazy\" class=\"aligncenter wp-image-12963 size-medium\" src=\"https:\/\/mechatronics.by\/wp-content\/uploads\/2023\/01\/youtube-subscr-300x97.gif\" alt=\"\" width=\"300\" height=\"97\" srcset=\"https:\/\/mechatronics.by\/wp-content\/uploads\/2023\/01\/youtube-subscr-300x97.gif 300w, https:\/\/mechatronics.by\/wp-content\/uploads\/2023\/01\/youtube-subscr-1024x330.gif 1024w, https:\/\/mechatronics.by\/wp-content\/uploads\/2023\/01\/youtube-subscr-768x247.gif 768w\" sizes=\"(max-width: 300px) 100vw, 300px\" \/><\/a><\/td>\n<\/tr>\n<\/tbody>\n<\/table>\n<p><\/p>","protected":false},"excerpt":{"rendered":"<p>Wireless temperature sensor.\u00a0 Consist from temperature sensing element, long-life battery and Bluetooth Low Energy module. Can be installed inside refrigerator truck. Data is sent by Bluetooth protocol compatible with popular GPS tracking devices. When there is no Bluetooth module in GPS tracker you can use Eurosens DTS BT sensors with Eurosens BT-COM receiver. Receiver can [&hellip;]<\/p>\n","protected":false},"author":1,"featured_media":0,"parent":4669,"menu_order":0,"comment_status":"closed","ping_status":"closed","template":"side-navigation.php","meta":[],"yoast_head":"<!-- This site is optimized with the Yoast SEO plugin v16.4 - https:\/\/yoast.com\/wordpress\/plugins\/seo\/ -->\n<title>Sensor de temperatura Eurosens DTS RF Sensor de temperatura Eurosens DTS BT<\/title>\n<meta name=\"description\" content=\"Sensor de temperatura inal\u00e1mbrico Consiste en dispositivos transmisores y receptores. El transmisor se puede instalar dentro del refrigerador cami\u00f3n. El receptor puede manejar hasta 2 transmisores y env\u00eda datos a la interfaz RS485.\" \/>\n<meta name=\"robots\" content=\"index, follow, max-snippet:-1, max-image-preview:large, max-video-preview:-1\" \/>\n<link rel=\"canonical\" href=\"https:\/\/mechatronics.by\/products\/accessories\/eurosens-dts-rf\/\" \/>\n<meta property=\"og:locale\" content=\"es_ES\" \/>\n<meta property=\"og:type\" content=\"article\" \/>\n<meta property=\"og:title\" content=\"[:es] Sensor de temperatura Eurosens DTS RF Sensor de temperatura Eurosens DTS BT [:en] Temperature sensor Eurosens DTS RF Temperature sensor Eurosens DTS BT [:ru] \u0414\u0430\u0442\u0447\u0438\u043a \u0442\u0435\u043c\u043f\u0435\u0440\u0430\u0442\u0443\u0440\u044b Eurosens DTS BT [:pt] Sensor de temperatura Eurosens DTS BT Sensor de temperatura Eurosens DTS RF [:fr] Capteur de temperature Eurosens DTS BT Capteur de temperature Eurosens DTS RF [:pl] Czujnik temperatury Eurosens DTS BT Czujnik temperatury Eurosens DTS RF[:]\" \/>\n<meta property=\"og:description\" content=\"{:es}Sensor de temperatura inal\u00e1mbrico Consiste en dispositivos transmisores y receptores. El transmisor se puede instalar dentro del refrigerador cami\u00f3n. El receptor puede manejar hasta 2 transmisores y env\u00eda datos a la interfaz RS485. {:en} Consist from transmitter and receiver devices. Transmitter can be installed inside refrigerator truck. Receiver can handle 2 transmitters and sends data to the RS485 interface. {:pt}Sensor de temperatura sem fio Consistem em dispositivos transmissores e receptores. Transmissor pode ser instalado dentro da geladeira caminh\u00e3o. O receptor pode suportar 2 transmissores e envia dados para a interface RS485. {:fr}Capteur de temp\u00e9rature sans fil Consiste des \u00e9metteurs et r\u00e9cepteurs. L\u2019\u00e9metteur peut \u00eatre install\u00e9 \u00e0 l\u2019int\u00e9rieur du r\u00e9frig\u00e9rateur un camion. Le r\u00e9cepteur peut g\u00e9rer jusqu\u2019\u00e0 2 \u00e9metteurs et envoie des donn\u00e9es \u00e0 l\u2019interface RS485. {:pl}Bezprzewodowy czujnik temperatury Sk\u0142adaj\u0105 si\u0119 z urz\u0105dze\u0144 nadawczych i odbiorczych. Nadajnik mo\u017cna zainstalowa\u0107 wewn\u0105trz lod\u00f3wki ci\u0119\u017car\u00f3wka. Odbiornik mo\u017ce obs\u0142u\u017cy\u0107 2 nadajnik\u00f3w i przes\u0142a\u0107 dane do interfejsu RS485.{:}\" \/>\n<meta property=\"og:url\" content=\"https:\/\/mechatronics.by\/products\/accessories\/eurosens-dts-rf\/\" \/>\n<meta property=\"og:site_name\" content=\"Mechatronics\" \/>\n<meta property=\"article:publisher\" content=\"https:\/\/www.facebook.com\/EurosensDelta\" \/>\n<meta property=\"article:modified_time\" content=\"2025-12-06T08:51:12+00:00\" \/>\n<meta property=\"og:image\" content=\"https:\/\/mechatronics.by\/wp-content\/uploads\/2022\/03\/DTS_BT-render-1-300x278.png\" \/>\n<meta name=\"twitter:label1\" content=\"Tiempo de lectura\" \/>\n\t<meta name=\"twitter:data1\" content=\"3 minutos\" \/>\n<script type=\"application\/ld+json\" class=\"yoast-schema-graph\">{\"@context\":\"https:\/\/schema.org\",\"@graph\":[{\"@type\":\"WebSite\",\"@id\":\"https:\/\/mechatronics.by\/#website\",\"url\":\"https:\/\/mechatronics.by\/\",\"name\":\"Mechatronics\",\"description\":\"\\u041a\\u043e\\u043d\\u0442\\u0440\\u043e\\u043b\\u044c \\u0440\\u0430\\u0441\\u0445\\u043e\\u0434\\u0430 \\u0442\\u043e\\u043f\\u043b\\u0438\\u0432\\u0430 \\u0438 \\u0434\\u0440\\u0443\\u0433\\u0438\\u0445 \\u043f\\u0430\\u0440\\u0430\\u043c\\u0435\\u0442\\u0440\\u043e\\u0432 \\u0440\\u0430\\u0431\\u043e\\u0442\\u044b \\u043c\\u0430\\u0448\\u0438\\u043d\",\"potentialAction\":[{\"@type\":\"SearchAction\",\"target\":\"https:\/\/mechatronics.by\/?s={search_term_string}\",\"query-input\":\"required name=search_term_string\"}],\"inLanguage\":\"es\"},{\"@type\":\"ImageObject\",\"@id\":\"https:\/\/mechatronics.by\/products\/accessories\/eurosens-dts-rf\/#primaryimage\",\"inLanguage\":\"es\",\"url\":\"https:\/\/mechatronics.by\/wp-content\/uploads\/2023\/04\/13c_50-transformed.png\",\"contentUrl\":\"https:\/\/mechatronics.by\/wp-content\/uploads\/2023\/04\/13c_50-transformed.png\",\"width\":3120,\"height\":2080},{\"@type\":\"WebPage\",\"@id\":\"https:\/\/mechatronics.by\/products\/accessories\/eurosens-dts-rf\/#webpage\",\"url\":\"https:\/\/mechatronics.by\/products\/accessories\/eurosens-dts-rf\/\",\"name\":\"[:es] Sensor de temperatura Eurosens DTS RF Sensor de temperatura Eurosens DTS BT [:en] Temperature sensor Eurosens DTS RF Temperature sensor Eurosens DTS BT [:ru] \\u0414\\u0430\\u0442\\u0447\\u0438\\u043a \\u0442\\u0435\\u043c\\u043f\\u0435\\u0440\\u0430\\u0442\\u0443\\u0440\\u044b Eurosens DTS BT [:pt] Sensor de temperatura Eurosens DTS BT Sensor de temperatura Eurosens DTS RF [:fr] Capteur de temperature Eurosens DTS BT Capteur de temperature Eurosens DTS RF [:pl] Czujnik temperatury Eurosens DTS BT Czujnik temperatury Eurosens DTS RF[:]\",\"isPartOf\":{\"@id\":\"https:\/\/mechatronics.by\/#website\"},\"primaryImageOfPage\":{\"@id\":\"https:\/\/mechatronics.by\/products\/accessories\/eurosens-dts-rf\/#primaryimage\"},\"datePublished\":\"2018-03-07T10:16:21+00:00\",\"dateModified\":\"2025-12-06T08:51:12+00:00\",\"description\":\"{:es}Sensor de temperatura inal\\u00e1mbrico Consiste en dispositivos transmisores y receptores. El transmisor se puede instalar dentro del refrigerador cami\\u00f3n. El receptor puede manejar hasta 2 transmisores y env\\u00eda datos a la interfaz RS485. {:en} Consist from transmitter and receiver devices. Transmitter can be installed inside refrigerator truck. Receiver can handle 2 transmitters and sends data to the RS485 interface. {:pt}Sensor de temperatura sem fio Consistem em dispositivos transmissores e receptores. Transmissor pode ser instalado dentro da geladeira caminh\\u00e3o. O receptor pode suportar 2 transmissores e envia dados para a interface RS485. {:fr}Capteur de temp\\u00e9rature sans fil Consiste des \\u00e9metteurs et r\\u00e9cepteurs. L\\u2019\\u00e9metteur peut \\u00eatre install\\u00e9 \\u00e0 l\\u2019int\\u00e9rieur du r\\u00e9frig\\u00e9rateur un camion. Le r\\u00e9cepteur peut g\\u00e9rer jusqu\\u2019\\u00e0 2 \\u00e9metteurs et envoie des donn\\u00e9es \\u00e0 l\\u2019interface RS485. {:pl}Bezprzewodowy czujnik temperatury Sk\\u0142adaj\\u0105 si\\u0119 z urz\\u0105dze\\u0144 nadawczych i odbiorczych. Nadajnik mo\\u017cna zainstalowa\\u0107 wewn\\u0105trz lod\\u00f3wki ci\\u0119\\u017car\\u00f3wka. Odbiornik mo\\u017ce obs\\u0142u\\u017cy\\u0107 2 nadajnik\\u00f3w i przes\\u0142a\\u0107 dane do interfejsu RS485.{:}\",\"breadcrumb\":{\"@id\":\"https:\/\/mechatronics.by\/products\/accessories\/eurosens-dts-rf\/#breadcrumb\"},\"inLanguage\":\"es\",\"potentialAction\":[{\"@type\":\"ReadAction\",\"target\":[\"https:\/\/mechatronics.by\/products\/accessories\/eurosens-dts-rf\/\"]}]},{\"@type\":\"BreadcrumbList\",\"@id\":\"https:\/\/mechatronics.by\/products\/accessories\/eurosens-dts-rf\/#breadcrumb\",\"itemListElement\":[{\"@type\":\"ListItem\",\"position\":1,\"item\":{\"@type\":\"WebPage\",\"@id\":\"https:\/\/mechatronics.by\/\",\"url\":\"https:\/\/mechatronics.by\/\",\"name\":\"Home\"}},{\"@type\":\"ListItem\",\"position\":2,\"item\":{\"@type\":\"WebPage\",\"@id\":\"https:\/\/mechatronics.by\/products\/\",\"url\":\"https:\/\/mechatronics.by\/products\/\",\"name\":\"\\u041f\\u0440\\u043e\\u0434\\u0443\\u043a\\u0442\\u044b\"}},{\"@type\":\"ListItem\",\"position\":3,\"item\":{\"@type\":\"WebPage\",\"@id\":\"https:\/\/mechatronics.by\/products\/accessories\/\",\"url\":\"https:\/\/mechatronics.by\/products\/accessories\/\",\"name\":\"\\u0414\\u0430\\u0442\\u0447\\u0438\\u043a\\u0438\"}},{\"@type\":\"ListItem\",\"position\":4,\"item\":{\"@id\":\"https:\/\/mechatronics.by\/products\/accessories\/eurosens-dts-rf\/#webpage\"}}]}]}<\/script>\n<!-- \/ Yoast SEO plugin. -->","_links":{"self":[{"href":"https:\/\/mechatronics.by\/es\/wp-json\/wp\/v2\/pages\/8767"}],"collection":[{"href":"https:\/\/mechatronics.by\/es\/wp-json\/wp\/v2\/pages"}],"about":[{"href":"https:\/\/mechatronics.by\/es\/wp-json\/wp\/v2\/types\/page"}],"author":[{"embeddable":true,"href":"https:\/\/mechatronics.by\/es\/wp-json\/wp\/v2\/users\/1"}],"replies":[{"embeddable":true,"href":"https:\/\/mechatronics.by\/es\/wp-json\/wp\/v2\/comments?post=8767"}],"version-history":[{"count":49,"href":"https:\/\/mechatronics.by\/es\/wp-json\/wp\/v2\/pages\/8767\/revisions"}],"predecessor-version":[{"id":14011,"href":"https:\/\/mechatronics.by\/es\/wp-json\/wp\/v2\/pages\/8767\/revisions\/14011"}],"up":[{"embeddable":true,"href":"https:\/\/mechatronics.by\/es\/wp-json\/wp\/v2\/pages\/4669"}],"wp:attachment":[{"href":"https:\/\/mechatronics.by\/es\/wp-json\/wp\/v2\/media?parent=8767"}],"curies":[{"name":"wp","href":"https:\/\/api.w.org\/{rel}","templated":true}]}}