{"id":9687,"date":"2019-04-22T15:06:17","date_gmt":"2019-04-22T12:06:17","guid":{"rendered":"https:\/\/mechatronics.by\/?page_id=9687"},"modified":"2023-01-25T10:24:16","modified_gmt":"2023-01-25T07:24:16","slug":"eurosens-adc","status":"publish","type":"page","link":"https:\/\/mechatronics.by\/es\/products\/data-interfaces\/eurosens-adc\/","title":{"rendered":"Eurosens Difference-T4"},"content":{"rendered":"<p><\/p>\n<table style=\"border-collapse: collapse; width: 100%;\">\n<tbody>\n<tr>\n<td style=\"width: 50%;\"><a href=\"https:\/\/mechatronics.by\/wp-content\/uploads\/2023\/01\/join-telegram.png\"><img loading=\"lazy\" class=\"wp-image-13044 size-full aligncenter\" src=\"https:\/\/mechatronics.by\/wp-content\/uploads\/2023\/01\/join-telegram.png\" alt=\"\" width=\"300\" height=\"116\" data-wp-editing=\"1\" \/><\/a><\/td>\n<td style=\"width: 50%;\">\u00a0<a href=\"https:\/\/www.youtube.com\/@MechatronicsTV\/videos\"><img loading=\"lazy\" class=\"aligncenter wp-image-12963 size-medium\" src=\"https:\/\/mechatronics.by\/wp-content\/uploads\/2023\/01\/youtube-subscr-300x97.gif\" alt=\"\" width=\"300\" height=\"97\" srcset=\"https:\/\/mechatronics.by\/wp-content\/uploads\/2023\/01\/youtube-subscr-300x97.gif 300w, https:\/\/mechatronics.by\/wp-content\/uploads\/2023\/01\/youtube-subscr-1024x330.gif 1024w, https:\/\/mechatronics.by\/wp-content\/uploads\/2023\/01\/youtube-subscr-768x247.gif 768w\" sizes=\"(max-width: 300px) 100vw, 300px\" \/><\/a><\/td>\n<\/tr>\n<\/tbody>\n<\/table>\n<p><\/p>","protected":false},"excerpt":{"rendered":"<p>\u00a0<\/p>\n","protected":false},"author":1,"featured_media":0,"parent":11557,"menu_order":0,"comment_status":"closed","ping_status":"closed","template":"side-navigation.php","meta":[],"yoast_head":"<!-- This site is optimized with the Yoast SEO plugin v16.4 - https:\/\/yoast.com\/wordpress\/plugins\/seo\/ -->\n<title>Convertidor ADC de 4 canales<\/title>\n<meta name=\"description\" content=\"Eurosens Difference-T4 es un convertidor anal\u00f3gico-digital de 4 canales con tablas de calibraci\u00f3n en el interior y una interfaz de salida RS485\" \/>\n<meta name=\"robots\" content=\"index, follow, max-snippet:-1, max-image-preview:large, max-video-preview:-1\" \/>\n<link rel=\"canonical\" href=\"https:\/\/mechatronics.by\/products\/data-interfaces\/eurosens-adc\/\" \/>\n<meta property=\"og:locale\" content=\"es_ES\" \/>\n<meta property=\"og:type\" content=\"article\" \/>\n<meta property=\"og:title\" content=\"[:es]Convertidor ADC de 4 canales[:en] 4-channel ADC converter [:ru]4-\u043a\u0430\u043d\u0430\u043b\u044c\u043d\u044b\u0439 \u0410\u0426\u041f [:pt]Conversor ADC de 4 canais [pl]4-kana\u0142owy konwerter ADC[:fr]Convertisseur ADC 4 canaux[:]\" \/>\n<meta property=\"og:description\" content=\"{:es}Eurosens Difference-T4 es un convertidor anal\u00f3gico-digital de 4 canales con tablas de calibraci\u00f3n en el interior y una interfaz de salida RS485 {:en} Eurosens Difference-T4 is an 4-channel analog-digital converter with calibration tables inside and RS485 output interface{:ru}Eurosens Difference-T4 - 4-\u043a\u0430\u043d\u0430\u043b\u044c\u043d\u044b\u0439 \u0430\u043d\u0430\u043b\u043e\u0433\u043e-\u0446\u0438\u0444\u0440\u043e\u0432\u043e\u0439 \u043f\u0440\u0435\u043e\u0431\u0440\u0430\u0437\u043e\u0432\u0430\u0442\u0435\u043b\u044c \u0441 \u043a\u0430\u043b\u0438\u0431\u0440\u043e\u0432\u043e\u0447\u043d\u044b\u043c\u0438 \u0442\u0430\u0431\u043b\u0438\u0446\u0430\u043c\u0438 \u0438 \u0432\u044b\u0445\u043e\u0434\u043d\u044b\u043c \u0438\u043d\u0442\u0435\u0440\u0444\u0435\u0439\u0441\u043e\u043c RS485 {:pt}Eurosens Difference-T4 \u00e9 um conversor anal\u00f3gico-digital de 4 canais com tabelas de calibra\u00e7\u00e3o internas e interface de sa\u00edda RS485[pl]Eurosens Difference-T4 to 4-kana\u0142owy przetwornik analogowo-cyfrowy z tabelami kalibracji wewn\u0105trz i interfejsem wyj\u015bciowym RS485{:fr}Eurosens Difference-T4 est un convertisseur analogique-num\u00e9rique \u00e0 4 canaux avec tableaux de calibration et interface de sortie RS485. {:}\" \/>\n<meta property=\"og:url\" content=\"https:\/\/mechatronics.by\/products\/data-interfaces\/eurosens-adc\/\" \/>\n<meta property=\"og:site_name\" content=\"Mechatronics\" \/>\n<meta property=\"article:publisher\" content=\"https:\/\/www.facebook.com\/EurosensDelta\" \/>\n<meta property=\"article:modified_time\" content=\"2023-01-25T07:24:16+00:00\" \/>\n<meta property=\"og:image\" content=\"https:\/\/mechatronics.by\/wp-content\/uploads\/2019\/09\/Diff-T-RU1-150x150.png\" \/>\n<meta name=\"twitter:label1\" content=\"Tiempo de lectura\" \/>\n\t<meta name=\"twitter:data1\" content=\"1 minuto\" \/>\n<script type=\"application\/ld+json\" class=\"yoast-schema-graph\">{\"@context\":\"https:\/\/schema.org\",\"@graph\":[{\"@type\":\"WebSite\",\"@id\":\"https:\/\/mechatronics.by\/#website\",\"url\":\"https:\/\/mechatronics.by\/\",\"name\":\"Mechatronics\",\"description\":\"\\u041a\\u043e\\u043d\\u0442\\u0440\\u043e\\u043b\\u044c \\u0440\\u0430\\u0441\\u0445\\u043e\\u0434\\u0430 \\u0442\\u043e\\u043f\\u043b\\u0438\\u0432\\u0430 \\u0438 \\u0434\\u0440\\u0443\\u0433\\u0438\\u0445 \\u043f\\u0430\\u0440\\u0430\\u043c\\u0435\\u0442\\u0440\\u043e\\u0432 \\u0440\\u0430\\u0431\\u043e\\u0442\\u044b \\u043c\\u0430\\u0448\\u0438\\u043d\",\"potentialAction\":[{\"@type\":\"SearchAction\",\"target\":\"https:\/\/mechatronics.by\/?s={search_term_string}\",\"query-input\":\"required name=search_term_string\"}],\"inLanguage\":\"es\"},{\"@type\":\"ImageObject\",\"@id\":\"https:\/\/mechatronics.by\/products\/data-interfaces\/eurosens-adc\/#primaryimage\",\"inLanguage\":\"es\",\"url\":\"https:\/\/mechatronics.by\/wp-content\/uploads\/2023\/01\/join-telegram.png\",\"contentUrl\":\"https:\/\/mechatronics.by\/wp-content\/uploads\/2023\/01\/join-telegram.png\",\"width\":300,\"height\":116},{\"@type\":\"WebPage\",\"@id\":\"https:\/\/mechatronics.by\/products\/data-interfaces\/eurosens-adc\/#webpage\",\"url\":\"https:\/\/mechatronics.by\/products\/data-interfaces\/eurosens-adc\/\",\"name\":\"[:es]Convertidor ADC de 4 canales[:en] 4-channel ADC converter [:ru]4-\\u043a\\u0430\\u043d\\u0430\\u043b\\u044c\\u043d\\u044b\\u0439 \\u0410\\u0426\\u041f [:pt]Conversor ADC de 4 canais [pl]4-kana\\u0142owy konwerter ADC[:fr]Convertisseur ADC 4 canaux[:]\",\"isPartOf\":{\"@id\":\"https:\/\/mechatronics.by\/#website\"},\"primaryImageOfPage\":{\"@id\":\"https:\/\/mechatronics.by\/products\/data-interfaces\/eurosens-adc\/#primaryimage\"},\"datePublished\":\"2019-04-22T12:06:17+00:00\",\"dateModified\":\"2023-01-25T07:24:16+00:00\",\"description\":\"{:es}Eurosens Difference-T4 es un convertidor anal\\u00f3gico-digital de 4 canales con tablas de calibraci\\u00f3n en el interior y una interfaz de salida RS485 {:en} Eurosens Difference-T4 is an 4-channel analog-digital converter with calibration tables inside and RS485 output interface{:ru}Eurosens Difference-T4 - 4-\\u043a\\u0430\\u043d\\u0430\\u043b\\u044c\\u043d\\u044b\\u0439 \\u0430\\u043d\\u0430\\u043b\\u043e\\u0433\\u043e-\\u0446\\u0438\\u0444\\u0440\\u043e\\u0432\\u043e\\u0439 \\u043f\\u0440\\u0435\\u043e\\u0431\\u0440\\u0430\\u0437\\u043e\\u0432\\u0430\\u0442\\u0435\\u043b\\u044c \\u0441 \\u043a\\u0430\\u043b\\u0438\\u0431\\u0440\\u043e\\u0432\\u043e\\u0447\\u043d\\u044b\\u043c\\u0438 \\u0442\\u0430\\u0431\\u043b\\u0438\\u0446\\u0430\\u043c\\u0438 \\u0438 \\u0432\\u044b\\u0445\\u043e\\u0434\\u043d\\u044b\\u043c \\u0438\\u043d\\u0442\\u0435\\u0440\\u0444\\u0435\\u0439\\u0441\\u043e\\u043c RS485 {:pt}Eurosens Difference-T4 \\u00e9 um conversor anal\\u00f3gico-digital de 4 canais com tabelas de calibra\\u00e7\\u00e3o internas e interface de sa\\u00edda RS485[pl]Eurosens Difference-T4 to 4-kana\\u0142owy przetwornik analogowo-cyfrowy z tabelami kalibracji wewn\\u0105trz i interfejsem wyj\\u015bciowym RS485{:fr}Eurosens Difference-T4 est un convertisseur analogique-num\\u00e9rique \\u00e0 4 canaux avec tableaux de calibration et interface de sortie RS485. {:}\",\"breadcrumb\":{\"@id\":\"https:\/\/mechatronics.by\/products\/data-interfaces\/eurosens-adc\/#breadcrumb\"},\"inLanguage\":\"es\",\"potentialAction\":[{\"@type\":\"ReadAction\",\"target\":[\"https:\/\/mechatronics.by\/products\/data-interfaces\/eurosens-adc\/\"]}]},{\"@type\":\"BreadcrumbList\",\"@id\":\"https:\/\/mechatronics.by\/products\/data-interfaces\/eurosens-adc\/#breadcrumb\",\"itemListElement\":[{\"@type\":\"ListItem\",\"position\":1,\"item\":{\"@type\":\"WebPage\",\"@id\":\"https:\/\/mechatronics.by\/\",\"url\":\"https:\/\/mechatronics.by\/\",\"name\":\"Home\"}},{\"@type\":\"ListItem\",\"position\":2,\"item\":{\"@type\":\"WebPage\",\"@id\":\"https:\/\/mechatronics.by\/products\/\",\"url\":\"https:\/\/mechatronics.by\/products\/\",\"name\":\"\\u041f\\u0440\\u043e\\u0434\\u0443\\u043a\\u0442\\u044b\"}},{\"@type\":\"ListItem\",\"position\":3,\"item\":{\"@type\":\"WebPage\",\"@id\":\"https:\/\/mechatronics.by\/products\/data-interfaces\/\",\"url\":\"https:\/\/mechatronics.by\/products\/data-interfaces\/\",\"name\":\"\\u0418\\u043d\\u0442\\u0435\\u0440\\u0444\\u0435\\u0439\\u0441\\u044b \\u0438 \\u043f\\u0435\\u0440\\u0435\\u0434\\u0430\\u0447\\u0430 \\u0434\\u0430\\u043d\\u043d\\u044b\\u0445\"}},{\"@type\":\"ListItem\",\"position\":4,\"item\":{\"@id\":\"https:\/\/mechatronics.by\/products\/data-interfaces\/eurosens-adc\/#webpage\"}}]}]}<\/script>\n<!-- \/ Yoast SEO plugin. -->","_links":{"self":[{"href":"https:\/\/mechatronics.by\/es\/wp-json\/wp\/v2\/pages\/9687"}],"collection":[{"href":"https:\/\/mechatronics.by\/es\/wp-json\/wp\/v2\/pages"}],"about":[{"href":"https:\/\/mechatronics.by\/es\/wp-json\/wp\/v2\/types\/page"}],"author":[{"embeddable":true,"href":"https:\/\/mechatronics.by\/es\/wp-json\/wp\/v2\/users\/1"}],"replies":[{"embeddable":true,"href":"https:\/\/mechatronics.by\/es\/wp-json\/wp\/v2\/comments?post=9687"}],"version-history":[{"count":1,"href":"https:\/\/mechatronics.by\/es\/wp-json\/wp\/v2\/pages\/9687\/revisions"}],"predecessor-version":[{"id":13075,"href":"https:\/\/mechatronics.by\/es\/wp-json\/wp\/v2\/pages\/9687\/revisions\/13075"}],"up":[{"embeddable":true,"href":"https:\/\/mechatronics.by\/es\/wp-json\/wp\/v2\/pages\/11557"}],"wp:attachment":[{"href":"https:\/\/mechatronics.by\/es\/wp-json\/wp\/v2\/media?parent=9687"}],"curies":[{"name":"wp","href":"https:\/\/api.w.org\/{rel}","templated":true}]}}