{"id":4666,"date":"2014-04-27T19:51:38","date_gmt":"2014-04-27T16:51:38","guid":{"rendered":"http:\/\/mechatronics.by\/?page_id=4666"},"modified":"2025-06-17T16:22:19","modified_gmt":"2025-06-17T13:22:19","slug":"service","status":"publish","type":"page","link":"https:\/\/mechatronics.by\/fr\/service\/","title":{"rendered":"Aider"},"content":{"rendered":"<p><\/p>\n<table class=\"tex-table\" style=\"height: 160px; background-color: #fff0c8;\" width=\"337\">\n<tbody>\n<tr>\n<td colspan=\"2\"><strong>support technique<\/strong>\u00a0<\/td>\n<\/tr>\n<tr>\n<td colspan=\"2\">support@mechatronics.by<\/td>\n<\/tr>\n<tr>\n<td colspan=\"2\"><a href=\"skype:ruslan-mechatronics?chat\">Send a Skype message<\/a><\/td>\n<\/tr>\n<tr>\n<td>\u00a0<a href=\"\/\/mechatronics.by\/wp-content\/uploads\/2014\/04\/viber_icon.png\"><img loading=\"lazy\" class=\"alignleft size-full wp-image-8008\" src=\"\/\/mechatronics.by\/wp-content\/uploads\/2014\/04\/viber_icon.png\" alt=\"viber_icon\" width=\"50\" height=\"23\" \/><\/a><\/td>\n<td>\u00a0+375256918776<\/td>\n<\/tr>\n<\/tbody>\n<\/table>\n<p>Heures de travail de bureau: 8.00 &#8211; 17.00 (UTC+3), Lundi &#8211; Vendredi<\/p>\n<p><\/p>","protected":false},"excerpt":{"rendered":"<p>support technique\u00a0 support@mechatronics.by Send a Skype message \u00a0 \u00a0+375256918776 Heures de travail de bureau: 8.00 &#8211; 17.00 (UTC+3), Lundi &#8211; Vendredi<\/p>\n","protected":false},"author":1,"featured_media":0,"parent":0,"menu_order":0,"comment_status":"open","ping_status":"open","template":"full-width.php","meta":[],"yoast_head":"<!-- This site is optimized with the Yoast SEO plugin v16.4 - https:\/\/yoast.com\/wordpress\/plugins\/seo\/ -->\n<title>Soutien<\/title>\n<meta name=\"description\" content=\"Informations utiles, articles et utilitaires li\u00e9s aux produits Eurosens\" \/>\n<meta name=\"robots\" content=\"index, follow, max-snippet:-1, max-image-preview:large, max-video-preview:-1\" \/>\n<link rel=\"canonical\" href=\"https:\/\/mechatronics.by\/service\/\" \/>\n<meta property=\"og:locale\" content=\"fr_FR\" \/>\n<meta property=\"og:type\" content=\"article\" \/>\n<meta property=\"og:title\" content=\"[:es]Apoyo[:en] Mechatronics Support [:ru]\u0422\u0435\u0445\u043f\u043e\u0434\u0434\u0435\u0440\u0436\u043a\u0430 \u041c\u0435\u0445\u0430\u0442\u0440\u043e\u043d\u0438\u043a\u0430 [:pt]Suporte [pl]Wsparcie[:fr]Soutien[:]\" \/>\n<meta property=\"og:description\" content=\"{:es}Informaci\u00f3n \u00fatil, art\u00edculos, utilidades relacionadas con los productos Eurosens{:en}Helpful information, articles, utilities related to Eurosens products {:ru}\u041f\u043e\u043b\u0435\u0437\u043d\u0430\u044f \u0438\u043d\u0444\u043e\u0440\u043c\u0430\u0446\u0438\u044f, \u0441\u0442\u0430\u0442\u044c\u0438, \u0443\u0442\u0438\u043b\u0438\u0442\u044b \u0434\u043b\u044f \u0440\u0430\u0431\u043e\u0442\u044b \u0441 \u043f\u0440\u043e\u0434\u0443\u043a\u0442\u0430\u043c\u0438 Eurosens{:pt}Informa\u00e7\u00f5es \u00fateis, artigos, utilit\u00e1rios relacionados aos produtos Eurosens {:fr}Informations utiles, articles et utilitaires li\u00e9s aux produits Eurosens{:pl}Pomocne informacje, artyku\u0142y, narz\u0119dzia zwi\u0105zane z produktami Eurosens {:}\" \/>\n<meta property=\"og:url\" content=\"https:\/\/mechatronics.by\/service\/\" \/>\n<meta property=\"og:site_name\" content=\"Mechatronics\" \/>\n<meta property=\"article:publisher\" content=\"https:\/\/www.facebook.com\/EurosensDelta\" \/>\n<meta property=\"article:modified_time\" content=\"2025-06-17T13:22:19+00:00\" \/>\n<meta name=\"twitter:label1\" content=\"Dur\u00e9e de lecture est.\" \/>\n\t<meta name=\"twitter:data1\" content=\"1 minute\" \/>\n<script type=\"application\/ld+json\" class=\"yoast-schema-graph\">{\"@context\":\"https:\/\/schema.org\",\"@graph\":[{\"@type\":\"WebSite\",\"@id\":\"https:\/\/mechatronics.by\/#website\",\"url\":\"https:\/\/mechatronics.by\/\",\"name\":\"Mechatronics\",\"description\":\"\\u041a\\u043e\\u043d\\u0442\\u0440\\u043e\\u043b\\u044c \\u0440\\u0430\\u0441\\u0445\\u043e\\u0434\\u0430 \\u0442\\u043e\\u043f\\u043b\\u0438\\u0432\\u0430 \\u0438 \\u0434\\u0440\\u0443\\u0433\\u0438\\u0445 \\u043f\\u0430\\u0440\\u0430\\u043c\\u0435\\u0442\\u0440\\u043e\\u0432 \\u0440\\u0430\\u0431\\u043e\\u0442\\u044b \\u043c\\u0430\\u0448\\u0438\\u043d\",\"potentialAction\":[{\"@type\":\"SearchAction\",\"target\":\"https:\/\/mechatronics.by\/?s={search_term_string}\",\"query-input\":\"required name=search_term_string\"}],\"inLanguage\":\"fr-FR\"},{\"@type\":\"ImageObject\",\"@id\":\"https:\/\/mechatronics.by\/service\/#primaryimage\",\"inLanguage\":\"fr-FR\",\"url\":\"\/\/mechatronics.by\/wp-content\/uploads\/2014\/04\/viber_icon.png\",\"contentUrl\":\"\/\/mechatronics.by\/wp-content\/uploads\/2014\/04\/viber_icon.png\"},{\"@type\":\"WebPage\",\"@id\":\"https:\/\/mechatronics.by\/service\/#webpage\",\"url\":\"https:\/\/mechatronics.by\/service\/\",\"name\":\"[:es]Apoyo[:en] Mechatronics Support [:ru]\\u0422\\u0435\\u0445\\u043f\\u043e\\u0434\\u0434\\u0435\\u0440\\u0436\\u043a\\u0430 \\u041c\\u0435\\u0445\\u0430\\u0442\\u0440\\u043e\\u043d\\u0438\\u043a\\u0430 [:pt]Suporte [pl]Wsparcie[:fr]Soutien[:]\",\"isPartOf\":{\"@id\":\"https:\/\/mechatronics.by\/#website\"},\"primaryImageOfPage\":{\"@id\":\"https:\/\/mechatronics.by\/service\/#primaryimage\"},\"datePublished\":\"2014-04-27T16:51:38+00:00\",\"dateModified\":\"2025-06-17T13:22:19+00:00\",\"description\":\"{:es}Informaci\\u00f3n \\u00fatil, art\\u00edculos, utilidades relacionadas con los productos Eurosens{:en}Helpful information, articles, utilities related to Eurosens products {:ru}\\u041f\\u043e\\u043b\\u0435\\u0437\\u043d\\u0430\\u044f \\u0438\\u043d\\u0444\\u043e\\u0440\\u043c\\u0430\\u0446\\u0438\\u044f, \\u0441\\u0442\\u0430\\u0442\\u044c\\u0438, \\u0443\\u0442\\u0438\\u043b\\u0438\\u0442\\u044b \\u0434\\u043b\\u044f \\u0440\\u0430\\u0431\\u043e\\u0442\\u044b \\u0441 \\u043f\\u0440\\u043e\\u0434\\u0443\\u043a\\u0442\\u0430\\u043c\\u0438 Eurosens{:pt}Informa\\u00e7\\u00f5es \\u00fateis, artigos, utilit\\u00e1rios relacionados aos produtos Eurosens {:fr}Informations utiles, articles et utilitaires li\\u00e9s aux produits Eurosens{:pl}Pomocne informacje, artyku\\u0142y, narz\\u0119dzia zwi\\u0105zane z produktami Eurosens {:}\",\"breadcrumb\":{\"@id\":\"https:\/\/mechatronics.by\/service\/#breadcrumb\"},\"inLanguage\":\"fr-FR\",\"potentialAction\":[{\"@type\":\"ReadAction\",\"target\":[\"https:\/\/mechatronics.by\/service\/\"]}]},{\"@type\":\"BreadcrumbList\",\"@id\":\"https:\/\/mechatronics.by\/service\/#breadcrumb\",\"itemListElement\":[{\"@type\":\"ListItem\",\"position\":1,\"item\":{\"@type\":\"WebPage\",\"@id\":\"https:\/\/mechatronics.by\/\",\"url\":\"https:\/\/mechatronics.by\/\",\"name\":\"Home\"}},{\"@type\":\"ListItem\",\"position\":2,\"item\":{\"@id\":\"https:\/\/mechatronics.by\/service\/#webpage\"}}]}]}<\/script>\n<!-- \/ Yoast SEO plugin. -->","_links":{"self":[{"href":"https:\/\/mechatronics.by\/fr\/wp-json\/wp\/v2\/pages\/4666"}],"collection":[{"href":"https:\/\/mechatronics.by\/fr\/wp-json\/wp\/v2\/pages"}],"about":[{"href":"https:\/\/mechatronics.by\/fr\/wp-json\/wp\/v2\/types\/page"}],"author":[{"embeddable":true,"href":"https:\/\/mechatronics.by\/fr\/wp-json\/wp\/v2\/users\/1"}],"replies":[{"embeddable":true,"href":"https:\/\/mechatronics.by\/fr\/wp-json\/wp\/v2\/comments?post=4666"}],"version-history":[{"count":18,"href":"https:\/\/mechatronics.by\/fr\/wp-json\/wp\/v2\/pages\/4666\/revisions"}],"predecessor-version":[{"id":12793,"href":"https:\/\/mechatronics.by\/fr\/wp-json\/wp\/v2\/pages\/4666\/revisions\/12793"}],"wp:attachment":[{"href":"https:\/\/mechatronics.by\/fr\/wp-json\/wp\/v2\/media?parent=4666"}],"curies":[{"name":"wp","href":"https:\/\/api.w.org\/{rel}","templated":true}]}}