{"id":4669,"date":"2014-04-27T19:58:28","date_gmt":"2014-04-27T16:58:28","guid":{"rendered":"http:\/\/mechatronics.by\/?page_id=4669"},"modified":"2025-03-28T10:43:14","modified_gmt":"2025-03-28T07:43:14","slug":"accessories","status":"publish","type":"page","link":"https:\/\/mechatronics.by\/fr\/products\/accessories\/","title":{"rendered":"Capteurs"},"content":{"rendered":"<p><\/p>\n<p><!-- START REVOLUTION SLIDER 4.1.3 fullwidth mode -->\n\n<div id=\"rev_slider_6_5_wrapper\" class=\"rev_slider_wrapper fullwidthbanner-container\" style=\"margin:0px auto;background-color:#E9E9E9;padding:0px;margin-top:0px;margin-bottom:0px;max-height:200px;\">\n\t<div id=\"rev_slider_6_5\" class=\"rev_slider fullwidthabanner\" style=\"display:none;max-height:200px;height:200;\">\n<ul>\t<!-- SLIDE  -->\n\t<li data-transition=\"random\" data-slotamount=\"7\" data-masterspeed=\"300\" >\n\t\t<!-- MAIN IMAGE -->\n\t\t<img src=\"https:\/\/mechatronics.by\/wp-content\/uploads\/2018\/08\/sertvice.png\"  alt=\"sertvice\"  data-bgposition=\"center top\" data-bgfit=\"cover\" data-bgrepeat=\"no-repeat\">\n\t\t<!-- LAYERS -->\n\t<\/li>\n<\/ul>\n\t<\/div>\n<\/div>\t\t\t\r\n\t\t\t<script type=\"text\/javascript\">\r\n\r\n\t\t\t\tvar tpj=jQuery;\t\t\t\t\r\n\t\t\t\ttpj.noConflict();\t\t\t\t\r\n\t\t\t\tvar revapi6;\r\n\t\t\t\t\r\n\t\t\t\ttpj(document).ready(function() {\r\n\t\t\t\t\t\t\t\t\r\n\t\t\t\tif(tpj('#rev_slider_6_5').revolution == undefined)\r\n\t\t\t\t\trevslider_showDoubleJqueryError('#rev_slider_6_5');\r\n\t\t\t\telse\r\n\t\t\t\t   revapi6 = tpj('#rev_slider_6_5').show().revolution(\r\n\t\t\t\t\t{\r\n\t\t\t\t\t\tdottedOverlay:\"none\",\r\n\t\t\t\t\t\tdelay:9000,\r\n\t\t\t\t\t\tstartwidth:700,\r\n\t\t\t\t\t\tstartheight:200,\r\n\t\t\t\t\t\thideThumbs:200,\r\n\t\t\t\t\t\t\r\n\t\t\t\t\t\tthumbWidth:100,\r\n\t\t\t\t\t\tthumbHeight:50,\r\n\t\t\t\t\t\tthumbAmount:1,\r\n\t\t\t\t\t\t\r\n\t\t\t\t\t\tnavigationType:\"bullet\",\r\n\t\t\t\t\t\tnavigationArrows:\"solo\",\r\n\t\t\t\t\t\tnavigationStyle:\"round\",\r\n\t\t\t\t\t\t\r\n\t\t\t\t\t\ttouchenabled:\"on\",\r\n\t\t\t\t\t\tonHoverStop:\"on\",\r\n\t\t\t\t\t\t\r\n\t\t\t\t\t\tnavigationHAlign:\"center\",\r\n\t\t\t\t\t\tnavigationVAlign:\"bottom\",\r\n\t\t\t\t\t\tnavigationHOffset:0,\r\n\t\t\t\t\t\tnavigationVOffset:20,\r\n\r\n\t\t\t\t\t\tsoloArrowLeftHalign:\"left\",\r\n\t\t\t\t\t\tsoloArrowLeftValign:\"center\",\r\n\t\t\t\t\t\tsoloArrowLeftHOffset:20,\r\n\t\t\t\t\t\tsoloArrowLeftVOffset:0,\r\n\r\n\t\t\t\t\t\tsoloArrowRightHalign:\"right\",\r\n\t\t\t\t\t\tsoloArrowRightValign:\"center\",\r\n\t\t\t\t\t\tsoloArrowRightHOffset:20,\r\n\t\t\t\t\t\tsoloArrowRightVOffset:0,\r\n\t\t\t\t\t\t\t\t\r\n\t\t\t\t\t\tshadow:0,\r\n\t\t\t\t\t\tfullWidth:\"on\",\r\n\t\t\t\t\t\tfullScreen:\"off\",\r\n\r\n\t\t\t\t\t\tstopLoop:\"off\",\r\n\t\t\t\t\t\tstopAfterLoops:-1,\r\n\t\t\t\t\t\tstopAtSlide:-1,\r\n\r\n\t\t\t\t\t\t\r\n\t\t\t\t\t\tshuffle:\"off\",\r\n\t\t\t\t\t\t\r\n\t\t\t\t\t\tautoHeight:\"off\",\t\t\t\t\t\t\r\n\t\t\t\t\t\tforceFullWidth:\"off\",\t\t\t\t\t\t\r\n\t\t\t\t\t\t\t\t\t\t\t\t\r\n\t\t\t\t\t\t\t\t\t\t\t\t\r\n\t\t\t\t\t\thideThumbsOnMobile:\"off\",\r\n\t\t\t\t\t\thideBulletsOnMobile:\"off\",\r\n\t\t\t\t\t\thideArrowsOnMobile:\"off\",\r\n\t\t\t\t\t\thideThumbsUnderResolution:0,\r\n\t\t\t\t\t\t\r\n\t\t\t\t\t\thideSliderAtLimit:0,\r\n\t\t\t\t\t\thideCaptionAtLimit:0,\r\n\t\t\t\t\t\thideAllCaptionAtLilmit:0,\r\n\t\t\t\t\t\tstartWithSlide:0,\r\n\t\t\t\t\t\tvideoJsPath:\"https:\/\/mechatronics.by\/wp-content\/plugins\/revslider\/rs-plugin\/videojs\/\",\r\n\t\t\t\t\t\tfullScreenOffsetContainer: \"\"\t\r\n\t\t\t\t\t});\r\n\t\t\t\t\r\n\t\t\t\t});\t\/\/ready\r\n\t\t\t\t\r\n\t\t\t<\/script>\r\n\t\t\t\r\n\t\t\t<!-- END REVOLUTION SLIDER --> Capteurs de position, capteurs de temp\u00e9rature, outils de maintenance et autres appareils non compris dans d&#8217;autres cat\u00e9gories.<\/p>\n<p><\/p>","protected":false},"excerpt":{"rendered":"<p>Capteurs de position, capteurs de temp\u00e9rature, outils de maintenance et autres appareils non compris dans d&#8217;autres cat\u00e9gories.<\/p>\n","protected":false},"author":1,"featured_media":0,"parent":18,"menu_order":8,"comment_status":"open","ping_status":"closed","template":"side-navigation.php","meta":[],"yoast_head":"<!-- This site is optimized with the Yoast SEO plugin v16.4 - https:\/\/yoast.com\/wordpress\/plugins\/seo\/ -->\n<title>Capteurs pour le suivi GPS<\/title>\n<meta name=\"description\" content=\"Capteurs de position, capteurs de temp\u00e9rature, outils de maintenance et autres appareils non compris dans d&#039;autres cat\u00e9gories.\" \/>\n<meta name=\"robots\" content=\"index, follow, max-snippet:-1, max-image-preview:large, max-video-preview:-1\" \/>\n<link rel=\"canonical\" href=\"https:\/\/mechatronics.by\/products\/accessories\/\" \/>\n<meta property=\"og:locale\" content=\"fr_FR\" \/>\n<meta property=\"og:type\" content=\"article\" \/>\n<meta property=\"og:title\" content=\"[:es] Sensores para rastreo GPS [:en] Sensors for GPS tracking [:ru] \u0414\u0430\u0442\u0447\u0438\u043a\u0438 Eurosens \u0434\u043b\u044f \u0441\u0438\u0441\u0442\u0435\u043c \u043c\u043e\u043d\u0438\u0442\u043e\u0440\u0438\u043d\u0433\u0430 \u0442\u0440\u0430\u043d\u0441\u043f\u043e\u0440\u0442\u0430 [:pt]Sensores para rastreamento GPS [:fr] Capteurs pour le suivi GPS[:pl] Czujniki do \u015bledzenia GPS[:]\" \/>\n<meta property=\"og:description\" content=\"{:es} Sensores de posici\u00f3n, sensores de temperatura, herramientas de servicio y otros dispositivos que no est\u00e1n incluidos en otras categor\u00edas. {:en} Position sensors, temperature sensors, service tools and other devices which are not included in other categories. {:ru}\u0414\u0430\u0442\u0447\u0438\u043a\u0438 \u043f\u043e\u043b\u043e\u0436\u0435\u043d\u0438\u044f, \u0442\u0435\u043c\u043f\u0435\u0440\u0430\u0442\u0443\u0440\u044b, \u0441\u0435\u0440\u0432\u0438\u0441\u043d\u043e\u0435 \u043e\u0431\u043e\u0440\u0443\u0434\u043e\u0432\u0430\u043d\u0438\u0435 \u0434\u043b\u044f \u043d\u0430\u0441\u0442\u0440\u043e\u0439\u043a\u0438 \u0438 \u0434\u0438\u0430\u0433\u043d\u043e\u0441\u0442\u0438\u043a\u0438 \u0434\u0430\u0442\u0447\u0438\u043a\u043e\u0432 Eurosens, \u0430 \u0442\u0430\u043a\u0436\u0435 \u0438\u043d\u043e\u0435 \u043e\u0431\u043e\u0440\u0443\u0434\u043e\u0432\u0430\u043d\u0438\u0435, \u043d\u0435 \u0432\u043e\u0448\u0435\u0434\u0448\u0435\u0435 \u0432 \u0434\u0440\u0443\u0433\u0438\u0435 \u043a\u0430\u0442\u0435\u0433\u043e\u0440\u0438\u0438.{:pt}Posicione sensores, sensores de temperatura, ferramentas de servi\u00e7o e outros dispositivos que n\u00e3o estejam inclu\u00eddos em outras categorias. {:fr}Capteurs de position, capteurs de temp\u00e9rature, outils de maintenance et autres appareils non compris dans d&#039;autres cat\u00e9gories. {:pl}Czujniki po\u0142o\u017cenia, czujniki temperatury, narz\u0119dzia serwisowe i inne urz\u0105dzenia, kt\u00f3re nie znajduj\u0105 si\u0119 w innych kategoriach.{:}\" \/>\n<meta property=\"og:url\" content=\"https:\/\/mechatronics.by\/products\/accessories\/\" \/>\n<meta property=\"og:site_name\" content=\"Mechatronics\" \/>\n<meta property=\"article:publisher\" content=\"https:\/\/www.facebook.com\/EurosensDelta\" \/>\n<meta property=\"article:modified_time\" content=\"2025-03-28T07:43:14+00:00\" \/>\n<meta property=\"og:image\" content=\"https:\/\/mechatronics.by\/wp-content\/uploads\/2022\/03\/DTS_BT-render-1-150x150.png\" \/>\n<meta name=\"twitter:label1\" content=\"Dur\u00e9e de lecture est.\" \/>\n\t<meta name=\"twitter:data1\" content=\"2 minutes\" \/>\n<script type=\"application\/ld+json\" class=\"yoast-schema-graph\">{\"@context\":\"https:\/\/schema.org\",\"@graph\":[{\"@type\":\"WebSite\",\"@id\":\"https:\/\/mechatronics.by\/#website\",\"url\":\"https:\/\/mechatronics.by\/\",\"name\":\"Mechatronics\",\"description\":\"\\u041a\\u043e\\u043d\\u0442\\u0440\\u043e\\u043b\\u044c \\u0440\\u0430\\u0441\\u0445\\u043e\\u0434\\u0430 \\u0442\\u043e\\u043f\\u043b\\u0438\\u0432\\u0430 \\u0438 \\u0434\\u0440\\u0443\\u0433\\u0438\\u0445 \\u043f\\u0430\\u0440\\u0430\\u043c\\u0435\\u0442\\u0440\\u043e\\u0432 \\u0440\\u0430\\u0431\\u043e\\u0442\\u044b \\u043c\\u0430\\u0448\\u0438\\u043d\",\"potentialAction\":[{\"@type\":\"SearchAction\",\"target\":\"https:\/\/mechatronics.by\/?s={search_term_string}\",\"query-input\":\"required name=search_term_string\"}],\"inLanguage\":\"fr-FR\"},{\"@type\":\"ImageObject\",\"@id\":\"https:\/\/mechatronics.by\/products\/accessories\/#primaryimage\",\"inLanguage\":\"fr-FR\",\"url\":\"https:\/\/mechatronics.by\/wp-content\/uploads\/2021\/03\/DES-RF-T.png\",\"contentUrl\":\"https:\/\/mechatronics.by\/wp-content\/uploads\/2021\/03\/DES-RF-T.png\",\"width\":1261,\"height\":751},{\"@type\":\"WebPage\",\"@id\":\"https:\/\/mechatronics.by\/products\/accessories\/#webpage\",\"url\":\"https:\/\/mechatronics.by\/products\/accessories\/\",\"name\":\"[:es] Sensores para rastreo GPS [:en] Sensors for GPS tracking [:ru] \\u0414\\u0430\\u0442\\u0447\\u0438\\u043a\\u0438 Eurosens \\u0434\\u043b\\u044f \\u0441\\u0438\\u0441\\u0442\\u0435\\u043c \\u043c\\u043e\\u043d\\u0438\\u0442\\u043e\\u0440\\u0438\\u043d\\u0433\\u0430 \\u0442\\u0440\\u0430\\u043d\\u0441\\u043f\\u043e\\u0440\\u0442\\u0430 [:pt]Sensores para rastreamento GPS [:fr] Capteurs pour le suivi GPS[:pl] Czujniki do \\u015bledzenia GPS[:]\",\"isPartOf\":{\"@id\":\"https:\/\/mechatronics.by\/#website\"},\"primaryImageOfPage\":{\"@id\":\"https:\/\/mechatronics.by\/products\/accessories\/#primaryimage\"},\"datePublished\":\"2014-04-27T16:58:28+00:00\",\"dateModified\":\"2025-03-28T07:43:14+00:00\",\"description\":\"{:es} Sensores de posici\\u00f3n, sensores de temperatura, herramientas de servicio y otros dispositivos que no est\\u00e1n incluidos en otras categor\\u00edas. {:en} Position sensors, temperature sensors, service tools and other devices which are not included in other categories. {:ru}\\u0414\\u0430\\u0442\\u0447\\u0438\\u043a\\u0438 \\u043f\\u043e\\u043b\\u043e\\u0436\\u0435\\u043d\\u0438\\u044f, \\u0442\\u0435\\u043c\\u043f\\u0435\\u0440\\u0430\\u0442\\u0443\\u0440\\u044b, \\u0441\\u0435\\u0440\\u0432\\u0438\\u0441\\u043d\\u043e\\u0435 \\u043e\\u0431\\u043e\\u0440\\u0443\\u0434\\u043e\\u0432\\u0430\\u043d\\u0438\\u0435 \\u0434\\u043b\\u044f \\u043d\\u0430\\u0441\\u0442\\u0440\\u043e\\u0439\\u043a\\u0438 \\u0438 \\u0434\\u0438\\u0430\\u0433\\u043d\\u043e\\u0441\\u0442\\u0438\\u043a\\u0438 \\u0434\\u0430\\u0442\\u0447\\u0438\\u043a\\u043e\\u0432 Eurosens, \\u0430 \\u0442\\u0430\\u043a\\u0436\\u0435 \\u0438\\u043d\\u043e\\u0435 \\u043e\\u0431\\u043e\\u0440\\u0443\\u0434\\u043e\\u0432\\u0430\\u043d\\u0438\\u0435, \\u043d\\u0435 \\u0432\\u043e\\u0448\\u0435\\u0434\\u0448\\u0435\\u0435 \\u0432 \\u0434\\u0440\\u0443\\u0433\\u0438\\u0435 \\u043a\\u0430\\u0442\\u0435\\u0433\\u043e\\u0440\\u0438\\u0438.{:pt}Posicione sensores, sensores de temperatura, ferramentas de servi\\u00e7o e outros dispositivos que n\\u00e3o estejam inclu\\u00eddos em outras categorias. {:fr}Capteurs de position, capteurs de temp\\u00e9rature, outils de maintenance et autres appareils non compris dans d'autres cat\\u00e9gories. {:pl}Czujniki po\\u0142o\\u017cenia, czujniki temperatury, narz\\u0119dzia serwisowe i inne urz\\u0105dzenia, kt\\u00f3re nie znajduj\\u0105 si\\u0119 w innych kategoriach.{:}\",\"breadcrumb\":{\"@id\":\"https:\/\/mechatronics.by\/products\/accessories\/#breadcrumb\"},\"inLanguage\":\"fr-FR\",\"potentialAction\":[{\"@type\":\"ReadAction\",\"target\":[\"https:\/\/mechatronics.by\/products\/accessories\/\"]}]},{\"@type\":\"BreadcrumbList\",\"@id\":\"https:\/\/mechatronics.by\/products\/accessories\/#breadcrumb\",\"itemListElement\":[{\"@type\":\"ListItem\",\"position\":1,\"item\":{\"@type\":\"WebPage\",\"@id\":\"https:\/\/mechatronics.by\/\",\"url\":\"https:\/\/mechatronics.by\/\",\"name\":\"Home\"}},{\"@type\":\"ListItem\",\"position\":2,\"item\":{\"@type\":\"WebPage\",\"@id\":\"https:\/\/mechatronics.by\/products\/\",\"url\":\"https:\/\/mechatronics.by\/products\/\",\"name\":\"\\u041f\\u0440\\u043e\\u0434\\u0443\\u043a\\u0442\\u044b\"}},{\"@type\":\"ListItem\",\"position\":3,\"item\":{\"@id\":\"https:\/\/mechatronics.by\/products\/accessories\/#webpage\"}}]}]}<\/script>\n<!-- \/ Yoast SEO plugin. -->","_links":{"self":[{"href":"https:\/\/mechatronics.by\/fr\/wp-json\/wp\/v2\/pages\/4669"}],"collection":[{"href":"https:\/\/mechatronics.by\/fr\/wp-json\/wp\/v2\/pages"}],"about":[{"href":"https:\/\/mechatronics.by\/fr\/wp-json\/wp\/v2\/types\/page"}],"author":[{"embeddable":true,"href":"https:\/\/mechatronics.by\/fr\/wp-json\/wp\/v2\/users\/1"}],"replies":[{"embeddable":true,"href":"https:\/\/mechatronics.by\/fr\/wp-json\/wp\/v2\/comments?post=4669"}],"version-history":[{"count":20,"href":"https:\/\/mechatronics.by\/fr\/wp-json\/wp\/v2\/pages\/4669\/revisions"}],"predecessor-version":[{"id":13642,"href":"https:\/\/mechatronics.by\/fr\/wp-json\/wp\/v2\/pages\/4669\/revisions\/13642"}],"up":[{"embeddable":true,"href":"https:\/\/mechatronics.by\/fr\/wp-json\/wp\/v2\/pages\/18"}],"wp:attachment":[{"href":"https:\/\/mechatronics.by\/fr\/wp-json\/wp\/v2\/media?parent=4669"}],"curies":[{"name":"wp","href":"https:\/\/api.w.org\/{rel}","templated":true}]}}