{"id":10069,"date":"2019-09-19T16:10:19","date_gmt":"2019-09-19T13:10:19","guid":{"rendered":"https:\/\/mechatronics.by\/?page_id=10069"},"modified":"2024-08-02T09:52:09","modified_gmt":"2024-08-02T06:52:09","slug":"eurosens-display-can","status":"publish","type":"page","link":"https:\/\/mechatronics.by\/pl\/products\/information-display\/eurosens-display-can\/","title":{"rendered":"Eurosens Display CAN"},"content":{"rendered":"<p><\/p>\n<table style=\"border-collapse: collapse; width: 100%;\">\n<tbody>\n<tr>\n<td style=\"width: 50%;\"><a href=\"https:\/\/mechatronics.by\/wp-content\/uploads\/2023\/01\/join-telegram.png\"><img loading=\"lazy\" class=\"wp-image-13044 size-full aligncenter\" src=\"https:\/\/mechatronics.by\/wp-content\/uploads\/2023\/01\/join-telegram.png\" alt=\"\" width=\"300\" height=\"116\" data-wp-editing=\"1\" \/><\/a><\/td>\n<td style=\"width: 50%;\">\u00a0<a href=\"https:\/\/www.youtube.com\/@MechatronicsTV\/videos\"><img loading=\"lazy\" class=\"aligncenter wp-image-12963 size-medium\" src=\"https:\/\/mechatronics.by\/wp-content\/uploads\/2023\/01\/youtube-subscr-300x97.gif\" alt=\"\" width=\"300\" height=\"97\" srcset=\"https:\/\/mechatronics.by\/wp-content\/uploads\/2023\/01\/youtube-subscr-300x97.gif 300w, https:\/\/mechatronics.by\/wp-content\/uploads\/2023\/01\/youtube-subscr-1024x330.gif 1024w, https:\/\/mechatronics.by\/wp-content\/uploads\/2023\/01\/youtube-subscr-768x247.gif 768w\" sizes=\"(max-width: 300px) 100vw, 300px\" \/><\/a><\/td>\n<\/tr>\n<\/tbody>\n<\/table>\n<p><\/p>","protected":false},"excerpt":{"rendered":"<p>\u00a0<\/p>\n","protected":false},"author":1,"featured_media":0,"parent":6122,"menu_order":5,"comment_status":"closed","ping_status":"closed","template":"side-navigation.php","meta":[],"yoast_head":"<!-- This site is optimized with the Yoast SEO plugin v16.4 - https:\/\/yoast.com\/wordpress\/plugins\/seo\/ -->\n<title>Eurosens Display CAN<\/title>\n<meta name=\"description\" content=\"Wy\u015bwietlacz Eurosens CAN - wielofunkcyjny wy\u015bwietlacz czujnik\u00f3w magistrali CAN Eurosens lub czujnik\u00f3w innych producent\u00f3w.\" \/>\n<meta name=\"robots\" content=\"index, follow, max-snippet:-1, max-image-preview:large, max-video-preview:-1\" \/>\n<link rel=\"canonical\" href=\"https:\/\/mechatronics.by\/products\/information-display\/eurosens-display-can\/\" \/>\n<meta property=\"og:locale\" content=\"pl_PL\" \/>\n<meta property=\"og:type\" content=\"article\" \/>\n<meta property=\"og:title\" content=\"Eurosens Display CAN\" \/>\n<meta property=\"og:description\" content=\"{:es} Eurosens Display CAN: pantalla multifuncional para sensores de bus CAN Eurosens o sensores de terceros. {:en} Eurosens Display CAN - multifunctional display for Eurosens CAN bus sensors or third party sensors. {:ru}\u0411\u043e\u0440\u0442\u043e\u0432\u043e\u0439 \u0434\u0438\u0441\u043f\u043b\u0435\u0439 Eurosens Display CAN \u043f\u043e\u0434\u043a\u043b\u044e\u0447\u0430\u0435\u0442\u0441\u044f \u043a \u0440\u0430\u0441\u0445\u043e\u0434\u043e\u043c\u0435\u0440\u0430\u043c \u0442\u043e\u043f\u043b\u0438\u0432\u0430 \u0438 \u043a \u0434\u0430\u0442\u0447\u0438\u043a\u0430\u043c \u0443\u0440\u043e\u0432\u043d\u044f \u0442\u043e\u043f\u043b\u0438\u0432\u0430 c \u0438\u043d\u0442\u0435\u0440\u0444\u0435\u0439\u0441\u043e\u043c CAN\/K-Line{:pt}Eurosens Display CAN - display multifuncional para sensores de barramento Eurosens CAN ou sensores de terceiros. {:fr}Eurosens Display CAN - \u00e9cran multifonctions pour les capteurs de bus CAN Eurosens ou de tiers. {:pl}Wy\u015bwietlacz Eurosens CAN - wielofunkcyjny wy\u015bwietlacz czujnik\u00f3w magistrali CAN Eurosens lub czujnik\u00f3w innych producent\u00f3w.{:}\" \/>\n<meta property=\"og:url\" content=\"https:\/\/mechatronics.by\/products\/information-display\/eurosens-display-can\/\" \/>\n<meta property=\"og:site_name\" content=\"Mechatronics\" \/>\n<meta property=\"article:publisher\" content=\"https:\/\/www.facebook.com\/EurosensDelta\" \/>\n<meta property=\"article:modified_time\" content=\"2024-08-02T06:52:09+00:00\" \/>\n<meta property=\"og:image\" content=\"https:\/\/mechatronics.by\/wp-content\/uploads\/2019\/09\/Display-CAN-150x150.png\" \/>\n<meta name=\"twitter:label1\" content=\"Szacowany czas czytania\" \/>\n\t<meta name=\"twitter:data1\" content=\"1 minuta\" \/>\n<script type=\"application\/ld+json\" class=\"yoast-schema-graph\">{\"@context\":\"https:\/\/schema.org\",\"@graph\":[{\"@type\":\"WebSite\",\"@id\":\"https:\/\/mechatronics.by\/#website\",\"url\":\"https:\/\/mechatronics.by\/\",\"name\":\"Mechatronics\",\"description\":\"\\u041a\\u043e\\u043d\\u0442\\u0440\\u043e\\u043b\\u044c \\u0440\\u0430\\u0441\\u0445\\u043e\\u0434\\u0430 \\u0442\\u043e\\u043f\\u043b\\u0438\\u0432\\u0430 \\u0438 \\u0434\\u0440\\u0443\\u0433\\u0438\\u0445 \\u043f\\u0430\\u0440\\u0430\\u043c\\u0435\\u0442\\u0440\\u043e\\u0432 \\u0440\\u0430\\u0431\\u043e\\u0442\\u044b \\u043c\\u0430\\u0448\\u0438\\u043d\",\"potentialAction\":[{\"@type\":\"SearchAction\",\"target\":\"https:\/\/mechatronics.by\/?s={search_term_string}\",\"query-input\":\"required name=search_term_string\"}],\"inLanguage\":\"pl-PL\"},{\"@type\":\"ImageObject\",\"@id\":\"https:\/\/mechatronics.by\/products\/information-display\/eurosens-display-can\/#primaryimage\",\"inLanguage\":\"pl-PL\",\"url\":\"https:\/\/mechatronics.by\/wp-content\/uploads\/2023\/01\/join-telegram.png\",\"contentUrl\":\"https:\/\/mechatronics.by\/wp-content\/uploads\/2023\/01\/join-telegram.png\",\"width\":300,\"height\":116},{\"@type\":\"WebPage\",\"@id\":\"https:\/\/mechatronics.by\/products\/information-display\/eurosens-display-can\/#webpage\",\"url\":\"https:\/\/mechatronics.by\/products\/information-display\/eurosens-display-can\/\",\"name\":\"Eurosens Display CAN\",\"isPartOf\":{\"@id\":\"https:\/\/mechatronics.by\/#website\"},\"primaryImageOfPage\":{\"@id\":\"https:\/\/mechatronics.by\/products\/information-display\/eurosens-display-can\/#primaryimage\"},\"datePublished\":\"2019-09-19T13:10:19+00:00\",\"dateModified\":\"2024-08-02T06:52:09+00:00\",\"description\":\"{:es} Eurosens Display CAN: pantalla multifuncional para sensores de bus CAN Eurosens o sensores de terceros. {:en} Eurosens Display CAN - multifunctional display for Eurosens CAN bus sensors or third party sensors. {:ru}\\u0411\\u043e\\u0440\\u0442\\u043e\\u0432\\u043e\\u0439 \\u0434\\u0438\\u0441\\u043f\\u043b\\u0435\\u0439 Eurosens Display CAN \\u043f\\u043e\\u0434\\u043a\\u043b\\u044e\\u0447\\u0430\\u0435\\u0442\\u0441\\u044f \\u043a \\u0440\\u0430\\u0441\\u0445\\u043e\\u0434\\u043e\\u043c\\u0435\\u0440\\u0430\\u043c \\u0442\\u043e\\u043f\\u043b\\u0438\\u0432\\u0430 \\u0438 \\u043a \\u0434\\u0430\\u0442\\u0447\\u0438\\u043a\\u0430\\u043c \\u0443\\u0440\\u043e\\u0432\\u043d\\u044f \\u0442\\u043e\\u043f\\u043b\\u0438\\u0432\\u0430 c \\u0438\\u043d\\u0442\\u0435\\u0440\\u0444\\u0435\\u0439\\u0441\\u043e\\u043c CAN\/K-Line{:pt}Eurosens Display CAN - display multifuncional para sensores de barramento Eurosens CAN ou sensores de terceiros. {:fr}Eurosens Display CAN - \\u00e9cran multifonctions pour les capteurs de bus CAN Eurosens ou de tiers. {:pl}Wy\\u015bwietlacz Eurosens CAN - wielofunkcyjny wy\\u015bwietlacz czujnik\\u00f3w magistrali CAN Eurosens lub czujnik\\u00f3w innych producent\\u00f3w.{:}\",\"breadcrumb\":{\"@id\":\"https:\/\/mechatronics.by\/products\/information-display\/eurosens-display-can\/#breadcrumb\"},\"inLanguage\":\"pl-PL\",\"potentialAction\":[{\"@type\":\"ReadAction\",\"target\":[\"https:\/\/mechatronics.by\/products\/information-display\/eurosens-display-can\/\"]}]},{\"@type\":\"BreadcrumbList\",\"@id\":\"https:\/\/mechatronics.by\/products\/information-display\/eurosens-display-can\/#breadcrumb\",\"itemListElement\":[{\"@type\":\"ListItem\",\"position\":1,\"item\":{\"@type\":\"WebPage\",\"@id\":\"https:\/\/mechatronics.by\/\",\"url\":\"https:\/\/mechatronics.by\/\",\"name\":\"Home\"}},{\"@type\":\"ListItem\",\"position\":2,\"item\":{\"@type\":\"WebPage\",\"@id\":\"https:\/\/mechatronics.by\/products\/\",\"url\":\"https:\/\/mechatronics.by\/products\/\",\"name\":\"\\u041f\\u0440\\u043e\\u0434\\u0443\\u043a\\u0442\\u044b\"}},{\"@type\":\"ListItem\",\"position\":3,\"item\":{\"@type\":\"WebPage\",\"@id\":\"https:\/\/mechatronics.by\/products\/information-display\/\",\"url\":\"https:\/\/mechatronics.by\/products\/information-display\/\",\"name\":\"\\u0418\\u043d\\u0444\\u043e\\u0440\\u043c\\u0430\\u0446\\u0438\\u043e\\u043d\\u043d\\u044b\\u0435 \\u0434\\u0438\\u0441\\u043f\\u043b\\u0435\\u0438\"}},{\"@type\":\"ListItem\",\"position\":4,\"item\":{\"@id\":\"https:\/\/mechatronics.by\/products\/information-display\/eurosens-display-can\/#webpage\"}}]}]}<\/script>\n<!-- \/ Yoast SEO plugin. -->","_links":{"self":[{"href":"https:\/\/mechatronics.by\/pl\/wp-json\/wp\/v2\/pages\/10069"}],"collection":[{"href":"https:\/\/mechatronics.by\/pl\/wp-json\/wp\/v2\/pages"}],"about":[{"href":"https:\/\/mechatronics.by\/pl\/wp-json\/wp\/v2\/types\/page"}],"author":[{"embeddable":true,"href":"https:\/\/mechatronics.by\/pl\/wp-json\/wp\/v2\/users\/1"}],"replies":[{"embeddable":true,"href":"https:\/\/mechatronics.by\/pl\/wp-json\/wp\/v2\/comments?post=10069"}],"version-history":[{"count":7,"href":"https:\/\/mechatronics.by\/pl\/wp-json\/wp\/v2\/pages\/10069\/revisions"}],"predecessor-version":[{"id":13404,"href":"https:\/\/mechatronics.by\/pl\/wp-json\/wp\/v2\/pages\/10069\/revisions\/13404"}],"up":[{"embeddable":true,"href":"https:\/\/mechatronics.by\/pl\/wp-json\/wp\/v2\/pages\/6122"}],"wp:attachment":[{"href":"https:\/\/mechatronics.by\/pl\/wp-json\/wp\/v2\/media?parent=10069"}],"curies":[{"name":"wp","href":"https:\/\/api.w.org\/{rel}","templated":true}]}}