{"id":10401,"date":"2020-01-03T17:44:06","date_gmt":"2020-01-03T14:44:06","guid":{"rendered":"https:\/\/mechatronics.by\/?page_id=10401"},"modified":"2023-11-27T16:23:54","modified_gmt":"2023-11-27T13:23:54","slug":"fls-emulator","status":"publish","type":"page","link":"https:\/\/mechatronics.by\/pl\/products\/level-control\/fls-emulator\/","title":{"rendered":"Adapter wska\u017anika paliwa Eurosens Dash"},"content":{"rendered":"<p><\/p>\n<p>Eurosens Dash odczytuje sygna\u0142 zainstalowanego czujnika poziomu paliwa przez interfejs RS485 (protok\u00f3\u0142 LLS) i emuluje sygna\u0142 z rezystancyjnego czujnika poziomu paliwa w zbiorniku dla standardowego wska\u017anika poziomu paliwa na desce rozdzielczej samochodu (a tak\u017ce alarmu niskiego poziomu paliwa). W ten spos\u00f3b mo\u017cna zainstalowa\u0107 precyzyjny czujnik Eurosens Dominator RS zamiast rezystancyjnego czujnika p\u0142ywakowego bez wiercenia i emulowa\u0107 jego sygna\u0142 za pomoc\u0105 Eurosens Dash. Urz\u0105dzenie jest skonfigurowane do r\u00f3\u017cnych modeli wska\u017anik\u00f3w paliwa za po\u015brednictwem interfejsu RS-485 za pomoc\u0105 oprogramowania konfiguracyjnego.<a href=\"\/\/mechatronics.by\/wp-content\/uploads\/2020\/10\/Dash_EN.png\"><img loading=\"lazy\" class=\"aligncenter wp-image-11059 size-large\" src=\"\/\/mechatronics.by\/wp-content\/uploads\/2020\/10\/Dash_EN-1024x618.png\" alt=\"Eurosens Dash\" width=\"669\" height=\"404\" srcset=\"https:\/\/mechatronics.by\/wp-content\/uploads\/2020\/10\/Dash_EN-1024x618.png 1024w, https:\/\/mechatronics.by\/wp-content\/uploads\/2020\/10\/Dash_EN-300x181.png 300w, https:\/\/mechatronics.by\/wp-content\/uploads\/2020\/10\/Dash_EN-768x463.png 768w, https:\/\/mechatronics.by\/wp-content\/uploads\/2020\/10\/Dash_EN.png 1142w\" sizes=\"(max-width: 669px) 100vw, 669px\" \/><\/a> <strong>Dane techniczne<\/strong><\/p>\n<ul>\n<li>Napi\u0119cie zasilania, V 20 &#8211; 32<\/li>\n<li>Zakres temperatur, \u00b0 C -40 &#8211; +85<\/li>\n<li>Interfejs konfiguracyjny RS-485<\/li>\n<li>Interfejs wej\u015bciowy RS-485 (LLS protocol)<\/li>\n<li>elektryczny Pob\u00f3r pr\u0105du 40 mA<\/li>\n<\/ul>\n<p>&nbsp;<\/p>\n<table style=\"border-collapse: collapse; width: 100%;\">\n<tbody>\n<tr>\n<td style=\"width: 50%;\">Eurosens Dash Flyer<\/td>\n<td style=\"width: 50%;\"><a href=\"https:\/\/files.eurosenstelematics.com\/files\/eurosens-dash-flyer-en\"><img loading=\"lazy\" class=\"aligncenter wp-image-13190 size-full\" src=\"https:\/\/mechatronics.by\/wp-content\/uploads\/2023\/04\/download.png\" alt=\"\" width=\"27\" height=\"27\" \/><\/a><\/td>\n<\/tr>\n<tr>\n<td style=\"width: 50%;\">Eurosens Dash Specification<\/td>\n<td style=\"width: 50%;\"><a href=\"https:\/\/files.eurosenstelematics.com\/files\/eurosens-dash-specification\"><img loading=\"lazy\" class=\"aligncenter wp-image-13190 size-full\" src=\"https:\/\/mechatronics.by\/wp-content\/uploads\/2023\/04\/download.png\" alt=\"\" width=\"27\" height=\"27\" \/><\/a><\/td>\n<\/tr>\n<tr>\n<td style=\"width: 50%;\">Eurosens Dash configurator<\/td>\n<td style=\"width: 50%;\"><a href=\"https:\/\/files.eurosenstelematics.com\/files\/eurosens-dash-configurator\"><img loading=\"lazy\" class=\"aligncenter wp-image-13190 size-full\" src=\"https:\/\/mechatronics.by\/wp-content\/uploads\/2023\/04\/download.png\" alt=\"\" width=\"27\" height=\"27\" \/><\/a><\/td>\n<\/tr>\n<tr>\n<td style=\"width: 50%;\">Eurosens Dash configuration manual<\/td>\n<td style=\"width: 50%;\"><a href=\"https:\/\/files.eurosenstelematics.com\/files\/eurosens-dash-configuration-en\"><img loading=\"lazy\" class=\"aligncenter wp-image-13190 size-full\" src=\"https:\/\/mechatronics.by\/wp-content\/uploads\/2023\/04\/download.png\" alt=\"\" width=\"27\" height=\"27\" \/><\/a><\/td>\n<\/tr>\n<\/tbody>\n<\/table>\n<p>&nbsp;<\/p>\n<p>&nbsp;<\/p>\n<table style=\"border-collapse: collapse; width: 100%;\">\n<tbody>\n<tr>\n<td style=\"width: 50%;\"><a href=\"https:\/\/mechatronics.by\/wp-content\/uploads\/2023\/01\/join-telegram.png\"><img loading=\"lazy\" class=\"wp-image-13044 size-full aligncenter\" src=\"https:\/\/mechatronics.by\/wp-content\/uploads\/2023\/01\/join-telegram.png\" alt=\"\" width=\"300\" height=\"116\" \/><\/a><\/td>\n<td style=\"width: 50%;\">\u00a0<a href=\"https:\/\/www.youtube.com\/@MechatronicsTV\/videos\"><img loading=\"lazy\" class=\"aligncenter wp-image-12963 size-medium\" src=\"https:\/\/mechatronics.by\/wp-content\/uploads\/2023\/01\/youtube-subscr-300x97.gif\" alt=\"\" width=\"300\" height=\"97\" srcset=\"https:\/\/mechatronics.by\/wp-content\/uploads\/2023\/01\/youtube-subscr-300x97.gif 300w, https:\/\/mechatronics.by\/wp-content\/uploads\/2023\/01\/youtube-subscr-1024x330.gif 1024w, https:\/\/mechatronics.by\/wp-content\/uploads\/2023\/01\/youtube-subscr-768x247.gif 768w\" sizes=\"(max-width: 300px) 100vw, 300px\" \/><\/a><\/td>\n<\/tr>\n<\/tbody>\n<\/table>\n<p><\/p>","protected":false},"excerpt":{"rendered":"<p>Eurosens Dash odczytuje sygna\u0142 zainstalowanego czujnika poziomu paliwa przez interfejs RS485 (protok\u00f3\u0142 LLS) i emuluje sygna\u0142 z rezystancyjnego czujnika poziomu paliwa w zbiorniku dla standardowego wska\u017anika poziomu paliwa na desce rozdzielczej samochodu (a tak\u017ce alarmu niskiego poziomu paliwa). W ten spos\u00f3b mo\u017cna zainstalowa\u0107 precyzyjny czujnik Eurosens Dominator RS zamiast rezystancyjnego czujnika p\u0142ywakowego bez wiercenia i [&hellip;]<\/p>\n","protected":false},"author":1,"featured_media":0,"parent":4632,"menu_order":8,"comment_status":"closed","ping_status":"closed","template":"side-navigation.php","meta":[],"yoast_head":"<!-- This site is optimized with the Yoast SEO plugin v16.4 - https:\/\/yoast.com\/wordpress\/plugins\/seo\/ -->\n<title>Adapter wska\u017anika paliwa Eurosens Dash<\/title>\n<meta name=\"robots\" content=\"index, follow, max-snippet:-1, max-image-preview:large, max-video-preview:-1\" \/>\n<link rel=\"canonical\" href=\"https:\/\/mechatronics.by\/products\/level-control\/fls-emulator\/\" \/>\n<meta property=\"og:locale\" content=\"pl_PL\" \/>\n<meta property=\"og:type\" content=\"article\" \/>\n<meta property=\"og:title\" content=\"Adapter wska\u017anika paliwa Eurosens Dash\" \/>\n<meta property=\"og:description\" content=\"Eurosens Dash odczytuje sygna\u0142 zainstalowanego czujnika poziomu paliwa przez interfejs RS485 (protok\u00f3\u0142 LLS) i emuluje sygna\u0142 z rezystancyjnego czujnika poziomu paliwa w zbiorniku dla standardowego wska\u017anika poziomu paliwa na desce rozdzielczej samochodu (a tak\u017ce alarmu niskiego poziomu paliwa). W ten spos\u00f3b mo\u017cna zainstalowa\u0107 precyzyjny czujnik Eurosens Dominator RS zamiast rezystancyjnego czujnika p\u0142ywakowego bez wiercenia i [&hellip;]\" \/>\n<meta property=\"og:url\" content=\"https:\/\/mechatronics.by\/products\/level-control\/fls-emulator\/\" \/>\n<meta property=\"og:site_name\" content=\"Mechatronics\" \/>\n<meta property=\"article:publisher\" content=\"https:\/\/www.facebook.com\/EurosensDelta\" \/>\n<meta property=\"article:modified_time\" content=\"2023-11-27T13:23:54+00:00\" \/>\n<meta property=\"og:image\" content=\"\/\/mechatronics.by\/wp-content\/uploads\/2020\/10\/Dash_RU-1024x618.png\" \/>\n<meta name=\"twitter:label1\" content=\"Szacowany czas czytania\" \/>\n\t<meta name=\"twitter:data1\" content=\"2 minuty\" \/>\n<script type=\"application\/ld+json\" class=\"yoast-schema-graph\">{\"@context\":\"https:\/\/schema.org\",\"@graph\":[{\"@type\":\"WebSite\",\"@id\":\"https:\/\/mechatronics.by\/#website\",\"url\":\"https:\/\/mechatronics.by\/\",\"name\":\"Mechatronics\",\"description\":\"\\u041a\\u043e\\u043d\\u0442\\u0440\\u043e\\u043b\\u044c \\u0440\\u0430\\u0441\\u0445\\u043e\\u0434\\u0430 \\u0442\\u043e\\u043f\\u043b\\u0438\\u0432\\u0430 \\u0438 \\u0434\\u0440\\u0443\\u0433\\u0438\\u0445 \\u043f\\u0430\\u0440\\u0430\\u043c\\u0435\\u0442\\u0440\\u043e\\u0432 \\u0440\\u0430\\u0431\\u043e\\u0442\\u044b \\u043c\\u0430\\u0448\\u0438\\u043d\",\"potentialAction\":[{\"@type\":\"SearchAction\",\"target\":\"https:\/\/mechatronics.by\/?s={search_term_string}\",\"query-input\":\"required name=search_term_string\"}],\"inLanguage\":\"pl-PL\"},{\"@type\":\"ImageObject\",\"@id\":\"https:\/\/mechatronics.by\/products\/level-control\/fls-emulator\/#primaryimage\",\"inLanguage\":\"pl-PL\",\"url\":\"\/\/mechatronics.by\/wp-content\/uploads\/2020\/10\/Dash_EN-1024x618.png\",\"contentUrl\":\"\/\/mechatronics.by\/wp-content\/uploads\/2020\/10\/Dash_EN-1024x618.png\"},{\"@type\":\"WebPage\",\"@id\":\"https:\/\/mechatronics.by\/products\/level-control\/fls-emulator\/#webpage\",\"url\":\"https:\/\/mechatronics.by\/products\/level-control\/fls-emulator\/\",\"name\":\"Adapter wska\\u017anika paliwa Eurosens Dash\",\"isPartOf\":{\"@id\":\"https:\/\/mechatronics.by\/#website\"},\"primaryImageOfPage\":{\"@id\":\"https:\/\/mechatronics.by\/products\/level-control\/fls-emulator\/#primaryimage\"},\"datePublished\":\"2020-01-03T14:44:06+00:00\",\"dateModified\":\"2023-11-27T13:23:54+00:00\",\"breadcrumb\":{\"@id\":\"https:\/\/mechatronics.by\/products\/level-control\/fls-emulator\/#breadcrumb\"},\"inLanguage\":\"pl-PL\",\"potentialAction\":[{\"@type\":\"ReadAction\",\"target\":[\"https:\/\/mechatronics.by\/products\/level-control\/fls-emulator\/\"]}]},{\"@type\":\"BreadcrumbList\",\"@id\":\"https:\/\/mechatronics.by\/products\/level-control\/fls-emulator\/#breadcrumb\",\"itemListElement\":[{\"@type\":\"ListItem\",\"position\":1,\"item\":{\"@type\":\"WebPage\",\"@id\":\"https:\/\/mechatronics.by\/\",\"url\":\"https:\/\/mechatronics.by\/\",\"name\":\"Home\"}},{\"@type\":\"ListItem\",\"position\":2,\"item\":{\"@type\":\"WebPage\",\"@id\":\"https:\/\/mechatronics.by\/products\/\",\"url\":\"https:\/\/mechatronics.by\/products\/\",\"name\":\"\\u041f\\u0440\\u043e\\u0434\\u0443\\u043a\\u0442\\u044b\"}},{\"@type\":\"ListItem\",\"position\":3,\"item\":{\"@type\":\"WebPage\",\"@id\":\"https:\/\/mechatronics.by\/products\/level-control\/\",\"url\":\"https:\/\/mechatronics.by\/products\/level-control\/\",\"name\":\"\\u0414\\u0430\\u0442\\u0447\\u0438\\u043a\\u0438 \\u0443\\u0440\\u043e\\u0432\\u043d\\u044f \\u0442\\u043e\\u043f\\u043b\\u0438\\u0432\\u0430\"}},{\"@type\":\"ListItem\",\"position\":4,\"item\":{\"@id\":\"https:\/\/mechatronics.by\/products\/level-control\/fls-emulator\/#webpage\"}}]}]}<\/script>\n<!-- \/ Yoast SEO plugin. -->","_links":{"self":[{"href":"https:\/\/mechatronics.by\/pl\/wp-json\/wp\/v2\/pages\/10401"}],"collection":[{"href":"https:\/\/mechatronics.by\/pl\/wp-json\/wp\/v2\/pages"}],"about":[{"href":"https:\/\/mechatronics.by\/pl\/wp-json\/wp\/v2\/types\/page"}],"author":[{"embeddable":true,"href":"https:\/\/mechatronics.by\/pl\/wp-json\/wp\/v2\/users\/1"}],"replies":[{"embeddable":true,"href":"https:\/\/mechatronics.by\/pl\/wp-json\/wp\/v2\/comments?post=10401"}],"version-history":[{"count":37,"href":"https:\/\/mechatronics.by\/pl\/wp-json\/wp\/v2\/pages\/10401\/revisions"}],"predecessor-version":[{"id":13301,"href":"https:\/\/mechatronics.by\/pl\/wp-json\/wp\/v2\/pages\/10401\/revisions\/13301"}],"up":[{"embeddable":true,"href":"https:\/\/mechatronics.by\/pl\/wp-json\/wp\/v2\/pages\/4632"}],"wp:attachment":[{"href":"https:\/\/mechatronics.by\/pl\/wp-json\/wp\/v2\/media?parent=10401"}],"curies":[{"name":"wp","href":"https:\/\/api.w.org\/{rel}","templated":true}]}}