{"id":18,"date":"2014-04-06T21:49:30","date_gmt":"2014-04-06T17:49:30","guid":{"rendered":"http:\/\/mechatronics.by\/?page_id=18"},"modified":"2025-06-17T16:21:08","modified_gmt":"2025-06-17T13:21:08","slug":"products","status":"publish","type":"page","link":"https:\/\/mechatronics.by\/pl\/products\/","title":{"rendered":"Produkty"},"content":{"rendered":"<p><\/p>\n<p>Mechatronika produkuje urz\u0105dzenia zwi\u0119kszaj\u0105ce mo\u017cliwo\u015bci nowoczesnych system\u00f3w monitorowania transportu GPS Glonass. W zakresie naszych produkt\u00f3w znajduj\u0105 si\u0119 pojemno\u015bciowe i ultrad\u017awi\u0119kowe czujniki poziomu paliwa, czujniki przep\u0142ywu paliwa, czujniki nacisku na o\u015b, wy\u015bwietlacze informacyjne, a tak\u017ce akcesoria i oprogramowanie do ich konfiguracji i kalibracji.<\/p>\n<table>\n<tbody>\n<tr>\n<td>\n<div id=\"attachment_8678\" style=\"width: 160px\" class=\"wp-caption alignleft\"><a href=\"\/\/mechatronics.by\/pl\/products\/level-control\/\"><img aria-describedby=\"caption-attachment-8678\" loading=\"lazy\" class=\"wp-image-8678 size-thumbnail\" src=\"\/\/mechatronics.by\/wp-content\/uploads\/2014\/04\/Dominator-AFRS_2800x1600-150x150.jpg\" alt=\"\" width=\"150\" height=\"150\" srcset=\"https:\/\/mechatronics.by\/wp-content\/uploads\/2014\/04\/Dominator-AFRS_2800x1600-150x150.jpg 150w, https:\/\/mechatronics.by\/wp-content\/uploads\/2014\/04\/Dominator-AFRS_2800x1600-66x66.jpg 66w\" sizes=\"(max-width: 150px) 100vw, 150px\" \/><\/a><p id=\"caption-attachment-8678\" class=\"wp-caption-text\"><a href=\"\/\/mechatronics.by\/pl\/products\/level-control\/\">Czujniki poziomu paliwa Eurosens Dominator<\/a><\/p><\/div>\n<\/td>\n<td>\n<div id=\"attachment_9983\" style=\"width: 160px\" class=\"wp-caption alignleft\"><a href=\"\/\/mechatronics.by\/pl\/products\/level-control\/eurosens-dizzi\/\"><img aria-describedby=\"caption-attachment-9983\" loading=\"lazy\" class=\"wp-image-9983 size-thumbnail\" src=\"\/\/mechatronics.by\/wp-content\/uploads\/2019\/09\/MKU_2640-150x150.jpg\" alt=\"Eurosens Dizzi ultrasonic fuel level sensor\" width=\"150\" height=\"150\" srcset=\"https:\/\/mechatronics.by\/wp-content\/uploads\/2019\/09\/MKU_2640-150x150.jpg 150w, https:\/\/mechatronics.by\/wp-content\/uploads\/2019\/09\/MKU_2640-66x66.jpg 66w\" sizes=\"(max-width: 150px) 100vw, 150px\" \/><\/a><p id=\"caption-attachment-9983\" class=\"wp-caption-text\"><a href=\"\/\/mechatronics.by\/products\/level-control\/eurosens-dizzi\/\">Ultrad\u017awi\u0119kowe czujniki poziomu cieczy Eurosens Dizzi<\/a><\/p><\/div>\n<\/td>\n<td>\n<div id=\"attachment_10004\" style=\"width: 160px\" class=\"wp-caption alignleft\"><a href=\"\/\/mechatronics.by\/pl\/products\/flowcontrol\/\"><img aria-describedby=\"caption-attachment-10004\" loading=\"lazy\" class=\"wp-image-10004 size-thumbnail\" src=\"\/\/mechatronics.by\/wp-content\/uploads\/2019\/09\/MKU_2671-150x150.jpg\" alt=\"\" width=\"150\" height=\"150\" srcset=\"https:\/\/mechatronics.by\/wp-content\/uploads\/2019\/09\/MKU_2671-150x150.jpg 150w, https:\/\/mechatronics.by\/wp-content\/uploads\/2019\/09\/MKU_2671-66x66.jpg 66w\" sizes=\"(max-width: 150px) 100vw, 150px\" \/><\/a><p id=\"caption-attachment-10004\" class=\"wp-caption-text\"><a href=\"\/\/mechatronics.by\/pl\/products\/flowcontrol\/\">Liczniki zu\u017cycia paliwa Eurosens Direct, Delta<\/a><\/p><\/div>\n<\/td>\n<\/tr>\n<tr>\n<td>\n<div id=\"attachment_12218\" style=\"width: 160px\" class=\"wp-caption aligncenter\"><a href=\"https:\/\/mechatronics.by\/pl\/products\/onboard-weighing\/eurosens-dps-axle-load-sensor\/\"><img aria-describedby=\"caption-attachment-12218\" loading=\"lazy\" class=\"wp-image-12218 size-thumbnail\" src=\"https:\/\/mechatronics.by\/wp-content\/uploads\/2021\/06\/MKU_6122-150x150.jpg\" alt=\"\" width=\"150\" height=\"150\" srcset=\"https:\/\/mechatronics.by\/wp-content\/uploads\/2021\/06\/MKU_6122-150x150.jpg 150w, https:\/\/mechatronics.by\/wp-content\/uploads\/2021\/06\/MKU_6122-66x66.jpg 66w\" sizes=\"(max-width: 150px) 100vw, 150px\" \/><\/a><p id=\"caption-attachment-12218\" class=\"wp-caption-text\"><a href=\"https:\/\/mechatronics.by\/pl\/products\/onboard-weighing\/eurosens-dps-axle-load-sensor\/\">Czujnik obci\u0105\u017cenia osi (zawieszenie pneumatyczne)<\/a><\/p><\/div>\n<\/td>\n<td>\n<div id=\"attachment_9980\" style=\"width: 160px\" class=\"wp-caption alignleft\"><a href=\"\/\/mechatronics.by\/pl\/products\/onboard-weighing\/eurosens-dds-axle-load-sensor\/\"><img aria-describedby=\"caption-attachment-9980\" loading=\"lazy\" class=\"wp-image-9980 size-thumbnail\" src=\"https:\/\/mechatronics.by\/wp-content\/uploads\/2019\/09\/MKU_2637-150x150.jpg\" alt=\"Eurosens Difference 02\" width=\"150\" height=\"150\" srcset=\"https:\/\/mechatronics.by\/wp-content\/uploads\/2019\/09\/MKU_2637-150x150.jpg 150w, https:\/\/mechatronics.by\/wp-content\/uploads\/2019\/09\/MKU_2637-66x66.jpg 66w\" sizes=\"(max-width: 150px) 100vw, 150px\" \/><\/a><p id=\"caption-attachment-9980\" class=\"wp-caption-text\"><a href=\"\/\/mechatronics.by\/pl\/products\/onboard-weighing\/eurosens-dds-axle-load-sensor\/\">Czujnik obci\u0105\u017cenia osi (zawieszenie resorowe)<\/a><\/p><\/div>\n<\/td>\n<td>\n<div id=\"attachment_9993\" style=\"width: 160px\" class=\"wp-caption alignleft\"><a href=\"\/\/mechatronics.by\/pl\/products\/information-display\/\"><img aria-describedby=\"caption-attachment-9993\" loading=\"lazy\" class=\"wp-image-9993 size-thumbnail\" src=\"\/\/mechatronics.by\/wp-content\/uploads\/2019\/09\/MKU_2653-150x150.jpg\" alt=\"Eurosens Display RS\" width=\"150\" height=\"150\" srcset=\"https:\/\/mechatronics.by\/wp-content\/uploads\/2019\/09\/MKU_2653-150x150.jpg 150w, https:\/\/mechatronics.by\/wp-content\/uploads\/2019\/09\/MKU_2653-66x66.jpg 66w\" sizes=\"(max-width: 150px) 100vw, 150px\" \/><\/a><p id=\"caption-attachment-9993\" class=\"wp-caption-text\"><a href=\"\/\/mechatronics.by\/pl\/products\/information-display\/\">Wy\u015bwietlacze na pok\u0142adzie<\/a><\/p><\/div>\n<\/td>\n<\/tr>\n<tr>\n<td>\n<div id=\"attachment_9220\" style=\"width: 160px\" class=\"wp-caption alignleft\"><a href=\"\/\/mechatronics.by\/pl\/products\/accessories\/eurosens-dts-rf\/\"><img aria-describedby=\"caption-attachment-9220\" loading=\"lazy\" class=\"wp-image-9220 size-thumbnail\" src=\"\/\/mechatronics.by\/wp-content\/uploads\/2018\/03\/DTS-RF-Tnew-150x150.jpg\" alt=\"DTS RF-T wireless temperature sensor for refrigerator truck\" width=\"150\" height=\"150\" srcset=\"https:\/\/mechatronics.by\/wp-content\/uploads\/2018\/03\/DTS-RF-Tnew-150x150.jpg 150w, https:\/\/mechatronics.by\/wp-content\/uploads\/2018\/03\/DTS-RF-Tnew-66x66.jpg 66w\" sizes=\"(max-width: 150px) 100vw, 150px\" \/><\/a><p id=\"caption-attachment-9220\" class=\"wp-caption-text\"><a href=\"\/\/mechatronics.by\/pl\/products\/accessories\/eurosens-dts-rf\/\">Bezprzewodowy czujnik temperatury<\/a><\/p><\/div>\n<\/td>\n<td>\n<div id=\"attachment_10167\" style=\"width: 160px\" class=\"wp-caption alignleft\"><a href=\"\/\/mechatronics.by\/pl\/products\/accessories\/angle-sensor\/\"><img aria-describedby=\"caption-attachment-10167\" loading=\"lazy\" class=\"wp-image-10167 size-thumbnail\" src=\"\/\/mechatronics.by\/wp-content\/uploads\/2019\/11\/degree-300x162-150x150.jpg\" alt=\"\" width=\"150\" height=\"150\" srcset=\"https:\/\/mechatronics.by\/wp-content\/uploads\/2019\/11\/degree-300x162-150x150.jpg 150w, https:\/\/mechatronics.by\/wp-content\/uploads\/2019\/11\/degree-300x162-66x66.jpg 66w\" sizes=\"(max-width: 150px) 100vw, 150px\" \/><\/a><p id=\"caption-attachment-10167\" class=\"wp-caption-text\"><a href=\"\/\/mechatronics.by\/pl\/products\/accessories\/angle-sensor\/\">Czujnik k\u0105ta pochylenia<\/a><\/p><\/div>\n<\/td>\n<td>\n<div id=\"attachment_10011\" style=\"width: 160px\" class=\"wp-caption alignleft\"><a href=\"\/\/mechatronics.by\/pl\/products\/accessories\/eurosens-adc\/\"><img aria-describedby=\"caption-attachment-10011\" loading=\"lazy\" class=\"wp-image-10011 size-thumbnail\" src=\"\/\/mechatronics.by\/wp-content\/uploads\/2019\/09\/MKU_2678-150x150.jpg\" alt=\"Eurosens Difference-T4\" width=\"150\" height=\"150\" srcset=\"https:\/\/mechatronics.by\/wp-content\/uploads\/2019\/09\/MKU_2678-150x150.jpg 150w, https:\/\/mechatronics.by\/wp-content\/uploads\/2019\/09\/MKU_2678-66x66.jpg 66w\" sizes=\"(max-width: 150px) 100vw, 150px\" \/><\/a><p id=\"caption-attachment-10011\" class=\"wp-caption-text\"><a href=\"\/\/mechatronics.by\/pl\/products\/accessories\/eurosens-adc\/\">Interfejsy, urz\u0105dzenia do akwizycji danych<\/a><\/p><\/div>\n<\/td>\n<\/tr>\n<\/tbody>\n<\/table>\n<p><\/p>","protected":false},"excerpt":{"rendered":"<p>Mechatronika produkuje urz\u0105dzenia zwi\u0119kszaj\u0105ce mo\u017cliwo\u015bci nowoczesnych system\u00f3w monitorowania transportu GPS Glonass. W zakresie naszych produkt\u00f3w znajduj\u0105 si\u0119 pojemno\u015bciowe i ultrad\u017awi\u0119kowe czujniki poziomu paliwa, czujniki przep\u0142ywu paliwa, czujniki nacisku na o\u015b, wy\u015bwietlacze informacyjne, a tak\u017ce akcesoria i oprogramowanie do ich konfiguracji i kalibracji.<\/p>\n","protected":false},"author":1,"featured_media":0,"parent":0,"menu_order":0,"comment_status":"open","ping_status":"open","template":"side-navigation.php","meta":[],"yoast_head":"<!-- This site is optimized with the Yoast SEO plugin v16.4 - https:\/\/yoast.com\/wordpress\/plugins\/seo\/ -->\n<title>\u041cechatronics |inteligentna i prosta telematyka \u041cechatronics |inteligentna i prosta telematyka<\/title>\n<meta name=\"description\" content=\"Czujniki poziomu i przep\u0142ywu paliwa, systemy monitorowania obci\u0105\u017cenia i masy osi, masy \u0142adunku, temperatury, rozwi\u0105zania bezprzewodowe.Czujniki poziomu i przep\u0142ywu paliwa, systemy monitorowania obci\u0105\u017cenia i masy osi, masy \u0142adunku, temperatury, rozwi\u0105zania bezprzewodowe.\" \/>\n<meta name=\"robots\" content=\"index, follow, max-snippet:-1, max-image-preview:large, max-video-preview:-1\" \/>\n<link rel=\"canonical\" href=\"https:\/\/mechatronics.by\/products\/\" \/>\n<meta property=\"og:locale\" content=\"pl_PL\" \/>\n<meta property=\"og:type\" content=\"article\" \/>\n<meta property=\"og:title\" content=\"[:es] \u041cechatronics |telem\u00e1tica inteligente y simple \u041cechatronics |telem\u00e1tica inteligente y simple [:en]\u041cechatronics | Smart &amp; Simple telematics \u041cechatronics | Smart &amp; Simple telematics [:ru] \u041c\u0435\u0445\u0430\u0442\u0440\u043e\u043d\u0438\u043a\u0430 | \u0414\u0430\u0442\u0447\u0438\u043a\u0438 \u0434\u043b\u044f \u0442\u0440\u0430\u043d\u0441\u043f\u043e\u0440\u0442\u043d\u043e\u0439 \u0442\u0435\u043b\u0435\u043c\u0430\u0442\u0438\u043a\u0438 [:pt]\u041cechatronics |telem\u00e1tica inteligente e simples \u041cechatronics |telem\u00e1tica inteligente e simples[:fr]\u041cechatronics |t\u00e9l\u00e9matique intelligente et simple \u041cechatronics |t\u00e9l\u00e9matique intelligente et simple[:pl]\u041cechatronics |inteligentna i prosta telematyka \u041cechatronics |inteligentna i prosta telematyka[:]\" \/>\n<meta property=\"og:description\" content=\"{:es} Sensores de nivel de combustible y flujo de combustible, sistemas de monitoreo de carga por eje y peso, pesos de carga, temperaturas, soluciones inal\u00e1mbricas. Sensores de nivel de combustible y flujo de combustible, sistemas de monitoreo de carga por eje y peso, pesos de carga, temperaturas, soluciones inal\u00e1mbricas.{:en}Fuel level and fuel flow sensors, axle load and weight monitoring systems, cargo weights, temperatures, wireless solutions. Fuel level and fuel flow sensors, axle load and weight monitoring systems, cargo weights, temperatures, wireless solutions. {:pt}Sensores de n\u00edvel de combust\u00edvel e fluxo de combust\u00edvel, sistemas de monitoramento de carga e peso por eixo, pesos de carga, temperaturas, solu\u00e7\u00f5es sem fio.Sensores de n\u00edvel de combust\u00edvel e fluxo de combust\u00edvel, sistemas de monitoramento de carga e peso por eixo, pesos de carga, temperaturas, solu\u00e7\u00f5es sem fio.{:fr}Capteurs de niveau et de d\u00e9bit de carburant, syst\u00e8mes de surveillance de la charge \u00e0 l&#039;essieu et du poids, poids de la cargaison, temp\u00e9ratures, solutions sans fil.Capteurs de niveau et de d\u00e9bit de carburant, syst\u00e8mes de surveillance de la charge \u00e0 l&#039;essieu et du poids, poids de la cargaison, temp\u00e9ratures, solutions sans fil.{:pl}Czujniki poziomu i przep\u0142ywu paliwa, systemy monitorowania obci\u0105\u017cenia i masy osi, masy \u0142adunku, temperatury, rozwi\u0105zania bezprzewodowe.Czujniki poziomu i przep\u0142ywu paliwa, systemy monitorowania obci\u0105\u017cenia i masy osi, masy \u0142adunku, temperatury, rozwi\u0105zania bezprzewodowe.{:}\" \/>\n<meta property=\"og:url\" content=\"https:\/\/mechatronics.by\/products\/\" \/>\n<meta property=\"og:site_name\" content=\"Mechatronics\" \/>\n<meta property=\"article:publisher\" content=\"https:\/\/www.facebook.com\/EurosensDelta\" \/>\n<meta property=\"article:modified_time\" content=\"2025-06-17T13:21:08+00:00\" \/>\n<meta property=\"og:image\" content=\"\/\/mechatronics.by\/wp-content\/uploads\/2014\/04\/Dominator-AFRS_2800x1600-150x150.jpg\" \/>\n<meta name=\"twitter:label1\" content=\"Szacowany czas czytania\" \/>\n\t<meta name=\"twitter:data1\" content=\"3 minuty\" \/>\n<script type=\"application\/ld+json\" class=\"yoast-schema-graph\">{\"@context\":\"https:\/\/schema.org\",\"@graph\":[{\"@type\":\"WebSite\",\"@id\":\"https:\/\/mechatronics.by\/#website\",\"url\":\"https:\/\/mechatronics.by\/\",\"name\":\"Mechatronics\",\"description\":\"\\u041a\\u043e\\u043d\\u0442\\u0440\\u043e\\u043b\\u044c \\u0440\\u0430\\u0441\\u0445\\u043e\\u0434\\u0430 \\u0442\\u043e\\u043f\\u043b\\u0438\\u0432\\u0430 \\u0438 \\u0434\\u0440\\u0443\\u0433\\u0438\\u0445 \\u043f\\u0430\\u0440\\u0430\\u043c\\u0435\\u0442\\u0440\\u043e\\u0432 \\u0440\\u0430\\u0431\\u043e\\u0442\\u044b \\u043c\\u0430\\u0448\\u0438\\u043d\",\"potentialAction\":[{\"@type\":\"SearchAction\",\"target\":\"https:\/\/mechatronics.by\/?s={search_term_string}\",\"query-input\":\"required name=search_term_string\"}],\"inLanguage\":\"pl-PL\"},{\"@type\":\"ImageObject\",\"@id\":\"https:\/\/mechatronics.by\/products\/#primaryimage\",\"inLanguage\":\"pl-PL\",\"url\":\"\/\/mechatronics.by\/wp-content\/uploads\/2014\/04\/Dominator-AFRS_2800x1600-150x150.jpg\",\"contentUrl\":\"\/\/mechatronics.by\/wp-content\/uploads\/2014\/04\/Dominator-AFRS_2800x1600-150x150.jpg\"},{\"@type\":\"WebPage\",\"@id\":\"https:\/\/mechatronics.by\/products\/#webpage\",\"url\":\"https:\/\/mechatronics.by\/products\/\",\"name\":\"[:es] \\u041cechatronics |telem\\u00e1tica inteligente y simple \\u041cechatronics |telem\\u00e1tica inteligente y simple [:en]\\u041cechatronics | Smart & Simple telematics \\u041cechatronics | Smart & Simple telematics [:ru] \\u041c\\u0435\\u0445\\u0430\\u0442\\u0440\\u043e\\u043d\\u0438\\u043a\\u0430 | \\u0414\\u0430\\u0442\\u0447\\u0438\\u043a\\u0438 \\u0434\\u043b\\u044f \\u0442\\u0440\\u0430\\u043d\\u0441\\u043f\\u043e\\u0440\\u0442\\u043d\\u043e\\u0439 \\u0442\\u0435\\u043b\\u0435\\u043c\\u0430\\u0442\\u0438\\u043a\\u0438 [:pt]\\u041cechatronics |telem\\u00e1tica inteligente e simples \\u041cechatronics |telem\\u00e1tica inteligente e simples[:fr]\\u041cechatronics |t\\u00e9l\\u00e9matique intelligente et simple \\u041cechatronics |t\\u00e9l\\u00e9matique intelligente et simple[:pl]\\u041cechatronics |inteligentna i prosta telematyka \\u041cechatronics |inteligentna i prosta telematyka[:]\",\"isPartOf\":{\"@id\":\"https:\/\/mechatronics.by\/#website\"},\"primaryImageOfPage\":{\"@id\":\"https:\/\/mechatronics.by\/products\/#primaryimage\"},\"datePublished\":\"2014-04-06T17:49:30+00:00\",\"dateModified\":\"2025-06-17T13:21:08+00:00\",\"description\":\"{:es} Sensores de nivel de combustible y flujo de combustible, sistemas de monitoreo de carga por eje y peso, pesos de carga, temperaturas, soluciones inal\\u00e1mbricas. Sensores de nivel de combustible y flujo de combustible, sistemas de monitoreo de carga por eje y peso, pesos de carga, temperaturas, soluciones inal\\u00e1mbricas.{:en}Fuel level and fuel flow sensors, axle load and weight monitoring systems, cargo weights, temperatures, wireless solutions. Fuel level and fuel flow sensors, axle load and weight monitoring systems, cargo weights, temperatures, wireless solutions. {:pt}Sensores de n\\u00edvel de combust\\u00edvel e fluxo de combust\\u00edvel, sistemas de monitoramento de carga e peso por eixo, pesos de carga, temperaturas, solu\\u00e7\\u00f5es sem fio.Sensores de n\\u00edvel de combust\\u00edvel e fluxo de combust\\u00edvel, sistemas de monitoramento de carga e peso por eixo, pesos de carga, temperaturas, solu\\u00e7\\u00f5es sem fio.{:fr}Capteurs de niveau et de d\\u00e9bit de carburant, syst\\u00e8mes de surveillance de la charge \\u00e0 l'essieu et du poids, poids de la cargaison, temp\\u00e9ratures, solutions sans fil.Capteurs de niveau et de d\\u00e9bit de carburant, syst\\u00e8mes de surveillance de la charge \\u00e0 l'essieu et du poids, poids de la cargaison, temp\\u00e9ratures, solutions sans fil.{:pl}Czujniki poziomu i przep\\u0142ywu paliwa, systemy monitorowania obci\\u0105\\u017cenia i masy osi, masy \\u0142adunku, temperatury, rozwi\\u0105zania bezprzewodowe.Czujniki poziomu i przep\\u0142ywu paliwa, systemy monitorowania obci\\u0105\\u017cenia i masy osi, masy \\u0142adunku, temperatury, rozwi\\u0105zania bezprzewodowe.{:}\",\"breadcrumb\":{\"@id\":\"https:\/\/mechatronics.by\/products\/#breadcrumb\"},\"inLanguage\":\"pl-PL\",\"potentialAction\":[{\"@type\":\"ReadAction\",\"target\":[\"https:\/\/mechatronics.by\/products\/\"]}]},{\"@type\":\"BreadcrumbList\",\"@id\":\"https:\/\/mechatronics.by\/products\/#breadcrumb\",\"itemListElement\":[{\"@type\":\"ListItem\",\"position\":1,\"item\":{\"@type\":\"WebPage\",\"@id\":\"https:\/\/mechatronics.by\/\",\"url\":\"https:\/\/mechatronics.by\/\",\"name\":\"Home\"}},{\"@type\":\"ListItem\",\"position\":2,\"item\":{\"@id\":\"https:\/\/mechatronics.by\/products\/#webpage\"}}]}]}<\/script>\n<!-- \/ Yoast SEO plugin. -->","_links":{"self":[{"href":"https:\/\/mechatronics.by\/pl\/wp-json\/wp\/v2\/pages\/18"}],"collection":[{"href":"https:\/\/mechatronics.by\/pl\/wp-json\/wp\/v2\/pages"}],"about":[{"href":"https:\/\/mechatronics.by\/pl\/wp-json\/wp\/v2\/types\/page"}],"author":[{"embeddable":true,"href":"https:\/\/mechatronics.by\/pl\/wp-json\/wp\/v2\/users\/1"}],"replies":[{"embeddable":true,"href":"https:\/\/mechatronics.by\/pl\/wp-json\/wp\/v2\/comments?post=18"}],"version-history":[{"count":23,"href":"https:\/\/mechatronics.by\/pl\/wp-json\/wp\/v2\/pages\/18\/revisions"}],"predecessor-version":[{"id":13321,"href":"https:\/\/mechatronics.by\/pl\/wp-json\/wp\/v2\/pages\/18\/revisions\/13321"}],"wp:attachment":[{"href":"https:\/\/mechatronics.by\/pl\/wp-json\/wp\/v2\/media?parent=18"}],"curies":[{"name":"wp","href":"https:\/\/api.w.org\/{rel}","templated":true}]}}