{"id":4663,"date":"2014-04-27T19:44:16","date_gmt":"2014-04-27T16:44:16","guid":{"rendered":"http:\/\/mechatronics.by\/?page_id=4663"},"modified":"2021-01-19T16:07:46","modified_gmt":"2021-01-19T13:07:46","slug":"dominator-mounting-set","status":"publish","type":"page","link":"https:\/\/mechatronics.by\/pl\/products\/level-control\/dominator-mounting-set\/","title":{"rendered":"Zestawy monta\u017cowe Eurosens Dominator"},"content":{"rendered":"<p class=\"qtranxs-available-languages-message qtranxs-available-languages-message-pl\">Przepraszamy, ten wpis jest dost\u0119pny tylko w j\u0119zyku <a href=\"https:\/\/mechatronics.by\/es\/wp-json\/wp\/v2\/pages\/4663\" class=\"qtranxs-available-language-link qtranxs-available-language-link-es\" title=\"Espa\u00f1ol\">Europejski Hiszpa\u0144ski<\/a>, <a href=\"https:\/\/mechatronics.by\/en\/wp-json\/wp\/v2\/pages\/4663\" class=\"qtranxs-available-language-link qtranxs-available-language-link-en\" title=\"English\">Ameryka\u0144ski Angielski<\/a>, <a href=\"https:\/\/mechatronics.by\/ru\/wp-json\/wp\/v2\/pages\/4663\" class=\"qtranxs-available-language-link qtranxs-available-language-link-ru\" title=\"\u0420\u0443\u0441\u0441\u043a\u0438\u0439\">Rosyjski<\/a>, <a href=\"https:\/\/mechatronics.by\/pt\/wp-json\/wp\/v2\/pages\/4663\" class=\"qtranxs-available-language-link qtranxs-available-language-link-pt\" title=\"Portugu\u00eas\">Brazylijski Portugalski<\/a> i <a href=\"https:\/\/mechatronics.by\/fr\/wp-json\/wp\/v2\/pages\/4663\" class=\"qtranxs-available-language-link qtranxs-available-language-link-fr\" title=\"Fran\u00e7ais\">Francuski<\/a>.<\/p>","protected":false},"excerpt":{"rendered":"<p>Przepraszamy, ten wpis jest dost\u0119pny tylko w j\u0119zyku Europejski Hiszpa\u0144ski, Ameryka\u0144ski Angielski, Rosyjski, Brazylijski Portugalski i Francuski.<\/p>\n","protected":false},"author":1,"featured_media":0,"parent":4632,"menu_order":5,"comment_status":"open","ping_status":"closed","template":"side-navigation.php","meta":[],"yoast_head":"<!-- This site is optimized with the Yoast SEO plugin v16.4 - https:\/\/yoast.com\/wordpress\/plugins\/seo\/ -->\n<title>Eurosens Dominator mounting sets<\/title>\n<meta name=\"description\" content=\"Mounting kits for the installation of Eurosens Dominator fuel level sensors. They are supplied with the sensor, but they can also be purchased separately.\" \/>\n<meta name=\"robots\" content=\"index, follow, max-snippet:-1, max-image-preview:large, max-video-preview:-1\" \/>\n<link rel=\"canonical\" href=\"https:\/\/mechatronics.by\/products\/level-control\/dominator-mounting-set\/\" \/>\n<meta property=\"og:locale\" content=\"pl_PL\" \/>\n<meta property=\"og:type\" content=\"article\" \/>\n<meta property=\"og:title\" content=\"Eurosens Dominator mounting sets\" \/>\n<meta property=\"og:description\" content=\"Mounting kits for the installation of Eurosens Dominator fuel level sensors. They are supplied with the sensor, but they can also be purchased separately.\" \/>\n<meta property=\"og:url\" content=\"https:\/\/mechatronics.by\/products\/level-control\/dominator-mounting-set\/\" \/>\n<meta property=\"og:site_name\" content=\"Mechatronics\" \/>\n<meta property=\"article:publisher\" content=\"https:\/\/www.facebook.com\/EurosensDelta\" \/>\n<meta property=\"article:modified_time\" content=\"2021-01-19T13:07:46+00:00\" \/>\n<meta property=\"og:image\" content=\"\/\/mechatronics.by\/wp-content\/uploads\/2019\/09\/MKU_2635-300x200.jpg\" \/>\n<meta name=\"twitter:label1\" content=\"Szacowany czas czytania\" \/>\n\t<meta name=\"twitter:data1\" content=\"3 minuty\" \/>\n<script type=\"application\/ld+json\" class=\"yoast-schema-graph\">{\"@context\":\"https:\/\/schema.org\",\"@graph\":[{\"@type\":\"WebSite\",\"@id\":\"https:\/\/mechatronics.by\/#website\",\"url\":\"https:\/\/mechatronics.by\/\",\"name\":\"Mechatronics\",\"description\":\"\\u041a\\u043e\\u043d\\u0442\\u0440\\u043e\\u043b\\u044c \\u0440\\u0430\\u0441\\u0445\\u043e\\u0434\\u0430 \\u0442\\u043e\\u043f\\u043b\\u0438\\u0432\\u0430 \\u0438 \\u0434\\u0440\\u0443\\u0433\\u0438\\u0445 \\u043f\\u0430\\u0440\\u0430\\u043c\\u0435\\u0442\\u0440\\u043e\\u0432 \\u0440\\u0430\\u0431\\u043e\\u0442\\u044b \\u043c\\u0430\\u0448\\u0438\\u043d\",\"potentialAction\":[{\"@type\":\"SearchAction\",\"target\":\"https:\/\/mechatronics.by\/?s={search_term_string}\",\"query-input\":\"required name=search_term_string\"}],\"inLanguage\":\"pl-PL\"},{\"@type\":\"ImageObject\",\"@id\":\"https:\/\/mechatronics.by\/products\/level-control\/dominator-mounting-set\/#primaryimage\",\"inLanguage\":\"pl-PL\",\"url\":\"\/\/mechatronics.by\/wp-content\/uploads\/2019\/09\/MKU_2635-300x200.jpg\",\"contentUrl\":\"\/\/mechatronics.by\/wp-content\/uploads\/2019\/09\/MKU_2635-300x200.jpg\"},{\"@type\":\"WebPage\",\"@id\":\"https:\/\/mechatronics.by\/products\/level-control\/dominator-mounting-set\/#webpage\",\"url\":\"https:\/\/mechatronics.by\/products\/level-control\/dominator-mounting-set\/\",\"name\":\"Eurosens Dominator mounting sets\",\"isPartOf\":{\"@id\":\"https:\/\/mechatronics.by\/#website\"},\"primaryImageOfPage\":{\"@id\":\"https:\/\/mechatronics.by\/products\/level-control\/dominator-mounting-set\/#primaryimage\"},\"datePublished\":\"2014-04-27T16:44:16+00:00\",\"dateModified\":\"2021-01-19T13:07:46+00:00\",\"description\":\"Mounting kits for the installation of Eurosens Dominator fuel level sensors. They are supplied with the sensor, but they can also be purchased separately.\",\"breadcrumb\":{\"@id\":\"https:\/\/mechatronics.by\/products\/level-control\/dominator-mounting-set\/#breadcrumb\"},\"inLanguage\":\"pl-PL\",\"potentialAction\":[{\"@type\":\"ReadAction\",\"target\":[\"https:\/\/mechatronics.by\/products\/level-control\/dominator-mounting-set\/\"]}]},{\"@type\":\"BreadcrumbList\",\"@id\":\"https:\/\/mechatronics.by\/products\/level-control\/dominator-mounting-set\/#breadcrumb\",\"itemListElement\":[{\"@type\":\"ListItem\",\"position\":1,\"item\":{\"@type\":\"WebPage\",\"@id\":\"https:\/\/mechatronics.by\/\",\"url\":\"https:\/\/mechatronics.by\/\",\"name\":\"Home\"}},{\"@type\":\"ListItem\",\"position\":2,\"item\":{\"@type\":\"WebPage\",\"@id\":\"https:\/\/mechatronics.by\/products\/\",\"url\":\"https:\/\/mechatronics.by\/products\/\",\"name\":\"\\u041f\\u0440\\u043e\\u0434\\u0443\\u043a\\u0442\\u044b\"}},{\"@type\":\"ListItem\",\"position\":3,\"item\":{\"@type\":\"WebPage\",\"@id\":\"https:\/\/mechatronics.by\/products\/level-control\/\",\"url\":\"https:\/\/mechatronics.by\/products\/level-control\/\",\"name\":\"\\u0414\\u0430\\u0442\\u0447\\u0438\\u043a\\u0438 \\u0443\\u0440\\u043e\\u0432\\u043d\\u044f \\u0442\\u043e\\u043f\\u043b\\u0438\\u0432\\u0430\"}},{\"@type\":\"ListItem\",\"position\":4,\"item\":{\"@id\":\"https:\/\/mechatronics.by\/products\/level-control\/dominator-mounting-set\/#webpage\"}}]}]}<\/script>\n<!-- \/ Yoast SEO plugin. -->","_links":{"self":[{"href":"https:\/\/mechatronics.by\/pl\/wp-json\/wp\/v2\/pages\/4663"}],"collection":[{"href":"https:\/\/mechatronics.by\/pl\/wp-json\/wp\/v2\/pages"}],"about":[{"href":"https:\/\/mechatronics.by\/pl\/wp-json\/wp\/v2\/types\/page"}],"author":[{"embeddable":true,"href":"https:\/\/mechatronics.by\/pl\/wp-json\/wp\/v2\/users\/1"}],"replies":[{"embeddable":true,"href":"https:\/\/mechatronics.by\/pl\/wp-json\/wp\/v2\/comments?post=4663"}],"version-history":[{"count":0,"href":"https:\/\/mechatronics.by\/pl\/wp-json\/wp\/v2\/pages\/4663\/revisions"}],"up":[{"embeddable":true,"href":"https:\/\/mechatronics.by\/pl\/wp-json\/wp\/v2\/pages\/4632"}],"wp:attachment":[{"href":"https:\/\/mechatronics.by\/pl\/wp-json\/wp\/v2\/media?parent=4663"}],"curies":[{"name":"wp","href":"https:\/\/api.w.org\/{rel}","templated":true}]}}