{"id":4723,"date":"2014-05-03T23:14:42","date_gmt":"2014-05-03T20:14:42","guid":{"rendered":"http:\/\/mechatronics.by\/?page_id=4723"},"modified":"2025-10-14T14:06:39","modified_gmt":"2025-10-14T11:06:39","slug":"plant","status":"publish","type":"page","link":"https:\/\/mechatronics.by\/pl\/plant\/","title":{"rendered":"Nasza fabryka"},"content":{"rendered":"<p class=\"qtranxs-available-languages-message qtranxs-available-languages-message-pl\">Przepraszamy, ten wpis jest dost\u0119pny tylko w j\u0119zyku <a href=\"https:\/\/mechatronics.by\/es\/wp-json\/wp\/v2\/pages\/4723\" class=\"qtranxs-available-language-link qtranxs-available-language-link-es\" title=\"Espa\u00f1ol\">Europejski Hiszpa\u0144ski<\/a>, <a href=\"https:\/\/mechatronics.by\/en\/wp-json\/wp\/v2\/pages\/4723\" class=\"qtranxs-available-language-link qtranxs-available-language-link-en\" title=\"English\">Ameryka\u0144ski Angielski<\/a>, <a href=\"https:\/\/mechatronics.by\/ru\/wp-json\/wp\/v2\/pages\/4723\" class=\"qtranxs-available-language-link qtranxs-available-language-link-ru\" title=\"\u0420\u0443\u0441\u0441\u043a\u0438\u0439\">Rosyjski<\/a>, <a href=\"https:\/\/mechatronics.by\/pt\/wp-json\/wp\/v2\/pages\/4723\" class=\"qtranxs-available-language-link qtranxs-available-language-link-pt\" title=\"Portugu\u00eas\">Brazylijski Portugalski<\/a> i <a href=\"https:\/\/mechatronics.by\/fr\/wp-json\/wp\/v2\/pages\/4723\" class=\"qtranxs-available-language-link qtranxs-available-language-link-fr\" title=\"Fran\u00e7ais\">Francuski<\/a>.<\/p>","protected":false},"excerpt":{"rendered":"<p>Przepraszamy, ten wpis jest dost\u0119pny tylko w j\u0119zyku Europejski Hiszpa\u0144ski, Ameryka\u0144ski Angielski, Rosyjski, Brazylijski Portugalski i Francuski.<\/p>\n","protected":false},"author":1,"featured_media":0,"parent":0,"menu_order":0,"comment_status":"open","ping_status":"open","template":"full-width.php","meta":[],"yoast_head":"<!-- This site is optimized with the Yoast SEO plugin v16.4 - https:\/\/yoast.com\/wordpress\/plugins\/seo\/ -->\n<title>(English) Mechatronics factory<\/title>\n<meta name=\"description\" content=\"(Espa\u00f1ol) Las instalaciones de producci\u00f3n de Mechatronics se encuentran en Vileika. Esta peque\u00f1a ciudad bielorrusa se conoce desde tiempos de la URSS como un centro\" \/>\n<meta name=\"robots\" content=\"index, follow, max-snippet:-1, max-image-preview:large, max-video-preview:-1\" \/>\n<link rel=\"canonical\" href=\"https:\/\/mechatronics.by\/plant\/\" \/>\n<meta property=\"og:locale\" content=\"pl_PL\" \/>\n<meta property=\"og:type\" content=\"article\" \/>\n<meta property=\"og:title\" content=\"[:en] Mechatronics factory [:ru] \u041f\u0440\u043e\u0438\u0437\u0432\u043e\u0434\u0441\u0442\u0432\u043e \u0417\u0410\u041e \u041c\u0435\u0445\u0430\u0442\u0440\u043e\u043d\u0438\u043a\u0430[:]\" \/>\n<meta property=\"og:description\" content=\"{:es}Las instalaciones de producci\u00f3n de Mechatronics se encuentran en Vileika. Esta peque\u00f1a ciudad bielorrusa se conoce desde tiempos de la URSS como un centro {:en}Las instalaciones de producci\u00f3n de Mechatronics se encuentran en Vileika. Esta peque\u00f1a ciudad bielorrusa se conoce desde tiempos de la URSS como un centro {:ru}Las instalaciones de producci\u00f3n de Mechatronics se encuentran en Vileika. Esta peque\u00f1a ciudad bielorrusa se conoce desde tiempos de la URSS como un centro Nasza fabryka {:fr}Las instalaciones de producci\u00f3n de Mechatronics se encuentran en Vileika. Esta peque\u00f1a ciudad bielorrusa se conoce desde tiempos de la URSS como un centro {:}\" \/>\n<meta property=\"og:url\" content=\"https:\/\/mechatronics.by\/plant\/\" \/>\n<meta property=\"og:site_name\" content=\"Mechatronics\" \/>\n<meta property=\"article:publisher\" content=\"https:\/\/www.facebook.com\/EurosensDelta\" \/>\n<meta property=\"article:modified_time\" content=\"2025-10-14T11:06:39+00:00\" \/>\n<meta name=\"twitter:label1\" content=\"Szacowany czas czytania\" \/>\n\t<meta name=\"twitter:data1\" content=\"2 minuty\" \/>\n<script type=\"application\/ld+json\" class=\"yoast-schema-graph\">{\"@context\":\"https:\/\/schema.org\",\"@graph\":[{\"@type\":\"WebSite\",\"@id\":\"https:\/\/mechatronics.by\/#website\",\"url\":\"https:\/\/mechatronics.by\/\",\"name\":\"Mechatronics\",\"description\":\"\\u041a\\u043e\\u043d\\u0442\\u0440\\u043e\\u043b\\u044c \\u0440\\u0430\\u0441\\u0445\\u043e\\u0434\\u0430 \\u0442\\u043e\\u043f\\u043b\\u0438\\u0432\\u0430 \\u0438 \\u0434\\u0440\\u0443\\u0433\\u0438\\u0445 \\u043f\\u0430\\u0440\\u0430\\u043c\\u0435\\u0442\\u0440\\u043e\\u0432 \\u0440\\u0430\\u0431\\u043e\\u0442\\u044b \\u043c\\u0430\\u0448\\u0438\\u043d\",\"potentialAction\":[{\"@type\":\"SearchAction\",\"target\":\"https:\/\/mechatronics.by\/?s={search_term_string}\",\"query-input\":\"required name=search_term_string\"}],\"inLanguage\":\"pl-PL\"},{\"@type\":\"ImageObject\",\"@id\":\"https:\/\/mechatronics.by\/plant\/#primaryimage\",\"inLanguage\":\"pl-PL\",\"url\":\"https:\/\/mechatronics.by\/wp-content\/uploads\/2020\/05\/meter-asm.png\",\"contentUrl\":\"https:\/\/mechatronics.by\/wp-content\/uploads\/2020\/05\/meter-asm.png\",\"width\":231,\"height\":314},{\"@type\":\"WebPage\",\"@id\":\"https:\/\/mechatronics.by\/plant\/#webpage\",\"url\":\"https:\/\/mechatronics.by\/plant\/\",\"name\":\"[:en] Mechatronics factory [:ru] \\u041f\\u0440\\u043e\\u0438\\u0437\\u0432\\u043e\\u0434\\u0441\\u0442\\u0432\\u043e \\u0417\\u0410\\u041e \\u041c\\u0435\\u0445\\u0430\\u0442\\u0440\\u043e\\u043d\\u0438\\u043a\\u0430[:]\",\"isPartOf\":{\"@id\":\"https:\/\/mechatronics.by\/#website\"},\"primaryImageOfPage\":{\"@id\":\"https:\/\/mechatronics.by\/plant\/#primaryimage\"},\"datePublished\":\"2014-05-03T20:14:42+00:00\",\"dateModified\":\"2025-10-14T11:06:39+00:00\",\"description\":\"{:es}Las instalaciones de producci\\u00f3n de Mechatronics se encuentran en Vileika. Esta peque\\u00f1a ciudad bielorrusa se conoce desde tiempos de la URSS como un centro {:en}Las instalaciones de producci\\u00f3n de Mechatronics se encuentran en Vileika. Esta peque\\u00f1a ciudad bielorrusa se conoce desde tiempos de la URSS como un centro {:ru}Las instalaciones de producci\\u00f3n de Mechatronics se encuentran en Vileika. Esta peque\\u00f1a ciudad bielorrusa se conoce desde tiempos de la URSS como un centro Nasza fabryka {:fr}Las instalaciones de producci\\u00f3n de Mechatronics se encuentran en Vileika. Esta peque\\u00f1a ciudad bielorrusa se conoce desde tiempos de la URSS como un centro {:}\",\"breadcrumb\":{\"@id\":\"https:\/\/mechatronics.by\/plant\/#breadcrumb\"},\"inLanguage\":\"pl-PL\",\"potentialAction\":[{\"@type\":\"ReadAction\",\"target\":[\"https:\/\/mechatronics.by\/plant\/\"]}]},{\"@type\":\"BreadcrumbList\",\"@id\":\"https:\/\/mechatronics.by\/plant\/#breadcrumb\",\"itemListElement\":[{\"@type\":\"ListItem\",\"position\":1,\"item\":{\"@type\":\"WebPage\",\"@id\":\"https:\/\/mechatronics.by\/\",\"url\":\"https:\/\/mechatronics.by\/\",\"name\":\"Home\"}},{\"@type\":\"ListItem\",\"position\":2,\"item\":{\"@id\":\"https:\/\/mechatronics.by\/plant\/#webpage\"}}]}]}<\/script>\n<!-- \/ Yoast SEO plugin. -->","_links":{"self":[{"href":"https:\/\/mechatronics.by\/pl\/wp-json\/wp\/v2\/pages\/4723"}],"collection":[{"href":"https:\/\/mechatronics.by\/pl\/wp-json\/wp\/v2\/pages"}],"about":[{"href":"https:\/\/mechatronics.by\/pl\/wp-json\/wp\/v2\/types\/page"}],"author":[{"embeddable":true,"href":"https:\/\/mechatronics.by\/pl\/wp-json\/wp\/v2\/users\/1"}],"replies":[{"embeddable":true,"href":"https:\/\/mechatronics.by\/pl\/wp-json\/wp\/v2\/comments?post=4723"}],"version-history":[{"count":0,"href":"https:\/\/mechatronics.by\/pl\/wp-json\/wp\/v2\/pages\/4723\/revisions"}],"wp:attachment":[{"href":"https:\/\/mechatronics.by\/pl\/wp-json\/wp\/v2\/media?parent=4723"}],"curies":[{"name":"wp","href":"https:\/\/api.w.org\/{rel}","templated":true}]}}