{"id":5248,"date":"2014-05-14T15:07:30","date_gmt":"2014-05-14T12:07:30","guid":{"rendered":"http:\/\/mechatronics.by\/?page_id=5248"},"modified":"2025-10-14T15:21:22","modified_gmt":"2025-10-14T12:21:22","slug":"eurosens-dominator-rs","status":"publish","type":"page","link":"https:\/\/mechatronics.by\/pl\/products\/level-control\/eurosens-dominator-rs\/","title":{"rendered":"Eurosens Dominator"},"content":{"rendered":"<p><\/p>\n<table style=\"border-collapse: collapse; width: 100%;\">\n<tbody>\n<tr>\n<td style=\"width: 50%;\"><a href=\"https:\/\/mechatronics.by\/wp-content\/uploads\/2023\/01\/join-telegram.png\"><img loading=\"lazy\" class=\"wp-image-13044 size-full aligncenter\" src=\"https:\/\/mechatronics.by\/wp-content\/uploads\/2023\/01\/join-telegram.png\" alt=\"\" width=\"300\" height=\"116\" data-wp-editing=\"1\" \/><\/a><\/td>\n<td style=\"width: 50%;\">\u00a0<a href=\"https:\/\/www.youtube.com\/@MechatronicsTV\/videos\"><img loading=\"lazy\" class=\"aligncenter wp-image-12963 size-medium\" src=\"https:\/\/mechatronics.by\/wp-content\/uploads\/2023\/01\/youtube-subscr-300x97.gif\" alt=\"\" width=\"300\" height=\"97\" srcset=\"https:\/\/mechatronics.by\/wp-content\/uploads\/2023\/01\/youtube-subscr-300x97.gif 300w, https:\/\/mechatronics.by\/wp-content\/uploads\/2023\/01\/youtube-subscr-1024x330.gif 1024w, https:\/\/mechatronics.by\/wp-content\/uploads\/2023\/01\/youtube-subscr-768x247.gif 768w\" sizes=\"(max-width: 300px) 100vw, 300px\" \/><\/a><\/td>\n<\/tr>\n<\/tbody>\n<\/table>\n<p><\/p>","protected":false},"excerpt":{"rendered":"<p>\u00a0<\/p>\n","protected":false},"author":1,"featured_media":0,"parent":4632,"menu_order":1,"comment_status":"open","ping_status":"closed","template":"side-navigation.php","meta":[],"yoast_head":"<!-- This site is optimized with the Yoast SEO plugin v16.4 - https:\/\/yoast.com\/wordpress\/plugins\/seo\/ -->\n<title>czujniki poziomu paliwa Eurosens Dominator RS<\/title>\n<meta name=\"description\" content=\"Eurosens Dominator RS - czujnik poziomu paliwa o \u0142atwej instalacji, wysokiej precyzji i niskim koszcie eksploatacji. Interfejs RS-232\/RS-485.\" \/>\n<meta name=\"robots\" content=\"index, follow, max-snippet:-1, max-image-preview:large, max-video-preview:-1\" \/>\n<link rel=\"canonical\" href=\"https:\/\/mechatronics.by\/products\/level-control\/eurosens-dominator-rs\/\" \/>\n<meta property=\"og:locale\" content=\"pl_PL\" \/>\n<meta property=\"og:type\" content=\"article\" \/>\n<meta property=\"og:title\" content=\"[:es]Sensores de nivel de combustible Eurosens Dominator RS[:en]Sensores de nivel de combustible Eurosens Dominator RS[:ru]Fuel level sensors Eurosens Dominator RS[:pt]sensores de n\u00edvel de combust\u00edvel Eurosens Dominator RS[:fr]Capteurs de niveau de carburant Eurosens Dominator RS[:pl]czujniki poziomu paliwa Eurosens Dominator RS[:]\" \/>\n<meta property=\"og:description\" content=\"{:es}Eurosens Dominator RS: sensor de nivel de combustible con f\u00e1cil instalaci\u00f3n, alta precisi\u00f3n y bajo costo de ciclo de vida. Interfaz RS-232\/RS-485. {:en}Eurosens Dominator RS: sensor de nivel de combustible con f\u00e1cil instalaci\u00f3n, alta precisi\u00f3n y bajo costo de ciclo de vida. Interfaz RS-232\/RS-485. {:ru} Eurosens Dominator RS - fuel level sensor with easy installation, high precision and low lifecycle cost. RS-232\/RS-485 interface {:pt}Eurosens Dominator RS - sensor de n\u00edvel de combust\u00edvel com f\u00e1cil instala\u00e7\u00e3o, alta precis\u00e3o e baixo custo de ciclo de vida. Interface RS-232\/RS-485. {:fr}Eurosens Dominator RS - capteur de niveau de carburant avec une installation facile, une grande pr\u00e9cision et un faible co\u00fbt de cycle de vie. Interface RS-232\/RS-485. {:pl}Eurosens Dominator RS - czujnik poziomu paliwa o \u0142atwej instalacji, wysokiej precyzji i niskim koszcie eksploatacji. Interfejs RS-232\/RS-485.{:}\" \/>\n<meta property=\"og:url\" content=\"https:\/\/mechatronics.by\/products\/level-control\/eurosens-dominator-rs\/\" \/>\n<meta property=\"og:site_name\" content=\"Mechatronics\" \/>\n<meta property=\"article:publisher\" content=\"https:\/\/www.facebook.com\/EurosensDelta\" \/>\n<meta property=\"article:modified_time\" content=\"2025-10-14T12:21:22+00:00\" \/>\n<meta property=\"og:image\" content=\"https:\/\/mechatronics.by\/wp-content\/uploads\/2014\/05\/1-150x150.jpg\" \/>\n<meta name=\"twitter:label1\" content=\"Szacowany czas czytania\" \/>\n\t<meta name=\"twitter:data1\" content=\"5 minut\" \/>\n<script type=\"application\/ld+json\" class=\"yoast-schema-graph\">{\"@context\":\"https:\/\/schema.org\",\"@graph\":[{\"@type\":\"WebSite\",\"@id\":\"https:\/\/mechatronics.by\/#website\",\"url\":\"https:\/\/mechatronics.by\/\",\"name\":\"Mechatronics\",\"description\":\"\\u041a\\u043e\\u043d\\u0442\\u0440\\u043e\\u043b\\u044c \\u0440\\u0430\\u0441\\u0445\\u043e\\u0434\\u0430 \\u0442\\u043e\\u043f\\u043b\\u0438\\u0432\\u0430 \\u0438 \\u0434\\u0440\\u0443\\u0433\\u0438\\u0445 \\u043f\\u0430\\u0440\\u0430\\u043c\\u0435\\u0442\\u0440\\u043e\\u0432 \\u0440\\u0430\\u0431\\u043e\\u0442\\u044b \\u043c\\u0430\\u0448\\u0438\\u043d\",\"potentialAction\":[{\"@type\":\"SearchAction\",\"target\":\"https:\/\/mechatronics.by\/?s={search_term_string}\",\"query-input\":\"required name=search_term_string\"}],\"inLanguage\":\"pl-PL\"},{\"@type\":\"ImageObject\",\"@id\":\"https:\/\/mechatronics.by\/products\/level-control\/eurosens-dominator-rs\/#primaryimage\",\"inLanguage\":\"pl-PL\",\"url\":\"https:\/\/mechatronics.by\/wp-content\/uploads\/2019\/12\/RS.png\",\"contentUrl\":\"https:\/\/mechatronics.by\/wp-content\/uploads\/2019\/12\/RS.png\",\"width\":1249,\"height\":1365},{\"@type\":\"WebPage\",\"@id\":\"https:\/\/mechatronics.by\/products\/level-control\/eurosens-dominator-rs\/#webpage\",\"url\":\"https:\/\/mechatronics.by\/products\/level-control\/eurosens-dominator-rs\/\",\"name\":\"[:es]Sensores de nivel de combustible Eurosens Dominator RS[:en]Sensores de nivel de combustible Eurosens Dominator RS[:ru]Fuel level sensors Eurosens Dominator RS[:pt]sensores de n\\u00edvel de combust\\u00edvel Eurosens Dominator RS[:fr]Capteurs de niveau de carburant Eurosens Dominator RS[:pl]czujniki poziomu paliwa Eurosens Dominator RS[:]\",\"isPartOf\":{\"@id\":\"https:\/\/mechatronics.by\/#website\"},\"primaryImageOfPage\":{\"@id\":\"https:\/\/mechatronics.by\/products\/level-control\/eurosens-dominator-rs\/#primaryimage\"},\"datePublished\":\"2014-05-14T12:07:30+00:00\",\"dateModified\":\"2025-10-14T12:21:22+00:00\",\"description\":\"{:es}Eurosens Dominator RS: sensor de nivel de combustible con f\\u00e1cil instalaci\\u00f3n, alta precisi\\u00f3n y bajo costo de ciclo de vida. Interfaz RS-232\/RS-485. {:en}Eurosens Dominator RS: sensor de nivel de combustible con f\\u00e1cil instalaci\\u00f3n, alta precisi\\u00f3n y bajo costo de ciclo de vida. Interfaz RS-232\/RS-485. {:ru} Eurosens Dominator RS - fuel level sensor with easy installation, high precision and low lifecycle cost. RS-232\/RS-485 interface {:pt}Eurosens Dominator RS - sensor de n\\u00edvel de combust\\u00edvel com f\\u00e1cil instala\\u00e7\\u00e3o, alta precis\\u00e3o e baixo custo de ciclo de vida. Interface RS-232\/RS-485. {:fr}Eurosens Dominator RS - capteur de niveau de carburant avec une installation facile, une grande pr\\u00e9cision et un faible co\\u00fbt de cycle de vie. Interface RS-232\/RS-485. {:pl}Eurosens Dominator RS - czujnik poziomu paliwa o \\u0142atwej instalacji, wysokiej precyzji i niskim koszcie eksploatacji. Interfejs RS-232\/RS-485.{:}\",\"breadcrumb\":{\"@id\":\"https:\/\/mechatronics.by\/products\/level-control\/eurosens-dominator-rs\/#breadcrumb\"},\"inLanguage\":\"pl-PL\",\"potentialAction\":[{\"@type\":\"ReadAction\",\"target\":[\"https:\/\/mechatronics.by\/products\/level-control\/eurosens-dominator-rs\/\"]}]},{\"@type\":\"BreadcrumbList\",\"@id\":\"https:\/\/mechatronics.by\/products\/level-control\/eurosens-dominator-rs\/#breadcrumb\",\"itemListElement\":[{\"@type\":\"ListItem\",\"position\":1,\"item\":{\"@type\":\"WebPage\",\"@id\":\"https:\/\/mechatronics.by\/\",\"url\":\"https:\/\/mechatronics.by\/\",\"name\":\"Home\"}},{\"@type\":\"ListItem\",\"position\":2,\"item\":{\"@type\":\"WebPage\",\"@id\":\"https:\/\/mechatronics.by\/products\/\",\"url\":\"https:\/\/mechatronics.by\/products\/\",\"name\":\"\\u041f\\u0440\\u043e\\u0434\\u0443\\u043a\\u0442\\u044b\"}},{\"@type\":\"ListItem\",\"position\":3,\"item\":{\"@type\":\"WebPage\",\"@id\":\"https:\/\/mechatronics.by\/products\/level-control\/\",\"url\":\"https:\/\/mechatronics.by\/products\/level-control\/\",\"name\":\"\\u0414\\u0430\\u0442\\u0447\\u0438\\u043a\\u0438 \\u0443\\u0440\\u043e\\u0432\\u043d\\u044f \\u0442\\u043e\\u043f\\u043b\\u0438\\u0432\\u0430\"}},{\"@type\":\"ListItem\",\"position\":4,\"item\":{\"@id\":\"https:\/\/mechatronics.by\/products\/level-control\/eurosens-dominator-rs\/#webpage\"}}]}]}<\/script>\n<!-- \/ Yoast SEO plugin. -->","_links":{"self":[{"href":"https:\/\/mechatronics.by\/pl\/wp-json\/wp\/v2\/pages\/5248"}],"collection":[{"href":"https:\/\/mechatronics.by\/pl\/wp-json\/wp\/v2\/pages"}],"about":[{"href":"https:\/\/mechatronics.by\/pl\/wp-json\/wp\/v2\/types\/page"}],"author":[{"embeddable":true,"href":"https:\/\/mechatronics.by\/pl\/wp-json\/wp\/v2\/users\/1"}],"replies":[{"embeddable":true,"href":"https:\/\/mechatronics.by\/pl\/wp-json\/wp\/v2\/comments?post=5248"}],"version-history":[{"count":29,"href":"https:\/\/mechatronics.by\/pl\/wp-json\/wp\/v2\/pages\/5248\/revisions"}],"predecessor-version":[{"id":14001,"href":"https:\/\/mechatronics.by\/pl\/wp-json\/wp\/v2\/pages\/5248\/revisions\/14001"}],"up":[{"embeddable":true,"href":"https:\/\/mechatronics.by\/pl\/wp-json\/wp\/v2\/pages\/4632"}],"wp:attachment":[{"href":"https:\/\/mechatronics.by\/pl\/wp-json\/wp\/v2\/media?parent=5248"}],"curies":[{"name":"wp","href":"https:\/\/api.w.org\/{rel}","templated":true}]}}