{"id":5800,"date":"2014-10-23T16:08:50","date_gmt":"2014-10-23T13:08:50","guid":{"rendered":"http:\/\/mechatronics.by\/?page_id=5800"},"modified":"2023-01-25T10:05:01","modified_gmt":"2023-01-25T07:05:01","slug":"bayonet","status":"publish","type":"page","link":"https:\/\/mechatronics.by\/pl\/products\/level-control\/bayonet\/","title":{"rendered":"Wzg\u00f3rze bagnetowe"},"content":{"rendered":"<p><\/p>\n<table style=\"border-collapse: collapse; width: 100%;\">\n<tbody>\n<tr>\n<td style=\"width: 50%;\"><a href=\"https:\/\/mechatronics.by\/wp-content\/uploads\/2023\/01\/join-telegram.png\"><img loading=\"lazy\" class=\"wp-image-13044 size-full aligncenter\" src=\"https:\/\/mechatronics.by\/wp-content\/uploads\/2023\/01\/join-telegram.png\" alt=\"\" width=\"300\" height=\"116\" data-wp-editing=\"1\" \/><\/a><\/td>\n<td style=\"width: 50%;\">\u00a0<a href=\"https:\/\/www.youtube.com\/@MechatronicsTV\/videos\"><img loading=\"lazy\" class=\"aligncenter wp-image-12963 size-medium\" src=\"https:\/\/mechatronics.by\/wp-content\/uploads\/2023\/01\/youtube-subscr-300x97.gif\" alt=\"\" width=\"300\" height=\"97\" srcset=\"https:\/\/mechatronics.by\/wp-content\/uploads\/2023\/01\/youtube-subscr-300x97.gif 300w, https:\/\/mechatronics.by\/wp-content\/uploads\/2023\/01\/youtube-subscr-1024x330.gif 1024w, https:\/\/mechatronics.by\/wp-content\/uploads\/2023\/01\/youtube-subscr-768x247.gif 768w\" sizes=\"(max-width: 300px) 100vw, 300px\" \/><\/a><\/td>\n<\/tr>\n<\/tbody>\n<\/table>\n<p><\/p>","protected":false},"excerpt":{"rendered":"<p>\u00a0<\/p>\n","protected":false},"author":1,"featured_media":0,"parent":4632,"menu_order":6,"comment_status":"open","ping_status":"closed","template":"side-navigation.php","meta":[],"yoast_head":"<!-- This site is optimized with the Yoast SEO plugin v16.4 - https:\/\/yoast.com\/wordpress\/plugins\/seo\/ -->\n<title>Bayonet - szybkie zamocowanie czujnika poziomu paliwa<\/title>\n<meta name=\"description\" content=\"Blokowanie bagnetu przez obr\u00f3cenie czujnika poziomu paliwa pod ma\u0142ym k\u0105tem do pozycji, w kt\u00f3rej wyst\u0119py korpusu czujnika s\u0105 zamocowane w ko\u0142nierzu\" \/>\n<meta name=\"robots\" content=\"index, follow, max-snippet:-1, max-image-preview:large, max-video-preview:-1\" \/>\n<link rel=\"canonical\" href=\"https:\/\/mechatronics.by\/products\/level-control\/bayonet\/\" \/>\n<meta property=\"og:locale\" content=\"pl_PL\" \/>\n<meta property=\"og:type\" content=\"article\" \/>\n<meta property=\"og:title\" content=\"[:es]Bayoneta: montaje r\u00e1pido del sensor de nivel de combustible[:en]Bayonet - fast mount of the fuel level sensor[:ru]\u0411\u0430\u0439\u043e\u043d\u0435\u0442 - \u0431\u044b\u0441\u0442\u0440\u043e\u0441\u044a\u0435\u043c\u043d\u043e\u0435 \u043a\u0440\u0435\u043f\u043b\u0435\u043d\u0438\u0435 \u0434\u0430\u0442\u0447\u0438\u043a\u0430 \u0443\u0440\u043e\u0432\u043d\u044f \u0442\u043e\u043f\u043b\u0438\u0432\u0430[:pt]Baioneta - montagem r\u00e1pida do sensor de n\u00edvel de combust\u00edvel[:fr]Ba\u00efonnette - fixation rapide du capteur de niveau de carburant[:pl]Bayonet - szybkie zamocowanie czujnika poziomu paliwa[:]\" \/>\n<meta property=\"og:description\" content=\"{:es}Bloquear la bayoneta girando el sensor de nivel de combustible un peque\u00f1o \u00e1ngulo a la posici\u00f3n donde las protuberancias del cuerpo del sensor se fijan en la brida.{:en}Locking the bayonet by turning the fuel level sensor a small angle to the position where the protrusions of the sensor body are fixed in the flange. {:ru}\u0417\u0430\u043f\u0438\u0440\u0430\u043d\u0438\u0435 \u0431\u0430\u0439\u043e\u043d\u0435\u0442\u0430 \u043e\u0441\u0443\u0449\u0435\u0441\u0442\u0432\u043b\u044f\u0435\u0442\u0441\u044f \u043f\u043e\u0432\u043e\u0440\u043e\u0442\u043e\u043c \u0434\u0430\u0442\u0447\u0438\u043a\u0430 \u0443\u0440\u043e\u0432\u043d\u044f \u0442\u043e\u043f\u043b\u0438\u0432\u0430 \u043d\u0430 \u043d\u0435\u0431\u043e\u043b\u044c\u0448\u043e\u0439 \u0443\u0433\u043e\u043b \u0432 \u043f\u043e\u043b\u043e\u0436\u0435\u043d\u0438\u0435, \u043a\u043e\u0433\u0434\u0430 \u0432\u044b\u0441\u0442\u0443\u043f\u044b \u043a\u043e\u0440\u043f\u0443\u0441\u0430 \u0434\u0430\u0442\u0447\u0438\u043a\u0430 \u0444\u0438\u043a\u0441\u0438\u0440\u0443\u044e\u0442\u0441\u044f \u0432\u043e \u0444\u043b\u0430\u043d\u0446\u0435.{:pt}Bloqueio da baioneta, girando o sensor de n\u00edvel de combust\u00edvel em um pequeno \u00e2ngulo para a posi\u00e7\u00e3o em que as sali\u00eancias do corpo do sensor s\u00e3o fixadas no flange.{:fr}Verrouillage de la ba\u00efonnette en tournant l\u00e9g\u00e8rement le capteur de niveau de carburant vers la position o\u00f9 les saillies du corps du capteur sont fix\u00e9es dans la bride. {:pl}Blokowanie bagnetu przez obr\u00f3cenie czujnika poziomu paliwa pod ma\u0142ym k\u0105tem do pozycji, w kt\u00f3rej wyst\u0119py korpusu czujnika s\u0105 zamocowane w ko\u0142nierzu{:}\" \/>\n<meta property=\"og:url\" content=\"https:\/\/mechatronics.by\/products\/level-control\/bayonet\/\" \/>\n<meta property=\"og:site_name\" content=\"Mechatronics\" \/>\n<meta property=\"article:publisher\" content=\"https:\/\/www.facebook.com\/EurosensDelta\" \/>\n<meta property=\"article:modified_time\" content=\"2023-01-25T07:05:01+00:00\" \/>\n<meta property=\"og:image\" content=\"\/\/mechatronics.by\/wp-content\/uploads\/2014\/05\/Dominator-RS_200x200.png\" \/>\n<meta name=\"twitter:label1\" content=\"Szacowany czas czytania\" \/>\n\t<meta name=\"twitter:data1\" content=\"2 minuty\" \/>\n<script type=\"application\/ld+json\" class=\"yoast-schema-graph\">{\"@context\":\"https:\/\/schema.org\",\"@graph\":[{\"@type\":\"WebSite\",\"@id\":\"https:\/\/mechatronics.by\/#website\",\"url\":\"https:\/\/mechatronics.by\/\",\"name\":\"Mechatronics\",\"description\":\"\\u041a\\u043e\\u043d\\u0442\\u0440\\u043e\\u043b\\u044c \\u0440\\u0430\\u0441\\u0445\\u043e\\u0434\\u0430 \\u0442\\u043e\\u043f\\u043b\\u0438\\u0432\\u0430 \\u0438 \\u0434\\u0440\\u0443\\u0433\\u0438\\u0445 \\u043f\\u0430\\u0440\\u0430\\u043c\\u0435\\u0442\\u0440\\u043e\\u0432 \\u0440\\u0430\\u0431\\u043e\\u0442\\u044b \\u043c\\u0430\\u0448\\u0438\\u043d\",\"potentialAction\":[{\"@type\":\"SearchAction\",\"target\":\"https:\/\/mechatronics.by\/?s={search_term_string}\",\"query-input\":\"required name=search_term_string\"}],\"inLanguage\":\"pl-PL\"},{\"@type\":\"ImageObject\",\"@id\":\"https:\/\/mechatronics.by\/products\/level-control\/bayonet\/#primaryimage\",\"inLanguage\":\"pl-PL\",\"url\":\"\/\/mechatronics.by\/wp-content\/uploads\/2014\/05\/Dominator-RS_200x200.png\",\"contentUrl\":\"\/\/mechatronics.by\/wp-content\/uploads\/2014\/05\/Dominator-RS_200x200.png\"},{\"@type\":\"WebPage\",\"@id\":\"https:\/\/mechatronics.by\/products\/level-control\/bayonet\/#webpage\",\"url\":\"https:\/\/mechatronics.by\/products\/level-control\/bayonet\/\",\"name\":\"[:es]Bayoneta: montaje r\\u00e1pido del sensor de nivel de combustible[:en]Bayonet - fast mount of the fuel level sensor[:ru]\\u0411\\u0430\\u0439\\u043e\\u043d\\u0435\\u0442 - \\u0431\\u044b\\u0441\\u0442\\u0440\\u043e\\u0441\\u044a\\u0435\\u043c\\u043d\\u043e\\u0435 \\u043a\\u0440\\u0435\\u043f\\u043b\\u0435\\u043d\\u0438\\u0435 \\u0434\\u0430\\u0442\\u0447\\u0438\\u043a\\u0430 \\u0443\\u0440\\u043e\\u0432\\u043d\\u044f \\u0442\\u043e\\u043f\\u043b\\u0438\\u0432\\u0430[:pt]Baioneta - montagem r\\u00e1pida do sensor de n\\u00edvel de combust\\u00edvel[:fr]Ba\\u00efonnette - fixation rapide du capteur de niveau de carburant[:pl]Bayonet - szybkie zamocowanie czujnika poziomu paliwa[:]\",\"isPartOf\":{\"@id\":\"https:\/\/mechatronics.by\/#website\"},\"primaryImageOfPage\":{\"@id\":\"https:\/\/mechatronics.by\/products\/level-control\/bayonet\/#primaryimage\"},\"datePublished\":\"2014-10-23T13:08:50+00:00\",\"dateModified\":\"2023-01-25T07:05:01+00:00\",\"description\":\"{:es}Bloquear la bayoneta girando el sensor de nivel de combustible un peque\\u00f1o \\u00e1ngulo a la posici\\u00f3n donde las protuberancias del cuerpo del sensor se fijan en la brida.{:en}Locking the bayonet by turning the fuel level sensor a small angle to the position where the protrusions of the sensor body are fixed in the flange. {:ru}\\u0417\\u0430\\u043f\\u0438\\u0440\\u0430\\u043d\\u0438\\u0435 \\u0431\\u0430\\u0439\\u043e\\u043d\\u0435\\u0442\\u0430 \\u043e\\u0441\\u0443\\u0449\\u0435\\u0441\\u0442\\u0432\\u043b\\u044f\\u0435\\u0442\\u0441\\u044f \\u043f\\u043e\\u0432\\u043e\\u0440\\u043e\\u0442\\u043e\\u043c \\u0434\\u0430\\u0442\\u0447\\u0438\\u043a\\u0430 \\u0443\\u0440\\u043e\\u0432\\u043d\\u044f \\u0442\\u043e\\u043f\\u043b\\u0438\\u0432\\u0430 \\u043d\\u0430 \\u043d\\u0435\\u0431\\u043e\\u043b\\u044c\\u0448\\u043e\\u0439 \\u0443\\u0433\\u043e\\u043b \\u0432 \\u043f\\u043e\\u043b\\u043e\\u0436\\u0435\\u043d\\u0438\\u0435, \\u043a\\u043e\\u0433\\u0434\\u0430 \\u0432\\u044b\\u0441\\u0442\\u0443\\u043f\\u044b \\u043a\\u043e\\u0440\\u043f\\u0443\\u0441\\u0430 \\u0434\\u0430\\u0442\\u0447\\u0438\\u043a\\u0430 \\u0444\\u0438\\u043a\\u0441\\u0438\\u0440\\u0443\\u044e\\u0442\\u0441\\u044f \\u0432\\u043e \\u0444\\u043b\\u0430\\u043d\\u0446\\u0435.{:pt}Bloqueio da baioneta, girando o sensor de n\\u00edvel de combust\\u00edvel em um pequeno \\u00e2ngulo para a posi\\u00e7\\u00e3o em que as sali\\u00eancias do corpo do sensor s\\u00e3o fixadas no flange.{:fr}Verrouillage de la ba\\u00efonnette en tournant l\\u00e9g\\u00e8rement le capteur de niveau de carburant vers la position o\\u00f9 les saillies du corps du capteur sont fix\\u00e9es dans la bride. {:pl}Blokowanie bagnetu przez obr\\u00f3cenie czujnika poziomu paliwa pod ma\\u0142ym k\\u0105tem do pozycji, w kt\\u00f3rej wyst\\u0119py korpusu czujnika s\\u0105 zamocowane w ko\\u0142nierzu{:}\",\"breadcrumb\":{\"@id\":\"https:\/\/mechatronics.by\/products\/level-control\/bayonet\/#breadcrumb\"},\"inLanguage\":\"pl-PL\",\"potentialAction\":[{\"@type\":\"ReadAction\",\"target\":[\"https:\/\/mechatronics.by\/products\/level-control\/bayonet\/\"]}]},{\"@type\":\"BreadcrumbList\",\"@id\":\"https:\/\/mechatronics.by\/products\/level-control\/bayonet\/#breadcrumb\",\"itemListElement\":[{\"@type\":\"ListItem\",\"position\":1,\"item\":{\"@type\":\"WebPage\",\"@id\":\"https:\/\/mechatronics.by\/\",\"url\":\"https:\/\/mechatronics.by\/\",\"name\":\"Home\"}},{\"@type\":\"ListItem\",\"position\":2,\"item\":{\"@type\":\"WebPage\",\"@id\":\"https:\/\/mechatronics.by\/products\/\",\"url\":\"https:\/\/mechatronics.by\/products\/\",\"name\":\"\\u041f\\u0440\\u043e\\u0434\\u0443\\u043a\\u0442\\u044b\"}},{\"@type\":\"ListItem\",\"position\":3,\"item\":{\"@type\":\"WebPage\",\"@id\":\"https:\/\/mechatronics.by\/products\/level-control\/\",\"url\":\"https:\/\/mechatronics.by\/products\/level-control\/\",\"name\":\"\\u0414\\u0430\\u0442\\u0447\\u0438\\u043a\\u0438 \\u0443\\u0440\\u043e\\u0432\\u043d\\u044f \\u0442\\u043e\\u043f\\u043b\\u0438\\u0432\\u0430\"}},{\"@type\":\"ListItem\",\"position\":4,\"item\":{\"@id\":\"https:\/\/mechatronics.by\/products\/level-control\/bayonet\/#webpage\"}}]}]}<\/script>\n<!-- \/ Yoast SEO plugin. -->","_links":{"self":[{"href":"https:\/\/mechatronics.by\/pl\/wp-json\/wp\/v2\/pages\/5800"}],"collection":[{"href":"https:\/\/mechatronics.by\/pl\/wp-json\/wp\/v2\/pages"}],"about":[{"href":"https:\/\/mechatronics.by\/pl\/wp-json\/wp\/v2\/types\/page"}],"author":[{"embeddable":true,"href":"https:\/\/mechatronics.by\/pl\/wp-json\/wp\/v2\/users\/1"}],"replies":[{"embeddable":true,"href":"https:\/\/mechatronics.by\/pl\/wp-json\/wp\/v2\/comments?post=5800"}],"version-history":[{"count":1,"href":"https:\/\/mechatronics.by\/pl\/wp-json\/wp\/v2\/pages\/5800\/revisions"}],"predecessor-version":[{"id":13057,"href":"https:\/\/mechatronics.by\/pl\/wp-json\/wp\/v2\/pages\/5800\/revisions\/13057"}],"up":[{"embeddable":true,"href":"https:\/\/mechatronics.by\/pl\/wp-json\/wp\/v2\/pages\/4632"}],"wp:attachment":[{"href":"https:\/\/mechatronics.by\/pl\/wp-json\/wp\/v2\/media?parent=5800"}],"curies":[{"name":"wp","href":"https:\/\/api.w.org\/{rel}","templated":true}]}}