{"id":6749,"date":"2016-04-16T13:08:57","date_gmt":"2016-04-16T10:08:57","guid":{"rendered":"http:\/\/mechatronics.by\/?page_id=6749"},"modified":"2025-03-06T19:05:59","modified_gmt":"2025-03-06T16:05:59","slug":"eurosens-dizzi","status":"publish","type":"page","link":"https:\/\/mechatronics.by\/pl\/products\/level-control\/eurosens-dizzi\/","title":{"rendered":"Eurosens Dizzi"},"content":{"rendered":"<p><\/p>\n<table style=\"border-collapse: collapse; width: 100%;\">\n<tbody>\n<tr>\n<td style=\"width: 50%;\"><a href=\"https:\/\/mechatronics.by\/wp-content\/uploads\/2023\/01\/join-telegram.png\"><img loading=\"lazy\" class=\"wp-image-13044 size-full aligncenter\" src=\"https:\/\/mechatronics.by\/wp-content\/uploads\/2023\/01\/join-telegram.png\" alt=\"\" width=\"300\" height=\"116\" data-wp-editing=\"1\" \/><\/a><\/td>\n<td style=\"width: 50%;\">\u00a0<a href=\"https:\/\/www.youtube.com\/@MechatronicsTV\/videos\"><img loading=\"lazy\" class=\"aligncenter wp-image-12963 size-medium\" src=\"https:\/\/mechatronics.by\/wp-content\/uploads\/2023\/01\/youtube-subscr-300x97.gif\" alt=\"\" width=\"300\" height=\"97\" srcset=\"https:\/\/mechatronics.by\/wp-content\/uploads\/2023\/01\/youtube-subscr-300x97.gif 300w, https:\/\/mechatronics.by\/wp-content\/uploads\/2023\/01\/youtube-subscr-1024x330.gif 1024w, https:\/\/mechatronics.by\/wp-content\/uploads\/2023\/01\/youtube-subscr-768x247.gif 768w\" sizes=\"(max-width: 300px) 100vw, 300px\" \/><\/a><\/td>\n<\/tr>\n<\/tbody>\n<\/table>\n<p><\/p>","protected":false},"excerpt":{"rendered":"<p>\u00a0<\/p>\n","protected":false},"author":1,"featured_media":0,"parent":4632,"menu_order":8,"comment_status":"closed","ping_status":"closed","template":"side-navigation.php","meta":[],"yoast_head":"<!-- This site is optimized with the Yoast SEO plugin v16.4 - https:\/\/yoast.com\/wordpress\/plugins\/seo\/ -->\n<title>Ultrad\u017awi\u0119kowy czujnik poziomu cieczy Eurosens Dizzi<\/title>\n<meta name=\"description\" content=\"Ultrad\u017awi\u0119kowy czujnik poziomu Eurosens Dizzi s\u0142u\u017cy do bezdotykowego (nieinwazyjnego) pomiaru poziomu przezroczystych cieczy. Pomiar odbywa si\u0119 za pomoc\u0105 echolokacji zewn\u0119trznej przez dno zbiornika.\" \/>\n<meta name=\"robots\" content=\"index, follow, max-snippet:-1, max-image-preview:large, max-video-preview:-1\" \/>\n<link rel=\"canonical\" href=\"https:\/\/mechatronics.by\/products\/level-control\/eurosens-dizzi\/\" \/>\n<meta property=\"og:locale\" content=\"pl_PL\" \/>\n<meta property=\"og:type\" content=\"article\" \/>\n<meta property=\"og:title\" content=\"[:es]Sensor ultras\u00f3nico de nivel de l\u00edquido Eurosens Dizzi[:en]Ultrasonic liquid level sensor Eurosens Dizzi[:ru]\u0423\u043b\u044c\u0442\u0440\u0430\u0437\u0432\u0443\u043a\u043e\u0432\u043e\u0439 \u0434\u0430\u0442\u0447\u0438\u043a \u0443\u0440\u043e\u0432\u043d\u044f Eurosens Dizzi[:pt]Sensor de n\u00edvel de l\u00edquido ultrass\u00f4nico Eurosens Dizzi[:fr]Capteur ultrasonique de niveau de liquide Eurosens Dizzi[:pl]Ultrad\u017awi\u0119kowy czujnik poziomu cieczy Eurosens Dizzi[:]\" \/>\n<meta property=\"og:description\" content=\"{:es}Sensor de nivel ultras\u00f3nico Eurosens Dizzi se utiliza para sin contacto (no invasivo) la medici\u00f3n de nivel de l\u00edquidos ac\u00fasticamente transparente.La medici\u00f3n se lleva a cabo a trav\u00e9s de la parte inferior del tanque por el metodo ecolocalizaci\u00f3n.{:en}Ultrasonic level sensor Eurosens Dizzi is used for non-contact (non-invasive) level measurement of acoustically transparent liquids. Measurement is done by external echolocation through the bottom of the tank. {:ru}\u0423\u043b\u044c\u0442\u0440\u0430\u0437\u0432\u0443\u043a\u043e\u0432\u043e\u0439 \u0434\u0430\u0442\u0447\u0438\u043a \u0443\u0440\u043e\u0432\u043d\u044f Eurosens Dizzi \u043f\u0440\u0438\u043c\u0435\u043d\u044f\u0435\u0442\u0441\u044f \u0434\u043b\u044f \u043a\u043e\u043d\u0442\u0440\u043e\u043b\u044f \u0436\u0438\u0434\u043a\u0438\u0445 \u0441\u0440\u0435\u0434 \u0431\u0435\u0437 \u0432\u0440\u0435\u0437\u043a\u0438 \u0432 \u0440\u0435\u0437\u0435\u0440\u0432\u0443\u0430\u0440 - \u0447\u0435\u0440\u0435\u0437 \u043d\u0438\u0436\u043d\u044e\u044e \u0441\u0442\u0435\u043d\u043a\u0443 \u0441\u043e\u0441\u0443\u0434\u0430.{:pt}Sensores de n\u00edvel ultra-s\u00f4nicos eurosens Dizzi usados para a medi\u00e7\u00e3o sem contacto (\u201csem incut\u201d) n\u00edvel de l\u00edquido (ambientes acusticamente transparente).Medi\u00e7\u00e3o de n\u00edvel \u00e9 realizada por ecolocaliza\u00e7\u00e3o atrav\u00e9s do fundo do tanque.{:fr}Les capteurs \u00e0 ultrasons eurosens niveau Dizzi utilis\u00e9 pour la mesure sans contact (\u201csans incut\u201d) niveau de liquide (m\u00e9dias acoustiquement transparent).La mesure de niveau est r\u00e9alis\u00e9e par echolocation \u00e0 travers le fond de la cuve. {:pl}Ultrad\u017awi\u0119kowy czujnik poziomu Eurosens Dizzi s\u0142u\u017cy do bezdotykowego (nieinwazyjnego) pomiaru poziomu przezroczystych cieczy. Pomiar odbywa si\u0119 za pomoc\u0105 echolokacji zewn\u0119trznej przez dno zbiornika.{:}\" \/>\n<meta property=\"og:url\" content=\"https:\/\/mechatronics.by\/products\/level-control\/eurosens-dizzi\/\" \/>\n<meta property=\"og:site_name\" content=\"Mechatronics\" \/>\n<meta property=\"article:publisher\" content=\"https:\/\/www.facebook.com\/EurosensDelta\" \/>\n<meta property=\"article:modified_time\" content=\"2025-03-06T16:05:59+00:00\" \/>\n<meta property=\"og:image\" content=\"https:\/\/mechatronics.by\/wp-content\/uploads\/2019\/09\/MKU_2640-150x150.jpg\" \/>\n<meta name=\"twitter:label1\" content=\"Szacowany czas czytania\" \/>\n\t<meta name=\"twitter:data1\" content=\"2 minuty\" \/>\n<script type=\"application\/ld+json\" class=\"yoast-schema-graph\">{\"@context\":\"https:\/\/schema.org\",\"@graph\":[{\"@type\":\"WebSite\",\"@id\":\"https:\/\/mechatronics.by\/#website\",\"url\":\"https:\/\/mechatronics.by\/\",\"name\":\"Mechatronics\",\"description\":\"\\u041a\\u043e\\u043d\\u0442\\u0440\\u043e\\u043b\\u044c \\u0440\\u0430\\u0441\\u0445\\u043e\\u0434\\u0430 \\u0442\\u043e\\u043f\\u043b\\u0438\\u0432\\u0430 \\u0438 \\u0434\\u0440\\u0443\\u0433\\u0438\\u0445 \\u043f\\u0430\\u0440\\u0430\\u043c\\u0435\\u0442\\u0440\\u043e\\u0432 \\u0440\\u0430\\u0431\\u043e\\u0442\\u044b \\u043c\\u0430\\u0448\\u0438\\u043d\",\"potentialAction\":[{\"@type\":\"SearchAction\",\"target\":\"https:\/\/mechatronics.by\/?s={search_term_string}\",\"query-input\":\"required name=search_term_string\"}],\"inLanguage\":\"pl-PL\"},{\"@type\":\"ImageObject\",\"@id\":\"https:\/\/mechatronics.by\/products\/level-control\/eurosens-dizzi\/#primaryimage\",\"inLanguage\":\"pl-PL\",\"url\":\"https:\/\/mechatronics.by\/wp-content\/uploads\/2023\/04\/download.png\",\"contentUrl\":\"https:\/\/mechatronics.by\/wp-content\/uploads\/2023\/04\/download.png\",\"width\":27,\"height\":27},{\"@type\":\"WebPage\",\"@id\":\"https:\/\/mechatronics.by\/products\/level-control\/eurosens-dizzi\/#webpage\",\"url\":\"https:\/\/mechatronics.by\/products\/level-control\/eurosens-dizzi\/\",\"name\":\"[:es]Sensor ultras\\u00f3nico de nivel de l\\u00edquido Eurosens Dizzi[:en]Ultrasonic liquid level sensor Eurosens Dizzi[:ru]\\u0423\\u043b\\u044c\\u0442\\u0440\\u0430\\u0437\\u0432\\u0443\\u043a\\u043e\\u0432\\u043e\\u0439 \\u0434\\u0430\\u0442\\u0447\\u0438\\u043a \\u0443\\u0440\\u043e\\u0432\\u043d\\u044f Eurosens Dizzi[:pt]Sensor de n\\u00edvel de l\\u00edquido ultrass\\u00f4nico Eurosens Dizzi[:fr]Capteur ultrasonique de niveau de liquide Eurosens Dizzi[:pl]Ultrad\\u017awi\\u0119kowy czujnik poziomu cieczy Eurosens Dizzi[:]\",\"isPartOf\":{\"@id\":\"https:\/\/mechatronics.by\/#website\"},\"primaryImageOfPage\":{\"@id\":\"https:\/\/mechatronics.by\/products\/level-control\/eurosens-dizzi\/#primaryimage\"},\"datePublished\":\"2016-04-16T10:08:57+00:00\",\"dateModified\":\"2025-03-06T16:05:59+00:00\",\"description\":\"{:es}Sensor de nivel ultras\\u00f3nico Eurosens Dizzi se utiliza para sin contacto (no invasivo) la medici\\u00f3n de nivel de l\\u00edquidos ac\\u00fasticamente transparente.La medici\\u00f3n se lleva a cabo a trav\\u00e9s de la parte inferior del tanque por el metodo ecolocalizaci\\u00f3n.{:en}Ultrasonic level sensor Eurosens Dizzi is used for non-contact (non-invasive) level measurement of acoustically transparent liquids. Measurement is done by external echolocation through the bottom of the tank. {:ru}\\u0423\\u043b\\u044c\\u0442\\u0440\\u0430\\u0437\\u0432\\u0443\\u043a\\u043e\\u0432\\u043e\\u0439 \\u0434\\u0430\\u0442\\u0447\\u0438\\u043a \\u0443\\u0440\\u043e\\u0432\\u043d\\u044f Eurosens Dizzi \\u043f\\u0440\\u0438\\u043c\\u0435\\u043d\\u044f\\u0435\\u0442\\u0441\\u044f \\u0434\\u043b\\u044f \\u043a\\u043e\\u043d\\u0442\\u0440\\u043e\\u043b\\u044f \\u0436\\u0438\\u0434\\u043a\\u0438\\u0445 \\u0441\\u0440\\u0435\\u0434 \\u0431\\u0435\\u0437 \\u0432\\u0440\\u0435\\u0437\\u043a\\u0438 \\u0432 \\u0440\\u0435\\u0437\\u0435\\u0440\\u0432\\u0443\\u0430\\u0440 - \\u0447\\u0435\\u0440\\u0435\\u0437 \\u043d\\u0438\\u0436\\u043d\\u044e\\u044e \\u0441\\u0442\\u0435\\u043d\\u043a\\u0443 \\u0441\\u043e\\u0441\\u0443\\u0434\\u0430.{:pt}Sensores de n\\u00edvel ultra-s\\u00f4nicos eurosens Dizzi usados para a medi\\u00e7\\u00e3o sem contacto (\\u201csem incut\\u201d) n\\u00edvel de l\\u00edquido (ambientes acusticamente transparente).Medi\\u00e7\\u00e3o de n\\u00edvel \\u00e9 realizada por ecolocaliza\\u00e7\\u00e3o atrav\\u00e9s do fundo do tanque.{:fr}Les capteurs \\u00e0 ultrasons eurosens niveau Dizzi utilis\\u00e9 pour la mesure sans contact (\\u201csans incut\\u201d) niveau de liquide (m\\u00e9dias acoustiquement transparent).La mesure de niveau est r\\u00e9alis\\u00e9e par echolocation \\u00e0 travers le fond de la cuve. {:pl}Ultrad\\u017awi\\u0119kowy czujnik poziomu Eurosens Dizzi s\\u0142u\\u017cy do bezdotykowego (nieinwazyjnego) pomiaru poziomu przezroczystych cieczy. Pomiar odbywa si\\u0119 za pomoc\\u0105 echolokacji zewn\\u0119trznej przez dno zbiornika.{:}\",\"breadcrumb\":{\"@id\":\"https:\/\/mechatronics.by\/products\/level-control\/eurosens-dizzi\/#breadcrumb\"},\"inLanguage\":\"pl-PL\",\"potentialAction\":[{\"@type\":\"ReadAction\",\"target\":[\"https:\/\/mechatronics.by\/products\/level-control\/eurosens-dizzi\/\"]}]},{\"@type\":\"BreadcrumbList\",\"@id\":\"https:\/\/mechatronics.by\/products\/level-control\/eurosens-dizzi\/#breadcrumb\",\"itemListElement\":[{\"@type\":\"ListItem\",\"position\":1,\"item\":{\"@type\":\"WebPage\",\"@id\":\"https:\/\/mechatronics.by\/\",\"url\":\"https:\/\/mechatronics.by\/\",\"name\":\"Home\"}},{\"@type\":\"ListItem\",\"position\":2,\"item\":{\"@type\":\"WebPage\",\"@id\":\"https:\/\/mechatronics.by\/products\/\",\"url\":\"https:\/\/mechatronics.by\/products\/\",\"name\":\"\\u041f\\u0440\\u043e\\u0434\\u0443\\u043a\\u0442\\u044b\"}},{\"@type\":\"ListItem\",\"position\":3,\"item\":{\"@type\":\"WebPage\",\"@id\":\"https:\/\/mechatronics.by\/products\/level-control\/\",\"url\":\"https:\/\/mechatronics.by\/products\/level-control\/\",\"name\":\"\\u0414\\u0430\\u0442\\u0447\\u0438\\u043a\\u0438 \\u0443\\u0440\\u043e\\u0432\\u043d\\u044f \\u0442\\u043e\\u043f\\u043b\\u0438\\u0432\\u0430\"}},{\"@type\":\"ListItem\",\"position\":4,\"item\":{\"@id\":\"https:\/\/mechatronics.by\/products\/level-control\/eurosens-dizzi\/#webpage\"}}]}]}<\/script>\n<!-- \/ Yoast SEO plugin. -->","_links":{"self":[{"href":"https:\/\/mechatronics.by\/pl\/wp-json\/wp\/v2\/pages\/6749"}],"collection":[{"href":"https:\/\/mechatronics.by\/pl\/wp-json\/wp\/v2\/pages"}],"about":[{"href":"https:\/\/mechatronics.by\/pl\/wp-json\/wp\/v2\/types\/page"}],"author":[{"embeddable":true,"href":"https:\/\/mechatronics.by\/pl\/wp-json\/wp\/v2\/users\/1"}],"replies":[{"embeddable":true,"href":"https:\/\/mechatronics.by\/pl\/wp-json\/wp\/v2\/comments?post=6749"}],"version-history":[{"count":3,"href":"https:\/\/mechatronics.by\/pl\/wp-json\/wp\/v2\/pages\/6749\/revisions"}],"predecessor-version":[{"id":13627,"href":"https:\/\/mechatronics.by\/pl\/wp-json\/wp\/v2\/pages\/6749\/revisions\/13627"}],"up":[{"embeddable":true,"href":"https:\/\/mechatronics.by\/pl\/wp-json\/wp\/v2\/pages\/4632"}],"wp:attachment":[{"href":"https:\/\/mechatronics.by\/pl\/wp-json\/wp\/v2\/media?parent=6749"}],"curies":[{"name":"wp","href":"https:\/\/api.w.org\/{rel}","templated":true}]}}