{"id":8615,"date":"2018-01-27T19:41:35","date_gmt":"2018-01-27T16:41:35","guid":{"rendered":"http:\/\/mechatronics.by\/?page_id=8615"},"modified":"2023-01-25T09:57:06","modified_gmt":"2023-01-25T06:57:06","slug":"eurosens-dominator-accessories","status":"publish","type":"page","link":"https:\/\/mechatronics.by\/pl\/products\/level-control\/eurosens-dominator-accessories\/","title":{"rendered":"Akcesoria dla Eurosens Dominator"},"content":{"rendered":"<p><\/p>\n<p>W celu wygodnej pracy z czujnikami poziomu paliwa Eurosens Dominator oferujemy szerok\u0105 gam\u0119 akcesori\u00f3w.<\/p>\n<p><div style=\"width: 310px\" class=\"wp-caption alignleft\"><a href=\"\/\/mechatronics.by\/wp-content\/uploads\/2018\/01\/\u043f\u0440\u043e\u043a\u043b.jpg\"><img loading=\"lazy\" class=\"wp-image-8589 size-medium\" src=\"\/\/mechatronics.by\/wp-content\/uploads\/2018\/01\/\u043f\u0440\u043e\u043a\u043b-300x152.jpg\" alt=\"\u041f\u0440\u043e\u043a\u043b\u0430\u0434\u043a\u0430 \u043f\u043e\u0434 \u0446\u0438\u043b\u0438\u043d\u0434\u0440\u0438\u0447\u0435\u0441\u043a\u0438\u0439 \u0431\u0430\u043a\" width=\"300\" height=\"152\" srcset=\"https:\/\/mechatronics.by\/wp-content\/uploads\/2018\/01\/\u043f\u0440\u043e\u043a\u043b-300x152.jpg 300w, https:\/\/mechatronics.by\/wp-content\/uploads\/2018\/01\/\u043f\u0440\u043e\u043a\u043b-540x272.jpg 540w, https:\/\/mechatronics.by\/wp-content\/uploads\/2018\/01\/\u043f\u0440\u043e\u043a\u043b.jpg 992w\" sizes=\"(max-width: 300px) 100vw, 300px\" \/><\/a><p class=\"wp-caption-text\">Uszczelka pod czujnikiem poziomu paliwa do monta\u017cu na cylindrycznym zbiorniku<\/p><\/div> <div id=\"attachment_8590\" style=\"width: 310px\" class=\"wp-caption alignleft\"><a href=\"\/\/mechatronics.by\/wp-content\/uploads\/2018\/01\/\u0434\u043e\u043d-\u0443\u043f\u043e\u0440.jpg\"><img aria-describedby=\"caption-attachment-8590\" loading=\"lazy\" class=\"wp-image-8590 size-medium\" src=\"\/\/mechatronics.by\/wp-content\/uploads\/2018\/01\/\u0434\u043e\u043d-\u0443\u043f\u043e\u0440-300x294.jpg\" alt=\"\u0414\u043e\u043d\u043d\u044b\u0439 \u0443\u043f\u043e\u0440 \u0434\u043b\u044f \u0414\u0423\u0422\" width=\"300\" height=\"294\" srcset=\"https:\/\/mechatronics.by\/wp-content\/uploads\/2018\/01\/\u0434\u043e\u043d-\u0443\u043f\u043e\u0440-300x294.jpg 300w, https:\/\/mechatronics.by\/wp-content\/uploads\/2018\/01\/\u0434\u043e\u043d-\u0443\u043f\u043e\u0440-52x50.jpg 52w, https:\/\/mechatronics.by\/wp-content\/uploads\/2018\/01\/\u0434\u043e\u043d-\u0443\u043f\u043e\u0440-66x66.jpg 66w, https:\/\/mechatronics.by\/wp-content\/uploads\/2018\/01\/\u0434\u043e\u043d-\u0443\u043f\u043e\u0440.jpg 486w\" sizes=\"(max-width: 300px) 100vw, 300px\" \/><\/a><p id=\"caption-attachment-8590\" class=\"wp-caption-text\">Dolny ogranicznik czujnika poziomu paliwa, zaprojektowany w celu nadania dodatkowej sztywno\u015bci mocowaniu czujnika. W zestawie z czujnikiem.<\/p><\/div> <div id=\"attachment_8627\" style=\"width: 310px\" class=\"wp-caption alignleft\"><a href=\"\/\/mechatronics.by\/wp-content\/uploads\/2018\/01\/Domin-stub.jpg\"><img aria-describedby=\"caption-attachment-8627\" loading=\"lazy\" class=\"wp-image-8627 size-medium\" src=\"\/\/mechatronics.by\/wp-content\/uploads\/2018\/01\/Domin-stub-300x211.jpg\" alt=\"Dominator stub\" width=\"300\" height=\"211\" srcset=\"https:\/\/mechatronics.by\/wp-content\/uploads\/2018\/01\/Domin-stub-300x211.jpg 300w, https:\/\/mechatronics.by\/wp-content\/uploads\/2018\/01\/Domin-stub-1024x719.jpg 1024w\" sizes=\"(max-width: 300px) 100vw, 300px\" \/><\/a><p id=\"caption-attachment-8627\" class=\"wp-caption-text\">zaczep, aby zdemontowa\u0107 czujnik<\/p><\/div><\/p>\n<table style=\"border-collapse: collapse; width: 100%;\">\n<tbody>\n<tr>\n<td style=\"width: 50%;\"><a href=\"https:\/\/mechatronics.by\/wp-content\/uploads\/2023\/01\/join-telegram.png\"><img loading=\"lazy\" class=\"wp-image-13044 size-full aligncenter\" src=\"https:\/\/mechatronics.by\/wp-content\/uploads\/2023\/01\/join-telegram.png\" alt=\"\" width=\"300\" height=\"116\" data-wp-editing=\"1\" \/><\/a><\/td>\n<td style=\"width: 50%;\">\u00a0<a href=\"https:\/\/www.youtube.com\/@MechatronicsTV\/videos\"><img loading=\"lazy\" class=\"aligncenter wp-image-12963 size-medium\" src=\"https:\/\/mechatronics.by\/wp-content\/uploads\/2023\/01\/youtube-subscr-300x97.gif\" alt=\"\" width=\"300\" height=\"97\" srcset=\"https:\/\/mechatronics.by\/wp-content\/uploads\/2023\/01\/youtube-subscr-300x97.gif 300w, https:\/\/mechatronics.by\/wp-content\/uploads\/2023\/01\/youtube-subscr-1024x330.gif 1024w, https:\/\/mechatronics.by\/wp-content\/uploads\/2023\/01\/youtube-subscr-768x247.gif 768w\" sizes=\"(max-width: 300px) 100vw, 300px\" \/><\/a><\/td>\n<\/tr>\n<\/tbody>\n<\/table>\n<p><\/p>","protected":false},"excerpt":{"rendered":"<p>W celu wygodnej pracy z czujnikami poziomu paliwa Eurosens Dominator oferujemy szerok\u0105 gam\u0119 akcesori\u00f3w. \u00a0<\/p>\n","protected":false},"author":1,"featured_media":0,"parent":4632,"menu_order":0,"comment_status":"closed","ping_status":"closed","template":"side-navigation.php","meta":[],"yoast_head":"<!-- This site is optimized with the Yoast SEO plugin v16.4 - https:\/\/yoast.com\/wordpress\/plugins\/seo\/ -->\n<title>czujniki poziomu paliwa Eurosens accessories<\/title>\n<meta name=\"description\" content=\"Czujniki poziomu paliwa Eurosens s\u0105 szeroko stosowane w przemy\u015ble telematyki i systemach monitorowania floty GPS\" \/>\n<meta name=\"robots\" content=\"index, follow, max-snippet:-1, max-image-preview:large, max-video-preview:-1\" \/>\n<link rel=\"canonical\" href=\"https:\/\/mechatronics.by\/products\/level-control\/eurosens-dominator-accessories\/\" \/>\n<meta property=\"og:locale\" content=\"pl_PL\" \/>\n<meta property=\"og:type\" content=\"article\" \/>\n<meta property=\"og:title\" content=\"[:es]Sensores de nivel de combustible Eurosens accesorios[:en]Fuel level sensors Eurosens accessories[:ru]\u0410\u043a\u0441\u0435\u0441\u0441\u0443\u0430\u0440\u044b \u043a \u0434\u0430\u0442\u0447\u0438\u043a\u0430\u043c \u0443\u0440\u043e\u0432\u043d\u044f \u0442\u043e\u043f\u043b\u0438\u0432\u0430 Eurosens[:pt]sensores de n\u00edvel de combust\u00edvel Eurosens accessories[:fr]Capteurs de niveau de carburant Accessoires Eurosens[:pl]czujniki poziomu paliwa Eurosens accessories[:]\" \/>\n<meta property=\"og:description\" content=\"{:es}Los sensores de nivel de combustible Eurosens son ampliamente utilizados en la industria telem\u00e1tica y en los sistemas de monitoreo de flotas GPS {:en}Eurosens fuel level sensors are widely used in telematics industry and GPS fleet monitoring systems{:ru}\u0434\u0430\u0442\u0447\u0438\u043a\u0438 \u0443\u0440\u043e\u0432\u043d\u044f \u0442\u043e\u043f\u043b\u0438\u0432\u0430 Eurosens \u0448\u0438\u0440\u043e\u043a\u043e \u0438\u0441\u043f\u043e\u043b\u044c\u0437\u0443\u044e\u0442\u0441\u044f \u0432 \u0441\u0438\u0441\u0442\u0435\u043c\u0430\u0445 \u0443\u0434\u0430\u043b\u0435\u043d\u043d\u043e\u0439 \u0442\u0435\u043b\u0435\u043c\u0435\u0442\u0440\u0438\u0438 \u043e\u0431\u044a\u0435\u043a\u0442\u043e\u0432, GPS-\u043c\u043e\u043d\u0438\u0442\u043e\u0440\u0438\u043d\u0433\u0435 \u0442\u0440\u0430\u043d\u0441\u043f\u043e\u0440\u0442\u0430{:pt}Os sensores de n\u00edvel de combust\u00edvel Eurosens s\u00e3o amplamente utilizados na ind\u00fastria de telem\u00e1tica e sistemas de monitoramento de frota GPS {:fr}Les capteurs de niveau de carburant d&#039;Eurosens sont largement utilis\u00e9s dans l&#039;industrie de la t\u00e9l\u00e9matique et les syst\u00e8mes de surveillance de flotte GPS {:pl}Czujniki poziomu paliwa Eurosens s\u0105 szeroko stosowane w przemy\u015ble telematyki i systemach monitorowania floty GPS{:}\" \/>\n<meta property=\"og:url\" content=\"https:\/\/mechatronics.by\/products\/level-control\/eurosens-dominator-accessories\/\" \/>\n<meta property=\"og:site_name\" content=\"Mechatronics\" \/>\n<meta property=\"article:publisher\" content=\"https:\/\/www.facebook.com\/EurosensDelta\" \/>\n<meta property=\"article:modified_time\" content=\"2023-01-25T06:57:06+00:00\" \/>\n<meta property=\"og:image\" content=\"\/\/mechatronics.by\/wp-content\/uploads\/2018\/01\/\u043f\u0440\u043e\u043a\u043b-300x152.jpg\" \/>\n<meta name=\"twitter:label1\" content=\"Szacowany czas czytania\" \/>\n\t<meta name=\"twitter:data1\" content=\"2 minuty\" \/>\n<script type=\"application\/ld+json\" class=\"yoast-schema-graph\">{\"@context\":\"https:\/\/schema.org\",\"@graph\":[{\"@type\":\"WebSite\",\"@id\":\"https:\/\/mechatronics.by\/#website\",\"url\":\"https:\/\/mechatronics.by\/\",\"name\":\"Mechatronics\",\"description\":\"\\u041a\\u043e\\u043d\\u0442\\u0440\\u043e\\u043b\\u044c \\u0440\\u0430\\u0441\\u0445\\u043e\\u0434\\u0430 \\u0442\\u043e\\u043f\\u043b\\u0438\\u0432\\u0430 \\u0438 \\u0434\\u0440\\u0443\\u0433\\u0438\\u0445 \\u043f\\u0430\\u0440\\u0430\\u043c\\u0435\\u0442\\u0440\\u043e\\u0432 \\u0440\\u0430\\u0431\\u043e\\u0442\\u044b \\u043c\\u0430\\u0448\\u0438\\u043d\",\"potentialAction\":[{\"@type\":\"SearchAction\",\"target\":\"https:\/\/mechatronics.by\/?s={search_term_string}\",\"query-input\":\"required name=search_term_string\"}],\"inLanguage\":\"pl-PL\"},{\"@type\":\"ImageObject\",\"@id\":\"https:\/\/mechatronics.by\/products\/level-control\/eurosens-dominator-accessories\/#primaryimage\",\"inLanguage\":\"pl-PL\",\"url\":\"\/\/mechatronics.by\/wp-content\/uploads\/2018\/01\/\\u043f\\u0440\\u043e\\u043a\\u043b-300x152.jpg\",\"contentUrl\":\"\/\/mechatronics.by\/wp-content\/uploads\/2018\/01\/\\u043f\\u0440\\u043e\\u043a\\u043b-300x152.jpg\"},{\"@type\":\"WebPage\",\"@id\":\"https:\/\/mechatronics.by\/products\/level-control\/eurosens-dominator-accessories\/#webpage\",\"url\":\"https:\/\/mechatronics.by\/products\/level-control\/eurosens-dominator-accessories\/\",\"name\":\"[:es]Sensores de nivel de combustible Eurosens accesorios[:en]Fuel level sensors Eurosens accessories[:ru]\\u0410\\u043a\\u0441\\u0435\\u0441\\u0441\\u0443\\u0430\\u0440\\u044b \\u043a \\u0434\\u0430\\u0442\\u0447\\u0438\\u043a\\u0430\\u043c \\u0443\\u0440\\u043e\\u0432\\u043d\\u044f \\u0442\\u043e\\u043f\\u043b\\u0438\\u0432\\u0430 Eurosens[:pt]sensores de n\\u00edvel de combust\\u00edvel Eurosens accessories[:fr]Capteurs de niveau de carburant Accessoires Eurosens[:pl]czujniki poziomu paliwa Eurosens accessories[:]\",\"isPartOf\":{\"@id\":\"https:\/\/mechatronics.by\/#website\"},\"primaryImageOfPage\":{\"@id\":\"https:\/\/mechatronics.by\/products\/level-control\/eurosens-dominator-accessories\/#primaryimage\"},\"datePublished\":\"2018-01-27T16:41:35+00:00\",\"dateModified\":\"2023-01-25T06:57:06+00:00\",\"description\":\"{:es}Los sensores de nivel de combustible Eurosens son ampliamente utilizados en la industria telem\\u00e1tica y en los sistemas de monitoreo de flotas GPS {:en}Eurosens fuel level sensors are widely used in telematics industry and GPS fleet monitoring systems{:ru}\\u0434\\u0430\\u0442\\u0447\\u0438\\u043a\\u0438 \\u0443\\u0440\\u043e\\u0432\\u043d\\u044f \\u0442\\u043e\\u043f\\u043b\\u0438\\u0432\\u0430 Eurosens \\u0448\\u0438\\u0440\\u043e\\u043a\\u043e \\u0438\\u0441\\u043f\\u043e\\u043b\\u044c\\u0437\\u0443\\u044e\\u0442\\u0441\\u044f \\u0432 \\u0441\\u0438\\u0441\\u0442\\u0435\\u043c\\u0430\\u0445 \\u0443\\u0434\\u0430\\u043b\\u0435\\u043d\\u043d\\u043e\\u0439 \\u0442\\u0435\\u043b\\u0435\\u043c\\u0435\\u0442\\u0440\\u0438\\u0438 \\u043e\\u0431\\u044a\\u0435\\u043a\\u0442\\u043e\\u0432, GPS-\\u043c\\u043e\\u043d\\u0438\\u0442\\u043e\\u0440\\u0438\\u043d\\u0433\\u0435 \\u0442\\u0440\\u0430\\u043d\\u0441\\u043f\\u043e\\u0440\\u0442\\u0430{:pt}Os sensores de n\\u00edvel de combust\\u00edvel Eurosens s\\u00e3o amplamente utilizados na ind\\u00fastria de telem\\u00e1tica e sistemas de monitoramento de frota GPS {:fr}Les capteurs de niveau de carburant d'Eurosens sont largement utilis\\u00e9s dans l'industrie de la t\\u00e9l\\u00e9matique et les syst\\u00e8mes de surveillance de flotte GPS {:pl}Czujniki poziomu paliwa Eurosens s\\u0105 szeroko stosowane w przemy\\u015ble telematyki i systemach monitorowania floty GPS{:}\",\"breadcrumb\":{\"@id\":\"https:\/\/mechatronics.by\/products\/level-control\/eurosens-dominator-accessories\/#breadcrumb\"},\"inLanguage\":\"pl-PL\",\"potentialAction\":[{\"@type\":\"ReadAction\",\"target\":[\"https:\/\/mechatronics.by\/products\/level-control\/eurosens-dominator-accessories\/\"]}]},{\"@type\":\"BreadcrumbList\",\"@id\":\"https:\/\/mechatronics.by\/products\/level-control\/eurosens-dominator-accessories\/#breadcrumb\",\"itemListElement\":[{\"@type\":\"ListItem\",\"position\":1,\"item\":{\"@type\":\"WebPage\",\"@id\":\"https:\/\/mechatronics.by\/\",\"url\":\"https:\/\/mechatronics.by\/\",\"name\":\"Home\"}},{\"@type\":\"ListItem\",\"position\":2,\"item\":{\"@type\":\"WebPage\",\"@id\":\"https:\/\/mechatronics.by\/products\/\",\"url\":\"https:\/\/mechatronics.by\/products\/\",\"name\":\"\\u041f\\u0440\\u043e\\u0434\\u0443\\u043a\\u0442\\u044b\"}},{\"@type\":\"ListItem\",\"position\":3,\"item\":{\"@type\":\"WebPage\",\"@id\":\"https:\/\/mechatronics.by\/products\/level-control\/\",\"url\":\"https:\/\/mechatronics.by\/products\/level-control\/\",\"name\":\"\\u0414\\u0430\\u0442\\u0447\\u0438\\u043a\\u0438 \\u0443\\u0440\\u043e\\u0432\\u043d\\u044f \\u0442\\u043e\\u043f\\u043b\\u0438\\u0432\\u0430\"}},{\"@type\":\"ListItem\",\"position\":4,\"item\":{\"@id\":\"https:\/\/mechatronics.by\/products\/level-control\/eurosens-dominator-accessories\/#webpage\"}}]}]}<\/script>\n<!-- \/ Yoast SEO plugin. -->","_links":{"self":[{"href":"https:\/\/mechatronics.by\/pl\/wp-json\/wp\/v2\/pages\/8615"}],"collection":[{"href":"https:\/\/mechatronics.by\/pl\/wp-json\/wp\/v2\/pages"}],"about":[{"href":"https:\/\/mechatronics.by\/pl\/wp-json\/wp\/v2\/types\/page"}],"author":[{"embeddable":true,"href":"https:\/\/mechatronics.by\/pl\/wp-json\/wp\/v2\/users\/1"}],"replies":[{"embeddable":true,"href":"https:\/\/mechatronics.by\/pl\/wp-json\/wp\/v2\/comments?post=8615"}],"version-history":[{"count":20,"href":"https:\/\/mechatronics.by\/pl\/wp-json\/wp\/v2\/pages\/8615\/revisions"}],"predecessor-version":[{"id":13053,"href":"https:\/\/mechatronics.by\/pl\/wp-json\/wp\/v2\/pages\/8615\/revisions\/13053"}],"up":[{"embeddable":true,"href":"https:\/\/mechatronics.by\/pl\/wp-json\/wp\/v2\/pages\/4632"}],"wp:attachment":[{"href":"https:\/\/mechatronics.by\/pl\/wp-json\/wp\/v2\/media?parent=8615"}],"curies":[{"name":"wp","href":"https:\/\/api.w.org\/{rel}","templated":true}]}}