{"id":9374,"date":"2019-01-12T12:35:23","date_gmt":"2019-01-12T09:35:23","guid":{"rendered":"http:\/\/mechatronics.by\/?page_id=9374"},"modified":"2021-02-28T10:13:56","modified_gmt":"2021-02-28T07:13:56","slug":"eurosens-datalink","status":"publish","type":"page","link":"https:\/\/mechatronics.by\/pl\/products\/data-interfaces\/eurosens-datalink\/","title":{"rendered":"Most radiowy Eurosens Datalink"},"content":{"rendered":"<p> <\/p>\n<p><\/p>\n<p><br \/>\n<br \/>\n<br \/>\n<strong>Przed\u0142u\u017cacz radiowy linii RS485<\/strong><br \/>\nSk\u0142ada si\u0119 z pary urz\u0105dze\u0144 i tworzy dwukierunkowe \u0142\u0105czno\u015b\u0107 radiow\u0105 mi\u0119dzy 2 sieciami RS485. Mo\u017ce by\u0107 stosowany zamiast kabla w sieci RS485. Typowe zastosowanie to transmisja danych z czujnika przyczepy do modu\u0142u GPS zainstalowanego na ci\u0119\u017car\u00f3wce. W takim przypadku jeden nadajnik jest pod\u0142\u0105czony do trackera GPS za pomoc\u0105 linii RS485. Drugi nadajnik jest pod\u0142\u0105czony do linii RS485 czujnik\u00f3w przyczepy. Oba nadajniki musz\u0105 by\u0107 zasilane z lokalnych \u017ar\u00f3de\u0142 napi\u0119cia.<\/p>\n<p>Pami\u0119taj, \u017ce link radiowy dodaje pewne op\u00f3\u017anienie w przesy\u0142aniu wiadomo\u015bci. Je\u015bli modu\u0142 \u015bledz\u0105cy GPS wysy\u0142a \u017c\u0105dania do linii RS485 i oczekuje odpowiedzi, odpowied\u017a przyjdzie w ci\u0105gu 200 ms. Dlatego GPS tracker musi mie\u0107 warto\u015b\u0107 limitu czasu dla komunikacji RS485 nie mniej ni\u017c 200 ms.<\/p>\n<p>Przetworniki s\u0105 wysy\u0142ane w parze, oba nadajniki w parze maj\u0105 ten sam numer seryjny. Przetworniki z r\u00f3\u017cnymi numerami seryjnymi nie b\u0119d\u0105 dzia\u0142a\u0107.<\/p>\n<p>&nbsp;<\/p>\n<p>&nbsp;<\/p>\n<p>&nbsp;<\/p>\n<p>&nbsp;<\/p>\n<table>\n<tbody>\n<tr>\n<td><a href=\"\/\/mechatronics.by\/wp-content\/uploads\/2018\/03\/DTS-RF-R.jpg\"><img loading=\"lazy\" class=\"alignleft wp-image-9370 size-medium\" src=\"\/\/mechatronics.by\/wp-content\/uploads\/2018\/03\/DTS-RF-R-272x300.jpg\" alt=\"Wireless temperature sensor\" width=\"272\" height=\"300\" srcset=\"https:\/\/mechatronics.by\/wp-content\/uploads\/2018\/03\/DTS-RF-R-272x300.jpg 272w, https:\/\/mechatronics.by\/wp-content\/uploads\/2018\/03\/DTS-RF-R-930x1024.jpg 930w, https:\/\/mechatronics.by\/wp-content\/uploads\/2018\/03\/DTS-RF-R.jpg 1673w\" sizes=\"(max-width: 272px) 100vw, 272px\" \/><\/a><\/td>\n<\/tr>\n<tr>\n<td><strong>Odbiornik &#8211; Dane techniczne<\/strong><br \/>\nNapi\u0119cie zasilania, V 5-30<br \/>\nMaksymalne zu\u017cycie pr\u0105du, mA 25<br \/>\nZakres temperatury, \u00b0 C -40 &#8230; + 85<br \/>\nInterfejs RS485<br \/>\nLiczba nadajnik\u00f3w\u00a02<br \/>\nWymiary, mm 100x90x60<br \/>\nWaga, g 200<\/td>\n<\/tr>\n<\/tbody>\n<\/table>\n<p>&nbsp;<\/p>\n<table style=\"height: 34px;\" width=\"1045\">\n<tbody>\n<tr>\n<td style=\"width: 300px;\"><strong>Eurosens DTS RF Flyer<\/strong><\/td>\n<td style=\"text-align: left;\"><\/td>\n<\/tr>\n<\/tbody>\n<\/table>\n<p><\/p>","protected":false},"excerpt":{"rendered":"<p>Przed\u0142u\u017cacz radiowy linii RS485 Sk\u0142ada si\u0119 z pary urz\u0105dze\u0144 i tworzy dwukierunkowe \u0142\u0105czno\u015b\u0107 radiow\u0105 mi\u0119dzy 2 sieciami RS485. Mo\u017ce by\u0107 stosowany zamiast kabla w sieci RS485. Typowe zastosowanie to transmisja danych z czujnika przyczepy do modu\u0142u GPS zainstalowanego na ci\u0119\u017car\u00f3wce. W takim przypadku jeden nadajnik jest pod\u0142\u0105czony do trackera GPS za pomoc\u0105 linii RS485. Drugi [&hellip;]<\/p>\n","protected":false},"author":1,"featured_media":0,"parent":11557,"menu_order":0,"comment_status":"closed","ping_status":"closed","template":"side-navigation.php","meta":[],"yoast_head":"<!-- This site is optimized with the Yoast SEO plugin v16.4 - https:\/\/yoast.com\/wordpress\/plugins\/seo\/ -->\n<title>Eurosens Datalink RF bridge<\/title>\n<meta name=\"description\" content=\"Consists from pair of devices and forms two-way radio communication link between 2 RS485 networks. Can be used instead of cable in the RS485 network.\" \/>\n<meta name=\"robots\" content=\"index, follow, max-snippet:-1, max-image-preview:large, max-video-preview:-1\" \/>\n<link rel=\"canonical\" href=\"https:\/\/mechatronics.by\/products\/data-interfaces\/eurosens-datalink\/\" \/>\n<meta property=\"og:locale\" content=\"pl_PL\" \/>\n<meta property=\"og:type\" content=\"article\" \/>\n<meta property=\"og:title\" content=\"Eurosens Datalink RF bridge\" \/>\n<meta property=\"og:description\" content=\"Consists from pair of devices and forms two-way radio communication link between 2 RS485 networks. Can be used instead of cable in the RS485 network.\" \/>\n<meta property=\"og:url\" content=\"https:\/\/mechatronics.by\/products\/data-interfaces\/eurosens-datalink\/\" \/>\n<meta property=\"og:site_name\" content=\"Mechatronics\" \/>\n<meta property=\"article:publisher\" content=\"https:\/\/www.facebook.com\/EurosensDelta\" \/>\n<meta property=\"article:modified_time\" content=\"2021-02-28T07:13:56+00:00\" \/>\n<meta property=\"og:image\" content=\"\/\/mechatronics.by\/wp-content\/uploads\/2018\/03\/DTS-RF-R-272x300.jpg\" \/>\n<meta name=\"twitter:label1\" content=\"Szacowany czas czytania\" \/>\n\t<meta name=\"twitter:data1\" content=\"5 minut\" \/>\n<script type=\"application\/ld+json\" class=\"yoast-schema-graph\">{\"@context\":\"https:\/\/schema.org\",\"@graph\":[{\"@type\":\"WebSite\",\"@id\":\"https:\/\/mechatronics.by\/#website\",\"url\":\"https:\/\/mechatronics.by\/\",\"name\":\"Mechatronics\",\"description\":\"\\u041a\\u043e\\u043d\\u0442\\u0440\\u043e\\u043b\\u044c \\u0440\\u0430\\u0441\\u0445\\u043e\\u0434\\u0430 \\u0442\\u043e\\u043f\\u043b\\u0438\\u0432\\u0430 \\u0438 \\u0434\\u0440\\u0443\\u0433\\u0438\\u0445 \\u043f\\u0430\\u0440\\u0430\\u043c\\u0435\\u0442\\u0440\\u043e\\u0432 \\u0440\\u0430\\u0431\\u043e\\u0442\\u044b \\u043c\\u0430\\u0448\\u0438\\u043d\",\"potentialAction\":[{\"@type\":\"SearchAction\",\"target\":\"https:\/\/mechatronics.by\/?s={search_term_string}\",\"query-input\":\"required name=search_term_string\"}],\"inLanguage\":\"pl-PL\"},{\"@type\":\"ImageObject\",\"@id\":\"https:\/\/mechatronics.by\/products\/data-interfaces\/eurosens-datalink\/#primaryimage\",\"inLanguage\":\"pl-PL\",\"url\":\"\/\/mechatronics.by\/wp-content\/uploads\/2018\/03\/DTS-RF-R-272x300.jpg\",\"contentUrl\":\"\/\/mechatronics.by\/wp-content\/uploads\/2018\/03\/DTS-RF-R-272x300.jpg\"},{\"@type\":\"WebPage\",\"@id\":\"https:\/\/mechatronics.by\/products\/data-interfaces\/eurosens-datalink\/#webpage\",\"url\":\"https:\/\/mechatronics.by\/products\/data-interfaces\/eurosens-datalink\/\",\"name\":\"Eurosens Datalink RF bridge\",\"isPartOf\":{\"@id\":\"https:\/\/mechatronics.by\/#website\"},\"primaryImageOfPage\":{\"@id\":\"https:\/\/mechatronics.by\/products\/data-interfaces\/eurosens-datalink\/#primaryimage\"},\"datePublished\":\"2019-01-12T09:35:23+00:00\",\"dateModified\":\"2021-02-28T07:13:56+00:00\",\"description\":\"Consists from pair of devices and forms two-way radio communication link between 2 RS485 networks. Can be used instead of cable in the RS485 network.\",\"breadcrumb\":{\"@id\":\"https:\/\/mechatronics.by\/products\/data-interfaces\/eurosens-datalink\/#breadcrumb\"},\"inLanguage\":\"pl-PL\",\"potentialAction\":[{\"@type\":\"ReadAction\",\"target\":[\"https:\/\/mechatronics.by\/products\/data-interfaces\/eurosens-datalink\/\"]}]},{\"@type\":\"BreadcrumbList\",\"@id\":\"https:\/\/mechatronics.by\/products\/data-interfaces\/eurosens-datalink\/#breadcrumb\",\"itemListElement\":[{\"@type\":\"ListItem\",\"position\":1,\"item\":{\"@type\":\"WebPage\",\"@id\":\"https:\/\/mechatronics.by\/\",\"url\":\"https:\/\/mechatronics.by\/\",\"name\":\"Home\"}},{\"@type\":\"ListItem\",\"position\":2,\"item\":{\"@type\":\"WebPage\",\"@id\":\"https:\/\/mechatronics.by\/products\/\",\"url\":\"https:\/\/mechatronics.by\/products\/\",\"name\":\"\\u041f\\u0440\\u043e\\u0434\\u0443\\u043a\\u0442\\u044b\"}},{\"@type\":\"ListItem\",\"position\":3,\"item\":{\"@type\":\"WebPage\",\"@id\":\"https:\/\/mechatronics.by\/products\/data-interfaces\/\",\"url\":\"https:\/\/mechatronics.by\/products\/data-interfaces\/\",\"name\":\"\\u0418\\u043d\\u0442\\u0435\\u0440\\u0444\\u0435\\u0439\\u0441\\u044b \\u0438 \\u043f\\u0435\\u0440\\u0435\\u0434\\u0430\\u0447\\u0430 \\u0434\\u0430\\u043d\\u043d\\u044b\\u0445\"}},{\"@type\":\"ListItem\",\"position\":4,\"item\":{\"@id\":\"https:\/\/mechatronics.by\/products\/data-interfaces\/eurosens-datalink\/#webpage\"}}]}]}<\/script>\n<!-- \/ Yoast SEO plugin. -->","_links":{"self":[{"href":"https:\/\/mechatronics.by\/pl\/wp-json\/wp\/v2\/pages\/9374"}],"collection":[{"href":"https:\/\/mechatronics.by\/pl\/wp-json\/wp\/v2\/pages"}],"about":[{"href":"https:\/\/mechatronics.by\/pl\/wp-json\/wp\/v2\/types\/page"}],"author":[{"embeddable":true,"href":"https:\/\/mechatronics.by\/pl\/wp-json\/wp\/v2\/users\/1"}],"replies":[{"embeddable":true,"href":"https:\/\/mechatronics.by\/pl\/wp-json\/wp\/v2\/comments?post=9374"}],"version-history":[{"count":5,"href":"https:\/\/mechatronics.by\/pl\/wp-json\/wp\/v2\/pages\/9374\/revisions"}],"predecessor-version":[{"id":9376,"href":"https:\/\/mechatronics.by\/pl\/wp-json\/wp\/v2\/pages\/9374\/revisions\/9376"}],"up":[{"embeddable":true,"href":"https:\/\/mechatronics.by\/pl\/wp-json\/wp\/v2\/pages\/11557"}],"wp:attachment":[{"href":"https:\/\/mechatronics.by\/pl\/wp-json\/wp\/v2\/media?parent=9374"}],"curies":[{"name":"wp","href":"https:\/\/api.w.org\/{rel}","templated":true}]}}