{"id":13341,"date":"2024-01-27T18:28:23","date_gmt":"2024-01-27T15:28:23","guid":{"rendered":"https:\/\/mechatronics.by\/products\/onboard-weighing\/eurosens-dds-bt-copy\/"},"modified":"2024-04-05T13:35:06","modified_gmt":"2024-04-05T10:35:06","slug":"eurosens-dps-bt","status":"publish","type":"page","link":"https:\/\/mechatronics.by\/pt\/products\/onboard-weighing\/eurosens-dps-bt\/","title":{"rendered":"Sensor de carga por eixo sem fios Eurosens DPS Bt"},"content":{"rendered":"<p><\/p>\n<table style=\"border-collapse: collapse; width: 100%;\">\n<tbody>\n<tr>\n<td style=\"width: 50%;\"><a href=\"https:\/\/mechatronics.by\/wp-content\/uploads\/2023\/01\/join-telegram.png\"><img loading=\"lazy\" class=\"wp-image-13044 size-full aligncenter\" src=\"https:\/\/mechatronics.by\/wp-content\/uploads\/2023\/01\/join-telegram.png\" alt=\"\" width=\"300\" height=\"116\" data-wp-editing=\"1\" \/><\/a><\/td>\n<td style=\"width: 50%;\">\u00a0<a href=\"https:\/\/www.youtube.com\/@MechatronicsTV\/videos\"><img loading=\"lazy\" class=\"aligncenter wp-image-12963 size-medium\" src=\"https:\/\/mechatronics.by\/wp-content\/uploads\/2023\/01\/youtube-subscr-300x97.gif\" alt=\"\" width=\"300\" height=\"97\" srcset=\"https:\/\/mechatronics.by\/wp-content\/uploads\/2023\/01\/youtube-subscr-300x97.gif 300w, https:\/\/mechatronics.by\/wp-content\/uploads\/2023\/01\/youtube-subscr-1024x330.gif 1024w, https:\/\/mechatronics.by\/wp-content\/uploads\/2023\/01\/youtube-subscr-768x247.gif 768w\" sizes=\"(max-width: 300px) 100vw, 300px\" \/><\/a><\/td>\n<\/tr>\n<\/tbody>\n<\/table>\n<p><\/p>","protected":false},"excerpt":{"rendered":"<p>\u00a0<\/p>\n","protected":false},"author":1,"featured_media":0,"parent":4748,"menu_order":0,"comment_status":"open","ping_status":"open","template":"side-navigation.php","meta":[],"yoast_head":"<!-- This site is optimized with the Yoast SEO plugin v16.4 - https:\/\/yoast.com\/wordpress\/plugins\/seo\/ -->\n<title>Monitoramento da carga do eixo e do peso da carga<\/title>\n<meta name=\"description\" content=\"Eurosens DDS -sensor de carga por eixo para suspens\u00e3o de molas Eurosens DDS -sensor de carga por eixo para suspens\u00e3o de molas Eurosens Difference 02 -sensor de carga por eixo para suspens\u00e3o de molas\" \/>\n<meta name=\"robots\" content=\"index, follow, max-snippet:-1, max-image-preview:large, max-video-preview:-1\" \/>\n<link rel=\"canonical\" href=\"https:\/\/mechatronics.by\/products\/onboard-weighing\/eurosens-dps-bt\/\" \/>\n<meta property=\"og:locale\" content=\"pt_BR\" \/>\n<meta property=\"og:type\" content=\"article\" \/>\n<meta property=\"og:title\" content=\"[:es] Control de carga por eje y peso de carga [:en] Axle load sensor[:ru] \u0414\u0430\u0442\u0447\u0438\u043a \u043d\u0430\u0433\u0440\u0443\u0437\u043a\u0438 \u043d\u0430 \u043e\u0441\u044c [:pt] Monitoramento da carga do eixo e do peso da carga[:fr] Contr\u00f4le de la charge \u00e0 l&#039;essieu et du poids de la cargaison[:pl] Monitorowanie obci\u0105\u017cenia osi i masy \u0142adunku[:]\" \/>\n<meta property=\"og:description\" content=\"{:es} Eurosens Difference 02 - sensor de carga por eje para suspensi\u00f3n de ballesta Eurosens DDS - sensor de carga por eje para suspensi\u00f3n de ballesta Eurosens DDS - sensor de carga por eje para suspensi\u00f3n de ballesta {:ru} \u041a\u043e\u043d\u0442\u0440\u043e\u043b\u044c \u043e\u0441\u0435\u0432\u043e\u0439 \u043d\u0430\u0433\u0440\u0443\u0437\u043a\u0438 \u0442\u0440\u0430\u043d\u0441\u043f\u043e\u0440\u0442\u043d\u043e\u0433\u043e \u0441\u0440\u0435\u0434\u0441\u0442\u0432\u0430 \u0441 \u0440\u0435\u0441\u0441\u043e\u0440\u043d\u043e\u0439 \u043f\u043e\u0434\u0432\u0435\u0441\u043a\u043e\u0439 \u043e\u0441\u0443\u0449\u0435\u0441\u0442\u0432\u043b\u044f\u0435\u0442\u0441\u044f \u0441 \u043f\u043e\u043c\u043e\u0449\u044c\u044e \u0434\u0430\u0442\u0447\u0438\u043a\u0430 \u043d\u0430\u0433\u0440\u0443\u0437\u043a\u0438 \u043d\u0430 \u043e\u0441\u044c Eurosens DDS . \u041a\u043e\u043d\u0442\u0440\u043e\u043b\u044c \u043e\u0441\u0435\u0432\u043e\u0439 \u043d\u0430\u0433\u0440\u0443\u0437\u043a\u0438 \u0442\u0440\u0430\u043d\u0441\u043f\u043e\u0440\u0442\u043d\u043e\u0433\u043e \u0441\u0440\u0435\u0434\u0441\u0442\u0432\u0430 \u0441 \u0440\u0435\u0441\u0441\u043e\u0440\u043d\u043e\u0439 \u043f\u043e\u0434\u0432\u0435\u0441\u043a\u043e\u0439 \u043e\u0441\u0443\u0449\u0435\u0441\u0442\u0432\u043b\u044f\u0435\u0442\u0441\u044f \u0441 \u043f\u043e\u043c\u043e\u0449\u044c\u044e \u0434\u0430\u0442\u0447\u0438\u043a\u0430 \u043d\u0430\u0433\u0440\u0443\u0437\u043a\u0438 \u043d\u0430 \u043e\u0441\u044c Eurosens DDS .{:pt} Eurosens DDS -sensor de carga por eixo para suspens\u00e3o de molas Eurosens DDS -sensor de carga por eixo para suspens\u00e3o de molas Eurosens Difference 02 -sensor de carga por eixo para suspens\u00e3o de molas{:fr} Eurosens DDS - capteur de charge d&#039;essieu pour suspension \u00e0 ressorts \u00e0 lames Eurosens DDS - capteur de charge d&#039;essieu pour suspension \u00e0 ressorts \u00e0 lames Eurosens Difference 02 - capteur de charge d&#039;essieu pour suspension \u00e0 ressorts \u00e0 lames{:pl} Eurosens DDS - czujnik obci\u0105\u017cenia osi do zawieszenia resorowego Eurosens DDS - czujnik obci\u0105\u017cenia osi do zawieszenia resorowego Eurosens Difference 02 - czujnik obci\u0105\u017cenia osi do zawieszenia resorowego{:}\" \/>\n<meta property=\"og:url\" content=\"https:\/\/mechatronics.by\/products\/onboard-weighing\/eurosens-dps-bt\/\" \/>\n<meta property=\"og:site_name\" content=\"Mechatronics\" \/>\n<meta property=\"article:publisher\" content=\"https:\/\/www.facebook.com\/EurosensDelta\" \/>\n<meta property=\"article:modified_time\" content=\"2024-04-05T10:35:06+00:00\" \/>\n<meta property=\"og:image\" content=\"https:\/\/mechatronics.by\/wp-content\/uploads\/2024\/01\/dps-bt-300x225.png\" \/>\n<meta name=\"twitter:label1\" content=\"Est. tempo de leitura\" \/>\n\t<meta name=\"twitter:data1\" content=\"2 minutos\" \/>\n<script type=\"application\/ld+json\" class=\"yoast-schema-graph\">{\"@context\":\"https:\/\/schema.org\",\"@graph\":[{\"@type\":\"WebSite\",\"@id\":\"https:\/\/mechatronics.by\/#website\",\"url\":\"https:\/\/mechatronics.by\/\",\"name\":\"Mechatronics\",\"description\":\"\\u041a\\u043e\\u043d\\u0442\\u0440\\u043e\\u043b\\u044c \\u0440\\u0430\\u0441\\u0445\\u043e\\u0434\\u0430 \\u0442\\u043e\\u043f\\u043b\\u0438\\u0432\\u0430 \\u0438 \\u0434\\u0440\\u0443\\u0433\\u0438\\u0445 \\u043f\\u0430\\u0440\\u0430\\u043c\\u0435\\u0442\\u0440\\u043e\\u0432 \\u0440\\u0430\\u0431\\u043e\\u0442\\u044b \\u043c\\u0430\\u0448\\u0438\\u043d\",\"potentialAction\":[{\"@type\":\"SearchAction\",\"target\":\"https:\/\/mechatronics.by\/?s={search_term_string}\",\"query-input\":\"required name=search_term_string\"}],\"inLanguage\":\"pt-BR\"},{\"@type\":\"ImageObject\",\"@id\":\"https:\/\/mechatronics.by\/products\/onboard-weighing\/eurosens-dps-bt\/#primaryimage\",\"inLanguage\":\"pt-BR\",\"url\":\"https:\/\/mechatronics.by\/wp-content\/uploads\/2023\/04\/download.png\",\"contentUrl\":\"https:\/\/mechatronics.by\/wp-content\/uploads\/2023\/04\/download.png\",\"width\":27,\"height\":27},{\"@type\":\"WebPage\",\"@id\":\"https:\/\/mechatronics.by\/products\/onboard-weighing\/eurosens-dps-bt\/#webpage\",\"url\":\"https:\/\/mechatronics.by\/products\/onboard-weighing\/eurosens-dps-bt\/\",\"name\":\"[:es] Control de carga por eje y peso de carga [:en] Axle load sensor[:ru] \\u0414\\u0430\\u0442\\u0447\\u0438\\u043a \\u043d\\u0430\\u0433\\u0440\\u0443\\u0437\\u043a\\u0438 \\u043d\\u0430 \\u043e\\u0441\\u044c [:pt] Monitoramento da carga do eixo e do peso da carga[:fr] Contr\\u00f4le de la charge \\u00e0 l'essieu et du poids de la cargaison[:pl] Monitorowanie obci\\u0105\\u017cenia osi i masy \\u0142adunku[:]\",\"isPartOf\":{\"@id\":\"https:\/\/mechatronics.by\/#website\"},\"primaryImageOfPage\":{\"@id\":\"https:\/\/mechatronics.by\/products\/onboard-weighing\/eurosens-dps-bt\/#primaryimage\"},\"datePublished\":\"2024-01-27T15:28:23+00:00\",\"dateModified\":\"2024-04-05T10:35:06+00:00\",\"description\":\"{:es} Eurosens Difference 02 - sensor de carga por eje para suspensi\\u00f3n de ballesta Eurosens DDS - sensor de carga por eje para suspensi\\u00f3n de ballesta Eurosens DDS - sensor de carga por eje para suspensi\\u00f3n de ballesta {:ru} \\u041a\\u043e\\u043d\\u0442\\u0440\\u043e\\u043b\\u044c \\u043e\\u0441\\u0435\\u0432\\u043e\\u0439 \\u043d\\u0430\\u0433\\u0440\\u0443\\u0437\\u043a\\u0438 \\u0442\\u0440\\u0430\\u043d\\u0441\\u043f\\u043e\\u0440\\u0442\\u043d\\u043e\\u0433\\u043e \\u0441\\u0440\\u0435\\u0434\\u0441\\u0442\\u0432\\u0430 \\u0441 \\u0440\\u0435\\u0441\\u0441\\u043e\\u0440\\u043d\\u043e\\u0439 \\u043f\\u043e\\u0434\\u0432\\u0435\\u0441\\u043a\\u043e\\u0439 \\u043e\\u0441\\u0443\\u0449\\u0435\\u0441\\u0442\\u0432\\u043b\\u044f\\u0435\\u0442\\u0441\\u044f \\u0441 \\u043f\\u043e\\u043c\\u043e\\u0449\\u044c\\u044e \\u0434\\u0430\\u0442\\u0447\\u0438\\u043a\\u0430 \\u043d\\u0430\\u0433\\u0440\\u0443\\u0437\\u043a\\u0438 \\u043d\\u0430 \\u043e\\u0441\\u044c Eurosens DDS . \\u041a\\u043e\\u043d\\u0442\\u0440\\u043e\\u043b\\u044c \\u043e\\u0441\\u0435\\u0432\\u043e\\u0439 \\u043d\\u0430\\u0433\\u0440\\u0443\\u0437\\u043a\\u0438 \\u0442\\u0440\\u0430\\u043d\\u0441\\u043f\\u043e\\u0440\\u0442\\u043d\\u043e\\u0433\\u043e \\u0441\\u0440\\u0435\\u0434\\u0441\\u0442\\u0432\\u0430 \\u0441 \\u0440\\u0435\\u0441\\u0441\\u043e\\u0440\\u043d\\u043e\\u0439 \\u043f\\u043e\\u0434\\u0432\\u0435\\u0441\\u043a\\u043e\\u0439 \\u043e\\u0441\\u0443\\u0449\\u0435\\u0441\\u0442\\u0432\\u043b\\u044f\\u0435\\u0442\\u0441\\u044f \\u0441 \\u043f\\u043e\\u043c\\u043e\\u0449\\u044c\\u044e \\u0434\\u0430\\u0442\\u0447\\u0438\\u043a\\u0430 \\u043d\\u0430\\u0433\\u0440\\u0443\\u0437\\u043a\\u0438 \\u043d\\u0430 \\u043e\\u0441\\u044c Eurosens DDS .{:pt} Eurosens DDS -sensor de carga por eixo para suspens\\u00e3o de molas Eurosens DDS -sensor de carga por eixo para suspens\\u00e3o de molas Eurosens Difference 02 -sensor de carga por eixo para suspens\\u00e3o de molas{:fr} Eurosens DDS - capteur de charge d'essieu pour suspension \\u00e0 ressorts \\u00e0 lames Eurosens DDS - capteur de charge d'essieu pour suspension \\u00e0 ressorts \\u00e0 lames Eurosens Difference 02 - capteur de charge d'essieu pour suspension \\u00e0 ressorts \\u00e0 lames{:pl} Eurosens DDS - czujnik obci\\u0105\\u017cenia osi do zawieszenia resorowego Eurosens DDS - czujnik obci\\u0105\\u017cenia osi do zawieszenia resorowego Eurosens Difference 02 - czujnik obci\\u0105\\u017cenia osi do zawieszenia resorowego{:}\",\"breadcrumb\":{\"@id\":\"https:\/\/mechatronics.by\/products\/onboard-weighing\/eurosens-dps-bt\/#breadcrumb\"},\"inLanguage\":\"pt-BR\",\"potentialAction\":[{\"@type\":\"ReadAction\",\"target\":[\"https:\/\/mechatronics.by\/products\/onboard-weighing\/eurosens-dps-bt\/\"]}]},{\"@type\":\"BreadcrumbList\",\"@id\":\"https:\/\/mechatronics.by\/products\/onboard-weighing\/eurosens-dps-bt\/#breadcrumb\",\"itemListElement\":[{\"@type\":\"ListItem\",\"position\":1,\"item\":{\"@type\":\"WebPage\",\"@id\":\"https:\/\/mechatronics.by\/\",\"url\":\"https:\/\/mechatronics.by\/\",\"name\":\"Home\"}},{\"@type\":\"ListItem\",\"position\":2,\"item\":{\"@type\":\"WebPage\",\"@id\":\"https:\/\/mechatronics.by\/products\/\",\"url\":\"https:\/\/mechatronics.by\/products\/\",\"name\":\"\\u041f\\u0440\\u043e\\u0434\\u0443\\u043a\\u0442\\u044b\"}},{\"@type\":\"ListItem\",\"position\":3,\"item\":{\"@type\":\"WebPage\",\"@id\":\"https:\/\/mechatronics.by\/products\/onboard-weighing\/\",\"url\":\"https:\/\/mechatronics.by\/products\/onboard-weighing\/\",\"name\":\"\\u0411\\u043e\\u0440\\u0442\\u043e\\u0432\\u043e\\u0435 \\u0432\\u0437\\u0432\\u0435\\u0448\\u0438\\u0432\\u0430\\u043d\\u0438\\u0435\"}},{\"@type\":\"ListItem\",\"position\":4,\"item\":{\"@id\":\"https:\/\/mechatronics.by\/products\/onboard-weighing\/eurosens-dps-bt\/#webpage\"}}]}]}<\/script>\n<!-- \/ Yoast SEO plugin. -->","_links":{"self":[{"href":"https:\/\/mechatronics.by\/pt\/wp-json\/wp\/v2\/pages\/13341"}],"collection":[{"href":"https:\/\/mechatronics.by\/pt\/wp-json\/wp\/v2\/pages"}],"about":[{"href":"https:\/\/mechatronics.by\/pt\/wp-json\/wp\/v2\/types\/page"}],"author":[{"embeddable":true,"href":"https:\/\/mechatronics.by\/pt\/wp-json\/wp\/v2\/users\/1"}],"replies":[{"embeddable":true,"href":"https:\/\/mechatronics.by\/pt\/wp-json\/wp\/v2\/comments?post=13341"}],"version-history":[{"count":6,"href":"https:\/\/mechatronics.by\/pt\/wp-json\/wp\/v2\/pages\/13341\/revisions"}],"predecessor-version":[{"id":13366,"href":"https:\/\/mechatronics.by\/pt\/wp-json\/wp\/v2\/pages\/13341\/revisions\/13366"}],"up":[{"embeddable":true,"href":"https:\/\/mechatronics.by\/pt\/wp-json\/wp\/v2\/pages\/4748"}],"wp:attachment":[{"href":"https:\/\/mechatronics.by\/pt\/wp-json\/wp\/v2\/media?parent=13341"}],"curies":[{"name":"wp","href":"https:\/\/api.w.org\/{rel}","templated":true}]}}