{"id":4660,"date":"2014-04-27T19:42:16","date_gmt":"2014-04-27T16:42:16","guid":{"rendered":"http:\/\/mechatronics.by\/?page_id=4660"},"modified":"2023-01-25T10:03:41","modified_gmt":"2023-01-25T07:03:41","slug":"dominator-electrode","status":"publish","type":"page","link":"https:\/\/mechatronics.by\/pt\/products\/level-control\/dominator-electrode\/","title":{"rendered":"Sensores de n\u00edvel de combust\u00edvel composto\/Dominator Electrode"},"content":{"rendered":"<p><\/p>\n<!-- START REVOLUTION SLIDER 4.1.3 fullwidth mode -->\n\n<div id=\"rev_slider_5_4_wrapper\" class=\"rev_slider_wrapper fullwidthbanner-container\" style=\"margin:0px auto;background-color:#E9E9E9;padding:0px;margin-top:0px;margin-bottom:0px;max-height:200px;\">\n\t<div id=\"rev_slider_5_4\" class=\"rev_slider fullwidthabanner\" style=\"display:none;max-height:200px;height:200;\">\n<ul>\t<!-- SLIDE  -->\n\t<li data-transition=\"random\" data-slotamount=\"7\" data-masterspeed=\"300\" >\n\t\t<!-- MAIN IMAGE -->\n\t\t<img src=\"https:\/\/mechatronics.by\/wp-content\/uploads\/2017\/08\/Dominator_slide1.png\"  alt=\"Dominator_slide1\"  data-bgposition=\"center top\" data-bgfit=\"cover\" data-bgrepeat=\"no-repeat\">\n\t\t<!-- LAYERS -->\n\t<\/li>\n\t<!-- SLIDE  -->\n\t<li data-transition=\"random\" data-slotamount=\"7\" data-masterspeed=\"300\" >\n\t\t<!-- MAIN IMAGE -->\n\t\t<img src=\"https:\/\/mechatronics.by\/wp-content\/uploads\/2017\/08\/Dominator_slide2.png\"  alt=\"Dominator_slide2\"  data-bgposition=\"center top\" data-bgfit=\"cover\" data-bgrepeat=\"no-repeat\">\n\t\t<!-- LAYERS -->\n\t<\/li>\n\t<!-- SLIDE  -->\n\t<li data-transition=\"random\" data-slotamount=\"7\" data-masterspeed=\"300\" >\n\t\t<!-- MAIN IMAGE -->\n\t\t<img src=\"https:\/\/mechatronics.by\/wp-content\/uploads\/2014\/06\/TankDominator_S2_700x200.jpg\"  alt=\"TankDominator_S2_700x200\"  data-bgposition=\"center top\" data-bgfit=\"cover\" data-bgrepeat=\"no-repeat\">\n\t\t<!-- LAYERS -->\n\t<\/li>\n<\/ul>\n\t<\/div>\n<\/div>\t\t\t\r\n\t\t\t<script type=\"text\/javascript\">\r\n\r\n\t\t\t\tvar tpj=jQuery;\t\t\t\t\r\n\t\t\t\ttpj.noConflict();\t\t\t\t\r\n\t\t\t\tvar revapi5;\r\n\t\t\t\t\r\n\t\t\t\ttpj(document).ready(function() {\r\n\t\t\t\t\t\t\t\t\r\n\t\t\t\tif(tpj('#rev_slider_5_4').revolution == undefined)\r\n\t\t\t\t\trevslider_showDoubleJqueryError('#rev_slider_5_4');\r\n\t\t\t\telse\r\n\t\t\t\t   revapi5 = tpj('#rev_slider_5_4').show().revolution(\r\n\t\t\t\t\t{\r\n\t\t\t\t\t\tdottedOverlay:\"none\",\r\n\t\t\t\t\t\tdelay:7000,\r\n\t\t\t\t\t\tstartwidth:700,\r\n\t\t\t\t\t\tstartheight:200,\r\n\t\t\t\t\t\thideThumbs:200,\r\n\t\t\t\t\t\t\r\n\t\t\t\t\t\tthumbWidth:100,\r\n\t\t\t\t\t\tthumbHeight:50,\r\n\t\t\t\t\t\tthumbAmount:3,\r\n\t\t\t\t\t\t\r\n\t\t\t\t\t\tnavigationType:\"bullet\",\r\n\t\t\t\t\t\tnavigationArrows:\"solo\",\r\n\t\t\t\t\t\tnavigationStyle:\"round\",\r\n\t\t\t\t\t\t\r\n\t\t\t\t\t\ttouchenabled:\"on\",\r\n\t\t\t\t\t\tonHoverStop:\"on\",\r\n\t\t\t\t\t\t\r\n\t\t\t\t\t\tnavigationHAlign:\"center\",\r\n\t\t\t\t\t\tnavigationVAlign:\"bottom\",\r\n\t\t\t\t\t\tnavigationHOffset:0,\r\n\t\t\t\t\t\tnavigationVOffset:20,\r\n\r\n\t\t\t\t\t\tsoloArrowLeftHalign:\"left\",\r\n\t\t\t\t\t\tsoloArrowLeftValign:\"center\",\r\n\t\t\t\t\t\tsoloArrowLeftHOffset:20,\r\n\t\t\t\t\t\tsoloArrowLeftVOffset:0,\r\n\r\n\t\t\t\t\t\tsoloArrowRightHalign:\"right\",\r\n\t\t\t\t\t\tsoloArrowRightValign:\"center\",\r\n\t\t\t\t\t\tsoloArrowRightHOffset:20,\r\n\t\t\t\t\t\tsoloArrowRightVOffset:0,\r\n\t\t\t\t\t\t\t\t\r\n\t\t\t\t\t\tshadow:0,\r\n\t\t\t\t\t\tfullWidth:\"on\",\r\n\t\t\t\t\t\tfullScreen:\"off\",\r\n\r\n\t\t\t\t\t\tstopLoop:\"off\",\r\n\t\t\t\t\t\tstopAfterLoops:-1,\r\n\t\t\t\t\t\tstopAtSlide:-1,\r\n\r\n\t\t\t\t\t\t\r\n\t\t\t\t\t\tshuffle:\"off\",\r\n\t\t\t\t\t\t\r\n\t\t\t\t\t\tautoHeight:\"off\",\t\t\t\t\t\t\r\n\t\t\t\t\t\tforceFullWidth:\"off\",\t\t\t\t\t\t\r\n\t\t\t\t\t\t\t\t\t\t\t\t\r\n\t\t\t\t\t\t\t\t\t\t\t\t\r\n\t\t\t\t\t\thideThumbsOnMobile:\"off\",\r\n\t\t\t\t\t\thideBulletsOnMobile:\"off\",\r\n\t\t\t\t\t\thideArrowsOnMobile:\"off\",\r\n\t\t\t\t\t\thideThumbsUnderResolution:0,\r\n\t\t\t\t\t\t\r\n\t\t\t\t\t\thideSliderAtLimit:0,\r\n\t\t\t\t\t\thideCaptionAtLimit:0,\r\n\t\t\t\t\t\thideAllCaptionAtLilmit:0,\r\n\t\t\t\t\t\tstartWithSlide:0,\r\n\t\t\t\t\t\tvideoJsPath:\"https:\/\/mechatronics.by\/wp-content\/plugins\/revslider\/rs-plugin\/videojs\/\",\r\n\t\t\t\t\t\tfullScreenOffsetContainer: \"\"\t\r\n\t\t\t\t\t});\r\n\t\t\t\t\r\n\t\t\t\t});\t\/\/ready\r\n\t\t\t\t\r\n\t\t\t<\/script>\r\n\t\t\t\r\n\t\t\t<!-- END REVOLUTION SLIDER -->\n<h2><span style=\"color: #000080;\"><strong>Dominator Electrode<\/strong><\/span><\/h2>\n<p><a href=\"\/\/mechatronics.by\/wp-content\/uploads\/2014\/05\/Dominator-Electrode-1_2_200x200.jpg\"><img loading=\"lazy\" class=\"alignleft wp-image-188 size-full\" src=\"\/\/mechatronics.by\/wp-content\/uploads\/2014\/05\/Dominator-Electrode-1_2_200x200.jpg\" alt=\"\" width=\"200\" height=\"200\" \/><\/a><div class=\"two_third last\"> <style type='text\/css'>#reading-box-container-4 .tagline-shadow:before,#reading-box-container-4 .tagline-shadow:after{opacity:0.7;}<\/style><div class=\"reading-box-container clearfix\" id=\"reading-box-container-4\"><section class=\"reading-box \" style=\"background-color:#fff !important;border-width:1px;border-color:#f6f6f6!important;border-top-width:3px !important;border-top-color:#1a80b6!important;border-style:solid;\"><h2>Medindo eletrodos sensores de n\u00edvel  Eurosens Dominator <\/h2><p>Os el\u00e9ctrodos est\u00e3o dispon\u00edveis em dois tipos - Dominator Electrode 1 (uma corti\u00e7a) \u0438 Dominator Electrode 2 (dois corti\u00e7a). O comprimento padr\u00e3o de el\u00e9ctrodo -700 mm. Outros comprimentos poss\u00edveis - 1,000 e 1,500 mil\u00edmetro. Dominator Electrode 2 utilizado para aumentar o comprimento do sensor.<\/p><\/section><\/div><\/div><div class=\"clearboth\"><\/div>Todos os sensores de n\u00edvel de combust\u00edvel que utilizam tubos coaxiais, permitir-lhes para aparar o comprimento. Em os sensores de n\u00edvel <strong>Eurosens Dominator<\/strong> aplicou-se o fixadores original, que permite a substitui\u00e7\u00e3o dos eletrodos diretamente sobre no local de instala\u00e7\u00e3o o sensor. <strong>Esta \u00e9 uma inova\u00e7\u00e3o importante!<\/strong> Isso simplifica consideravelmente a manuten\u00e7\u00e3o dos sensores de n\u00edvel <strong>Eurosens Dominator<\/strong>. Eletrodos de medi\u00e7\u00e3o tamb\u00e9m s\u00e3o fazem parte do <strong><a title=\"Eurosens Dominator sets\" href=\"\/\/mechatronics.by\/pt\/products\/level-control\/eurosens-dominator-sets\/\" target=\"_blank\" rel=\"noopener noreferrer\">Eurosens Dominator sets<\/a><\/strong>.<\/p>\n<table style=\"border-collapse: collapse; width: 100%;\">\n<tbody>\n<tr>\n<td style=\"width: 50%;\"><a href=\"https:\/\/mechatronics.by\/wp-content\/uploads\/2023\/01\/join-telegram.png\"><img loading=\"lazy\" class=\"wp-image-13044 size-full aligncenter\" src=\"https:\/\/mechatronics.by\/wp-content\/uploads\/2023\/01\/join-telegram.png\" alt=\"\" width=\"300\" height=\"116\" data-wp-editing=\"1\" \/><\/a><\/td>\n<td style=\"width: 50%;\">\u00a0<a href=\"https:\/\/www.youtube.com\/@MechatronicsTV\/videos\"><img loading=\"lazy\" class=\"aligncenter wp-image-12963 size-medium\" src=\"https:\/\/mechatronics.by\/wp-content\/uploads\/2023\/01\/youtube-subscr-300x97.gif\" alt=\"\" width=\"300\" height=\"97\" srcset=\"https:\/\/mechatronics.by\/wp-content\/uploads\/2023\/01\/youtube-subscr-300x97.gif 300w, https:\/\/mechatronics.by\/wp-content\/uploads\/2023\/01\/youtube-subscr-1024x330.gif 1024w, https:\/\/mechatronics.by\/wp-content\/uploads\/2023\/01\/youtube-subscr-768x247.gif 768w\" sizes=\"(max-width: 300px) 100vw, 300px\" \/><\/a><\/td>\n<\/tr>\n<\/tbody>\n<\/table>\n<p><\/p>","protected":false},"excerpt":{"rendered":"<p>Dominator Electrode Todos os sensores de n\u00edvel de combust\u00edvel que utilizam tubos coaxiais, permitir-lhes para aparar o comprimento. Em os sensores de n\u00edvel Eurosens Dominator aplicou-se o fixadores original, que permite a substitui\u00e7\u00e3o dos eletrodos diretamente sobre no local de instala\u00e7\u00e3o o sensor. Esta \u00e9 uma inova\u00e7\u00e3o importante! Isso simplifica consideravelmente a manuten\u00e7\u00e3o dos sensores [&hellip;]<\/p>\n","protected":false},"author":1,"featured_media":0,"parent":4632,"menu_order":4,"comment_status":"open","ping_status":"closed","template":"side-navigation.php","meta":[],"yoast_head":"<!-- This site is optimized with the Yoast SEO plugin v16.4 - https:\/\/yoast.com\/wordpress\/plugins\/seo\/ -->\n<title>Eurosens Dominator Electrodes<\/title>\n<meta name=\"description\" content=\"O design modular do Eurosens Dominator permite o uso de eletrodos substitu\u00edveis. Isso reduz o custo das solu\u00e7\u00f5es.\" \/>\n<meta name=\"robots\" content=\"index, follow, max-snippet:-1, max-image-preview:large, max-video-preview:-1\" \/>\n<link rel=\"canonical\" href=\"https:\/\/mechatronics.by\/products\/level-control\/dominator-electrode\/\" \/>\n<meta property=\"og:locale\" content=\"pt_BR\" \/>\n<meta property=\"og:type\" content=\"article\" \/>\n<meta property=\"og:title\" content=\"[:es]Eurosens Dominator Electrodes[:en]Eurosens Dominator Electrodes[:ru]\u042d\u043b\u0435\u043a\u0442\u0440\u043e\u0434\u044b \u0434\u0430\u0442\u0447\u0438\u043a\u043e\u0432 \u0443\u0440\u043e\u0432\u043d\u044f \u0442\u043e\u043f\u043b\u0438\u0432\u0430 Eurosens Dominator[:pt]Eurosens Dominator Electrodes[:fr]Eurosens Dominator Electrodes[:pl]Eurosens Dominator Electrodes[:]\" \/>\n<meta property=\"og:description\" content=\"{:es}El dise\u00f1o modular del Eurosens Dominator permite el uso de electrodos reemplazables. Esto reduce el costo de las soluciones.{:en} The modular design of the Eurosens Dominator allows the use of replaceable electrodes. This reduces the cost of solutions {:ru}\u041c\u043e\u0434\u0443\u043b\u044c\u043d\u0430\u044f \u043a\u043e\u043d\u0441\u0442\u0440\u0443\u043a\u0446\u0438\u044f Eurosens Dominator \u043f\u043e\u0437\u0432\u043e\u043b\u044f\u0435\u0442 \u0438\u0441\u043f\u043e\u043b\u044c\u0437\u043e\u0432\u0430\u0442\u044c \u0441\u043c\u0435\u043d\u043d\u044b\u0435 \u044d\u043b\u0435\u043a\u0442\u0440\u043e\u0434\u044b. \u042d\u0442\u043e \u043f\u043e\u0432\u044b\u0448\u0430\u0435\u0442 \u0443\u0434\u043e\u0431\u0441\u0442\u0432\u043e \u0438\u0441\u043f\u043e\u043b\u044c\u0437\u043e\u0432\u0430\u043d\u0438\u044f \u0438 \u0441\u043d\u0438\u0436\u0430\u0435\u0442 \u0441\u0442\u043e\u0438\u043c\u043e\u0441\u0442\u044c \u043e\u0431\u0441\u043b\u0443\u0436\u0438\u0432\u0430\u043d\u0438\u044f.{:pt}O design modular do Eurosens Dominator permite o uso de eletrodos substitu\u00edveis. Isso reduz o custo das solu\u00e7\u00f5es. {:fr}La conception modulaire d&#039;Eurosens Dominator permet l&#039;utilisation d&#039;\u00e9lectrodes rempla\u00e7ables. Cela r\u00e9duit le co\u00fbt des solutions {:pl}Modu\u0142owa konstrukcja Eurosens Dominator pozwala na stosowanie wymiennych elektrod. Zmniejsza to koszt rozwi\u0105za\u0144{:}\" \/>\n<meta property=\"og:url\" content=\"https:\/\/mechatronics.by\/products\/level-control\/dominator-electrode\/\" \/>\n<meta property=\"og:site_name\" content=\"Mechatronics\" \/>\n<meta property=\"article:publisher\" content=\"https:\/\/www.facebook.com\/EurosensDelta\" \/>\n<meta property=\"article:modified_time\" content=\"2023-01-25T07:03:41+00:00\" \/>\n<meta property=\"og:image\" content=\"\/\/mechatronics.by\/wp-content\/uploads\/2014\/05\/Dominator-Electrode-1_2_200x200.jpg\" \/>\n<meta name=\"twitter:label1\" content=\"Est. tempo de leitura\" \/>\n\t<meta name=\"twitter:data1\" content=\"3 minutos\" \/>\n<script type=\"application\/ld+json\" class=\"yoast-schema-graph\">{\"@context\":\"https:\/\/schema.org\",\"@graph\":[{\"@type\":\"WebSite\",\"@id\":\"https:\/\/mechatronics.by\/#website\",\"url\":\"https:\/\/mechatronics.by\/\",\"name\":\"Mechatronics\",\"description\":\"\\u041a\\u043e\\u043d\\u0442\\u0440\\u043e\\u043b\\u044c \\u0440\\u0430\\u0441\\u0445\\u043e\\u0434\\u0430 \\u0442\\u043e\\u043f\\u043b\\u0438\\u0432\\u0430 \\u0438 \\u0434\\u0440\\u0443\\u0433\\u0438\\u0445 \\u043f\\u0430\\u0440\\u0430\\u043c\\u0435\\u0442\\u0440\\u043e\\u0432 \\u0440\\u0430\\u0431\\u043e\\u0442\\u044b \\u043c\\u0430\\u0448\\u0438\\u043d\",\"potentialAction\":[{\"@type\":\"SearchAction\",\"target\":\"https:\/\/mechatronics.by\/?s={search_term_string}\",\"query-input\":\"required name=search_term_string\"}],\"inLanguage\":\"pt-BR\"},{\"@type\":\"ImageObject\",\"@id\":\"https:\/\/mechatronics.by\/products\/level-control\/dominator-electrode\/#primaryimage\",\"inLanguage\":\"pt-BR\",\"url\":\"\/\/mechatronics.by\/wp-content\/uploads\/2014\/05\/Dominator-Electrode-1_2_200x200.jpg\",\"contentUrl\":\"\/\/mechatronics.by\/wp-content\/uploads\/2014\/05\/Dominator-Electrode-1_2_200x200.jpg\"},{\"@type\":\"WebPage\",\"@id\":\"https:\/\/mechatronics.by\/products\/level-control\/dominator-electrode\/#webpage\",\"url\":\"https:\/\/mechatronics.by\/products\/level-control\/dominator-electrode\/\",\"name\":\"[:es]Eurosens Dominator Electrodes[:en]Eurosens Dominator Electrodes[:ru]\\u042d\\u043b\\u0435\\u043a\\u0442\\u0440\\u043e\\u0434\\u044b \\u0434\\u0430\\u0442\\u0447\\u0438\\u043a\\u043e\\u0432 \\u0443\\u0440\\u043e\\u0432\\u043d\\u044f \\u0442\\u043e\\u043f\\u043b\\u0438\\u0432\\u0430 Eurosens Dominator[:pt]Eurosens Dominator Electrodes[:fr]Eurosens Dominator Electrodes[:pl]Eurosens Dominator Electrodes[:]\",\"isPartOf\":{\"@id\":\"https:\/\/mechatronics.by\/#website\"},\"primaryImageOfPage\":{\"@id\":\"https:\/\/mechatronics.by\/products\/level-control\/dominator-electrode\/#primaryimage\"},\"datePublished\":\"2014-04-27T16:42:16+00:00\",\"dateModified\":\"2023-01-25T07:03:41+00:00\",\"description\":\"{:es}El dise\\u00f1o modular del Eurosens Dominator permite el uso de electrodos reemplazables. Esto reduce el costo de las soluciones.{:en} The modular design of the Eurosens Dominator allows the use of replaceable electrodes. This reduces the cost of solutions {:ru}\\u041c\\u043e\\u0434\\u0443\\u043b\\u044c\\u043d\\u0430\\u044f \\u043a\\u043e\\u043d\\u0441\\u0442\\u0440\\u0443\\u043a\\u0446\\u0438\\u044f Eurosens Dominator \\u043f\\u043e\\u0437\\u0432\\u043e\\u043b\\u044f\\u0435\\u0442 \\u0438\\u0441\\u043f\\u043e\\u043b\\u044c\\u0437\\u043e\\u0432\\u0430\\u0442\\u044c \\u0441\\u043c\\u0435\\u043d\\u043d\\u044b\\u0435 \\u044d\\u043b\\u0435\\u043a\\u0442\\u0440\\u043e\\u0434\\u044b. \\u042d\\u0442\\u043e \\u043f\\u043e\\u0432\\u044b\\u0448\\u0430\\u0435\\u0442 \\u0443\\u0434\\u043e\\u0431\\u0441\\u0442\\u0432\\u043e \\u0438\\u0441\\u043f\\u043e\\u043b\\u044c\\u0437\\u043e\\u0432\\u0430\\u043d\\u0438\\u044f \\u0438 \\u0441\\u043d\\u0438\\u0436\\u0430\\u0435\\u0442 \\u0441\\u0442\\u043e\\u0438\\u043c\\u043e\\u0441\\u0442\\u044c \\u043e\\u0431\\u0441\\u043b\\u0443\\u0436\\u0438\\u0432\\u0430\\u043d\\u0438\\u044f.{:pt}O design modular do Eurosens Dominator permite o uso de eletrodos substitu\\u00edveis. Isso reduz o custo das solu\\u00e7\\u00f5es. {:fr}La conception modulaire d'Eurosens Dominator permet l'utilisation d'\\u00e9lectrodes rempla\\u00e7ables. Cela r\\u00e9duit le co\\u00fbt des solutions {:pl}Modu\\u0142owa konstrukcja Eurosens Dominator pozwala na stosowanie wymiennych elektrod. Zmniejsza to koszt rozwi\\u0105za\\u0144{:}\",\"breadcrumb\":{\"@id\":\"https:\/\/mechatronics.by\/products\/level-control\/dominator-electrode\/#breadcrumb\"},\"inLanguage\":\"pt-BR\",\"potentialAction\":[{\"@type\":\"ReadAction\",\"target\":[\"https:\/\/mechatronics.by\/products\/level-control\/dominator-electrode\/\"]}]},{\"@type\":\"BreadcrumbList\",\"@id\":\"https:\/\/mechatronics.by\/products\/level-control\/dominator-electrode\/#breadcrumb\",\"itemListElement\":[{\"@type\":\"ListItem\",\"position\":1,\"item\":{\"@type\":\"WebPage\",\"@id\":\"https:\/\/mechatronics.by\/\",\"url\":\"https:\/\/mechatronics.by\/\",\"name\":\"Home\"}},{\"@type\":\"ListItem\",\"position\":2,\"item\":{\"@type\":\"WebPage\",\"@id\":\"https:\/\/mechatronics.by\/products\/\",\"url\":\"https:\/\/mechatronics.by\/products\/\",\"name\":\"\\u041f\\u0440\\u043e\\u0434\\u0443\\u043a\\u0442\\u044b\"}},{\"@type\":\"ListItem\",\"position\":3,\"item\":{\"@type\":\"WebPage\",\"@id\":\"https:\/\/mechatronics.by\/products\/level-control\/\",\"url\":\"https:\/\/mechatronics.by\/products\/level-control\/\",\"name\":\"\\u0414\\u0430\\u0442\\u0447\\u0438\\u043a\\u0438 \\u0443\\u0440\\u043e\\u0432\\u043d\\u044f \\u0442\\u043e\\u043f\\u043b\\u0438\\u0432\\u0430\"}},{\"@type\":\"ListItem\",\"position\":4,\"item\":{\"@id\":\"https:\/\/mechatronics.by\/products\/level-control\/dominator-electrode\/#webpage\"}}]}]}<\/script>\n<!-- \/ Yoast SEO plugin. -->","_links":{"self":[{"href":"https:\/\/mechatronics.by\/pt\/wp-json\/wp\/v2\/pages\/4660"}],"collection":[{"href":"https:\/\/mechatronics.by\/pt\/wp-json\/wp\/v2\/pages"}],"about":[{"href":"https:\/\/mechatronics.by\/pt\/wp-json\/wp\/v2\/types\/page"}],"author":[{"embeddable":true,"href":"https:\/\/mechatronics.by\/pt\/wp-json\/wp\/v2\/users\/1"}],"replies":[{"embeddable":true,"href":"https:\/\/mechatronics.by\/pt\/wp-json\/wp\/v2\/comments?post=4660"}],"version-history":[{"count":10,"href":"https:\/\/mechatronics.by\/pt\/wp-json\/wp\/v2\/pages\/4660\/revisions"}],"predecessor-version":[{"id":13055,"href":"https:\/\/mechatronics.by\/pt\/wp-json\/wp\/v2\/pages\/4660\/revisions\/13055"}],"up":[{"embeddable":true,"href":"https:\/\/mechatronics.by\/pt\/wp-json\/wp\/v2\/pages\/4632"}],"wp:attachment":[{"href":"https:\/\/mechatronics.by\/pt\/wp-json\/wp\/v2\/media?parent=4660"}],"curies":[{"name":"wp","href":"https:\/\/api.w.org\/{rel}","templated":true}]}}