{"id":4701,"date":"2014-05-02T14:32:56","date_gmt":"2014-05-02T11:32:56","guid":{"rendered":"http:\/\/mechatronics.by\/?page_id=4701"},"modified":"2021-04-13T00:03:16","modified_gmt":"2021-04-12T21:03:16","slug":"eurosens-destination-01","status":"publish","type":"page","link":"https:\/\/mechatronics.by\/pt\/products\/data-interfaces\/eurosens-destination-01\/","title":{"rendered":"Ferramenta de servi\u00e7o Eurosens Destination 02 Lite (K-line \/ USB)"},"content":{"rendered":"<p><\/p>\n<!-- START REVOLUTION SLIDER 4.1.3 fullwidth mode -->\n\n<div id=\"rev_slider_6_4_wrapper\" class=\"rev_slider_wrapper fullwidthbanner-container\" style=\"margin:0px auto;background-color:#E9E9E9;padding:0px;margin-top:0px;margin-bottom:0px;max-height:200px;\">\n\t<div id=\"rev_slider_6_4\" class=\"rev_slider fullwidthabanner\" style=\"display:none;max-height:200px;height:200;\">\n<ul>\t<!-- SLIDE  -->\n\t<li data-transition=\"random\" data-slotamount=\"7\" data-masterspeed=\"300\" >\n\t\t<!-- MAIN IMAGE -->\n\t\t<img src=\"https:\/\/mechatronics.by\/wp-content\/uploads\/2018\/08\/sertvice.png\"  alt=\"sertvice\"  data-bgposition=\"center top\" data-bgfit=\"cover\" data-bgrepeat=\"no-repeat\">\n\t\t<!-- LAYERS -->\n\t<\/li>\n<\/ul>\n\t<\/div>\n<\/div>\t\t\t\r\n\t\t\t<script type=\"text\/javascript\">\r\n\r\n\t\t\t\tvar tpj=jQuery;\t\t\t\t\r\n\t\t\t\ttpj.noConflict();\t\t\t\t\r\n\t\t\t\tvar revapi6;\r\n\t\t\t\t\r\n\t\t\t\ttpj(document).ready(function() {\r\n\t\t\t\t\t\t\t\t\r\n\t\t\t\tif(tpj('#rev_slider_6_4').revolution == undefined)\r\n\t\t\t\t\trevslider_showDoubleJqueryError('#rev_slider_6_4');\r\n\t\t\t\telse\r\n\t\t\t\t   revapi6 = tpj('#rev_slider_6_4').show().revolution(\r\n\t\t\t\t\t{\r\n\t\t\t\t\t\tdottedOverlay:\"none\",\r\n\t\t\t\t\t\tdelay:9000,\r\n\t\t\t\t\t\tstartwidth:700,\r\n\t\t\t\t\t\tstartheight:200,\r\n\t\t\t\t\t\thideThumbs:200,\r\n\t\t\t\t\t\t\r\n\t\t\t\t\t\tthumbWidth:100,\r\n\t\t\t\t\t\tthumbHeight:50,\r\n\t\t\t\t\t\tthumbAmount:1,\r\n\t\t\t\t\t\t\r\n\t\t\t\t\t\tnavigationType:\"bullet\",\r\n\t\t\t\t\t\tnavigationArrows:\"solo\",\r\n\t\t\t\t\t\tnavigationStyle:\"round\",\r\n\t\t\t\t\t\t\r\n\t\t\t\t\t\ttouchenabled:\"on\",\r\n\t\t\t\t\t\tonHoverStop:\"on\",\r\n\t\t\t\t\t\t\r\n\t\t\t\t\t\tnavigationHAlign:\"center\",\r\n\t\t\t\t\t\tnavigationVAlign:\"bottom\",\r\n\t\t\t\t\t\tnavigationHOffset:0,\r\n\t\t\t\t\t\tnavigationVOffset:20,\r\n\r\n\t\t\t\t\t\tsoloArrowLeftHalign:\"left\",\r\n\t\t\t\t\t\tsoloArrowLeftValign:\"center\",\r\n\t\t\t\t\t\tsoloArrowLeftHOffset:20,\r\n\t\t\t\t\t\tsoloArrowLeftVOffset:0,\r\n\r\n\t\t\t\t\t\tsoloArrowRightHalign:\"right\",\r\n\t\t\t\t\t\tsoloArrowRightValign:\"center\",\r\n\t\t\t\t\t\tsoloArrowRightHOffset:20,\r\n\t\t\t\t\t\tsoloArrowRightVOffset:0,\r\n\t\t\t\t\t\t\t\t\r\n\t\t\t\t\t\tshadow:0,\r\n\t\t\t\t\t\tfullWidth:\"on\",\r\n\t\t\t\t\t\tfullScreen:\"off\",\r\n\r\n\t\t\t\t\t\tstopLoop:\"off\",\r\n\t\t\t\t\t\tstopAfterLoops:-1,\r\n\t\t\t\t\t\tstopAtSlide:-1,\r\n\r\n\t\t\t\t\t\t\r\n\t\t\t\t\t\tshuffle:\"off\",\r\n\t\t\t\t\t\t\r\n\t\t\t\t\t\tautoHeight:\"off\",\t\t\t\t\t\t\r\n\t\t\t\t\t\tforceFullWidth:\"off\",\t\t\t\t\t\t\r\n\t\t\t\t\t\t\t\t\t\t\t\t\r\n\t\t\t\t\t\t\t\t\t\t\t\t\r\n\t\t\t\t\t\thideThumbsOnMobile:\"off\",\r\n\t\t\t\t\t\thideBulletsOnMobile:\"off\",\r\n\t\t\t\t\t\thideArrowsOnMobile:\"off\",\r\n\t\t\t\t\t\thideThumbsUnderResolution:0,\r\n\t\t\t\t\t\t\r\n\t\t\t\t\t\thideSliderAtLimit:0,\r\n\t\t\t\t\t\thideCaptionAtLimit:0,\r\n\t\t\t\t\t\thideAllCaptionAtLilmit:0,\r\n\t\t\t\t\t\tstartWithSlide:0,\r\n\t\t\t\t\t\tvideoJsPath:\"https:\/\/mechatronics.by\/wp-content\/plugins\/revslider\/rs-plugin\/videojs\/\",\r\n\t\t\t\t\t\tfullScreenOffsetContainer: \"\"\t\r\n\t\t\t\t\t});\r\n\t\t\t\t\r\n\t\t\t\t});\t\/\/ready\r\n\t\t\t\t\r\n\t\t\t<\/script>\r\n\t\t\t\r\n\t\t\t<!-- END REVOLUTION SLIDER -->\n<h2>\u00a0<\/h2>\n<h2><span style=\"color: #000080;\"><strong>Eurosens Destination 02 Lite<\/strong><\/span><\/h2>\n<p><a href=\"\/\/mechatronics.by\/wp-content\/uploads\/2020\/12\/MKU_5266.jpg\"><img loading=\"lazy\" class=\"alignleft wp-image-166 size-full\" src=\"\/\/mechatronics.by\/wp-content\/uploads\/2020\/12\/MKU_5266.jpg\" alt=\"Eurosens Destination 01_200x200\" width=\"200\" height=\"200\" \/><\/a> Kit carro especial Eurosens Destination para ambientes profissionais Mecatr\u00f4nica equipamento de produ\u00e7\u00e3o. A maioria dos nossos sensores <strong>Eurosens<\/strong> t\u00eam dentro da poderosa moderna microprocessador de 32 bits, que que realiza continuamente o c\u00e1lculo de v\u00e1rios par\u00e2metros (o actual n\u00edvel de combust\u00edvel, consumo de combust\u00edvel, volume de combust\u00edvel). Para os dados corretos de os sensores de n\u00edvel de combust\u00edvel e sensores de fluxo de combust\u00edvel <strong>Eurosens<\/strong> eles devem ser configurados engenheiro. Utilizando <strong>Eurosens Destination<\/strong> Voc\u00ea pode configurar os tipos de sinais de sa\u00edda nossos sensores de n\u00edvel, e seus fatores de calibra\u00e7\u00e3o e tabela de calibra\u00e7\u00e3o. \u00c9 tamb\u00e9m utilizado para inserir os factores de correc\u00e7\u00e3o em consumo de combust\u00edvel <a title=\"Eurosens Direct\" href=\"\/\/mechatronics.by\/pt\/products\/flow-control\/eurosens-direct-pn\/\" target=\"_blank\" rel=\"noopener noreferrer\">Eurosens Direct<\/a> e <a title=\"Eurosens Delta\" href=\"\/\/mechatronics.by\/pt\/products\/flow-control\/eurosens-delta\/\" target=\"_blank\" rel=\"noopener noreferrer\">Eurosens Delta<\/a> quando necess\u00e1rio. <style type='text\/css'>\n\t#tabs-4,#tabs-4.tabs-vertical .tabs,#tabs-4.tabs-vertical .tab_content{border-color:#ebeaea !important;}\n\t#main #tabs-4.tabs-horizontal,#tabs-4.tabs-vertical .tab_content,.pyre_tabs .tabs-container{background-color:#ffffff !important;}\n\tbody #tabs-4.shortcode-tabs .tab-hold .tabs li,body.dark #sidebar .tab-hold .tabs li{border-right:1px solid #ffffff !important;}\n\tbody #tabs-4.shortcode-tabs .tab-hold .tabs li:last-child{border-right-width:0 !important;}\n\tbody #tabs-4.shortcode-tabs .tab-hold .tabs li.no-border-right{border-right-width:0 !important;}\n\tbody #main #tabs-4 .tab-hold .tabs li a{background:#ebeaea !important;border-bottom:0 !important;color:#747474;}\n\tbody #main #tabs-4 .tab-hold .tabs li a:hover{background:#ffffff !important;border-bottom:0 !important;}\n\tbody #main #tabs-4 .tab-hold .tabs li.active a,body #main #tabs-4 .tab-hold .tabs li.active{background:#ffffff !important;border-bottom:0 !important;}\n\t#sidebar .tab-hold .tabs li.active a{border-top-color:#1a80b6 !important;}\n\t<\/style><div id=\"tabs-4\" class=\"tab-holder shortcode-tabs clearfix tabs-horizontal\"><div class=\"tab-hold tabs-wrapper\"><ul id=\"tabs\" class=\"tabset tabs\"><li><a href=\"#tab1\">Principais benef\u00edcios<\/a><\/li><li><a href=\"#tab2\">Caracter\u00edsticas t\u00e9cnicas<\/a><\/li><li><a href=\"#tab3\">Informa\u00e7\u00e3o<\/a><\/li><\/ul><div class=\"tab-box tabs-container\"> <div id=\"tab1\" class=\"tab tab_content\">\n<ul>\n<li style=\"list-style-type: none;\">\n<ul>\n<li style=\"list-style-type: none;\">\n<ul>\n<li>Carca\u00e7a robusta<\/li>\n<li>Interface de configura\u00e7\u00e3o caber <strong><a title=\"SAE\" href=\"\/\/www.sae.org\/\" target=\"_blank\" rel=\"noopener noreferrer\">SAE<\/a><\/strong><\/li>\n<li><a title=\"DIN 72585 \/ ISO 15170\" href=\"\/\/mechatronics.by\/pt\/service\/faq-page-1\/\" target=\"_blank\" rel=\"noopener noreferrer\">\u0410utom\u00f3vel conector selado<\/a> <strong>na caixa do sensor<\/strong><\/li>\n<\/ul>\n<\/li>\n<\/ul>\n<\/li>\n<\/ul>\n<\/div> <div id=\"tab2\" class=\"tab tab_content\">\n<table>\n<tbody>\n<tr>\n<td width=\"217\">Tens\u00e3o el\u00e9trica<\/td>\n<td width=\"94\">USB<\/td>\n<\/tr>\n<tr>\n<td width=\"217\">Protec\u00e7\u00e3o contra invers\u00e3o de polaridade<\/td>\n<td width=\"94\">sim<\/td>\n<\/tr>\n<tr>\n<td width=\"217\">Interface<\/td>\n<td width=\"120\">ISO 9141 (K-Line)<\/td>\n<\/tr>\n<tr>\n<td width=\"217\">Faixa de temperatura,\u00b0C<\/td>\n<td width=\"94\">-40 &#8211; +85<\/td>\n<\/tr>\n<tr>\n<td width=\"217\">Grau de protec\u00e7\u00e3o<\/td>\n<td width=\"94\">IP 40<\/td>\n<\/tr>\n<\/tbody>\n<\/table>\n<\/div> <div id=\"tab3\" class=\"tab tab_content\">\n<ul>\n<li style=\"list-style-type: none;\">\n<ul>\n<li style=\"list-style-type: none;\">\n<ul>\n<li>O software inclu\u00eddo<\/li>\n<li>Comprimento torniquete completo &#8211; 1 m<\/li>\n<\/ul>\n<\/li>\n<\/ul>\n<\/li>\n<\/ul>\n<\/div> <\/div><\/div><\/div>\n<table style=\"height: 34px; width: 105.502%;\" width=\"1045\">\n<tbody>\n<tr>\n<td style=\"width: 28.9524%;\"><b>Drivers\u00a0USB Destination<\/b><\/td>\n<td style=\"text-align: left; width: 70.2857%;\"><div class='w3eden'><!-- WPDM Link Template: Button Template -->\n\n<a class='wpdm-download-link download-on-click btn btn-primary ' rel='nofollow' href='#' data-downloadurl=\"https:\/\/mechatronics.by\/pt\/download\/ftdi_drivers_recommended-zip\/?wpdmdl=11839&refresh=6a07e5a3596e21778902435\"><i class=\"fas fa-file-download\"><\/i><\/a><\/div><\/td>\n<\/tr>\n<\/tbody>\n<\/table>\n<table style=\"height: 34px;\" width=\"1045\">\n<tbody>\n<tr>\n<td style=\"width: 300px;\"><b>Drivers\u00a0USB Destination. Windows 10 (32 bit)<\/b><\/td>\n<td style=\"text-align: left;\"><div class='w3eden'><!-- WPDM Link Template: Button Template -->\n\n<a class='wpdm-download-link download-on-click btn btn-primary ' rel='nofollow' href='#' data-downloadurl=\"https:\/\/mechatronics.by\/pt\/download\/cdm-v2-12-06-whql-certified-win-x32-zip\/?wpdmdl=11840&refresh=6a07e5a35ad621778902435\"><i class=\"fas fa-file-download\"><\/i><\/a><\/div><\/td>\n<\/tr>\n<\/tbody>\n<\/table>\n<table style=\"height: 34px;\" width=\"1045\">\n<tbody>\n<tr>\n<td style=\"width: 300px;\"><b>Drivers\u00a0USB Destination. Windows 10 (64 bit)<\/b><\/td>\n<td style=\"text-align: left;\"><div class='w3eden'><!-- WPDM Link Template: Button Template -->\n\n<a class='wpdm-download-link download-on-click btn btn-primary ' rel='nofollow' href='#' data-downloadurl=\"https:\/\/mechatronics.by\/pt\/download\/cdm-v2-12-06-whql-certified-win-x64-zip\/?wpdmdl=11841&refresh=6a07e5a35c4291778902435\"><i class=\"fas fa-file-download\"><\/i><\/a><\/div><\/td>\n<\/tr>\n<\/tbody>\n<\/table>\n<p>Software para configura\u00e7\u00e3o sensores de n\u00edvel Eurosens Dominator fornecer gratuitamente. <strong>Eurosens Destination<\/strong> usado para configurar:<\/p>\n<p><div id=\"attachment_121\" style=\"width: 110px\" class=\"wp-caption alignleft\"><a href=\"\/\/mechatronics.by\/pt\/products\/level-control\/eurosens-dominator-rs\/\" target=\"_blank\" rel=\"noopener noreferrer\"><img aria-describedby=\"caption-attachment-121\" loading=\"lazy\" class=\"wp-image-121 size-thumbnail\" src=\"\/\/mechatronics.by\/wp-content\/uploads\/2014\/06\/DOMINATOR_RS_I_200x200.jpg\" alt=\"Eurosens Dominator RS-I\" width=\"100\" height=\"100\" \/><\/a><p id=\"caption-attachment-121\" class=\"wp-caption-text\">Eurosens Dominator RS<\/p><\/div> <div id=\"attachment_121\" style=\"width: 160px\" class=\"wp-caption alignleft\"><a href=\"\/\/mechatronics.by\/pt\/products\/level-control\/eurosens-dominator-af\/\" target=\"_blank\" rel=\"noopener noreferrer\"><img aria-describedby=\"caption-attachment-121\" loading=\"lazy\" class=\"wp-image-121 size-thumbnail\" src=\"\/\/mechatronics.by\/wp-content\/uploads\/2014\/04\/Eurosens-Dominator-AF-300x200.jpg\" alt=\"Eurosens Dominator AF\" width=\"150\" height=\"100\" \/><\/a><p id=\"caption-attachment-121\" class=\"wp-caption-text\">Eurosens Dominator AF<\/p><\/div> <div id=\"attachment_121\" style=\"width: 110px\" class=\"wp-caption alignleft\"><a href=\"\/\/mechatronics.by\/pt\/products\/flow-control\/eurosens-delta\/\" target=\"_blank\" rel=\"noopener noreferrer\"><img aria-describedby=\"caption-attachment-121\" loading=\"lazy\" class=\"wp-image-121 size-thumbnail\" src=\"\/\/mechatronics.by\/wp-content\/uploads\/2014\/06\/Foto_Delta_PN_500_200x200.png\" alt=\"Eurosens Delta\" width=\"100\" height=\"100\" \/><\/a><p id=\"caption-attachment-121\" class=\"wp-caption-text\">Eurosens Delta<\/p><\/div><\/p>","protected":false},"excerpt":{"rendered":"<p>\u00a0 Eurosens Destination 02 Lite Kit carro especial Eurosens Destination para ambientes profissionais Mecatr\u00f4nica equipamento de produ\u00e7\u00e3o. A maioria dos nossos sensores Eurosens t\u00eam dentro da poderosa moderna microprocessador de 32 bits, que que realiza continuamente o c\u00e1lculo de v\u00e1rios par\u00e2metros (o actual n\u00edvel de combust\u00edvel, consumo de combust\u00edvel, volume de combust\u00edvel). Para os dados [&hellip;]<\/p>\n","protected":false},"author":1,"featured_media":0,"parent":11557,"menu_order":0,"comment_status":"open","ping_status":"open","template":"side-navigation.php","meta":[],"yoast_head":"<!-- This site is optimized with the Yoast SEO plugin v16.4 - https:\/\/yoast.com\/wordpress\/plugins\/seo\/ -->\n<title>Eurosens Destination | \u041c\u0435\u0445\u0430\u0442\u0440\u043e\u043d\u0438\u043a\u0430<\/title>\n<meta name=\"description\" content=\"\u0421 \u043f\u043e\u043c\u043e\u0449\u044c\u044e Eurosens Destination \u043c\u043e\u0436\u043d\u043e \u043a\u043e\u043d\u0444\u0438\u0433\u0443\u0440\u0438\u0440\u043e\u0432\u0430\u0442\u044c \u0442\u0438\u043f\u044b \u0432\u044b\u0445\u043e\u0434\u043d\u044b\u0445 \u0441\u0438\u0433\u043d\u0430\u043b\u043e\u0432 \u0434\u0430\u0442\u0447\u0438\u043a\u043e\u0432 Eurosens, \u0430 \u0442\u0430\u043a\u0436\u0435 \u0438\u0445 \u043a\u0430\u043b\u0438\u0431\u0440\u043e\u0432\u043e\u0447\u043d\u044b\u0435 \u043a\u043e\u044d\u0444\u0444\u0438\u0446\u0438\u0435\u043d\u0442\u044b \u0438 \u0442\u0430\u0440\u0438\u0440\u043e\u0432\u043e\u0447\u043d\u044b\u0435 \u0442\u0430\u0431\u043b\u0438\u0446\u044b.\" \/>\n<meta name=\"robots\" content=\"index, follow, max-snippet:-1, max-image-preview:large, max-video-preview:-1\" \/>\n<link rel=\"canonical\" href=\"https:\/\/mechatronics.by\/products\/data-interfaces\/eurosens-destination-01\/\" \/>\n<meta property=\"og:locale\" content=\"pt_BR\" \/>\n<meta property=\"og:type\" content=\"article\" \/>\n<meta property=\"og:title\" content=\"Eurosens Destination | \u041c\u0435\u0445\u0430\u0442\u0440\u043e\u043d\u0438\u043a\u0430\" \/>\n<meta property=\"og:description\" content=\"\u0421 \u043f\u043e\u043c\u043e\u0449\u044c\u044e Eurosens Destination \u043c\u043e\u0436\u043d\u043e \u043a\u043e\u043d\u0444\u0438\u0433\u0443\u0440\u0438\u0440\u043e\u0432\u0430\u0442\u044c \u0442\u0438\u043f\u044b \u0432\u044b\u0445\u043e\u0434\u043d\u044b\u0445 \u0441\u0438\u0433\u043d\u0430\u043b\u043e\u0432 \u0434\u0430\u0442\u0447\u0438\u043a\u043e\u0432 Eurosens, \u0430 \u0442\u0430\u043a\u0436\u0435 \u0438\u0445 \u043a\u0430\u043b\u0438\u0431\u0440\u043e\u0432\u043e\u0447\u043d\u044b\u0435 \u043a\u043e\u044d\u0444\u0444\u0438\u0446\u0438\u0435\u043d\u0442\u044b \u0438 \u0442\u0430\u0440\u0438\u0440\u043e\u0432\u043e\u0447\u043d\u044b\u0435 \u0442\u0430\u0431\u043b\u0438\u0446\u044b.\" \/>\n<meta property=\"og:url\" content=\"https:\/\/mechatronics.by\/products\/data-interfaces\/eurosens-destination-01\/\" \/>\n<meta property=\"og:site_name\" content=\"Mechatronics\" \/>\n<meta property=\"article:publisher\" content=\"https:\/\/www.facebook.com\/EurosensDelta\" \/>\n<meta property=\"article:modified_time\" content=\"2021-04-12T21:03:16+00:00\" \/>\n<meta property=\"og:image\" content=\"\/\/mechatronics.by\/wp-content\/uploads\/2020\/12\/MKU_5266.jpg\" \/>\n<script type=\"application\/ld+json\" class=\"yoast-schema-graph\">{\"@context\":\"https:\/\/schema.org\",\"@graph\":[{\"@type\":\"WebSite\",\"@id\":\"https:\/\/mechatronics.by\/#website\",\"url\":\"https:\/\/mechatronics.by\/\",\"name\":\"Mechatronics\",\"description\":\"\\u041a\\u043e\\u043d\\u0442\\u0440\\u043e\\u043b\\u044c \\u0440\\u0430\\u0441\\u0445\\u043e\\u0434\\u0430 \\u0442\\u043e\\u043f\\u043b\\u0438\\u0432\\u0430 \\u0438 \\u0434\\u0440\\u0443\\u0433\\u0438\\u0445 \\u043f\\u0430\\u0440\\u0430\\u043c\\u0435\\u0442\\u0440\\u043e\\u0432 \\u0440\\u0430\\u0431\\u043e\\u0442\\u044b \\u043c\\u0430\\u0448\\u0438\\u043d\",\"potentialAction\":[{\"@type\":\"SearchAction\",\"target\":\"https:\/\/mechatronics.by\/?s={search_term_string}\",\"query-input\":\"required name=search_term_string\"}],\"inLanguage\":\"pt-BR\"},{\"@type\":\"ImageObject\",\"@id\":\"https:\/\/mechatronics.by\/products\/data-interfaces\/eurosens-destination-01\/#primaryimage\",\"inLanguage\":\"pt-BR\",\"url\":\"\/\/mechatronics.by\/wp-content\/uploads\/2020\/12\/MKU_5266.jpg\",\"contentUrl\":\"\/\/mechatronics.by\/wp-content\/uploads\/2020\/12\/MKU_5266.jpg\"},{\"@type\":\"WebPage\",\"@id\":\"https:\/\/mechatronics.by\/products\/data-interfaces\/eurosens-destination-01\/#webpage\",\"url\":\"https:\/\/mechatronics.by\/products\/data-interfaces\/eurosens-destination-01\/\",\"name\":\"Eurosens Destination | \\u041c\\u0435\\u0445\\u0430\\u0442\\u0440\\u043e\\u043d\\u0438\\u043a\\u0430\",\"isPartOf\":{\"@id\":\"https:\/\/mechatronics.by\/#website\"},\"primaryImageOfPage\":{\"@id\":\"https:\/\/mechatronics.by\/products\/data-interfaces\/eurosens-destination-01\/#primaryimage\"},\"datePublished\":\"2014-05-02T11:32:56+00:00\",\"dateModified\":\"2021-04-12T21:03:16+00:00\",\"description\":\"\\u0421 \\u043f\\u043e\\u043c\\u043e\\u0449\\u044c\\u044e Eurosens Destination \\u043c\\u043e\\u0436\\u043d\\u043e \\u043a\\u043e\\u043d\\u0444\\u0438\\u0433\\u0443\\u0440\\u0438\\u0440\\u043e\\u0432\\u0430\\u0442\\u044c \\u0442\\u0438\\u043f\\u044b \\u0432\\u044b\\u0445\\u043e\\u0434\\u043d\\u044b\\u0445 \\u0441\\u0438\\u0433\\u043d\\u0430\\u043b\\u043e\\u0432 \\u0434\\u0430\\u0442\\u0447\\u0438\\u043a\\u043e\\u0432 Eurosens, \\u0430 \\u0442\\u0430\\u043a\\u0436\\u0435 \\u0438\\u0445 \\u043a\\u0430\\u043b\\u0438\\u0431\\u0440\\u043e\\u0432\\u043e\\u0447\\u043d\\u044b\\u0435 \\u043a\\u043e\\u044d\\u0444\\u0444\\u0438\\u0446\\u0438\\u0435\\u043d\\u0442\\u044b \\u0438 \\u0442\\u0430\\u0440\\u0438\\u0440\\u043e\\u0432\\u043e\\u0447\\u043d\\u044b\\u0435 \\u0442\\u0430\\u0431\\u043b\\u0438\\u0446\\u044b.\",\"breadcrumb\":{\"@id\":\"https:\/\/mechatronics.by\/products\/data-interfaces\/eurosens-destination-01\/#breadcrumb\"},\"inLanguage\":\"pt-BR\",\"potentialAction\":[{\"@type\":\"ReadAction\",\"target\":[\"https:\/\/mechatronics.by\/products\/data-interfaces\/eurosens-destination-01\/\"]}]},{\"@type\":\"BreadcrumbList\",\"@id\":\"https:\/\/mechatronics.by\/products\/data-interfaces\/eurosens-destination-01\/#breadcrumb\",\"itemListElement\":[{\"@type\":\"ListItem\",\"position\":1,\"item\":{\"@type\":\"WebPage\",\"@id\":\"https:\/\/mechatronics.by\/\",\"url\":\"https:\/\/mechatronics.by\/\",\"name\":\"Home\"}},{\"@type\":\"ListItem\",\"position\":2,\"item\":{\"@type\":\"WebPage\",\"@id\":\"https:\/\/mechatronics.by\/products\/\",\"url\":\"https:\/\/mechatronics.by\/products\/\",\"name\":\"\\u041f\\u0440\\u043e\\u0434\\u0443\\u043a\\u0442\\u044b\"}},{\"@type\":\"ListItem\",\"position\":3,\"item\":{\"@type\":\"WebPage\",\"@id\":\"https:\/\/mechatronics.by\/products\/data-interfaces\/\",\"url\":\"https:\/\/mechatronics.by\/products\/data-interfaces\/\",\"name\":\"\\u0418\\u043d\\u0442\\u0435\\u0440\\u0444\\u0435\\u0439\\u0441\\u044b \\u0438 \\u043f\\u0435\\u0440\\u0435\\u0434\\u0430\\u0447\\u0430 \\u0434\\u0430\\u043d\\u043d\\u044b\\u0445\"}},{\"@type\":\"ListItem\",\"position\":4,\"item\":{\"@id\":\"https:\/\/mechatronics.by\/products\/data-interfaces\/eurosens-destination-01\/#webpage\"}}]}]}<\/script>\n<!-- \/ Yoast SEO plugin. -->","_links":{"self":[{"href":"https:\/\/mechatronics.by\/pt\/wp-json\/wp\/v2\/pages\/4701"}],"collection":[{"href":"https:\/\/mechatronics.by\/pt\/wp-json\/wp\/v2\/pages"}],"about":[{"href":"https:\/\/mechatronics.by\/pt\/wp-json\/wp\/v2\/types\/page"}],"author":[{"embeddable":true,"href":"https:\/\/mechatronics.by\/pt\/wp-json\/wp\/v2\/users\/1"}],"replies":[{"embeddable":true,"href":"https:\/\/mechatronics.by\/pt\/wp-json\/wp\/v2\/comments?post=4701"}],"version-history":[{"count":20,"href":"https:\/\/mechatronics.by\/pt\/wp-json\/wp\/v2\/pages\/4701\/revisions"}],"predecessor-version":[{"id":11975,"href":"https:\/\/mechatronics.by\/pt\/wp-json\/wp\/v2\/pages\/4701\/revisions\/11975"}],"up":[{"embeddable":true,"href":"https:\/\/mechatronics.by\/pt\/wp-json\/wp\/v2\/pages\/11557"}],"wp:attachment":[{"href":"https:\/\/mechatronics.by\/pt\/wp-json\/wp\/v2\/media?parent=4701"}],"curies":[{"name":"wp","href":"https:\/\/api.w.org\/{rel}","templated":true}]}}