{"id":4723,"date":"2014-05-03T23:14:42","date_gmt":"2014-05-03T20:14:42","guid":{"rendered":"http:\/\/mechatronics.by\/?page_id=4723"},"modified":"2025-10-14T14:06:39","modified_gmt":"2025-10-14T11:06:39","slug":"plant","status":"publish","type":"page","link":"https:\/\/mechatronics.by\/pt\/plant\/","title":{"rendered":"Fabrica"},"content":{"rendered":"<p><\/p>\n<p>As instala\u00e7\u00f5es de produ\u00e7\u00e3o da Mechatronics est\u00e3o localizadas em Vileika. Esta pequena cidade bielorrussa \u00e9 conhecida desde os tempos da URSS como centro de engenharia. Nossa equipe \u00e9 a principal capital da nossa empresa. Hoje em dia, voc\u00ea pode pensar que tudo \u00e9 produzido na China e, em seguida, sob a marca inventada vai para o mercado local. N\u00e3o \u00e9 nosso caminho, em Vileyka, inventamos, desenvolvemos e fazemos um ciclo de produ\u00e7\u00e3o completo, pois isso garante o controle do produto em todas as etapas do processo.<\/p>\n<p><iframe loading=\"lazy\" title=\"Mechatronics - manufacturer of the advanced fleet tracking solutions\" width=\"669\" height=\"376\" src=\"https:\/\/www.youtube.com\/embed\/EEi96e3HvWs?feature=oembed\" frameborder=\"0\" allow=\"accelerometer; autoplay; clipboard-write; encrypted-media; gyroscope; picture-in-picture; web-share\" referrerpolicy=\"strict-origin-when-cross-origin\" allowfullscreen><\/iframe><\/p>\n<h3><strong>As capacidades tecnol\u00f3gicas da nossa empresa s\u00e3o as seguintes:<\/strong><\/h3>\n<table class=\"rtable\" style=\"border-color: #000000;\" width=\"846\">\n<thead>\n<tr>\n<td style=\"border-color: #000000;\"><strong>Opera\u00e7\u00e3o<\/strong><\/td>\n<td style=\"border-color: #000000;\"><strong>Tamanho, mm<\/strong><\/td>\n<td style=\"border-color: #000000;\"><strong>Precis\u00e3o<\/strong><\/td>\n<td style=\"border-color: #000000;\" width=\"186\"><strong>Material a ser processado<\/strong><\/td>\n<td style=\"border-color: #000000;\" width=\"217\"><strong>Comente<\/strong><\/td>\n<\/tr>\n<tr>\n<td>Usinagem autom\u00e1tica<\/td>\n<td>Detalhes de produtos laminados redondos e hexagonais de at\u00e9 20mm de di\u00e2metro e at\u00e9 50mm de comprimento<\/td>\n<td>Classifica\u00e7\u00e3o de toler\u00e2ncia: 11<\/td>\n<td width=\"186\">Ligas de alum\u00ednio e lat\u00e3o<\/td>\n<td width=\"217\">Para produ\u00e7\u00e3o em massa e em larga escala<\/td>\n<\/tr>\n<tr>\n<td>Corte CNC<\/td>\n<td>Blanks com um di\u00e2metro de 250 mm e um comprimento de at\u00e9 500 mm<\/td>\n<td>Classifica\u00e7\u00e3o de toler\u00e2ncia: 9<\/td>\n<td width=\"186\">Ligas, a\u00e7o e materiais n\u00e3o met\u00e1licos<\/td>\n<td width=\"217\">A produ\u00e7\u00e3o de baixo volume \u00e9 poss\u00edvel<\/td>\n<\/tr>\n<tr>\n<td>Fresagem CNC<\/td>\n<td>Detalhes at\u00e9 5 kg de massa e dimens\u00f5es m\u00e1ximas 300\u0445250\u0445100<\/td>\n<td>Classifica\u00e7\u00e3o de toler\u00e2ncia: 9<\/td>\n<td width=\"186\">Ligas, a\u00e7o e materiais n\u00e3o met\u00e1licos<\/td>\n<td width=\"217\">A produ\u00e7\u00e3o de baixo volume \u00e9 poss\u00edvel<\/td>\n<\/tr>\n<tr>\n<td>Trabalho coordenado-chato e de perfura\u00e7\u00e3o<\/td>\n<td>Di\u00e2metro de perfura\u00e7\u00e3o de 0,5 a 150 mm em detalhes com dimens\u00f5es m\u00e1ximas 300\u0445250\u0445100<\/td>\n<td>Grau de toler\u00e2ncia: 7, posi\u00e7\u00e3o + 0,02 mm<\/td>\n<td width=\"186\">\u00a0<\/td>\n<td width=\"217\">A produ\u00e7\u00e3o de baixo volume \u00e9 poss\u00edvel<\/td>\n<\/tr>\n<tr>\n<td>Forjando produ\u00e7\u00e3o (Curvatura, corte, estampagem)<\/td>\n<td>Processamento de chapas (com espessura at\u00e9 3 mm)<\/td>\n<td>&#8211;<\/td>\n<td width=\"186\">\u00a0<\/td>\n<td width=\"217\">Para produ\u00e7\u00e3o em massa e em larga escala<\/td>\n<\/tr>\n<tr>\n<td>Fundi\u00e7\u00e3o de ligas de alum\u00ednio<\/td>\n<td>Detalhes com massa at\u00e9 0,5 kg<\/td>\n<td>&nbsp;<\/td>\n<td width=\"186\">\u00a0<\/td>\n<td width=\"217\">Para produ\u00e7\u00e3o em massa e em larga escala<\/td>\n<\/tr>\n<tr>\n<td>Fundi\u00e7\u00e3o de pl\u00e1sticos<\/td>\n<td>Detalhes com massa at\u00e9 0,3 kg<\/td>\n<td>&nbsp;<\/td>\n<td width=\"186\">\u00a0<\/td>\n<td width=\"217\">Para produ\u00e7\u00e3o em massa e em larga escala<\/td>\n<\/tr>\n<tr>\n<td>Aplica\u00e7\u00e3o de revestimentos galv\u00e2nicos e de pintura<\/td>\n<td>&nbsp;<\/td>\n<td>&nbsp;<\/td>\n<td width=\"186\">Zincagem, anodiza\u00e7\u00e3o, oxida\u00e7\u00e3o para metais ferrosos e n\u00e3o ferrosos<\/td>\n<td width=\"217\">Para produ\u00e7\u00e3o em massa e em larga escala<\/td>\n<\/tr>\n<\/thead>\n<\/table>\n<p><\/p>","protected":false},"excerpt":{"rendered":"<p>As instala\u00e7\u00f5es de produ\u00e7\u00e3o da Mechatronics est\u00e3o localizadas em Vileika. Esta pequena cidade bielorrussa \u00e9 conhecida desde os tempos da URSS como centro de engenharia. Nossa equipe \u00e9 a principal capital da nossa empresa. Hoje em dia, voc\u00ea pode pensar que tudo \u00e9 produzido na China e, em seguida, sob a marca inventada vai para [&hellip;]<\/p>\n","protected":false},"author":1,"featured_media":0,"parent":0,"menu_order":0,"comment_status":"open","ping_status":"open","template":"full-width.php","meta":[],"yoast_head":"<!-- This site is optimized with the Yoast SEO plugin v16.4 - https:\/\/yoast.com\/wordpress\/plugins\/seo\/ -->\n<title>(English) Mechatronics factory<\/title>\n<meta name=\"description\" content=\"(Espa\u00f1ol) Las instalaciones de producci\u00f3n de Mechatronics se encuentran en Vileika. Esta peque\u00f1a ciudad bielorrusa se conoce desde tiempos de la URSS como un centro\" \/>\n<meta name=\"robots\" content=\"index, follow, max-snippet:-1, max-image-preview:large, max-video-preview:-1\" \/>\n<link rel=\"canonical\" href=\"https:\/\/mechatronics.by\/plant\/\" \/>\n<meta property=\"og:locale\" content=\"pt_BR\" \/>\n<meta property=\"og:type\" content=\"article\" \/>\n<meta property=\"og:title\" content=\"[:en] Mechatronics factory [:ru] \u041f\u0440\u043e\u0438\u0437\u0432\u043e\u0434\u0441\u0442\u0432\u043e \u0417\u0410\u041e \u041c\u0435\u0445\u0430\u0442\u0440\u043e\u043d\u0438\u043a\u0430[:]\" \/>\n<meta property=\"og:description\" content=\"{:es}Las instalaciones de producci\u00f3n de Mechatronics se encuentran en Vileika. Esta peque\u00f1a ciudad bielorrusa se conoce desde tiempos de la URSS como un centro {:en}Las instalaciones de producci\u00f3n de Mechatronics se encuentran en Vileika. Esta peque\u00f1a ciudad bielorrusa se conoce desde tiempos de la URSS como un centro {:ru}Las instalaciones de producci\u00f3n de Mechatronics se encuentran en Vileika. Esta peque\u00f1a ciudad bielorrusa se conoce desde tiempos de la URSS como un centro Fabrica {:fr}Las instalaciones de producci\u00f3n de Mechatronics se encuentran en Vileika. Esta peque\u00f1a ciudad bielorrusa se conoce desde tiempos de la URSS como un centro {:}\" \/>\n<meta property=\"og:url\" content=\"https:\/\/mechatronics.by\/plant\/\" \/>\n<meta property=\"og:site_name\" content=\"Mechatronics\" \/>\n<meta property=\"article:publisher\" content=\"https:\/\/www.facebook.com\/EurosensDelta\" \/>\n<meta property=\"article:modified_time\" content=\"2025-10-14T11:06:39+00:00\" \/>\n<meta name=\"twitter:label1\" content=\"Est. tempo de leitura\" \/>\n\t<meta name=\"twitter:data1\" content=\"2 minutos\" \/>\n<script type=\"application\/ld+json\" class=\"yoast-schema-graph\">{\"@context\":\"https:\/\/schema.org\",\"@graph\":[{\"@type\":\"WebSite\",\"@id\":\"https:\/\/mechatronics.by\/#website\",\"url\":\"https:\/\/mechatronics.by\/\",\"name\":\"Mechatronics\",\"description\":\"\\u041a\\u043e\\u043d\\u0442\\u0440\\u043e\\u043b\\u044c \\u0440\\u0430\\u0441\\u0445\\u043e\\u0434\\u0430 \\u0442\\u043e\\u043f\\u043b\\u0438\\u0432\\u0430 \\u0438 \\u0434\\u0440\\u0443\\u0433\\u0438\\u0445 \\u043f\\u0430\\u0440\\u0430\\u043c\\u0435\\u0442\\u0440\\u043e\\u0432 \\u0440\\u0430\\u0431\\u043e\\u0442\\u044b \\u043c\\u0430\\u0448\\u0438\\u043d\",\"potentialAction\":[{\"@type\":\"SearchAction\",\"target\":\"https:\/\/mechatronics.by\/?s={search_term_string}\",\"query-input\":\"required name=search_term_string\"}],\"inLanguage\":\"pt-BR\"},{\"@type\":\"ImageObject\",\"@id\":\"https:\/\/mechatronics.by\/plant\/#primaryimage\",\"inLanguage\":\"pt-BR\",\"url\":\"https:\/\/mechatronics.by\/wp-content\/uploads\/2020\/05\/meter-asm.png\",\"contentUrl\":\"https:\/\/mechatronics.by\/wp-content\/uploads\/2020\/05\/meter-asm.png\",\"width\":231,\"height\":314},{\"@type\":\"WebPage\",\"@id\":\"https:\/\/mechatronics.by\/plant\/#webpage\",\"url\":\"https:\/\/mechatronics.by\/plant\/\",\"name\":\"[:en] Mechatronics factory [:ru] \\u041f\\u0440\\u043e\\u0438\\u0437\\u0432\\u043e\\u0434\\u0441\\u0442\\u0432\\u043e \\u0417\\u0410\\u041e \\u041c\\u0435\\u0445\\u0430\\u0442\\u0440\\u043e\\u043d\\u0438\\u043a\\u0430[:]\",\"isPartOf\":{\"@id\":\"https:\/\/mechatronics.by\/#website\"},\"primaryImageOfPage\":{\"@id\":\"https:\/\/mechatronics.by\/plant\/#primaryimage\"},\"datePublished\":\"2014-05-03T20:14:42+00:00\",\"dateModified\":\"2025-10-14T11:06:39+00:00\",\"description\":\"{:es}Las instalaciones de producci\\u00f3n de Mechatronics se encuentran en Vileika. Esta peque\\u00f1a ciudad bielorrusa se conoce desde tiempos de la URSS como un centro {:en}Las instalaciones de producci\\u00f3n de Mechatronics se encuentran en Vileika. Esta peque\\u00f1a ciudad bielorrusa se conoce desde tiempos de la URSS como un centro {:ru}Las instalaciones de producci\\u00f3n de Mechatronics se encuentran en Vileika. Esta peque\\u00f1a ciudad bielorrusa se conoce desde tiempos de la URSS como un centro Fabrica {:fr}Las instalaciones de producci\\u00f3n de Mechatronics se encuentran en Vileika. Esta peque\\u00f1a ciudad bielorrusa se conoce desde tiempos de la URSS como un centro {:}\",\"breadcrumb\":{\"@id\":\"https:\/\/mechatronics.by\/plant\/#breadcrumb\"},\"inLanguage\":\"pt-BR\",\"potentialAction\":[{\"@type\":\"ReadAction\",\"target\":[\"https:\/\/mechatronics.by\/plant\/\"]}]},{\"@type\":\"BreadcrumbList\",\"@id\":\"https:\/\/mechatronics.by\/plant\/#breadcrumb\",\"itemListElement\":[{\"@type\":\"ListItem\",\"position\":1,\"item\":{\"@type\":\"WebPage\",\"@id\":\"https:\/\/mechatronics.by\/\",\"url\":\"https:\/\/mechatronics.by\/\",\"name\":\"Home\"}},{\"@type\":\"ListItem\",\"position\":2,\"item\":{\"@id\":\"https:\/\/mechatronics.by\/plant\/#webpage\"}}]}]}<\/script>\n<!-- \/ Yoast SEO plugin. -->","_links":{"self":[{"href":"https:\/\/mechatronics.by\/pt\/wp-json\/wp\/v2\/pages\/4723"}],"collection":[{"href":"https:\/\/mechatronics.by\/pt\/wp-json\/wp\/v2\/pages"}],"about":[{"href":"https:\/\/mechatronics.by\/pt\/wp-json\/wp\/v2\/types\/page"}],"author":[{"embeddable":true,"href":"https:\/\/mechatronics.by\/pt\/wp-json\/wp\/v2\/users\/1"}],"replies":[{"embeddable":true,"href":"https:\/\/mechatronics.by\/pt\/wp-json\/wp\/v2\/comments?post=4723"}],"version-history":[{"count":39,"href":"https:\/\/mechatronics.by\/pt\/wp-json\/wp\/v2\/pages\/4723\/revisions"}],"predecessor-version":[{"id":13982,"href":"https:\/\/mechatronics.by\/pt\/wp-json\/wp\/v2\/pages\/4723\/revisions\/13982"}],"wp:attachment":[{"href":"https:\/\/mechatronics.by\/pt\/wp-json\/wp\/v2\/media?parent=4723"}],"curies":[{"name":"wp","href":"https:\/\/api.w.org\/{rel}","templated":true}]}}