{"id":6749,"date":"2016-04-16T13:08:57","date_gmt":"2016-04-16T10:08:57","guid":{"rendered":"http:\/\/mechatronics.by\/?page_id=6749"},"modified":"2025-03-06T19:05:59","modified_gmt":"2025-03-06T16:05:59","slug":"eurosens-dizzi","status":"publish","type":"page","link":"https:\/\/mechatronics.by\/pt\/products\/level-control\/eurosens-dizzi\/","title":{"rendered":"Eurosens Dizzi"},"content":{"rendered":"<p><\/p>\n<h2><strong><span style=\"color: #003366;\">Sensor de n\u00edvel de l\u00edquido Dizzi<\/span><\/strong><\/h2>\n<p>Sensores de n\u00edvel ultra-s\u00f4nicos eurosens Dizzi usados para a medi\u00e7\u00e3o sem contacto (<strong>\u201csem incut\u201d<\/strong>) n\u00edvel de l\u00edquido (ambientes acusticamente transparente). Medi\u00e7\u00e3o de n\u00edvel \u00e9 realizada por ecolocaliza\u00e7\u00e3o atrav\u00e9s do fundo do tanque.<\/p>\n\n\t\t<style type=\"text\/css\">\n\t\t\t#gallery-4 {\n\t\t\t\tmargin: auto;\n\t\t\t}\n\t\t\t#gallery-4 .gallery-item {\n\t\t\t\tfloat: left;\n\t\t\t\tmargin-top: 10px;\n\t\t\t\ttext-align: center;\n\t\t\t\twidth: 50%;\n\t\t\t}\n\t\t\t#gallery-4 img {\n\t\t\t\tborder: 2px solid #cfcfcf;\n\t\t\t}\n\t\t\t#gallery-4 .gallery-caption {\n\t\t\t\tmargin-left: 0;\n\t\t\t}\n\t\t\t\/* see gallery_shortcode() in wp-includes\/media.php *\/\n\t\t<\/style>\n\t\t<div id='gallery-4' class='gallery galleryid-6749 gallery-columns-2 gallery-size-thumbnail'><dl class='gallery-item'>\n\t\t\t<dt class='gallery-icon landscape'>\n\t\t\t\t<a rel=\"prettyPhoto[postimages]\" href='https:\/\/mechatronics.by\/wp-content\/uploads\/2019\/09\/MKU_2640.jpg'><img width=\"150\" height=\"150\" src=\"https:\/\/mechatronics.by\/wp-content\/uploads\/2019\/09\/MKU_2640-150x150.jpg\" class=\"attachment-thumbnail size-thumbnail\" alt=\"Eurosens Dizzi ultrasonic fuel level sensor\" loading=\"lazy\" srcset=\"https:\/\/mechatronics.by\/wp-content\/uploads\/2019\/09\/MKU_2640-150x150.jpg 150w, https:\/\/mechatronics.by\/wp-content\/uploads\/2019\/09\/MKU_2640-66x66.jpg 66w\" sizes=\"(max-width: 150px) 100vw, 150px\" \/><\/a>\n\t\t\t<\/dt><\/dl><dl class='gallery-item'>\n\t\t\t<dt class='gallery-icon landscape'>\n\t\t\t\t<a rel=\"prettyPhoto[postimages]\" href='https:\/\/mechatronics.by\/wp-content\/uploads\/2019\/09\/MKU_2641.jpg'><img width=\"150\" height=\"150\" src=\"https:\/\/mechatronics.by\/wp-content\/uploads\/2019\/09\/MKU_2641-150x150.jpg\" class=\"attachment-thumbnail size-thumbnail\" alt=\"\" loading=\"lazy\" srcset=\"https:\/\/mechatronics.by\/wp-content\/uploads\/2019\/09\/MKU_2641-150x150.jpg 150w, https:\/\/mechatronics.by\/wp-content\/uploads\/2019\/09\/MKU_2641-66x66.jpg 66w\" sizes=\"(max-width: 150px) 100vw, 150px\" \/><\/a>\n\t\t\t<\/dt><\/dl><br style=\"clear: both\" \/>\n\t\t<\/div>\n\n<style type='text\/css'>\n\t#tabs-4,#tabs-4.tabs-vertical .tabs,#tabs-4.tabs-vertical .tab_content{border-color:#ebeaea !important;}\n\t#main #tabs-4.tabs-horizontal,#tabs-4.tabs-vertical .tab_content,.pyre_tabs .tabs-container{background-color:#ffffff !important;}\n\tbody #tabs-4.shortcode-tabs .tab-hold .tabs li,body.dark #sidebar .tab-hold .tabs li{border-right:1px solid #ffffff !important;}\n\tbody #tabs-4.shortcode-tabs .tab-hold .tabs li:last-child{border-right-width:0 !important;}\n\tbody #tabs-4.shortcode-tabs .tab-hold .tabs li.no-border-right{border-right-width:0 !important;}\n\tbody #main #tabs-4 .tab-hold .tabs li a{background:#ebeaea !important;border-bottom:0 !important;color:#747474;}\n\tbody #main #tabs-4 .tab-hold .tabs li a:hover{background:#ffffff !important;border-bottom:0 !important;}\n\tbody #main #tabs-4 .tab-hold .tabs li.active a,body #main #tabs-4 .tab-hold .tabs li.active{background:#ffffff !important;border-bottom:0 !important;}\n\t#sidebar .tab-hold .tabs li.active a{border-top-color:#1a80b6 !important;}\n\t<\/style><div id=\"tabs-4\" class=\"tab-holder shortcode-tabs clearfix tabs-horizontal\"><div class=\"tab-hold tabs-wrapper\"><ul id=\"tabs\" class=\"tabset tabs\"><li><a href=\"#tab1\">Principais benef\u00edcios<\/a><\/li><li><a href=\"#tab2\">Caracter\u00edsticas t\u00e9cnicas<\/a><\/li><li><a href=\"#tab3\">Para profissionais<\/a><\/li><\/ul><div class=\"tab-box tabs-container\"> <div id=\"tab1\" class=\"tab tab_content\">\n<ul>\n<li>Ela n\u00e3o requer uma altera\u00e7\u00e3o da estrutura do tanque. Todos os elementos sensores est\u00e3o localizados do lado de fora do tanque, o que \u00e9 especialmente importante controle da agressiva, explosivo, l\u00edquidos est\u00e9reis, bem como fluidos sob alta press\u00e3o<\/li>\n<li>Medir o n\u00edvel de qualquer l\u00edquido, incluindo o g\u00e1s liquefeito<\/li>\n<li>Built-in algoritmo de auto-teste assegura a precis\u00e3o dos dados<\/li>\n<li>De marca\u00e7\u00e3o protec\u00e7\u00e3o contra explos\u00f5es\u00a0<span style=\"line-height: 1.5;\">( <\/span>0\u0415\u0445 ia IIC T6 Ga, [Ex ia Ga] IIC<span style=\"line-height: 1.5;\"> )<\/span><\/li>\n<\/ul>\n<\/div> <div id=\"tab2\" class=\"tab tab_content\">\n<table>\n<tbody>\n<tr>\n<td width=\"217\">Tens\u00e3o, V<\/td>\n<td width=\"94\">9 \u2013 30<\/td>\n<\/tr>\n<tr>\n<td width=\"217\">\u00c0 espessura rayed da parede do tanque, mm<\/td>\n<td width=\"94\">0 \u2013 5<\/td>\n<\/tr>\n<tr>\n<td width=\"217\">Resolu\u00e7\u00e3o de (em repouso), \u043c\u043c<\/td>\n<td width=\"94\">0,1<\/td>\n<\/tr>\n<tr>\n<td width=\"217\">Protec\u00e7\u00e3o contra invers\u00e3o de polaridade<\/td>\n<td width=\"94\">sim<\/td>\n<\/tr>\n<tr>\n<td width=\"217\">Faixa de temperatura, \u00b0C<\/td>\n<td width=\"94\">-40 &#8211; +85<\/td>\n<\/tr>\n<tr>\n<td width=\"217\">\u00a0A interface de sa\u00edda<\/td>\n<td width=\"94\">RS-485<\/td>\n<\/tr>\n<tr>\n<td width=\"217\">Protocolos digitais<\/td>\n<td width=\"94\">LLS, Modbus<\/td>\n<\/tr>\n<tr>\n<td width=\"217\">Grau de protec\u00e7\u00e3o<\/td>\n<td width=\"94\">IP 67<\/td>\n<\/tr>\n<\/tbody>\n<\/table>\n<\/div> <div id=\"tab3\" class=\"tab tab_content\">\n<table style=\"height: 34px; width: 1033px;\" width=\"1045\">\n<tbody>\n<tr>\n<td style=\"width: 300px;\"><b>Passaporte\u00a0Dizzi<\/b><\/td>\n<td style=\"text-align: left; width: 733px;\"><div class='w3eden'><!-- WPDM Link Template: Button Template -->\n\n<a class='wpdm-download-link download-on-click btn btn-primary ' rel='nofollow' href='#' data-downloadurl=\"https:\/\/mechatronics.by\/pt\/download\/%d0%bf-dizzi-%d0%ba%d0%be%d1%80%d0%b7%d0%b5%d0%bb%d1%80%d0%be%d0%b7%d0%be%d0%b2%d1%8b%d0%b9%d0%b6%d0%b5%d0%bb%d1%82-pdf\/?wpdmdl=11782&refresh=6a07e5a07b5311778902432\"><i class=\"fas fa-file-download\"><\/i><\/a><\/div><\/td>\n<\/tr>\n<tr>\n<td style=\"width: 300px;\"><b>Programa para encontrar uma localiza\u00e7\u00e3o instalar\u00a0<\/b><\/td>\n<td style=\"text-align: left; width: 733px;\"><div class='w3eden'><!-- WPDM Link Template: Button Template -->\n\n<a class='wpdm-download-link download-on-click btn btn-primary ' rel='nofollow' href='#' data-downloadurl=\"https:\/\/mechatronics.by\/pt\/download\/cay_oscilloscope_ver_02_02-zip\/?wpdmdl=11783&refresh=6a07e5a07f8161778902432\"><i class=\"fas fa-file-download\"><\/i><\/a><\/div><\/td>\n<\/tr>\n<tr>\n<td style=\"width: 300px;\"><b>Manual de instala\u00e7\u00e3o Eurosens\u00a0Dizzi<\/b><\/td>\n<td style=\"text-align: left; width: 733px;\"><div class='w3eden'><!-- WPDM Link Template: Button Template -->\n\n<a class='wpdm-download-link download-on-click btn btn-primary ' rel='nofollow' href='#' data-downloadurl=\"https:\/\/mechatronics.by\/pt\/download\/1539874079wpdm_mechatronics_eurosens-dizzi_re-por-pdf\/?wpdmdl=11939&refresh=6a07e5a0838f81778902432\"><i class=\"fas fa-file-download\"><\/i><\/a><\/div><\/td>\n<\/tr>\n<tr>\n<td style=\"width: 300px;\"><b>O programa &#8211; configurador Eurosens Dizzi<\/b><\/td>\n<td style=\"text-align: left; width: 733px;\"><div class='w3eden'><!-- WPDM Link Template: Button Template -->\n\n<a class='wpdm-download-link download-on-click btn btn-primary ' rel='nofollow' href='#' data-downloadurl=\"https:\/\/mechatronics.by\/pt\/download\/eurosens-dizzi-utility\/?wpdmdl=12063&refresh=6a07e5a0870761778902432\"><i class=\"fas fa-file-download\"><\/i><\/a><\/div><\/td>\n<\/tr>\n<tr>\n<td style=\"width: 300px;\"><b>Guia de personaliza\u00e7\u00e3o Eurosens Dizzi<\/b><\/td>\n<td style=\"text-align: left; width: 733px;\"><div class='w3eden'><!-- WPDM Link Template: Button Template -->\n\n<a class='wpdm-download-link download-on-click btn btn-primary ' rel='nofollow' href='#' data-downloadurl=\"https:\/\/mechatronics.by\/pt\/download\/mechatronics_dizzi_%d0%bd%d0%b0%d1%81%d1%82%d1%80%d0%be%d0%b9%d0%ba%d0%b0-ru_v1-pdf\/?wpdmdl=11786&refresh=6a07e5a0891461778902432\"><i class=\"fas fa-file-download\"><\/i><\/a><\/div><\/td>\n<\/tr>\n<tr>\n<td style=\"width: 300px;\"><b>Firmware Dizzi e configura\u00e7\u00e3o b\u00e1sica<\/b><\/td>\n<td style=\"text-align: left; width: 733px;\"><div class='w3eden'><!-- WPDM Link Template: Button Template -->\n\n<a class='wpdm-download-link download-on-click btn btn-primary ' rel='nofollow' href='#' data-downloadurl=\"https:\/\/mechatronics.by\/pt\/download\/firmware-and-configuration-zip\/?wpdmdl=11787&refresh=6a07e5a08c9cc1778902432\"><i class=\"fas fa-file-download\"><\/i><\/a><\/div><\/td>\n<\/tr>\n<\/tbody>\n<\/table>\n<\/div> <\/div><\/div><\/div> Orienta\u00e7\u00f5es sobre a Instala\u00e7\u00e3o e configura\u00e7\u00e3o &#8211; inser\u00e7\u00e3o <strong>Para profissionais<\/strong>.<\/p>\n<table style=\"height: 34px;\" width=\"1045\">\n<tbody>\n<tr>\n<td style=\"width: 300px;\"><b>Descri\u00e7\u00e3o\u00a0Dizzi<\/b><\/td>\n<td style=\"text-align: left;\"><div class='w3eden'><!-- WPDM Link Template: Button Template -->\n\n<a class='wpdm-download-link download-on-click btn btn-primary ' rel='nofollow' href='#' data-downloadurl=\"https:\/\/mechatronics.by\/pt\/download\/1514620741wpdm_eurosens-dizzi-ru_v3-pdf\/?wpdmdl=11789&refresh=6a07e5a08e33f1778902432\"><i class=\"fas fa-file-download\"><\/i><\/a><\/div><\/td>\n<\/tr>\n<\/tbody>\n<\/table>\n<table style=\"height: 34px;\" width=\"1045\">\n<tbody>\n<tr>\n<td style=\"width: 300px;\"><b>Esquema de instala\u00e7\u00e3o Eurosens Dizzi<\/b><\/td>\n<td style=\"text-align: left;\"><div class='w3eden'><!-- WPDM Link Template: Button Template -->\n\n<a class='wpdm-download-link download-on-click btn btn-primary ' rel='nofollow' href='#' data-downloadurl=\"https:\/\/mechatronics.by\/pt\/download\/1539874186wpdm_eurosens-dizzi-installation_ru-pdf\/?wpdmdl=11790&refresh=6a07e5a08fb8b1778902432\"><i class=\"fas fa-file-download\"><\/i><\/a><\/div><\/td>\n<\/tr>\n<\/tbody>\n<\/table>\n<table style=\"border-collapse: collapse; width: 100%;\">\n<tbody>\n<tr>\n<td style=\"width: 50%;\"><a href=\"https:\/\/mechatronics.by\/wp-content\/uploads\/2023\/01\/join-telegram.png\"><img loading=\"lazy\" class=\"wp-image-13044 size-full aligncenter\" src=\"https:\/\/mechatronics.by\/wp-content\/uploads\/2023\/01\/join-telegram.png\" alt=\"\" width=\"300\" height=\"116\" data-wp-editing=\"1\" \/><\/a><\/td>\n<td style=\"width: 50%;\">\u00a0<a href=\"https:\/\/www.youtube.com\/@MechatronicsTV\/videos\"><img loading=\"lazy\" class=\"aligncenter wp-image-12963 size-medium\" src=\"https:\/\/mechatronics.by\/wp-content\/uploads\/2023\/01\/youtube-subscr-300x97.gif\" alt=\"\" width=\"300\" height=\"97\" srcset=\"https:\/\/mechatronics.by\/wp-content\/uploads\/2023\/01\/youtube-subscr-300x97.gif 300w, https:\/\/mechatronics.by\/wp-content\/uploads\/2023\/01\/youtube-subscr-1024x330.gif 1024w, https:\/\/mechatronics.by\/wp-content\/uploads\/2023\/01\/youtube-subscr-768x247.gif 768w\" sizes=\"(max-width: 300px) 100vw, 300px\" \/><\/a><\/td>\n<\/tr>\n<\/tbody>\n<\/table>\n<p><\/p>","protected":false},"excerpt":{"rendered":"<p>Sensor de n\u00edvel de l\u00edquido Dizzi Sensores de n\u00edvel ultra-s\u00f4nicos eurosens Dizzi usados para a medi\u00e7\u00e3o sem contacto (\u201csem incut\u201d) n\u00edvel de l\u00edquido (ambientes acusticamente transparente). Medi\u00e7\u00e3o de n\u00edvel \u00e9 realizada por ecolocaliza\u00e7\u00e3o atrav\u00e9s do fundo do tanque. Orienta\u00e7\u00f5es sobre a Instala\u00e7\u00e3o e configura\u00e7\u00e3o &#8211; inser\u00e7\u00e3o Para profissionais. Descri\u00e7\u00e3o\u00a0Dizzi Esquema de instala\u00e7\u00e3o Eurosens Dizzi \u00a0<\/p>\n","protected":false},"author":1,"featured_media":0,"parent":4632,"menu_order":8,"comment_status":"closed","ping_status":"closed","template":"side-navigation.php","meta":[],"yoast_head":"<!-- This site is optimized with the Yoast SEO plugin v16.4 - https:\/\/yoast.com\/wordpress\/plugins\/seo\/ -->\n<title>Sensor de n\u00edvel de l\u00edquido ultrass\u00f4nico Eurosens Dizzi<\/title>\n<meta name=\"description\" content=\"Sensores de n\u00edvel ultra-s\u00f4nicos eurosens Dizzi usados para a medi\u00e7\u00e3o sem contacto (\u201csem incut\u201d) n\u00edvel de l\u00edquido (ambientes acusticamente transparente).Medi\u00e7\u00e3o de n\u00edvel \u00e9 realizada por ecolocaliza\u00e7\u00e3o atrav\u00e9s do fundo do tanque.\" \/>\n<meta name=\"robots\" content=\"index, follow, max-snippet:-1, max-image-preview:large, max-video-preview:-1\" \/>\n<link rel=\"canonical\" href=\"https:\/\/mechatronics.by\/products\/level-control\/eurosens-dizzi\/\" \/>\n<meta property=\"og:locale\" content=\"pt_BR\" \/>\n<meta property=\"og:type\" content=\"article\" \/>\n<meta property=\"og:title\" content=\"[:es]Sensor ultras\u00f3nico de nivel de l\u00edquido Eurosens Dizzi[:en]Ultrasonic liquid level sensor Eurosens Dizzi[:ru]\u0423\u043b\u044c\u0442\u0440\u0430\u0437\u0432\u0443\u043a\u043e\u0432\u043e\u0439 \u0434\u0430\u0442\u0447\u0438\u043a \u0443\u0440\u043e\u0432\u043d\u044f Eurosens Dizzi[:pt]Sensor de n\u00edvel de l\u00edquido ultrass\u00f4nico Eurosens Dizzi[:fr]Capteur ultrasonique de niveau de liquide Eurosens Dizzi[:pl]Ultrad\u017awi\u0119kowy czujnik poziomu cieczy Eurosens Dizzi[:]\" \/>\n<meta property=\"og:description\" content=\"{:es}Sensor de nivel ultras\u00f3nico Eurosens Dizzi se utiliza para sin contacto (no invasivo) la medici\u00f3n de nivel de l\u00edquidos ac\u00fasticamente transparente.La medici\u00f3n se lleva a cabo a trav\u00e9s de la parte inferior del tanque por el metodo ecolocalizaci\u00f3n.{:en}Ultrasonic level sensor Eurosens Dizzi is used for non-contact (non-invasive) level measurement of acoustically transparent liquids. Measurement is done by external echolocation through the bottom of the tank. {:ru}\u0423\u043b\u044c\u0442\u0440\u0430\u0437\u0432\u0443\u043a\u043e\u0432\u043e\u0439 \u0434\u0430\u0442\u0447\u0438\u043a \u0443\u0440\u043e\u0432\u043d\u044f Eurosens Dizzi \u043f\u0440\u0438\u043c\u0435\u043d\u044f\u0435\u0442\u0441\u044f \u0434\u043b\u044f \u043a\u043e\u043d\u0442\u0440\u043e\u043b\u044f \u0436\u0438\u0434\u043a\u0438\u0445 \u0441\u0440\u0435\u0434 \u0431\u0435\u0437 \u0432\u0440\u0435\u0437\u043a\u0438 \u0432 \u0440\u0435\u0437\u0435\u0440\u0432\u0443\u0430\u0440 - \u0447\u0435\u0440\u0435\u0437 \u043d\u0438\u0436\u043d\u044e\u044e \u0441\u0442\u0435\u043d\u043a\u0443 \u0441\u043e\u0441\u0443\u0434\u0430.{:pt}Sensores de n\u00edvel ultra-s\u00f4nicos eurosens Dizzi usados para a medi\u00e7\u00e3o sem contacto (\u201csem incut\u201d) n\u00edvel de l\u00edquido (ambientes acusticamente transparente).Medi\u00e7\u00e3o de n\u00edvel \u00e9 realizada por ecolocaliza\u00e7\u00e3o atrav\u00e9s do fundo do tanque.{:fr}Les capteurs \u00e0 ultrasons eurosens niveau Dizzi utilis\u00e9 pour la mesure sans contact (\u201csans incut\u201d) niveau de liquide (m\u00e9dias acoustiquement transparent).La mesure de niveau est r\u00e9alis\u00e9e par echolocation \u00e0 travers le fond de la cuve. {:pl}Ultrad\u017awi\u0119kowy czujnik poziomu Eurosens Dizzi s\u0142u\u017cy do bezdotykowego (nieinwazyjnego) pomiaru poziomu przezroczystych cieczy. Pomiar odbywa si\u0119 za pomoc\u0105 echolokacji zewn\u0119trznej przez dno zbiornika.{:}\" \/>\n<meta property=\"og:url\" content=\"https:\/\/mechatronics.by\/products\/level-control\/eurosens-dizzi\/\" \/>\n<meta property=\"og:site_name\" content=\"Mechatronics\" \/>\n<meta property=\"article:publisher\" content=\"https:\/\/www.facebook.com\/EurosensDelta\" \/>\n<meta property=\"article:modified_time\" content=\"2025-03-06T16:05:59+00:00\" \/>\n<meta property=\"og:image\" content=\"https:\/\/mechatronics.by\/wp-content\/uploads\/2019\/09\/MKU_2640-150x150.jpg\" \/>\n<meta name=\"twitter:label1\" content=\"Est. tempo de leitura\" \/>\n\t<meta name=\"twitter:data1\" content=\"2 minutos\" \/>\n<script type=\"application\/ld+json\" class=\"yoast-schema-graph\">{\"@context\":\"https:\/\/schema.org\",\"@graph\":[{\"@type\":\"WebSite\",\"@id\":\"https:\/\/mechatronics.by\/#website\",\"url\":\"https:\/\/mechatronics.by\/\",\"name\":\"Mechatronics\",\"description\":\"\\u041a\\u043e\\u043d\\u0442\\u0440\\u043e\\u043b\\u044c \\u0440\\u0430\\u0441\\u0445\\u043e\\u0434\\u0430 \\u0442\\u043e\\u043f\\u043b\\u0438\\u0432\\u0430 \\u0438 \\u0434\\u0440\\u0443\\u0433\\u0438\\u0445 \\u043f\\u0430\\u0440\\u0430\\u043c\\u0435\\u0442\\u0440\\u043e\\u0432 \\u0440\\u0430\\u0431\\u043e\\u0442\\u044b \\u043c\\u0430\\u0448\\u0438\\u043d\",\"potentialAction\":[{\"@type\":\"SearchAction\",\"target\":\"https:\/\/mechatronics.by\/?s={search_term_string}\",\"query-input\":\"required name=search_term_string\"}],\"inLanguage\":\"pt-BR\"},{\"@type\":\"ImageObject\",\"@id\":\"https:\/\/mechatronics.by\/products\/level-control\/eurosens-dizzi\/#primaryimage\",\"inLanguage\":\"pt-BR\",\"url\":\"https:\/\/mechatronics.by\/wp-content\/uploads\/2023\/04\/download.png\",\"contentUrl\":\"https:\/\/mechatronics.by\/wp-content\/uploads\/2023\/04\/download.png\",\"width\":27,\"height\":27},{\"@type\":\"WebPage\",\"@id\":\"https:\/\/mechatronics.by\/products\/level-control\/eurosens-dizzi\/#webpage\",\"url\":\"https:\/\/mechatronics.by\/products\/level-control\/eurosens-dizzi\/\",\"name\":\"[:es]Sensor ultras\\u00f3nico de nivel de l\\u00edquido Eurosens Dizzi[:en]Ultrasonic liquid level sensor Eurosens Dizzi[:ru]\\u0423\\u043b\\u044c\\u0442\\u0440\\u0430\\u0437\\u0432\\u0443\\u043a\\u043e\\u0432\\u043e\\u0439 \\u0434\\u0430\\u0442\\u0447\\u0438\\u043a \\u0443\\u0440\\u043e\\u0432\\u043d\\u044f Eurosens Dizzi[:pt]Sensor de n\\u00edvel de l\\u00edquido ultrass\\u00f4nico Eurosens Dizzi[:fr]Capteur ultrasonique de niveau de liquide Eurosens Dizzi[:pl]Ultrad\\u017awi\\u0119kowy czujnik poziomu cieczy Eurosens Dizzi[:]\",\"isPartOf\":{\"@id\":\"https:\/\/mechatronics.by\/#website\"},\"primaryImageOfPage\":{\"@id\":\"https:\/\/mechatronics.by\/products\/level-control\/eurosens-dizzi\/#primaryimage\"},\"datePublished\":\"2016-04-16T10:08:57+00:00\",\"dateModified\":\"2025-03-06T16:05:59+00:00\",\"description\":\"{:es}Sensor de nivel ultras\\u00f3nico Eurosens Dizzi se utiliza para sin contacto (no invasivo) la medici\\u00f3n de nivel de l\\u00edquidos ac\\u00fasticamente transparente.La medici\\u00f3n se lleva a cabo a trav\\u00e9s de la parte inferior del tanque por el metodo ecolocalizaci\\u00f3n.{:en}Ultrasonic level sensor Eurosens Dizzi is used for non-contact (non-invasive) level measurement of acoustically transparent liquids. Measurement is done by external echolocation through the bottom of the tank. {:ru}\\u0423\\u043b\\u044c\\u0442\\u0440\\u0430\\u0437\\u0432\\u0443\\u043a\\u043e\\u0432\\u043e\\u0439 \\u0434\\u0430\\u0442\\u0447\\u0438\\u043a \\u0443\\u0440\\u043e\\u0432\\u043d\\u044f Eurosens Dizzi \\u043f\\u0440\\u0438\\u043c\\u0435\\u043d\\u044f\\u0435\\u0442\\u0441\\u044f \\u0434\\u043b\\u044f \\u043a\\u043e\\u043d\\u0442\\u0440\\u043e\\u043b\\u044f \\u0436\\u0438\\u0434\\u043a\\u0438\\u0445 \\u0441\\u0440\\u0435\\u0434 \\u0431\\u0435\\u0437 \\u0432\\u0440\\u0435\\u0437\\u043a\\u0438 \\u0432 \\u0440\\u0435\\u0437\\u0435\\u0440\\u0432\\u0443\\u0430\\u0440 - \\u0447\\u0435\\u0440\\u0435\\u0437 \\u043d\\u0438\\u0436\\u043d\\u044e\\u044e \\u0441\\u0442\\u0435\\u043d\\u043a\\u0443 \\u0441\\u043e\\u0441\\u0443\\u0434\\u0430.{:pt}Sensores de n\\u00edvel ultra-s\\u00f4nicos eurosens Dizzi usados para a medi\\u00e7\\u00e3o sem contacto (\\u201csem incut\\u201d) n\\u00edvel de l\\u00edquido (ambientes acusticamente transparente).Medi\\u00e7\\u00e3o de n\\u00edvel \\u00e9 realizada por ecolocaliza\\u00e7\\u00e3o atrav\\u00e9s do fundo do tanque.{:fr}Les capteurs \\u00e0 ultrasons eurosens niveau Dizzi utilis\\u00e9 pour la mesure sans contact (\\u201csans incut\\u201d) niveau de liquide (m\\u00e9dias acoustiquement transparent).La mesure de niveau est r\\u00e9alis\\u00e9e par echolocation \\u00e0 travers le fond de la cuve. {:pl}Ultrad\\u017awi\\u0119kowy czujnik poziomu Eurosens Dizzi s\\u0142u\\u017cy do bezdotykowego (nieinwazyjnego) pomiaru poziomu przezroczystych cieczy. Pomiar odbywa si\\u0119 za pomoc\\u0105 echolokacji zewn\\u0119trznej przez dno zbiornika.{:}\",\"breadcrumb\":{\"@id\":\"https:\/\/mechatronics.by\/products\/level-control\/eurosens-dizzi\/#breadcrumb\"},\"inLanguage\":\"pt-BR\",\"potentialAction\":[{\"@type\":\"ReadAction\",\"target\":[\"https:\/\/mechatronics.by\/products\/level-control\/eurosens-dizzi\/\"]}]},{\"@type\":\"BreadcrumbList\",\"@id\":\"https:\/\/mechatronics.by\/products\/level-control\/eurosens-dizzi\/#breadcrumb\",\"itemListElement\":[{\"@type\":\"ListItem\",\"position\":1,\"item\":{\"@type\":\"WebPage\",\"@id\":\"https:\/\/mechatronics.by\/\",\"url\":\"https:\/\/mechatronics.by\/\",\"name\":\"Home\"}},{\"@type\":\"ListItem\",\"position\":2,\"item\":{\"@type\":\"WebPage\",\"@id\":\"https:\/\/mechatronics.by\/products\/\",\"url\":\"https:\/\/mechatronics.by\/products\/\",\"name\":\"\\u041f\\u0440\\u043e\\u0434\\u0443\\u043a\\u0442\\u044b\"}},{\"@type\":\"ListItem\",\"position\":3,\"item\":{\"@type\":\"WebPage\",\"@id\":\"https:\/\/mechatronics.by\/products\/level-control\/\",\"url\":\"https:\/\/mechatronics.by\/products\/level-control\/\",\"name\":\"\\u0414\\u0430\\u0442\\u0447\\u0438\\u043a\\u0438 \\u0443\\u0440\\u043e\\u0432\\u043d\\u044f \\u0442\\u043e\\u043f\\u043b\\u0438\\u0432\\u0430\"}},{\"@type\":\"ListItem\",\"position\":4,\"item\":{\"@id\":\"https:\/\/mechatronics.by\/products\/level-control\/eurosens-dizzi\/#webpage\"}}]}]}<\/script>\n<!-- \/ Yoast SEO plugin. -->","_links":{"self":[{"href":"https:\/\/mechatronics.by\/pt\/wp-json\/wp\/v2\/pages\/6749"}],"collection":[{"href":"https:\/\/mechatronics.by\/pt\/wp-json\/wp\/v2\/pages"}],"about":[{"href":"https:\/\/mechatronics.by\/pt\/wp-json\/wp\/v2\/types\/page"}],"author":[{"embeddable":true,"href":"https:\/\/mechatronics.by\/pt\/wp-json\/wp\/v2\/users\/1"}],"replies":[{"embeddable":true,"href":"https:\/\/mechatronics.by\/pt\/wp-json\/wp\/v2\/comments?post=6749"}],"version-history":[{"count":24,"href":"https:\/\/mechatronics.by\/pt\/wp-json\/wp\/v2\/pages\/6749\/revisions"}],"predecessor-version":[{"id":13627,"href":"https:\/\/mechatronics.by\/pt\/wp-json\/wp\/v2\/pages\/6749\/revisions\/13627"}],"up":[{"embeddable":true,"href":"https:\/\/mechatronics.by\/pt\/wp-json\/wp\/v2\/pages\/4632"}],"wp:attachment":[{"href":"https:\/\/mechatronics.by\/pt\/wp-json\/wp\/v2\/media?parent=6749"}],"curies":[{"name":"wp","href":"https:\/\/api.w.org\/{rel}","templated":true}]}}