{"id":9110,"date":"2018-07-09T19:15:56","date_gmt":"2018-07-09T16:15:56","guid":{"rendered":"http:\/\/mechatronics.by\/?page_id=9110"},"modified":"2025-04-27T13:26:34","modified_gmt":"2025-04-27T10:26:34","slug":"contactless-can-bus-reader","status":"publish","type":"page","link":"https:\/\/mechatronics.by\/pt\/products\/accessories\/contactless-can-bus-reader\/","title":{"rendered":"Leitor sem contato InCAN"},"content":{"rendered":"<p><\/p>\n<h2><span style=\"color: #000080;\"><strong>Eurosens\u00a0InCAN<\/strong><\/span><\/h2>\n<p>\u00c9 usado para conex\u00e3o sem contato ao barramento CAN do ve\u00edculo. Pode ser usado em carros, caminh\u00f5es, \u00f4nibus, agricultura e m\u00e1quinas especiais. Garante a seguran\u00e7a da opera\u00e7\u00e3o do CAN do ve\u00edculo. Compat\u00edvel com todos os rastreadores GPS com interface de barramento CAN Solu\u00e7\u00e3o muito rent\u00e1vel! <strong>Par\u00e2metros:<\/strong><\/p>\n<table>\n<tbody>\n<tr>\n<td width=\"217\">Tens\u00e3o de alimenta\u00e7\u00e3o, V<\/td>\n<td width=\"94\">9&#8230;32<\/td>\n<\/tr>\n<tr>\n<td width=\"217\">Consumo atual m\u00e1ximo, mA<\/td>\n<td width=\"94\">50<\/td>\n<\/tr>\n<tr>\n<td width=\"217\">Compatibilidade<\/td>\n<td width=\"120\">SAE J1939, CAN Open, DeviceNet, NMEA 2000<\/td>\n<\/tr>\n<tr>\n<td width=\"217\">Faixa de temperatura, \u00b0 C<\/td>\n<td width=\"94\">-40 &#8211; +85<\/td>\n<\/tr>\n<\/tbody>\n<\/table>\n<h2><a href=\"\/\/mechatronics.by\/wp-content\/uploads\/2018\/07\/InCAN_en.png\"><img loading=\"lazy\" class=\"alignleft wp-image-9119 size-large\" src=\"\/\/mechatronics.by\/wp-content\/uploads\/2018\/07\/InCAN_en-1024x725.png\" alt=\"Contactless CAN bus reader connection\" width=\"669\" height=\"474\" srcset=\"https:\/\/mechatronics.by\/wp-content\/uploads\/2018\/07\/InCAN_en-1024x725.png 1024w, https:\/\/mechatronics.by\/wp-content\/uploads\/2018\/07\/InCAN_en-300x214.png 300w\" sizes=\"(max-width: 669px) 100vw, 669px\" \/><\/a><\/h2>\n<p>&nbsp;<\/p>\n<ul>\n<li>Tamanho pequeno = procedimento de instala\u00e7\u00e3o f\u00e1cil.<\/li>\n<li>Tens\u00e3o de alimenta\u00e7\u00e3o universal 12-24V sem adaptadores extras.<\/li>\n<li>Prote\u00e7\u00e3o contra polaridade reversa incorporada.<\/li>\n<li>O procedimento de configura\u00e7\u00e3o n\u00e3o \u00e9 necess\u00e1rio.<\/li>\n<\/ul>\n<table>\n<tbody>\n<tr>\n<td style=\"width: 54.6272%;\" width=\"217\">Eurosens InCAN Flyer<\/td>\n<td style=\"width: 88.1668%;\" width=\"120\"><a href=\"https:\/\/files.eurosenstelematics.com\/files\/eurosens-incan-flyer-en\"><img loading=\"lazy\" class=\"aligncenter size-full wp-image-13190\" src=\"https:\/\/mechatronics.by\/wp-content\/uploads\/2023\/04\/download.png\" alt=\"\" width=\"27\" height=\"27\" \/><\/a><\/td>\n<\/tr>\n<tr>\n<td style=\"width: 54.6272%;\">Eurosens InCAN specification<\/td>\n<td style=\"width: 88.1668%;\"><a href=\"https:\/\/files.eurosenstelematics.com\/files\/eurosens-incan-specification\"><img loading=\"lazy\" class=\"aligncenter size-full wp-image-13190\" src=\"https:\/\/mechatronics.by\/wp-content\/uploads\/2023\/04\/download.png\" alt=\"\" width=\"27\" height=\"27\" \/><\/a><\/td>\n<\/tr>\n<\/tbody>\n<\/table>\n<table style=\"border-collapse: collapse; width: 100%;\">\n<tbody>\n<tr>\n<td style=\"width: 50%;\"><a href=\"https:\/\/mechatronics.by\/wp-content\/uploads\/2023\/01\/join-telegram.png\"><img loading=\"lazy\" class=\"wp-image-13044 size-full aligncenter\" src=\"https:\/\/mechatronics.by\/wp-content\/uploads\/2023\/01\/join-telegram.png\" alt=\"\" width=\"300\" height=\"116\" data-wp-editing=\"1\" \/><\/a><\/td>\n<td style=\"width: 50%;\">\u00a0<a href=\"https:\/\/www.youtube.com\/@MechatronicsTV\/videos\"><img loading=\"lazy\" class=\"aligncenter wp-image-12963 size-medium\" src=\"https:\/\/mechatronics.by\/wp-content\/uploads\/2023\/01\/youtube-subscr-300x97.gif\" alt=\"\" width=\"300\" height=\"97\" srcset=\"https:\/\/mechatronics.by\/wp-content\/uploads\/2023\/01\/youtube-subscr-300x97.gif 300w, https:\/\/mechatronics.by\/wp-content\/uploads\/2023\/01\/youtube-subscr-1024x330.gif 1024w, https:\/\/mechatronics.by\/wp-content\/uploads\/2023\/01\/youtube-subscr-768x247.gif 768w\" sizes=\"(max-width: 300px) 100vw, 300px\" \/><\/a><\/td>\n<\/tr>\n<\/tbody>\n<\/table>\n<p><\/p>","protected":false},"excerpt":{"rendered":"<p>Eurosens\u00a0InCAN \u00c9 usado para conex\u00e3o sem contato ao barramento CAN do ve\u00edculo. Pode ser usado em carros, caminh\u00f5es, \u00f4nibus, agricultura e m\u00e1quinas especiais. Garante a seguran\u00e7a da opera\u00e7\u00e3o do CAN do ve\u00edculo. Compat\u00edvel com todos os rastreadores GPS com interface de barramento CAN Solu\u00e7\u00e3o muito rent\u00e1vel! Par\u00e2metros: Tens\u00e3o de alimenta\u00e7\u00e3o, V 9&#8230;32 Consumo atual m\u00e1ximo, [&hellip;]<\/p>\n","protected":false},"author":1,"featured_media":0,"parent":4669,"menu_order":8,"comment_status":"closed","ping_status":"closed","template":"side-navigation.php","meta":[],"yoast_head":"<!-- This site is optimized with the Yoast SEO plugin v16.4 - https:\/\/yoast.com\/wordpress\/plugins\/seo\/ -->\n<title>Leitor de barramento CAN sem contato<\/title>\n<meta name=\"description\" content=\"\u00c9 usado para conex\u00e3o sem contato ao barramento CAN do ve\u00edculo. Pode ser usado em carros, caminh\u00f5es, \u00f4nibus, agricultura e m\u00e1quinas especiais. Garante a seguran\u00e7a da opera\u00e7\u00e3o do CAN do ve\u00edculo.\" \/>\n<meta name=\"robots\" content=\"index, follow, max-snippet:-1, max-image-preview:large, max-video-preview:-1\" \/>\n<link rel=\"canonical\" href=\"https:\/\/mechatronics.by\/products\/accessories\/contactless-can-bus-reader\/\" \/>\n<meta property=\"og:locale\" content=\"pt_BR\" \/>\n<meta property=\"og:type\" content=\"article\" \/>\n<meta property=\"og:title\" content=\"[:es] Lector de bus CAN sin contacto [:en] Fuel consumption monitoring [:ru] \u0411\u0435\u0441\u043a\u043e\u043d\u0442\u0430\u043a\u0442\u043d\u044b\u0439 \u0441\u0447\u0438\u0442\u044b\u0432\u0430\u0442\u0435\u043b\u044c CAN-\u0448\u0438\u043d\u044b [:pt] Leitor de barramento CAN sem contato[:fr] Lecteur de bus CAN sans contact[:pl]Bezdotykowy czytnik magistrali CAN[:]\" \/>\n<meta property=\"og:description\" content=\"{:es} Se utiliza para la conexi\u00f3n sin contacto al bus CAN del veh\u00edculo. Puede usarse en autom\u00f3viles, camiones, autobuses, agricultura y maquinaria especial. Asegura la seguridad del funcionamiento del bus CAN del veh\u00edculo. {:en} Is used for contactless connection to the vehicle CAN bus. May be used at cars, trucks, buses, agriculture and special machinery. Secures safety of the vehicle CAN bus operation. Compatible with all GPS trackers with CAN bus interface.Very cost-effective solution!{:ru} \u041f\u0440\u0438\u043c\u0435\u043d\u044f\u0435\u0442\u0441\u044f \u0434\u043b\u044f \u0431\u0435\u0441\u043a\u043e\u043d\u0442\u0430\u043a\u0442\u043d\u043e\u0433\u043e \u043f\u043e\u0434\u043a\u043b\u044e\u0447\u0435\u043d\u0438\u044f \u043a CAN-\u0448\u0438\u043d\u0435 \u0430\u0432\u0442\u043e\u043c\u043e\u0431\u0438\u043b\u044f \u0431\u0435\u0437 \u043d\u0430\u0440\u0443\u0448\u0435\u043d\u0438\u044f \u0438\u0437\u043e\u043b\u044f\u0446\u0438\u0438. \u041c\u043e\u0436\u0435\u0442 \u0443\u0441\u0442\u0430\u043d\u0430\u0432\u043b\u0438\u0432\u0430\u0442\u044c\u0441\u044f \u043d\u0430 \u043b\u0435\u0433\u043a\u043e\u0432\u044b\u0435 \u0438 \u0433\u0440\u0443\u0437\u043e\u0432\u044b\u0435 \u0430\u0432\u0442\u043e\u043c\u043e\u0431\u0438\u043b\u0438 \u0432\u0441\u0435\u0445 \u043a\u0430\u0442\u0435\u0433\u043e\u0440\u0438\u0439, \u0430\u0432\u0442\u043e\u0431\u0443\u0441\u044b, \u0441\u0442\u0430\u0446\u0438\u043e\u043d\u0430\u0440\u043d\u044b\u0435 \u0443\u0441\u0442\u0430\u043d\u043e\u0432\u043a\u0438, \u043e\u0441\u043d\u0430\u0449\u0435\u043d\u043d\u044b\u0435 \u0448\u0438\u043d\u043e\u0439 CAN. \u0421\u043e\u0432\u043c\u0435\u0441\u0442\u0438\u043c \u0441\u043e \u0432\u0441\u0435\u043c\u0438 \u0442\u0435\u0440\u043c\u0438\u043d\u0430\u043b\u0430\u043c\u0438 \u043c\u043e\u043d\u0438\u0442\u043e\u0440\u0438\u043d\u0433\u0430, \u0438\u043c\u0435\u044e\u0449\u0438\u043c\u0438 \u0442\u0435\u043b\u0435\u043c\u0430\u0442\u0438\u0447\u0435\u0441\u043a\u0438\u0439 CAN-\u0438\u043d\u0442\u0435\u0440\u0444\u0435\u0439\u0441. {:pt} \u00c9 usado para conex\u00e3o sem contato ao barramento CAN do ve\u00edculo. Pode ser usado em carros, caminh\u00f5es, \u00f4nibus, agricultura e m\u00e1quinas especiais. Garante a seguran\u00e7a da opera\u00e7\u00e3o do CAN do ve\u00edculo. {:fr} Est utilis\u00e9 pour la connexion sans contact au bus CAN du v\u00e9hicule. Peut \u00eatre utilis\u00e9 dans les voitures, les camions, les autobus, l\u2019agriculture et les machines sp\u00e9ciales. Assure la s\u00e9curit\u00e9 du fonctionnement du bus CAN du v\u00e9hicule. {:pl} S\u0142u\u017cy do bezdotykowego po\u0142\u0105czenia z magistral\u0105 CAN pojazdu. Mo\u017ce by\u0107 stosowany w samochodach, ci\u0119\u017car\u00f3wkach, autobusach, rolnictwie i maszynach specjalnych. Zabezpiecza bezpiecze\u0144stwo dzia\u0142ania magistrali CAN pojazdu.{:}\" \/>\n<meta property=\"og:url\" content=\"https:\/\/mechatronics.by\/products\/accessories\/contactless-can-bus-reader\/\" \/>\n<meta property=\"og:site_name\" content=\"Mechatronics\" \/>\n<meta property=\"article:publisher\" content=\"https:\/\/www.facebook.com\/EurosensDelta\" \/>\n<meta property=\"article:modified_time\" content=\"2025-04-27T10:26:34+00:00\" \/>\n<meta property=\"og:image\" content=\"\/\/mechatronics.by\/wp-content\/uploads\/2018\/07\/incan_small2-150x150.png\" \/>\n<meta name=\"twitter:label1\" content=\"Est. tempo de leitura\" \/>\n\t<meta name=\"twitter:data1\" content=\"3 minutos\" \/>\n<script type=\"application\/ld+json\" class=\"yoast-schema-graph\">{\"@context\":\"https:\/\/schema.org\",\"@graph\":[{\"@type\":\"WebSite\",\"@id\":\"https:\/\/mechatronics.by\/#website\",\"url\":\"https:\/\/mechatronics.by\/\",\"name\":\"Mechatronics\",\"description\":\"\\u041a\\u043e\\u043d\\u0442\\u0440\\u043e\\u043b\\u044c \\u0440\\u0430\\u0441\\u0445\\u043e\\u0434\\u0430 \\u0442\\u043e\\u043f\\u043b\\u0438\\u0432\\u0430 \\u0438 \\u0434\\u0440\\u0443\\u0433\\u0438\\u0445 \\u043f\\u0430\\u0440\\u0430\\u043c\\u0435\\u0442\\u0440\\u043e\\u0432 \\u0440\\u0430\\u0431\\u043e\\u0442\\u044b \\u043c\\u0430\\u0448\\u0438\\u043d\",\"potentialAction\":[{\"@type\":\"SearchAction\",\"target\":\"https:\/\/mechatronics.by\/?s={search_term_string}\",\"query-input\":\"required name=search_term_string\"}],\"inLanguage\":\"pt-BR\"},{\"@type\":\"ImageObject\",\"@id\":\"https:\/\/mechatronics.by\/products\/accessories\/contactless-can-bus-reader\/#primaryimage\",\"inLanguage\":\"pt-BR\",\"url\":\"\/\/mechatronics.by\/wp-content\/uploads\/2018\/07\/InCAN_en-1024x725.png\",\"contentUrl\":\"\/\/mechatronics.by\/wp-content\/uploads\/2018\/07\/InCAN_en-1024x725.png\"},{\"@type\":\"WebPage\",\"@id\":\"https:\/\/mechatronics.by\/products\/accessories\/contactless-can-bus-reader\/#webpage\",\"url\":\"https:\/\/mechatronics.by\/products\/accessories\/contactless-can-bus-reader\/\",\"name\":\"[:es] Lector de bus CAN sin contacto [:en] Fuel consumption monitoring [:ru] \\u0411\\u0435\\u0441\\u043a\\u043e\\u043d\\u0442\\u0430\\u043a\\u0442\\u043d\\u044b\\u0439 \\u0441\\u0447\\u0438\\u0442\\u044b\\u0432\\u0430\\u0442\\u0435\\u043b\\u044c CAN-\\u0448\\u0438\\u043d\\u044b [:pt] Leitor de barramento CAN sem contato[:fr] Lecteur de bus CAN sans contact[:pl]Bezdotykowy czytnik magistrali CAN[:]\",\"isPartOf\":{\"@id\":\"https:\/\/mechatronics.by\/#website\"},\"primaryImageOfPage\":{\"@id\":\"https:\/\/mechatronics.by\/products\/accessories\/contactless-can-bus-reader\/#primaryimage\"},\"datePublished\":\"2018-07-09T16:15:56+00:00\",\"dateModified\":\"2025-04-27T10:26:34+00:00\",\"description\":\"{:es} Se utiliza para la conexi\\u00f3n sin contacto al bus CAN del veh\\u00edculo. Puede usarse en autom\\u00f3viles, camiones, autobuses, agricultura y maquinaria especial. Asegura la seguridad del funcionamiento del bus CAN del veh\\u00edculo. {:en} Is used for contactless connection to the vehicle CAN bus. May be used at cars, trucks, buses, agriculture and special machinery. Secures safety of the vehicle CAN bus operation. Compatible with all GPS trackers with CAN bus interface.Very cost-effective solution!{:ru} \\u041f\\u0440\\u0438\\u043c\\u0435\\u043d\\u044f\\u0435\\u0442\\u0441\\u044f \\u0434\\u043b\\u044f \\u0431\\u0435\\u0441\\u043a\\u043e\\u043d\\u0442\\u0430\\u043a\\u0442\\u043d\\u043e\\u0433\\u043e \\u043f\\u043e\\u0434\\u043a\\u043b\\u044e\\u0447\\u0435\\u043d\\u0438\\u044f \\u043a CAN-\\u0448\\u0438\\u043d\\u0435 \\u0430\\u0432\\u0442\\u043e\\u043c\\u043e\\u0431\\u0438\\u043b\\u044f \\u0431\\u0435\\u0437 \\u043d\\u0430\\u0440\\u0443\\u0448\\u0435\\u043d\\u0438\\u044f \\u0438\\u0437\\u043e\\u043b\\u044f\\u0446\\u0438\\u0438. \\u041c\\u043e\\u0436\\u0435\\u0442 \\u0443\\u0441\\u0442\\u0430\\u043d\\u0430\\u0432\\u043b\\u0438\\u0432\\u0430\\u0442\\u044c\\u0441\\u044f \\u043d\\u0430 \\u043b\\u0435\\u0433\\u043a\\u043e\\u0432\\u044b\\u0435 \\u0438 \\u0433\\u0440\\u0443\\u0437\\u043e\\u0432\\u044b\\u0435 \\u0430\\u0432\\u0442\\u043e\\u043c\\u043e\\u0431\\u0438\\u043b\\u0438 \\u0432\\u0441\\u0435\\u0445 \\u043a\\u0430\\u0442\\u0435\\u0433\\u043e\\u0440\\u0438\\u0439, \\u0430\\u0432\\u0442\\u043e\\u0431\\u0443\\u0441\\u044b, \\u0441\\u0442\\u0430\\u0446\\u0438\\u043e\\u043d\\u0430\\u0440\\u043d\\u044b\\u0435 \\u0443\\u0441\\u0442\\u0430\\u043d\\u043e\\u0432\\u043a\\u0438, \\u043e\\u0441\\u043d\\u0430\\u0449\\u0435\\u043d\\u043d\\u044b\\u0435 \\u0448\\u0438\\u043d\\u043e\\u0439 CAN. \\u0421\\u043e\\u0432\\u043c\\u0435\\u0441\\u0442\\u0438\\u043c \\u0441\\u043e \\u0432\\u0441\\u0435\\u043c\\u0438 \\u0442\\u0435\\u0440\\u043c\\u0438\\u043d\\u0430\\u043b\\u0430\\u043c\\u0438 \\u043c\\u043e\\u043d\\u0438\\u0442\\u043e\\u0440\\u0438\\u043d\\u0433\\u0430, \\u0438\\u043c\\u0435\\u044e\\u0449\\u0438\\u043c\\u0438 \\u0442\\u0435\\u043b\\u0435\\u043c\\u0430\\u0442\\u0438\\u0447\\u0435\\u0441\\u043a\\u0438\\u0439 CAN-\\u0438\\u043d\\u0442\\u0435\\u0440\\u0444\\u0435\\u0439\\u0441. {:pt} \\u00c9 usado para conex\\u00e3o sem contato ao barramento CAN do ve\\u00edculo. Pode ser usado em carros, caminh\\u00f5es, \\u00f4nibus, agricultura e m\\u00e1quinas especiais. Garante a seguran\\u00e7a da opera\\u00e7\\u00e3o do CAN do ve\\u00edculo. {:fr} Est utilis\\u00e9 pour la connexion sans contact au bus CAN du v\\u00e9hicule. Peut \\u00eatre utilis\\u00e9 dans les voitures, les camions, les autobus, l\\u2019agriculture et les machines sp\\u00e9ciales. Assure la s\\u00e9curit\\u00e9 du fonctionnement du bus CAN du v\\u00e9hicule. {:pl} S\\u0142u\\u017cy do bezdotykowego po\\u0142\\u0105czenia z magistral\\u0105 CAN pojazdu. Mo\\u017ce by\\u0107 stosowany w samochodach, ci\\u0119\\u017car\\u00f3wkach, autobusach, rolnictwie i maszynach specjalnych. Zabezpiecza bezpiecze\\u0144stwo dzia\\u0142ania magistrali CAN pojazdu.{:}\",\"breadcrumb\":{\"@id\":\"https:\/\/mechatronics.by\/products\/accessories\/contactless-can-bus-reader\/#breadcrumb\"},\"inLanguage\":\"pt-BR\",\"potentialAction\":[{\"@type\":\"ReadAction\",\"target\":[\"https:\/\/mechatronics.by\/products\/accessories\/contactless-can-bus-reader\/\"]}]},{\"@type\":\"BreadcrumbList\",\"@id\":\"https:\/\/mechatronics.by\/products\/accessories\/contactless-can-bus-reader\/#breadcrumb\",\"itemListElement\":[{\"@type\":\"ListItem\",\"position\":1,\"item\":{\"@type\":\"WebPage\",\"@id\":\"https:\/\/mechatronics.by\/\",\"url\":\"https:\/\/mechatronics.by\/\",\"name\":\"Home\"}},{\"@type\":\"ListItem\",\"position\":2,\"item\":{\"@type\":\"WebPage\",\"@id\":\"https:\/\/mechatronics.by\/products\/\",\"url\":\"https:\/\/mechatronics.by\/products\/\",\"name\":\"\\u041f\\u0440\\u043e\\u0434\\u0443\\u043a\\u0442\\u044b\"}},{\"@type\":\"ListItem\",\"position\":3,\"item\":{\"@type\":\"WebPage\",\"@id\":\"https:\/\/mechatronics.by\/products\/accessories\/\",\"url\":\"https:\/\/mechatronics.by\/products\/accessories\/\",\"name\":\"\\u0414\\u0430\\u0442\\u0447\\u0438\\u043a\\u0438\"}},{\"@type\":\"ListItem\",\"position\":4,\"item\":{\"@id\":\"https:\/\/mechatronics.by\/products\/accessories\/contactless-can-bus-reader\/#webpage\"}}]}]}<\/script>\n<!-- \/ Yoast SEO plugin. -->","_links":{"self":[{"href":"https:\/\/mechatronics.by\/pt\/wp-json\/wp\/v2\/pages\/9110"}],"collection":[{"href":"https:\/\/mechatronics.by\/pt\/wp-json\/wp\/v2\/pages"}],"about":[{"href":"https:\/\/mechatronics.by\/pt\/wp-json\/wp\/v2\/types\/page"}],"author":[{"embeddable":true,"href":"https:\/\/mechatronics.by\/pt\/wp-json\/wp\/v2\/users\/1"}],"replies":[{"embeddable":true,"href":"https:\/\/mechatronics.by\/pt\/wp-json\/wp\/v2\/comments?post=9110"}],"version-history":[{"count":27,"href":"https:\/\/mechatronics.by\/pt\/wp-json\/wp\/v2\/pages\/9110\/revisions"}],"predecessor-version":[{"id":13656,"href":"https:\/\/mechatronics.by\/pt\/wp-json\/wp\/v2\/pages\/9110\/revisions\/13656"}],"up":[{"embeddable":true,"href":"https:\/\/mechatronics.by\/pt\/wp-json\/wp\/v2\/pages\/4669"}],"wp:attachment":[{"href":"https:\/\/mechatronics.by\/pt\/wp-json\/wp\/v2\/media?parent=9110"}],"curies":[{"name":"wp","href":"https:\/\/api.w.org\/{rel}","templated":true}]}}